{"id":2433,"date":"2020-07-22T07:47:39","date_gmt":"2020-07-22T07:47:39","guid":{"rendered":"https:\/\/upravitrenutak.com\/?post_type=product&#038;p=2433"},"modified":"2024-03-14T17:31:22","modified_gmt":"2024-03-14T17:31:22","slug":"cista-i-jednostavna-prirodna-kontrola-tezine-dr-n-w-walker","status":"publish","type":"product","link":"https:\/\/upravitrenutak.com\/?product=cista-i-jednostavna-prirodna-kontrola-tezine-dr-n-w-walker","title":{"rendered":"\u010cista i jednostavna prirodna kontrola te\u017eine &#8211; Dr. N. W Walker"},"content":{"rendered":"<p>Meki uvez.<\/p>\n<p>Dimenzije: 190 x 125.<\/p>\n<p>222 stranice.<\/p>\n","protected":false},"excerpt":{"rendered":"<p>&#8220;Ako nastoji\u0161 imati prirodnu idealnu te\u017einu svoga tijela, mora\u0161 odgojiti sam sebe do te mjere da shvati\u0161 sve posljedice uzimanja pogre\u0161ne hrane. Pod odgojem ja ne mislim o uputama \u0161to se \u010desto nalaze u priru\u010dnicima za mr\u0161avljenje. Neki od tih &#8220;dijetnih&#8221; programa mogu ti zagor\u010dati \u017eivot svojim zamr\u0161enim uputama i postupcima. Nakon dugogodi\u0161njeg prou\u010davanja djelovanja tijela, ja sam uvijek iznova otkrivao da je prirodni put najbolji. \u010covjekova tuma\u010denja i lijekovi su zamr\u0161eni, priroda ima jednostavnija rje\u0161enja. Ostvariti prirodni plan za svoje tijelo je jednostavno, treba uzeti u obzir samo jedan smjer u\u010denja i zanemariti sve ostalo, \u0161to zna\u010di jesti hranu \u0161to ju je priroda predvidjela za najve\u0107u u\u010dinkovitost tvoga tijela bez tovara vi\u0161ka sala, Onda ne\u0107e\u0161 vi\u0161e nikada dopustiti da \u0161tetna hrana u\u0111e u usta.&#8221;<br \/>\nDr. N. W. Walker<\/p>\n","protected":false},"featured_media":2434,"comment_status":"open","ping_status":"closed","template":"","meta":[],"product_brand":[],"product_cat":[90,138,86],"product_tag":[101],"class_list":{"0":"post-2433","1":"product","2":"type-product","3":"status-publish","4":"has-post-thumbnail","6":"product_cat-kompleti","7":"product_cat-akcijske","8":"product_cat-upt","9":"product_tag-zdrava-prehrana","11":"first","12":"instock","13":"sale","14":"shipping-taxable","15":"purchasable","16":"product-type-simple"},"yoast_head":"<!-- This site is optimized with the Yoast SEO plugin v27.4 - https:\/\/yoast.com\/product\/yoast-seo-wordpress\/ -->\n<title>\u010cista i jednostavna prirodna kontrola te\u017eine, Dr. Norman W. Walker %<\/title>\n<meta name=\"description\" content=\"\u010cista i jednostavna prirodna kontrola te\u017eine. &quot;Ako nastoji\u0161 imati prirodnu idealnu te\u017einu svoga tijela, mora\u0161 odgojiti sam sebe do...\" \/>\n<meta name=\"robots\" content=\"index, follow, max-snippet:-1, max-image-preview:large, max-video-preview:-1\" \/>\n<link rel=\"canonical\" href=\"https:\/\/upravitrenutak.com\/?product=cista-i-jednostavna-prirodna-kontrola-tezine-dr-n-w-walker\" \/>\n<meta property=\"og:locale\" content=\"hr_HR\" \/>\n<meta property=\"og:type\" content=\"article\" \/>\n<meta property=\"og:title\" content=\"\u010cista i jednostavna prirodna kontrola te\u017eine, Dr. Norman W. Walker %\" \/>\n<meta property=\"og:description\" content=\"\u010cista i jednostavna prirodna kontrola te\u017eine. &quot;Ako nastoji\u0161 imati prirodnu idealnu te\u017einu svoga tijela, mora\u0161 odgojiti sam sebe do...\" \/>\n<meta property=\"og:url\" content=\"https:\/\/upravitrenutak.com\/?product=cista-i-jednostavna-prirodna-kontrola-tezine-dr-n-w-walker\" \/>\n<meta property=\"og:site_name\" content=\"U Pravi Trenutak\" \/>\n<meta property=\"article:publisher\" content=\"https:\/\/www.facebook.com\/Knji%c5%benica-U-Pravi-Trenutak-378755409393101\" \/>\n<meta property=\"article:modified_time\" content=\"2024-03-14T17:31:22+00:00\" \/>\n<meta property=\"og:image\" content=\"https:\/\/upravitrenutak.com\/wp-content\/uploads\/2020\/07\/\u010cista-i-jednostavna-prirodna-kontrola-te\u017eine_Dr.-Norman-W.-Walker.png\" \/>\n\t<meta property=\"og:image:width\" content=\"600\" \/>\n\t<meta property=\"og:image:height\" content=\"851\" \/>\n\t<meta property=\"og:image:type\" content=\"image\/png\" \/>\n<meta name=\"twitter:card\" content=\"summary_large_image\" \/>\n<script type=\"application\/ld+json\" class=\"yoast-schema-graph\">{\"@context\":\"https:\\\/\\\/schema.org\",\"@graph\":[{\"@type\":\"WebPage\",\"@id\":\"https:\\\/\\\/upravitrenutak.com\\\/?product=cista-i-jednostavna-prirodna-kontrola-tezine-dr-n-w-walker\",\"url\":\"https:\\\/\\\/upravitrenutak.com\\\/?product=cista-i-jednostavna-prirodna-kontrola-tezine-dr-n-w-walker\",\"name\":\"\u010cista i jednostavna prirodna kontrola te\u017eine, Dr. Norman W. Walker %\",\"isPartOf\":{\"@id\":\"https:\\\/\\\/upravitrenutak.com\\\/#website\"},\"primaryImageOfPage\":{\"@id\":\"https:\\\/\\\/upravitrenutak.com\\\/?product=cista-i-jednostavna-prirodna-kontrola-tezine-dr-n-w-walker#primaryimage\"},\"image\":{\"@id\":\"https:\\\/\\\/upravitrenutak.com\\\/?product=cista-i-jednostavna-prirodna-kontrola-tezine-dr-n-w-walker#primaryimage\"},\"thumbnailUrl\":\"https:\\\/\\\/upravitrenutak.com\\\/wp-content\\\/uploads\\\/2020\\\/07\\\/\u010cista-i-jednostavna-prirodna-kontrola-te\u017eine_Dr.-Norman-W.-Walker.png\",\"datePublished\":\"2020-07-22T07:47:39+00:00\",\"dateModified\":\"2024-03-14T17:31:22+00:00\",\"description\":\"\u010cista i jednostavna prirodna kontrola te\u017eine. \\\"Ako nastoji\u0161 imati prirodnu idealnu te\u017einu svoga tijela, mora\u0161 odgojiti sam sebe do...\",\"breadcrumb\":{\"@id\":\"https:\\\/\\\/upravitrenutak.com\\\/?product=cista-i-jednostavna-prirodna-kontrola-tezine-dr-n-w-walker#breadcrumb\"},\"inLanguage\":\"hr\",\"potentialAction\":[{\"@type\":\"ReadAction\",\"target\":[\"https:\\\/\\\/upravitrenutak.com\\\/?product=cista-i-jednostavna-prirodna-kontrola-tezine-dr-n-w-walker\"]}]},{\"@type\":\"ImageObject\",\"inLanguage\":\"hr\",\"@id\":\"https:\\\/\\\/upravitrenutak.com\\\/?product=cista-i-jednostavna-prirodna-kontrola-tezine-dr-n-w-walker#primaryimage\",\"url\":\"https:\\\/\\\/upravitrenutak.com\\\/wp-content\\\/uploads\\\/2020\\\/07\\\/\u010cista-i-jednostavna-prirodna-kontrola-te\u017eine_Dr.-Norman-W.-Walker.png\",\"contentUrl\":\"https:\\\/\\\/upravitrenutak.com\\\/wp-content\\\/uploads\\\/2020\\\/07\\\/\u010cista-i-jednostavna-prirodna-kontrola-te\u017eine_Dr.-Norman-W.-Walker.png\",\"width\":600,\"height\":851,\"caption\":\"\u010cista-i-jednostavna-prirodna-kontrola-te\u017eine\"},{\"@type\":\"BreadcrumbList\",\"@id\":\"https:\\\/\\\/upravitrenutak.com\\\/?product=cista-i-jednostavna-prirodna-kontrola-tezine-dr-n-w-walker#breadcrumb\",\"itemListElement\":[{\"@type\":\"ListItem\",\"position\":1,\"name\":\"Po\u010detna stranica\",\"item\":\"https:\\\/\\\/upravitrenutak.com\\\/\"},{\"@type\":\"ListItem\",\"position\":2,\"name\":\"Cjelokupna ponuda\",\"item\":\"https:\\\/\\\/upravitrenutak.com\\\/?page_id=2362\"},{\"@type\":\"ListItem\",\"position\":3,\"name\":\"\u010cista i jednostavna prirodna kontrola te\u017eine &#8211; Dr. N. W Walker\"}]},{\"@type\":\"WebSite\",\"@id\":\"https:\\\/\\\/upravitrenutak.com\\\/#website\",\"url\":\"https:\\\/\\\/upravitrenutak.com\\\/\",\"name\":\"U Pravi Trenutak\",\"description\":\"Online Knji\u017eara\",\"potentialAction\":[{\"@type\":\"SearchAction\",\"target\":{\"@type\":\"EntryPoint\",\"urlTemplate\":\"https:\\\/\\\/upravitrenutak.com\\\/?s={search_term_string}\"},\"query-input\":{\"@type\":\"PropertyValueSpecification\",\"valueRequired\":true,\"valueName\":\"search_term_string\"}}],\"inLanguage\":\"hr\"}]}<\/script>\n<!-- \/ Yoast SEO plugin. -->","yoast_head_json":{"title":"\u010cista i jednostavna prirodna kontrola te\u017eine, Dr. Norman W. Walker %","description":"\u010cista i jednostavna prirodna kontrola te\u017eine. \"Ako nastoji\u0161 imati prirodnu idealnu te\u017einu svoga tijela, mora\u0161 odgojiti sam sebe do...","robots":{"index":"index","follow":"follow","max-snippet":"max-snippet:-1","max-image-preview":"max-image-preview:large","max-video-preview":"max-video-preview:-1"},"canonical":"https:\/\/upravitrenutak.com\/?product=cista-i-jednostavna-prirodna-kontrola-tezine-dr-n-w-walker","og_locale":"hr_HR","og_type":"article","og_title":"\u010cista i jednostavna prirodna kontrola te\u017eine, Dr. Norman W. Walker %","og_description":"\u010cista i jednostavna prirodna kontrola te\u017eine. \"Ako nastoji\u0161 imati prirodnu idealnu te\u017einu svoga tijela, mora\u0161 odgojiti sam sebe do...","og_url":"https:\/\/upravitrenutak.com\/?product=cista-i-jednostavna-prirodna-kontrola-tezine-dr-n-w-walker","og_site_name":"U Pravi Trenutak","article_publisher":"https:\/\/www.facebook.com\/Knji%c5%benica-U-Pravi-Trenutak-378755409393101","article_modified_time":"2024-03-14T17:31:22+00:00","og_image":[{"width":600,"height":851,"url":"https:\/\/upravitrenutak.com\/wp-content\/uploads\/2020\/07\/\u010cista-i-jednostavna-prirodna-kontrola-te\u017eine_Dr.-Norman-W.-Walker.png","type":"image\/png"}],"twitter_card":"summary_large_image","schema":{"@context":"https:\/\/schema.org","@graph":[{"@type":"WebPage","@id":"https:\/\/upravitrenutak.com\/?product=cista-i-jednostavna-prirodna-kontrola-tezine-dr-n-w-walker","url":"https:\/\/upravitrenutak.com\/?product=cista-i-jednostavna-prirodna-kontrola-tezine-dr-n-w-walker","name":"\u010cista i jednostavna prirodna kontrola te\u017eine, Dr. Norman W. Walker %","isPartOf":{"@id":"https:\/\/upravitrenutak.com\/#website"},"primaryImageOfPage":{"@id":"https:\/\/upravitrenutak.com\/?product=cista-i-jednostavna-prirodna-kontrola-tezine-dr-n-w-walker#primaryimage"},"image":{"@id":"https:\/\/upravitrenutak.com\/?product=cista-i-jednostavna-prirodna-kontrola-tezine-dr-n-w-walker#primaryimage"},"thumbnailUrl":"https:\/\/upravitrenutak.com\/wp-content\/uploads\/2020\/07\/\u010cista-i-jednostavna-prirodna-kontrola-te\u017eine_Dr.-Norman-W.-Walker.png","datePublished":"2020-07-22T07:47:39+00:00","dateModified":"2024-03-14T17:31:22+00:00","description":"\u010cista i jednostavna prirodna kontrola te\u017eine. \"Ako nastoji\u0161 imati prirodnu idealnu te\u017einu svoga tijela, mora\u0161 odgojiti sam sebe do...","breadcrumb":{"@id":"https:\/\/upravitrenutak.com\/?product=cista-i-jednostavna-prirodna-kontrola-tezine-dr-n-w-walker#breadcrumb"},"inLanguage":"hr","potentialAction":[{"@type":"ReadAction","target":["https:\/\/upravitrenutak.com\/?product=cista-i-jednostavna-prirodna-kontrola-tezine-dr-n-w-walker"]}]},{"@type":"ImageObject","inLanguage":"hr","@id":"https:\/\/upravitrenutak.com\/?product=cista-i-jednostavna-prirodna-kontrola-tezine-dr-n-w-walker#primaryimage","url":"https:\/\/upravitrenutak.com\/wp-content\/uploads\/2020\/07\/\u010cista-i-jednostavna-prirodna-kontrola-te\u017eine_Dr.-Norman-W.-Walker.png","contentUrl":"https:\/\/upravitrenutak.com\/wp-content\/uploads\/2020\/07\/\u010cista-i-jednostavna-prirodna-kontrola-te\u017eine_Dr.-Norman-W.-Walker.png","width":600,"height":851,"caption":"\u010cista-i-jednostavna-prirodna-kontrola-te\u017eine"},{"@type":"BreadcrumbList","@id":"https:\/\/upravitrenutak.com\/?product=cista-i-jednostavna-prirodna-kontrola-tezine-dr-n-w-walker#breadcrumb","itemListElement":[{"@type":"ListItem","position":1,"name":"Po\u010detna stranica","item":"https:\/\/upravitrenutak.com\/"},{"@type":"ListItem","position":2,"name":"Cjelokupna ponuda","item":"https:\/\/upravitrenutak.com\/?page_id=2362"},{"@type":"ListItem","position":3,"name":"\u010cista i jednostavna prirodna kontrola te\u017eine &#8211; Dr. N. W Walker"}]},{"@type":"WebSite","@id":"https:\/\/upravitrenutak.com\/#website","url":"https:\/\/upravitrenutak.com\/","name":"U Pravi Trenutak","description":"Online Knji\u017eara","potentialAction":[{"@type":"SearchAction","target":{"@type":"EntryPoint","urlTemplate":"https:\/\/upravitrenutak.com\/?s={search_term_string}"},"query-input":{"@type":"PropertyValueSpecification","valueRequired":true,"valueName":"search_term_string"}}],"inLanguage":"hr"}]}},"_links":{"self":[{"href":"https:\/\/upravitrenutak.com\/index.php?rest_route=\/wp\/v2\/product\/2433","targetHints":{"allow":["GET"]}}],"collection":[{"href":"https:\/\/upravitrenutak.com\/index.php?rest_route=\/wp\/v2\/product"}],"about":[{"href":"https:\/\/upravitrenutak.com\/index.php?rest_route=\/wp\/v2\/types\/product"}],"replies":[{"embeddable":true,"href":"https:\/\/upravitrenutak.com\/index.php?rest_route=%2Fwp%2Fv2%2Fcomments&post=2433"}],"wp:featuredmedia":[{"embeddable":true,"href":"https:\/\/upravitrenutak.com\/index.php?rest_route=\/wp\/v2\/media\/2434"}],"wp:attachment":[{"href":"https:\/\/upravitrenutak.com\/index.php?rest_route=%2Fwp%2Fv2%2Fmedia&parent=2433"}],"wp:term":[{"taxonomy":"product_brand","embeddable":true,"href":"https:\/\/upravitrenutak.com\/index.php?rest_route=%2Fwp%2Fv2%2Fproduct_brand&post=2433"},{"taxonomy":"product_cat","embeddable":true,"href":"https:\/\/upravitrenutak.com\/index.php?rest_route=%2Fwp%2Fv2%2Fproduct_cat&post=2433"},{"taxonomy":"product_tag","embeddable":true,"href":"https:\/\/upravitrenutak.com\/index.php?rest_route=%2Fwp%2Fv2%2Fproduct_tag&post=2433"}],"curies":[{"name":"wp","href":"https:\/\/api.w.org\/{rel}","templated":true}]}}