{"id":2458,"date":"2020-07-22T09:11:51","date_gmt":"2020-07-22T09:11:51","guid":{"rendered":"https:\/\/upravitrenutak.com\/?post_type=product&#038;p=2458"},"modified":"2024-03-14T17:28:21","modified_gmt":"2024-03-14T17:28:21","slug":"ivan-krstitelj-j-guillemin","status":"publish","type":"product","link":"https:\/\/upravitrenutak.com\/?product=ivan-krstitelj-j-guillemin","title":{"rendered":"Ivan Krstitelj &#8211; J. Guillemin"},"content":{"rendered":"<p>Meki uvez.<\/p>\n<p>Dimenzije: 180 x 120.<\/p>\n<p>48 stranica.<\/p>\n","protected":false},"excerpt":{"rendered":"<div class=\"hybvsw6c j83agx80 cbu4d94t pad24vr5 jgljxmt5 poy2od1o be9z9djy o36gj0jk ap132fyt\">\n<div class=\"q5bimw55 rpm2j7zs k7i0oixp gvuykj2m j83agx80 cbu4d94t ni8dbmo4 eg9m0zos l9j0dhe7 du4w35lb ofs802cu pohlnb88 dkue75c7 mb9wzai9 d8ncny3e buofh1pr tgvbjcpo l56l04vs r57mb794 kh7kg01d c3g1iek1 k4xni2cv\">\n<div class=\"j83agx80 cbu4d94t buofh1pr\">\n<div class=\"dati1w0a f10w8fjw hv4rvrfc discj3wi\">\n<div class=\"a8nywdso j7796vcc rz4wbd8a l29c1vbm\"><span class=\"oi732d6d ik7dh3pa d2edcug0 qv66sw1b c1et5uql a8c37x1j muag1w35 enqfppq2 jq4qci2q a3bd9o3v knj5qynh oo9gr5id\" dir=\"auto\">Ova knji\u017eica \u017eeli osvijetliti Ivana Krstitelja tog velikog Bo\u017ejeg ugodnika i njegovo proro\u010dko i mu\u010deni\u010dko ostvarenje te tako pripomo\u0107i svim kr\u0161\u0107anima da vjernije slijede njegov poziv u dana\u0161njem vremenu, da otvorena i pripravna srca prime Isusovu milost i spasenje.<br \/>\n<\/span><\/div>\n<\/div>\n<\/div>\n<\/div>\n<\/div>\n","protected":false},"featured_media":2459,"comment_status":"open","ping_status":"closed","template":"","meta":[],"product_brand":[],"product_cat":[86],"product_tag":[112],"class_list":{"0":"post-2458","1":"product","2":"type-product","3":"status-publish","4":"has-post-thumbnail","6":"product_cat-upt","7":"product_tag-zivotopis","9":"first","10":"instock","11":"shipping-taxable","12":"purchasable","13":"product-type-simple"},"yoast_head":"<!-- This site is optimized with the Yoast SEO plugin v27.4 - https:\/\/yoast.com\/product\/yoast-seo-wordpress\/ -->\n<title>Ivan Krstitelj - J. Guillemin - U Pravi Trenutak<\/title>\n<meta name=\"robots\" content=\"index, follow, max-snippet:-1, max-image-preview:large, max-video-preview:-1\" \/>\n<link rel=\"canonical\" href=\"https:\/\/upravitrenutak.com\/?product=ivan-krstitelj-j-guillemin\" \/>\n<meta property=\"og:locale\" content=\"hr_HR\" \/>\n<meta property=\"og:type\" content=\"article\" \/>\n<meta property=\"og:title\" content=\"Ivan Krstitelj - J. Guillemin - U Pravi Trenutak\" \/>\n<meta property=\"og:description\" content=\"Ova knji\u017eica \u017eeli osvijetliti Ivana Krstitelja tog velikog Bo\u017ejeg ugodnika i njegovo proro\u010dko i mu\u010deni\u010dko ostvarenje te tako pripomo\u0107i svim kr\u0161\u0107anima da vjernije slijede njegov poziv u dana\u0161njem vremenu, da otvorena i pripravna srca prime Isusovu milost i spasenje.\" \/>\n<meta property=\"og:url\" content=\"https:\/\/upravitrenutak.com\/?product=ivan-krstitelj-j-guillemin\" \/>\n<meta property=\"og:site_name\" content=\"U Pravi Trenutak\" \/>\n<meta property=\"article:publisher\" content=\"https:\/\/www.facebook.com\/Knji%c5%benica-U-Pravi-Trenutak-378755409393101\" \/>\n<meta property=\"article:modified_time\" content=\"2024-03-14T17:28:21+00:00\" \/>\n<meta property=\"og:image\" content=\"https:\/\/upravitrenutak.com\/wp-content\/uploads\/2020\/07\/Ivan-Krstitelj_J.Guillemin.png\" \/>\n\t<meta property=\"og:image:width\" content=\"611\" \/>\n\t<meta property=\"og:image:height\" content=\"844\" \/>\n\t<meta property=\"og:image:type\" content=\"image\/png\" \/>\n<meta name=\"twitter:card\" content=\"summary_large_image\" \/>\n<script type=\"application\/ld+json\" class=\"yoast-schema-graph\">{\"@context\":\"https:\\\/\\\/schema.org\",\"@graph\":[{\"@type\":\"WebPage\",\"@id\":\"https:\\\/\\\/upravitrenutak.com\\\/?product=ivan-krstitelj-j-guillemin\",\"url\":\"https:\\\/\\\/upravitrenutak.com\\\/?product=ivan-krstitelj-j-guillemin\",\"name\":\"Ivan Krstitelj - J. Guillemin - U Pravi Trenutak\",\"isPartOf\":{\"@id\":\"https:\\\/\\\/upravitrenutak.com\\\/#website\"},\"primaryImageOfPage\":{\"@id\":\"https:\\\/\\\/upravitrenutak.com\\\/?product=ivan-krstitelj-j-guillemin#primaryimage\"},\"image\":{\"@id\":\"https:\\\/\\\/upravitrenutak.com\\\/?product=ivan-krstitelj-j-guillemin#primaryimage\"},\"thumbnailUrl\":\"https:\\\/\\\/upravitrenutak.com\\\/wp-content\\\/uploads\\\/2020\\\/07\\\/Ivan-Krstitelj_J.Guillemin.png\",\"datePublished\":\"2020-07-22T09:11:51+00:00\",\"dateModified\":\"2024-03-14T17:28:21+00:00\",\"breadcrumb\":{\"@id\":\"https:\\\/\\\/upravitrenutak.com\\\/?product=ivan-krstitelj-j-guillemin#breadcrumb\"},\"inLanguage\":\"hr\",\"potentialAction\":[{\"@type\":\"ReadAction\",\"target\":[\"https:\\\/\\\/upravitrenutak.com\\\/?product=ivan-krstitelj-j-guillemin\"]}]},{\"@type\":\"ImageObject\",\"inLanguage\":\"hr\",\"@id\":\"https:\\\/\\\/upravitrenutak.com\\\/?product=ivan-krstitelj-j-guillemin#primaryimage\",\"url\":\"https:\\\/\\\/upravitrenutak.com\\\/wp-content\\\/uploads\\\/2020\\\/07\\\/Ivan-Krstitelj_J.Guillemin.png\",\"contentUrl\":\"https:\\\/\\\/upravitrenutak.com\\\/wp-content\\\/uploads\\\/2020\\\/07\\\/Ivan-Krstitelj_J.Guillemin.png\",\"width\":611,\"height\":844},{\"@type\":\"BreadcrumbList\",\"@id\":\"https:\\\/\\\/upravitrenutak.com\\\/?product=ivan-krstitelj-j-guillemin#breadcrumb\",\"itemListElement\":[{\"@type\":\"ListItem\",\"position\":1,\"name\":\"Po\u010detna stranica\",\"item\":\"https:\\\/\\\/upravitrenutak.com\\\/\"},{\"@type\":\"ListItem\",\"position\":2,\"name\":\"Cjelokupna ponuda\",\"item\":\"https:\\\/\\\/upravitrenutak.com\\\/?page_id=2362\"},{\"@type\":\"ListItem\",\"position\":3,\"name\":\"Ivan Krstitelj &#8211; J. Guillemin\"}]},{\"@type\":\"WebSite\",\"@id\":\"https:\\\/\\\/upravitrenutak.com\\\/#website\",\"url\":\"https:\\\/\\\/upravitrenutak.com\\\/\",\"name\":\"U Pravi Trenutak\",\"description\":\"Online Knji\u017eara\",\"potentialAction\":[{\"@type\":\"SearchAction\",\"target\":{\"@type\":\"EntryPoint\",\"urlTemplate\":\"https:\\\/\\\/upravitrenutak.com\\\/?s={search_term_string}\"},\"query-input\":{\"@type\":\"PropertyValueSpecification\",\"valueRequired\":true,\"valueName\":\"search_term_string\"}}],\"inLanguage\":\"hr\"}]}<\/script>\n<!-- \/ Yoast SEO plugin. -->","yoast_head_json":{"title":"Ivan Krstitelj - J. Guillemin - U Pravi Trenutak","robots":{"index":"index","follow":"follow","max-snippet":"max-snippet:-1","max-image-preview":"max-image-preview:large","max-video-preview":"max-video-preview:-1"},"canonical":"https:\/\/upravitrenutak.com\/?product=ivan-krstitelj-j-guillemin","og_locale":"hr_HR","og_type":"article","og_title":"Ivan Krstitelj - J. Guillemin - U Pravi Trenutak","og_description":"Ova knji\u017eica \u017eeli osvijetliti Ivana Krstitelja tog velikog Bo\u017ejeg ugodnika i njegovo proro\u010dko i mu\u010deni\u010dko ostvarenje te tako pripomo\u0107i svim kr\u0161\u0107anima da vjernije slijede njegov poziv u dana\u0161njem vremenu, da otvorena i pripravna srca prime Isusovu milost i spasenje.","og_url":"https:\/\/upravitrenutak.com\/?product=ivan-krstitelj-j-guillemin","og_site_name":"U Pravi Trenutak","article_publisher":"https:\/\/www.facebook.com\/Knji%c5%benica-U-Pravi-Trenutak-378755409393101","article_modified_time":"2024-03-14T17:28:21+00:00","og_image":[{"width":611,"height":844,"url":"https:\/\/upravitrenutak.com\/wp-content\/uploads\/2020\/07\/Ivan-Krstitelj_J.Guillemin.png","type":"image\/png"}],"twitter_card":"summary_large_image","schema":{"@context":"https:\/\/schema.org","@graph":[{"@type":"WebPage","@id":"https:\/\/upravitrenutak.com\/?product=ivan-krstitelj-j-guillemin","url":"https:\/\/upravitrenutak.com\/?product=ivan-krstitelj-j-guillemin","name":"Ivan Krstitelj - J. Guillemin - U Pravi Trenutak","isPartOf":{"@id":"https:\/\/upravitrenutak.com\/#website"},"primaryImageOfPage":{"@id":"https:\/\/upravitrenutak.com\/?product=ivan-krstitelj-j-guillemin#primaryimage"},"image":{"@id":"https:\/\/upravitrenutak.com\/?product=ivan-krstitelj-j-guillemin#primaryimage"},"thumbnailUrl":"https:\/\/upravitrenutak.com\/wp-content\/uploads\/2020\/07\/Ivan-Krstitelj_J.Guillemin.png","datePublished":"2020-07-22T09:11:51+00:00","dateModified":"2024-03-14T17:28:21+00:00","breadcrumb":{"@id":"https:\/\/upravitrenutak.com\/?product=ivan-krstitelj-j-guillemin#breadcrumb"},"inLanguage":"hr","potentialAction":[{"@type":"ReadAction","target":["https:\/\/upravitrenutak.com\/?product=ivan-krstitelj-j-guillemin"]}]},{"@type":"ImageObject","inLanguage":"hr","@id":"https:\/\/upravitrenutak.com\/?product=ivan-krstitelj-j-guillemin#primaryimage","url":"https:\/\/upravitrenutak.com\/wp-content\/uploads\/2020\/07\/Ivan-Krstitelj_J.Guillemin.png","contentUrl":"https:\/\/upravitrenutak.com\/wp-content\/uploads\/2020\/07\/Ivan-Krstitelj_J.Guillemin.png","width":611,"height":844},{"@type":"BreadcrumbList","@id":"https:\/\/upravitrenutak.com\/?product=ivan-krstitelj-j-guillemin#breadcrumb","itemListElement":[{"@type":"ListItem","position":1,"name":"Po\u010detna stranica","item":"https:\/\/upravitrenutak.com\/"},{"@type":"ListItem","position":2,"name":"Cjelokupna ponuda","item":"https:\/\/upravitrenutak.com\/?page_id=2362"},{"@type":"ListItem","position":3,"name":"Ivan Krstitelj &#8211; J. Guillemin"}]},{"@type":"WebSite","@id":"https:\/\/upravitrenutak.com\/#website","url":"https:\/\/upravitrenutak.com\/","name":"U Pravi Trenutak","description":"Online Knji\u017eara","potentialAction":[{"@type":"SearchAction","target":{"@type":"EntryPoint","urlTemplate":"https:\/\/upravitrenutak.com\/?s={search_term_string}"},"query-input":{"@type":"PropertyValueSpecification","valueRequired":true,"valueName":"search_term_string"}}],"inLanguage":"hr"}]}},"_links":{"self":[{"href":"https:\/\/upravitrenutak.com\/index.php?rest_route=\/wp\/v2\/product\/2458","targetHints":{"allow":["GET"]}}],"collection":[{"href":"https:\/\/upravitrenutak.com\/index.php?rest_route=\/wp\/v2\/product"}],"about":[{"href":"https:\/\/upravitrenutak.com\/index.php?rest_route=\/wp\/v2\/types\/product"}],"replies":[{"embeddable":true,"href":"https:\/\/upravitrenutak.com\/index.php?rest_route=%2Fwp%2Fv2%2Fcomments&post=2458"}],"wp:featuredmedia":[{"embeddable":true,"href":"https:\/\/upravitrenutak.com\/index.php?rest_route=\/wp\/v2\/media\/2459"}],"wp:attachment":[{"href":"https:\/\/upravitrenutak.com\/index.php?rest_route=%2Fwp%2Fv2%2Fmedia&parent=2458"}],"wp:term":[{"taxonomy":"product_brand","embeddable":true,"href":"https:\/\/upravitrenutak.com\/index.php?rest_route=%2Fwp%2Fv2%2Fproduct_brand&post=2458"},{"taxonomy":"product_cat","embeddable":true,"href":"https:\/\/upravitrenutak.com\/index.php?rest_route=%2Fwp%2Fv2%2Fproduct_cat&post=2458"},{"taxonomy":"product_tag","embeddable":true,"href":"https:\/\/upravitrenutak.com\/index.php?rest_route=%2Fwp%2Fv2%2Fproduct_tag&post=2458"}],"curies":[{"name":"wp","href":"https:\/\/api.w.org\/{rel}","templated":true}]}}