{"id":2460,"date":"2020-07-22T09:20:07","date_gmt":"2020-07-22T09:20:07","guid":{"rendered":"https:\/\/upravitrenutak.com\/?post_type=product&#038;p=2460"},"modified":"2024-08-10T10:15:32","modified_gmt":"2024-08-10T10:15:32","slug":"ivana-orleanska-carl-julius-abegg","status":"publish","type":"product","link":"https:\/\/upravitrenutak.com\/?product=ivana-orleanska-carl-julius-abegg","title":{"rendered":"Ivana Orleanska &#8211; Carl Julius Abegg"},"content":{"rendered":"<p>Meki uvez.<\/p>\n<p>Dimenzije: 200 x 120.<\/p>\n<p>115 stranica.<\/p>\n","protected":false},"excerpt":{"rendered":"<p>Ivana je potaknuta Bo\u017ejim Duhom predvodila Francuze u osloba\u0111anju od engleske dominacije. Predvo\u0111ena nutarnjim glasovima postigla je velike pobjede. Kona\u010dno je izdajom uhva\u0107ena i utamni\u010dena od Engleza. Pod pritiskom engleske politike protiv nje je montiran sudski proces. Optu\u017eena je za \u010darobnja\u0161tvo i ka\u017enjena kao vje\u0161tica. Kasnije je proces revidiran. Ivana je progla\u0161ena nedu\u017enom, a Crkva ju je proglasila bla\u017eenom i svetom. Njezin herojski i sveta\u010dki lik svijetli i danas, ne samo Francuzima nego i svim Europljanima u borbi za istinu, pravdu i slobodu duha.<\/p>\n","protected":false},"featured_media":2461,"comment_status":"open","ping_status":"closed","template":"","meta":[],"product_brand":[],"product_cat":[138,86],"product_tag":[112],"class_list":{"0":"post-2460","1":"product","2":"type-product","3":"status-publish","4":"has-post-thumbnail","6":"product_cat-akcijske","7":"product_cat-upt","8":"product_tag-zivotopis","10":"first","11":"instock","12":"sale","13":"shipping-taxable","14":"purchasable","15":"product-type-simple"},"yoast_head":"<!-- This site is optimized with the Yoast SEO plugin v27.4 - https:\/\/yoast.com\/product\/yoast-seo-wordpress\/ -->\n<title>Ivana Orleanska - Carl Julius Abegg - U Pravi Trenutak<\/title>\n<meta name=\"robots\" content=\"index, follow, max-snippet:-1, max-image-preview:large, max-video-preview:-1\" \/>\n<link rel=\"canonical\" href=\"https:\/\/upravitrenutak.com\/?product=ivana-orleanska-carl-julius-abegg\" \/>\n<meta property=\"og:locale\" content=\"hr_HR\" \/>\n<meta property=\"og:type\" content=\"article\" \/>\n<meta property=\"og:title\" content=\"Ivana Orleanska - Carl Julius Abegg - U Pravi Trenutak\" \/>\n<meta property=\"og:description\" content=\"Ivana je potaknuta Bo\u017ejim Duhom predvodila Francuze u osloba\u0111anju od engleske dominacije. Predvo\u0111ena nutarnjim glasovima postigla je velike pobjede. Kona\u010dno je izdajom uhva\u0107ena i utamni\u010dena od Engleza. Pod pritiskom engleske politike protiv nje je montiran sudski proces. Optu\u017eena je za \u010darobnja\u0161tvo i ka\u017enjena kao vje\u0161tica. Kasnije je proces revidiran. Ivana je progla\u0161ena nedu\u017enom, a Crkva ju je proglasila bla\u017eenom i svetom. Njezin herojski i sveta\u010dki lik svijetli i danas, ne samo Francuzima nego i svim Europljanima u borbi za istinu, pravdu i slobodu duha.\" \/>\n<meta property=\"og:url\" content=\"https:\/\/upravitrenutak.com\/?product=ivana-orleanska-carl-julius-abegg\" \/>\n<meta property=\"og:site_name\" content=\"U Pravi Trenutak\" \/>\n<meta property=\"article:publisher\" content=\"https:\/\/www.facebook.com\/Knji%c5%benica-U-Pravi-Trenutak-378755409393101\" \/>\n<meta property=\"article:modified_time\" content=\"2024-08-10T10:15:32+00:00\" \/>\n<meta property=\"og:image\" content=\"https:\/\/upravitrenutak.com\/wp-content\/uploads\/2020\/07\/Ivana-Orleanska_Bo\u017eja-lu\u010d_Carl-Julius-Abegg.png\" \/>\n\t<meta property=\"og:image:width\" content=\"600\" \/>\n\t<meta property=\"og:image:height\" content=\"806\" \/>\n\t<meta property=\"og:image:type\" content=\"image\/png\" \/>\n<meta name=\"twitter:card\" content=\"summary_large_image\" \/>\n<script type=\"application\/ld+json\" class=\"yoast-schema-graph\">{\"@context\":\"https:\\\/\\\/schema.org\",\"@graph\":[{\"@type\":\"WebPage\",\"@id\":\"https:\\\/\\\/upravitrenutak.com\\\/?product=ivana-orleanska-carl-julius-abegg\",\"url\":\"https:\\\/\\\/upravitrenutak.com\\\/?product=ivana-orleanska-carl-julius-abegg\",\"name\":\"Ivana Orleanska - Carl Julius Abegg - U Pravi Trenutak\",\"isPartOf\":{\"@id\":\"https:\\\/\\\/upravitrenutak.com\\\/#website\"},\"primaryImageOfPage\":{\"@id\":\"https:\\\/\\\/upravitrenutak.com\\\/?product=ivana-orleanska-carl-julius-abegg#primaryimage\"},\"image\":{\"@id\":\"https:\\\/\\\/upravitrenutak.com\\\/?product=ivana-orleanska-carl-julius-abegg#primaryimage\"},\"thumbnailUrl\":\"https:\\\/\\\/upravitrenutak.com\\\/wp-content\\\/uploads\\\/2020\\\/07\\\/Ivana-Orleanska_Bo\u017eja-lu\u010d_Carl-Julius-Abegg.png\",\"datePublished\":\"2020-07-22T09:20:07+00:00\",\"dateModified\":\"2024-08-10T10:15:32+00:00\",\"breadcrumb\":{\"@id\":\"https:\\\/\\\/upravitrenutak.com\\\/?product=ivana-orleanska-carl-julius-abegg#breadcrumb\"},\"inLanguage\":\"hr\",\"potentialAction\":[{\"@type\":\"ReadAction\",\"target\":[\"https:\\\/\\\/upravitrenutak.com\\\/?product=ivana-orleanska-carl-julius-abegg\"]}]},{\"@type\":\"ImageObject\",\"inLanguage\":\"hr\",\"@id\":\"https:\\\/\\\/upravitrenutak.com\\\/?product=ivana-orleanska-carl-julius-abegg#primaryimage\",\"url\":\"https:\\\/\\\/upravitrenutak.com\\\/wp-content\\\/uploads\\\/2020\\\/07\\\/Ivana-Orleanska_Bo\u017eja-lu\u010d_Carl-Julius-Abegg.png\",\"contentUrl\":\"https:\\\/\\\/upravitrenutak.com\\\/wp-content\\\/uploads\\\/2020\\\/07\\\/Ivana-Orleanska_Bo\u017eja-lu\u010d_Carl-Julius-Abegg.png\",\"width\":600,\"height\":806},{\"@type\":\"BreadcrumbList\",\"@id\":\"https:\\\/\\\/upravitrenutak.com\\\/?product=ivana-orleanska-carl-julius-abegg#breadcrumb\",\"itemListElement\":[{\"@type\":\"ListItem\",\"position\":1,\"name\":\"Po\u010detna stranica\",\"item\":\"https:\\\/\\\/upravitrenutak.com\\\/\"},{\"@type\":\"ListItem\",\"position\":2,\"name\":\"Cjelokupna ponuda\",\"item\":\"https:\\\/\\\/upravitrenutak.com\\\/?page_id=2362\"},{\"@type\":\"ListItem\",\"position\":3,\"name\":\"Ivana Orleanska &#8211; Carl Julius Abegg\"}]},{\"@type\":\"WebSite\",\"@id\":\"https:\\\/\\\/upravitrenutak.com\\\/#website\",\"url\":\"https:\\\/\\\/upravitrenutak.com\\\/\",\"name\":\"U Pravi Trenutak\",\"description\":\"Online Knji\u017eara\",\"potentialAction\":[{\"@type\":\"SearchAction\",\"target\":{\"@type\":\"EntryPoint\",\"urlTemplate\":\"https:\\\/\\\/upravitrenutak.com\\\/?s={search_term_string}\"},\"query-input\":{\"@type\":\"PropertyValueSpecification\",\"valueRequired\":true,\"valueName\":\"search_term_string\"}}],\"inLanguage\":\"hr\"}]}<\/script>\n<!-- \/ Yoast SEO plugin. -->","yoast_head_json":{"title":"Ivana Orleanska - Carl Julius Abegg - U Pravi Trenutak","robots":{"index":"index","follow":"follow","max-snippet":"max-snippet:-1","max-image-preview":"max-image-preview:large","max-video-preview":"max-video-preview:-1"},"canonical":"https:\/\/upravitrenutak.com\/?product=ivana-orleanska-carl-julius-abegg","og_locale":"hr_HR","og_type":"article","og_title":"Ivana Orleanska - Carl Julius Abegg - U Pravi Trenutak","og_description":"Ivana je potaknuta Bo\u017ejim Duhom predvodila Francuze u osloba\u0111anju od engleske dominacije. Predvo\u0111ena nutarnjim glasovima postigla je velike pobjede. Kona\u010dno je izdajom uhva\u0107ena i utamni\u010dena od Engleza. Pod pritiskom engleske politike protiv nje je montiran sudski proces. Optu\u017eena je za \u010darobnja\u0161tvo i ka\u017enjena kao vje\u0161tica. Kasnije je proces revidiran. Ivana je progla\u0161ena nedu\u017enom, a Crkva ju je proglasila bla\u017eenom i svetom. Njezin herojski i sveta\u010dki lik svijetli i danas, ne samo Francuzima nego i svim Europljanima u borbi za istinu, pravdu i slobodu duha.","og_url":"https:\/\/upravitrenutak.com\/?product=ivana-orleanska-carl-julius-abegg","og_site_name":"U Pravi Trenutak","article_publisher":"https:\/\/www.facebook.com\/Knji%c5%benica-U-Pravi-Trenutak-378755409393101","article_modified_time":"2024-08-10T10:15:32+00:00","og_image":[{"width":600,"height":806,"url":"https:\/\/upravitrenutak.com\/wp-content\/uploads\/2020\/07\/Ivana-Orleanska_Bo\u017eja-lu\u010d_Carl-Julius-Abegg.png","type":"image\/png"}],"twitter_card":"summary_large_image","schema":{"@context":"https:\/\/schema.org","@graph":[{"@type":"WebPage","@id":"https:\/\/upravitrenutak.com\/?product=ivana-orleanska-carl-julius-abegg","url":"https:\/\/upravitrenutak.com\/?product=ivana-orleanska-carl-julius-abegg","name":"Ivana Orleanska - Carl Julius Abegg - U Pravi Trenutak","isPartOf":{"@id":"https:\/\/upravitrenutak.com\/#website"},"primaryImageOfPage":{"@id":"https:\/\/upravitrenutak.com\/?product=ivana-orleanska-carl-julius-abegg#primaryimage"},"image":{"@id":"https:\/\/upravitrenutak.com\/?product=ivana-orleanska-carl-julius-abegg#primaryimage"},"thumbnailUrl":"https:\/\/upravitrenutak.com\/wp-content\/uploads\/2020\/07\/Ivana-Orleanska_Bo\u017eja-lu\u010d_Carl-Julius-Abegg.png","datePublished":"2020-07-22T09:20:07+00:00","dateModified":"2024-08-10T10:15:32+00:00","breadcrumb":{"@id":"https:\/\/upravitrenutak.com\/?product=ivana-orleanska-carl-julius-abegg#breadcrumb"},"inLanguage":"hr","potentialAction":[{"@type":"ReadAction","target":["https:\/\/upravitrenutak.com\/?product=ivana-orleanska-carl-julius-abegg"]}]},{"@type":"ImageObject","inLanguage":"hr","@id":"https:\/\/upravitrenutak.com\/?product=ivana-orleanska-carl-julius-abegg#primaryimage","url":"https:\/\/upravitrenutak.com\/wp-content\/uploads\/2020\/07\/Ivana-Orleanska_Bo\u017eja-lu\u010d_Carl-Julius-Abegg.png","contentUrl":"https:\/\/upravitrenutak.com\/wp-content\/uploads\/2020\/07\/Ivana-Orleanska_Bo\u017eja-lu\u010d_Carl-Julius-Abegg.png","width":600,"height":806},{"@type":"BreadcrumbList","@id":"https:\/\/upravitrenutak.com\/?product=ivana-orleanska-carl-julius-abegg#breadcrumb","itemListElement":[{"@type":"ListItem","position":1,"name":"Po\u010detna stranica","item":"https:\/\/upravitrenutak.com\/"},{"@type":"ListItem","position":2,"name":"Cjelokupna ponuda","item":"https:\/\/upravitrenutak.com\/?page_id=2362"},{"@type":"ListItem","position":3,"name":"Ivana Orleanska &#8211; Carl Julius Abegg"}]},{"@type":"WebSite","@id":"https:\/\/upravitrenutak.com\/#website","url":"https:\/\/upravitrenutak.com\/","name":"U Pravi Trenutak","description":"Online Knji\u017eara","potentialAction":[{"@type":"SearchAction","target":{"@type":"EntryPoint","urlTemplate":"https:\/\/upravitrenutak.com\/?s={search_term_string}"},"query-input":{"@type":"PropertyValueSpecification","valueRequired":true,"valueName":"search_term_string"}}],"inLanguage":"hr"}]}},"_links":{"self":[{"href":"https:\/\/upravitrenutak.com\/index.php?rest_route=\/wp\/v2\/product\/2460","targetHints":{"allow":["GET"]}}],"collection":[{"href":"https:\/\/upravitrenutak.com\/index.php?rest_route=\/wp\/v2\/product"}],"about":[{"href":"https:\/\/upravitrenutak.com\/index.php?rest_route=\/wp\/v2\/types\/product"}],"replies":[{"embeddable":true,"href":"https:\/\/upravitrenutak.com\/index.php?rest_route=%2Fwp%2Fv2%2Fcomments&post=2460"}],"wp:featuredmedia":[{"embeddable":true,"href":"https:\/\/upravitrenutak.com\/index.php?rest_route=\/wp\/v2\/media\/2461"}],"wp:attachment":[{"href":"https:\/\/upravitrenutak.com\/index.php?rest_route=%2Fwp%2Fv2%2Fmedia&parent=2460"}],"wp:term":[{"taxonomy":"product_brand","embeddable":true,"href":"https:\/\/upravitrenutak.com\/index.php?rest_route=%2Fwp%2Fv2%2Fproduct_brand&post=2460"},{"taxonomy":"product_cat","embeddable":true,"href":"https:\/\/upravitrenutak.com\/index.php?rest_route=%2Fwp%2Fv2%2Fproduct_cat&post=2460"},{"taxonomy":"product_tag","embeddable":true,"href":"https:\/\/upravitrenutak.com\/index.php?rest_route=%2Fwp%2Fv2%2Fproduct_tag&post=2460"}],"curies":[{"name":"wp","href":"https:\/\/api.w.org\/{rel}","templated":true}]}}