{"id":2486,"date":"2020-07-22T10:58:17","date_gmt":"2020-07-22T10:58:17","guid":{"rendered":"https:\/\/upravitrenutak.com\/?post_type=product&#038;p=2486"},"modified":"2020-07-22T10:58:17","modified_gmt":"2020-07-22T10:58:17","slug":"marijanske-propovijedi-mato-sakac","status":"publish","type":"product","link":"https:\/\/upravitrenutak.com\/?product=marijanske-propovijedi-mato-sakac","title":{"rendered":"Marijanske propovijedi &#8211; Mato Saka\u010d"},"content":{"rendered":"<p>Meki uvez.<\/p>\n<p>Dimenzije: 190 x 120.<\/p>\n<p>80 stranica.<\/p>\n","protected":false},"excerpt":{"rendered":"<p>Djevica Marija koja je po an\u0111elovu navje\u0161tenju primila u srce i u tijelo Bo\u017eju Rije\u010d i svijetu donijela \u017divot, priznaje se i \u010dasti kao prava Majka Boga i Spasitelja. Na uzvi\u0161en na\u010din otkupljenja s obzirom na zasluge svoga Sina i s njim sjedinjena tijesnom i nerazrje\u0161ivom vezom odlikovana je velikom ulogom i dostojanstvom da bude Majka Bo\u017ejega Sina i zato prelila k\u0107i Oca i sveti\u0161te Duha Svetoga, po kojemu daru odli\u010dne milosti daleko nadvisuje sve druge stvorove, nebeske i zemaljske.<\/p>\n","protected":false},"featured_media":2487,"comment_status":"open","ping_status":"closed","template":"","meta":[],"product_brand":[],"product_cat":[86],"product_tag":[114,110],"class_list":{"0":"post-2486","1":"product","2":"type-product","3":"status-publish","4":"has-post-thumbnail","6":"product_cat-upt","7":"product_tag-marija","8":"product_tag-propovijedi","10":"first","11":"instock","12":"shipping-taxable","13":"purchasable","14":"product-type-simple"},"yoast_head":"<!-- This site is optimized with the Yoast SEO plugin v27.4 - https:\/\/yoast.com\/product\/yoast-seo-wordpress\/ -->\n<title>Marijanske propovijedi - Mato Saka\u010d - U Pravi Trenutak<\/title>\n<meta name=\"robots\" content=\"index, follow, max-snippet:-1, max-image-preview:large, max-video-preview:-1\" \/>\n<link rel=\"canonical\" href=\"https:\/\/upravitrenutak.com\/?product=marijanske-propovijedi-mato-sakac\" \/>\n<meta property=\"og:locale\" content=\"hr_HR\" \/>\n<meta property=\"og:type\" content=\"article\" \/>\n<meta property=\"og:title\" content=\"Marijanske propovijedi - Mato Saka\u010d - U Pravi Trenutak\" \/>\n<meta property=\"og:description\" content=\"Djevica Marija koja je po an\u0111elovu navje\u0161tenju primila u srce i u tijelo Bo\u017eju Rije\u010d i svijetu donijela \u017divot, priznaje se i \u010dasti kao prava Majka Boga i Spasitelja. Na uzvi\u0161en na\u010din otkupljenja s obzirom na zasluge svoga Sina i s njim sjedinjena tijesnom i nerazrje\u0161ivom vezom odlikovana je velikom ulogom i dostojanstvom da bude Majka Bo\u017ejega Sina i zato prelila k\u0107i Oca i sveti\u0161te Duha Svetoga, po kojemu daru odli\u010dne milosti daleko nadvisuje sve druge stvorove, nebeske i zemaljske.\" \/>\n<meta property=\"og:url\" content=\"https:\/\/upravitrenutak.com\/?product=marijanske-propovijedi-mato-sakac\" \/>\n<meta property=\"og:site_name\" content=\"U Pravi Trenutak\" \/>\n<meta property=\"article:publisher\" content=\"https:\/\/www.facebook.com\/Knji%c5%benica-U-Pravi-Trenutak-378755409393101\" \/>\n<meta property=\"og:image\" content=\"https:\/\/upravitrenutak.com\/wp-content\/uploads\/2020\/07\/Marijanske-propovijedi_Mato-Saka\u010d.png\" \/>\n\t<meta property=\"og:image:width\" content=\"600\" \/>\n\t<meta property=\"og:image:height\" content=\"854\" \/>\n\t<meta property=\"og:image:type\" content=\"image\/png\" \/>\n<meta name=\"twitter:card\" content=\"summary_large_image\" \/>\n<script type=\"application\/ld+json\" class=\"yoast-schema-graph\">{\"@context\":\"https:\\\/\\\/schema.org\",\"@graph\":[{\"@type\":\"WebPage\",\"@id\":\"https:\\\/\\\/upravitrenutak.com\\\/?product=marijanske-propovijedi-mato-sakac\",\"url\":\"https:\\\/\\\/upravitrenutak.com\\\/?product=marijanske-propovijedi-mato-sakac\",\"name\":\"Marijanske propovijedi - Mato Saka\u010d - U Pravi Trenutak\",\"isPartOf\":{\"@id\":\"https:\\\/\\\/upravitrenutak.com\\\/#website\"},\"primaryImageOfPage\":{\"@id\":\"https:\\\/\\\/upravitrenutak.com\\\/?product=marijanske-propovijedi-mato-sakac#primaryimage\"},\"image\":{\"@id\":\"https:\\\/\\\/upravitrenutak.com\\\/?product=marijanske-propovijedi-mato-sakac#primaryimage\"},\"thumbnailUrl\":\"https:\\\/\\\/upravitrenutak.com\\\/wp-content\\\/uploads\\\/2020\\\/07\\\/Marijanske-propovijedi_Mato-Saka\u010d.png\",\"datePublished\":\"2020-07-22T10:58:17+00:00\",\"breadcrumb\":{\"@id\":\"https:\\\/\\\/upravitrenutak.com\\\/?product=marijanske-propovijedi-mato-sakac#breadcrumb\"},\"inLanguage\":\"hr\",\"potentialAction\":[{\"@type\":\"ReadAction\",\"target\":[\"https:\\\/\\\/upravitrenutak.com\\\/?product=marijanske-propovijedi-mato-sakac\"]}]},{\"@type\":\"ImageObject\",\"inLanguage\":\"hr\",\"@id\":\"https:\\\/\\\/upravitrenutak.com\\\/?product=marijanske-propovijedi-mato-sakac#primaryimage\",\"url\":\"https:\\\/\\\/upravitrenutak.com\\\/wp-content\\\/uploads\\\/2020\\\/07\\\/Marijanske-propovijedi_Mato-Saka\u010d.png\",\"contentUrl\":\"https:\\\/\\\/upravitrenutak.com\\\/wp-content\\\/uploads\\\/2020\\\/07\\\/Marijanske-propovijedi_Mato-Saka\u010d.png\",\"width\":600,\"height\":854},{\"@type\":\"BreadcrumbList\",\"@id\":\"https:\\\/\\\/upravitrenutak.com\\\/?product=marijanske-propovijedi-mato-sakac#breadcrumb\",\"itemListElement\":[{\"@type\":\"ListItem\",\"position\":1,\"name\":\"Po\u010detna stranica\",\"item\":\"https:\\\/\\\/upravitrenutak.com\\\/\"},{\"@type\":\"ListItem\",\"position\":2,\"name\":\"Cjelokupna ponuda\",\"item\":\"https:\\\/\\\/upravitrenutak.com\\\/?page_id=2362\"},{\"@type\":\"ListItem\",\"position\":3,\"name\":\"Marijanske propovijedi &#8211; Mato Saka\u010d\"}]},{\"@type\":\"WebSite\",\"@id\":\"https:\\\/\\\/upravitrenutak.com\\\/#website\",\"url\":\"https:\\\/\\\/upravitrenutak.com\\\/\",\"name\":\"U Pravi Trenutak\",\"description\":\"Online Knji\u017eara\",\"potentialAction\":[{\"@type\":\"SearchAction\",\"target\":{\"@type\":\"EntryPoint\",\"urlTemplate\":\"https:\\\/\\\/upravitrenutak.com\\\/?s={search_term_string}\"},\"query-input\":{\"@type\":\"PropertyValueSpecification\",\"valueRequired\":true,\"valueName\":\"search_term_string\"}}],\"inLanguage\":\"hr\"}]}<\/script>\n<!-- \/ Yoast SEO plugin. -->","yoast_head_json":{"title":"Marijanske propovijedi - Mato Saka\u010d - U Pravi Trenutak","robots":{"index":"index","follow":"follow","max-snippet":"max-snippet:-1","max-image-preview":"max-image-preview:large","max-video-preview":"max-video-preview:-1"},"canonical":"https:\/\/upravitrenutak.com\/?product=marijanske-propovijedi-mato-sakac","og_locale":"hr_HR","og_type":"article","og_title":"Marijanske propovijedi - Mato Saka\u010d - U Pravi Trenutak","og_description":"Djevica Marija koja je po an\u0111elovu navje\u0161tenju primila u srce i u tijelo Bo\u017eju Rije\u010d i svijetu donijela \u017divot, priznaje se i \u010dasti kao prava Majka Boga i Spasitelja. Na uzvi\u0161en na\u010din otkupljenja s obzirom na zasluge svoga Sina i s njim sjedinjena tijesnom i nerazrje\u0161ivom vezom odlikovana je velikom ulogom i dostojanstvom da bude Majka Bo\u017ejega Sina i zato prelila k\u0107i Oca i sveti\u0161te Duha Svetoga, po kojemu daru odli\u010dne milosti daleko nadvisuje sve druge stvorove, nebeske i zemaljske.","og_url":"https:\/\/upravitrenutak.com\/?product=marijanske-propovijedi-mato-sakac","og_site_name":"U Pravi Trenutak","article_publisher":"https:\/\/www.facebook.com\/Knji%c5%benica-U-Pravi-Trenutak-378755409393101","og_image":[{"width":600,"height":854,"url":"https:\/\/upravitrenutak.com\/wp-content\/uploads\/2020\/07\/Marijanske-propovijedi_Mato-Saka\u010d.png","type":"image\/png"}],"twitter_card":"summary_large_image","schema":{"@context":"https:\/\/schema.org","@graph":[{"@type":"WebPage","@id":"https:\/\/upravitrenutak.com\/?product=marijanske-propovijedi-mato-sakac","url":"https:\/\/upravitrenutak.com\/?product=marijanske-propovijedi-mato-sakac","name":"Marijanske propovijedi - Mato Saka\u010d - U Pravi Trenutak","isPartOf":{"@id":"https:\/\/upravitrenutak.com\/#website"},"primaryImageOfPage":{"@id":"https:\/\/upravitrenutak.com\/?product=marijanske-propovijedi-mato-sakac#primaryimage"},"image":{"@id":"https:\/\/upravitrenutak.com\/?product=marijanske-propovijedi-mato-sakac#primaryimage"},"thumbnailUrl":"https:\/\/upravitrenutak.com\/wp-content\/uploads\/2020\/07\/Marijanske-propovijedi_Mato-Saka\u010d.png","datePublished":"2020-07-22T10:58:17+00:00","breadcrumb":{"@id":"https:\/\/upravitrenutak.com\/?product=marijanske-propovijedi-mato-sakac#breadcrumb"},"inLanguage":"hr","potentialAction":[{"@type":"ReadAction","target":["https:\/\/upravitrenutak.com\/?product=marijanske-propovijedi-mato-sakac"]}]},{"@type":"ImageObject","inLanguage":"hr","@id":"https:\/\/upravitrenutak.com\/?product=marijanske-propovijedi-mato-sakac#primaryimage","url":"https:\/\/upravitrenutak.com\/wp-content\/uploads\/2020\/07\/Marijanske-propovijedi_Mato-Saka\u010d.png","contentUrl":"https:\/\/upravitrenutak.com\/wp-content\/uploads\/2020\/07\/Marijanske-propovijedi_Mato-Saka\u010d.png","width":600,"height":854},{"@type":"BreadcrumbList","@id":"https:\/\/upravitrenutak.com\/?product=marijanske-propovijedi-mato-sakac#breadcrumb","itemListElement":[{"@type":"ListItem","position":1,"name":"Po\u010detna stranica","item":"https:\/\/upravitrenutak.com\/"},{"@type":"ListItem","position":2,"name":"Cjelokupna ponuda","item":"https:\/\/upravitrenutak.com\/?page_id=2362"},{"@type":"ListItem","position":3,"name":"Marijanske propovijedi &#8211; Mato Saka\u010d"}]},{"@type":"WebSite","@id":"https:\/\/upravitrenutak.com\/#website","url":"https:\/\/upravitrenutak.com\/","name":"U Pravi Trenutak","description":"Online Knji\u017eara","potentialAction":[{"@type":"SearchAction","target":{"@type":"EntryPoint","urlTemplate":"https:\/\/upravitrenutak.com\/?s={search_term_string}"},"query-input":{"@type":"PropertyValueSpecification","valueRequired":true,"valueName":"search_term_string"}}],"inLanguage":"hr"}]}},"_links":{"self":[{"href":"https:\/\/upravitrenutak.com\/index.php?rest_route=\/wp\/v2\/product\/2486","targetHints":{"allow":["GET"]}}],"collection":[{"href":"https:\/\/upravitrenutak.com\/index.php?rest_route=\/wp\/v2\/product"}],"about":[{"href":"https:\/\/upravitrenutak.com\/index.php?rest_route=\/wp\/v2\/types\/product"}],"replies":[{"embeddable":true,"href":"https:\/\/upravitrenutak.com\/index.php?rest_route=%2Fwp%2Fv2%2Fcomments&post=2486"}],"wp:featuredmedia":[{"embeddable":true,"href":"https:\/\/upravitrenutak.com\/index.php?rest_route=\/wp\/v2\/media\/2487"}],"wp:attachment":[{"href":"https:\/\/upravitrenutak.com\/index.php?rest_route=%2Fwp%2Fv2%2Fmedia&parent=2486"}],"wp:term":[{"taxonomy":"product_brand","embeddable":true,"href":"https:\/\/upravitrenutak.com\/index.php?rest_route=%2Fwp%2Fv2%2Fproduct_brand&post=2486"},{"taxonomy":"product_cat","embeddable":true,"href":"https:\/\/upravitrenutak.com\/index.php?rest_route=%2Fwp%2Fv2%2Fproduct_cat&post=2486"},{"taxonomy":"product_tag","embeddable":true,"href":"https:\/\/upravitrenutak.com\/index.php?rest_route=%2Fwp%2Fv2%2Fproduct_tag&post=2486"}],"curies":[{"name":"wp","href":"https:\/\/api.w.org\/{rel}","templated":true}]}}