{"id":2512,"date":"2020-07-22T11:59:40","date_gmt":"2020-07-22T11:59:40","guid":{"rendered":"https:\/\/upravitrenutak.com\/?post_type=product&#038;p=2512"},"modified":"2026-01-29T12:31:34","modified_gmt":"2026-01-29T12:31:34","slug":"ozdravljanje-tijela-i-duse-hildegarda-iz-bingena","status":"publish","type":"product","link":"https:\/\/upravitrenutak.com\/?product=ozdravljanje-tijela-i-duse-hildegarda-iz-bingena","title":{"rendered":"Ozdravljanje tijela i du\u0161e &#8211; Hildegarda iz Bingena"},"content":{"rendered":"<p>Meki uvez.<\/p>\n<p>Dimenzije: 190 x 120.<\/p>\n<p>144 stranice.<\/p>\n","protected":false},"excerpt":{"rendered":"<p>Ozdravljanje tijela i du\u0161e zna\u010di razvijati vlastite pozitivne \u017eivotne sile pouzdaju\u0107i se u sebe, bli\u017enjega i bo\u017eanski red. Prema Hildegardi iz Bingena ozdravljanje i zdravlje za \u010dovjeka mogu\u0107i su samo u skladu s prirodom i stvorenjem, \u010diji je \u010dovjek dio. Osnovno djelo za shva\u0107anje \u010dovjeka i vi\u0111enja svijeta kod Hildegarde, prakti\u010dan savjetnik za smisleno i sretnije oblikovanje \u017eivota.<\/p>\n","protected":false},"featured_media":4270,"comment_status":"open","ping_status":"closed","template":"","meta":[],"product_brand":[],"product_cat":[86],"product_tag":[],"class_list":{"0":"post-2512","1":"product","2":"type-product","3":"status-publish","4":"has-post-thumbnail","6":"product_cat-upt","8":"first","9":"instock","10":"featured","11":"shipping-taxable","12":"purchasable","13":"product-type-simple"},"yoast_head":"<!-- This site is optimized with the Yoast SEO plugin v27.5 - https:\/\/yoast.com\/product\/yoast-seo-wordpress\/ -->\n<title>Ozdravljanje tijela i du\u0161e - Hildegarda iz Bingena - U Pravi Trenutak<\/title>\n<meta name=\"robots\" content=\"index, follow, max-snippet:-1, max-image-preview:large, max-video-preview:-1\" \/>\n<link rel=\"canonical\" href=\"https:\/\/upravitrenutak.com\/?product=ozdravljanje-tijela-i-duse-hildegarda-iz-bingena\" \/>\n<meta property=\"og:locale\" content=\"hr_HR\" \/>\n<meta property=\"og:type\" content=\"article\" \/>\n<meta property=\"og:title\" content=\"Ozdravljanje tijela i du\u0161e - Hildegarda iz Bingena - U Pravi Trenutak\" \/>\n<meta property=\"og:description\" content=\"Ozdravljanje tijela i du\u0161e zna\u010di razvijati vlastite pozitivne \u017eivotne sile pouzdaju\u0107i se u sebe, bli\u017enjega i bo\u017eanski red. Prema Hildegardi iz Bingena ozdravljanje i zdravlje za \u010dovjeka mogu\u0107i su samo u skladu s prirodom i stvorenjem, \u010diji je \u010dovjek dio. Osnovno djelo za shva\u0107anje \u010dovjeka i vi\u0111enja svijeta kod Hildegarde, prakti\u010dan savjetnik za smisleno i sretnije oblikovanje \u017eivota.\" \/>\n<meta property=\"og:url\" content=\"https:\/\/upravitrenutak.com\/?product=ozdravljanje-tijela-i-duse-hildegarda-iz-bingena\" \/>\n<meta property=\"og:site_name\" content=\"U Pravi Trenutak\" \/>\n<meta property=\"article:publisher\" content=\"https:\/\/www.facebook.com\/Knji%c5%benica-U-Pravi-Trenutak-378755409393101\" \/>\n<meta property=\"article:modified_time\" content=\"2026-01-29T12:31:34+00:00\" \/>\n<meta property=\"og:image\" content=\"https:\/\/upravitrenutak.com\/wp-content\/uploads\/2020\/07\/Ozdravljanje-tijela-i-duse.jpg\" \/>\n\t<meta property=\"og:image:width\" content=\"1397\" \/>\n\t<meta property=\"og:image:height\" content=\"2187\" \/>\n\t<meta property=\"og:image:type\" content=\"image\/jpeg\" \/>\n<meta name=\"twitter:card\" content=\"summary_large_image\" \/>\n<script type=\"application\/ld+json\" class=\"yoast-schema-graph\">{\"@context\":\"https:\\\/\\\/schema.org\",\"@graph\":[{\"@type\":\"WebPage\",\"@id\":\"https:\\\/\\\/upravitrenutak.com\\\/?product=ozdravljanje-tijela-i-duse-hildegarda-iz-bingena\",\"url\":\"https:\\\/\\\/upravitrenutak.com\\\/?product=ozdravljanje-tijela-i-duse-hildegarda-iz-bingena\",\"name\":\"Ozdravljanje tijela i du\u0161e - Hildegarda iz Bingena - U Pravi Trenutak\",\"isPartOf\":{\"@id\":\"https:\\\/\\\/upravitrenutak.com\\\/#website\"},\"primaryImageOfPage\":{\"@id\":\"https:\\\/\\\/upravitrenutak.com\\\/?product=ozdravljanje-tijela-i-duse-hildegarda-iz-bingena#primaryimage\"},\"image\":{\"@id\":\"https:\\\/\\\/upravitrenutak.com\\\/?product=ozdravljanje-tijela-i-duse-hildegarda-iz-bingena#primaryimage\"},\"thumbnailUrl\":\"https:\\\/\\\/upravitrenutak.com\\\/wp-content\\\/uploads\\\/2020\\\/07\\\/Ozdravljanje-tijela-i-duse.jpg\",\"datePublished\":\"2020-07-22T11:59:40+00:00\",\"dateModified\":\"2026-01-29T12:31:34+00:00\",\"breadcrumb\":{\"@id\":\"https:\\\/\\\/upravitrenutak.com\\\/?product=ozdravljanje-tijela-i-duse-hildegarda-iz-bingena#breadcrumb\"},\"inLanguage\":\"hr\",\"potentialAction\":[{\"@type\":\"ReadAction\",\"target\":[\"https:\\\/\\\/upravitrenutak.com\\\/?product=ozdravljanje-tijela-i-duse-hildegarda-iz-bingena\"]}]},{\"@type\":\"ImageObject\",\"inLanguage\":\"hr\",\"@id\":\"https:\\\/\\\/upravitrenutak.com\\\/?product=ozdravljanje-tijela-i-duse-hildegarda-iz-bingena#primaryimage\",\"url\":\"https:\\\/\\\/upravitrenutak.com\\\/wp-content\\\/uploads\\\/2020\\\/07\\\/Ozdravljanje-tijela-i-duse.jpg\",\"contentUrl\":\"https:\\\/\\\/upravitrenutak.com\\\/wp-content\\\/uploads\\\/2020\\\/07\\\/Ozdravljanje-tijela-i-duse.jpg\",\"width\":1397,\"height\":2187},{\"@type\":\"BreadcrumbList\",\"@id\":\"https:\\\/\\\/upravitrenutak.com\\\/?product=ozdravljanje-tijela-i-duse-hildegarda-iz-bingena#breadcrumb\",\"itemListElement\":[{\"@type\":\"ListItem\",\"position\":1,\"name\":\"Po\u010detna stranica\",\"item\":\"https:\\\/\\\/upravitrenutak.com\\\/\"},{\"@type\":\"ListItem\",\"position\":2,\"name\":\"Cjelokupna ponuda\",\"item\":\"https:\\\/\\\/upravitrenutak.com\\\/?page_id=2362\"},{\"@type\":\"ListItem\",\"position\":3,\"name\":\"Ozdravljanje tijela i du\u0161e &#8211; Hildegarda iz Bingena\"}]},{\"@type\":\"WebSite\",\"@id\":\"https:\\\/\\\/upravitrenutak.com\\\/#website\",\"url\":\"https:\\\/\\\/upravitrenutak.com\\\/\",\"name\":\"U Pravi Trenutak\",\"description\":\"Online Knji\u017eara\",\"potentialAction\":[{\"@type\":\"SearchAction\",\"target\":{\"@type\":\"EntryPoint\",\"urlTemplate\":\"https:\\\/\\\/upravitrenutak.com\\\/?s={search_term_string}\"},\"query-input\":{\"@type\":\"PropertyValueSpecification\",\"valueRequired\":true,\"valueName\":\"search_term_string\"}}],\"inLanguage\":\"hr\"}]}<\/script>\n<!-- \/ Yoast SEO plugin. -->","yoast_head_json":{"title":"Ozdravljanje tijela i du\u0161e - Hildegarda iz Bingena - U Pravi Trenutak","robots":{"index":"index","follow":"follow","max-snippet":"max-snippet:-1","max-image-preview":"max-image-preview:large","max-video-preview":"max-video-preview:-1"},"canonical":"https:\/\/upravitrenutak.com\/?product=ozdravljanje-tijela-i-duse-hildegarda-iz-bingena","og_locale":"hr_HR","og_type":"article","og_title":"Ozdravljanje tijela i du\u0161e - Hildegarda iz Bingena - U Pravi Trenutak","og_description":"Ozdravljanje tijela i du\u0161e zna\u010di razvijati vlastite pozitivne \u017eivotne sile pouzdaju\u0107i se u sebe, bli\u017enjega i bo\u017eanski red. Prema Hildegardi iz Bingena ozdravljanje i zdravlje za \u010dovjeka mogu\u0107i su samo u skladu s prirodom i stvorenjem, \u010diji je \u010dovjek dio. Osnovno djelo za shva\u0107anje \u010dovjeka i vi\u0111enja svijeta kod Hildegarde, prakti\u010dan savjetnik za smisleno i sretnije oblikovanje \u017eivota.","og_url":"https:\/\/upravitrenutak.com\/?product=ozdravljanje-tijela-i-duse-hildegarda-iz-bingena","og_site_name":"U Pravi Trenutak","article_publisher":"https:\/\/www.facebook.com\/Knji%c5%benica-U-Pravi-Trenutak-378755409393101","article_modified_time":"2026-01-29T12:31:34+00:00","og_image":[{"width":1397,"height":2187,"url":"https:\/\/upravitrenutak.com\/wp-content\/uploads\/2020\/07\/Ozdravljanje-tijela-i-duse.jpg","type":"image\/jpeg"}],"twitter_card":"summary_large_image","schema":{"@context":"https:\/\/schema.org","@graph":[{"@type":"WebPage","@id":"https:\/\/upravitrenutak.com\/?product=ozdravljanje-tijela-i-duse-hildegarda-iz-bingena","url":"https:\/\/upravitrenutak.com\/?product=ozdravljanje-tijela-i-duse-hildegarda-iz-bingena","name":"Ozdravljanje tijela i du\u0161e - Hildegarda iz Bingena - U Pravi Trenutak","isPartOf":{"@id":"https:\/\/upravitrenutak.com\/#website"},"primaryImageOfPage":{"@id":"https:\/\/upravitrenutak.com\/?product=ozdravljanje-tijela-i-duse-hildegarda-iz-bingena#primaryimage"},"image":{"@id":"https:\/\/upravitrenutak.com\/?product=ozdravljanje-tijela-i-duse-hildegarda-iz-bingena#primaryimage"},"thumbnailUrl":"https:\/\/upravitrenutak.com\/wp-content\/uploads\/2020\/07\/Ozdravljanje-tijela-i-duse.jpg","datePublished":"2020-07-22T11:59:40+00:00","dateModified":"2026-01-29T12:31:34+00:00","breadcrumb":{"@id":"https:\/\/upravitrenutak.com\/?product=ozdravljanje-tijela-i-duse-hildegarda-iz-bingena#breadcrumb"},"inLanguage":"hr","potentialAction":[{"@type":"ReadAction","target":["https:\/\/upravitrenutak.com\/?product=ozdravljanje-tijela-i-duse-hildegarda-iz-bingena"]}]},{"@type":"ImageObject","inLanguage":"hr","@id":"https:\/\/upravitrenutak.com\/?product=ozdravljanje-tijela-i-duse-hildegarda-iz-bingena#primaryimage","url":"https:\/\/upravitrenutak.com\/wp-content\/uploads\/2020\/07\/Ozdravljanje-tijela-i-duse.jpg","contentUrl":"https:\/\/upravitrenutak.com\/wp-content\/uploads\/2020\/07\/Ozdravljanje-tijela-i-duse.jpg","width":1397,"height":2187},{"@type":"BreadcrumbList","@id":"https:\/\/upravitrenutak.com\/?product=ozdravljanje-tijela-i-duse-hildegarda-iz-bingena#breadcrumb","itemListElement":[{"@type":"ListItem","position":1,"name":"Po\u010detna stranica","item":"https:\/\/upravitrenutak.com\/"},{"@type":"ListItem","position":2,"name":"Cjelokupna ponuda","item":"https:\/\/upravitrenutak.com\/?page_id=2362"},{"@type":"ListItem","position":3,"name":"Ozdravljanje tijela i du\u0161e &#8211; Hildegarda iz Bingena"}]},{"@type":"WebSite","@id":"https:\/\/upravitrenutak.com\/#website","url":"https:\/\/upravitrenutak.com\/","name":"U Pravi Trenutak","description":"Online Knji\u017eara","potentialAction":[{"@type":"SearchAction","target":{"@type":"EntryPoint","urlTemplate":"https:\/\/upravitrenutak.com\/?s={search_term_string}"},"query-input":{"@type":"PropertyValueSpecification","valueRequired":true,"valueName":"search_term_string"}}],"inLanguage":"hr"}]}},"_links":{"self":[{"href":"https:\/\/upravitrenutak.com\/index.php?rest_route=\/wp\/v2\/product\/2512","targetHints":{"allow":["GET"]}}],"collection":[{"href":"https:\/\/upravitrenutak.com\/index.php?rest_route=\/wp\/v2\/product"}],"about":[{"href":"https:\/\/upravitrenutak.com\/index.php?rest_route=\/wp\/v2\/types\/product"}],"replies":[{"embeddable":true,"href":"https:\/\/upravitrenutak.com\/index.php?rest_route=%2Fwp%2Fv2%2Fcomments&post=2512"}],"wp:featuredmedia":[{"embeddable":true,"href":"https:\/\/upravitrenutak.com\/index.php?rest_route=\/wp\/v2\/media\/4270"}],"wp:attachment":[{"href":"https:\/\/upravitrenutak.com\/index.php?rest_route=%2Fwp%2Fv2%2Fmedia&parent=2512"}],"wp:term":[{"taxonomy":"product_brand","embeddable":true,"href":"https:\/\/upravitrenutak.com\/index.php?rest_route=%2Fwp%2Fv2%2Fproduct_brand&post=2512"},{"taxonomy":"product_cat","embeddable":true,"href":"https:\/\/upravitrenutak.com\/index.php?rest_route=%2Fwp%2Fv2%2Fproduct_cat&post=2512"},{"taxonomy":"product_tag","embeddable":true,"href":"https:\/\/upravitrenutak.com\/index.php?rest_route=%2Fwp%2Fv2%2Fproduct_tag&post=2512"}],"curies":[{"name":"wp","href":"https:\/\/api.w.org\/{rel}","templated":true}]}}