{"id":2540,"date":"2020-07-23T10:53:41","date_gmt":"2020-07-23T10:53:41","guid":{"rendered":"https:\/\/upravitrenutak.com\/?post_type=product&#038;p=2540"},"modified":"2026-02-28T08:21:26","modified_gmt":"2026-02-28T08:21:26","slug":"sjajno-zdravlje-dr-norman-w-walker","status":"publish","type":"product","link":"https:\/\/upravitrenutak.com\/?product=sjajno-zdravlje-dr-norman-w-walker","title":{"rendered":"Sjajno zdravlje &#8211; Dr. Norman W. Walker"},"content":{"rendered":"<p>Meki uvez.<\/p>\n<p>Dimenzije: 185 x 125.<\/p>\n<p>198 stranica.<\/p>\n","protected":false},"excerpt":{"rendered":"<p>Sjajno zdravlje mo\u017eete posti\u0107i, ako \u017eivite prirodnim \u017eivotom; ako izbjegavate sinteti\u010dke, prera\u0111ene \u017eive\u017ene namirnice; ako svoju du\u0161u i tijelo krijepite ispravnom prehranom i ispravnim razmi\u0161ljanjem. Dr. Walker obja\u0161njava kako prera\u0111ene \u017eive\u017ene namirnice razaraju na\u0161e zdravlje i skra\u0107uju na\u0161 \u017eivot, kako tjelesna stabilnost mora biti pra\u0107ena du\u0161evnim zdravljem; jedino na taj na\u010din mo\u017ee \u010dovjek posti\u0107i i odr\u017eavati &#8220;sjajno zdravlje&#8221;.<\/p>\n","protected":false},"featured_media":2541,"comment_status":"open","ping_status":"closed","template":"","meta":[],"product_brand":[],"product_cat":[90,15,86],"product_tag":[101],"class_list":{"0":"post-2540","1":"product","2":"type-product","3":"status-publish","4":"has-post-thumbnail","6":"product_cat-kompleti","7":"product_cat-ostalo","8":"product_cat-upt","9":"product_tag-zdrava-prehrana","11":"first","12":"instock","13":"shipping-taxable","14":"purchasable","15":"product-type-simple"},"yoast_head":"<!-- This site is optimized with the Yoast SEO plugin v27.4 - https:\/\/yoast.com\/product\/yoast-seo-wordpress\/ -->\n<title>Sjajno zdravlje, Dr. Norman W. Walker, U pravi trenutak %<\/title>\n<meta name=\"description\" content=\"Sjajno zdravlje mo\u017eete posti\u0107i, ako \u017eivite prirodnim \u017eivotom; ako izbjegavate sinteti\u010dke, prera\u0111ene \u017eive\u017ene namirnice; ako svoju du\u0161u i ...\" \/>\n<meta name=\"robots\" content=\"index, follow, max-snippet:-1, max-image-preview:large, max-video-preview:-1\" \/>\n<link rel=\"canonical\" href=\"https:\/\/upravitrenutak.com\/?product=sjajno-zdravlje-dr-norman-w-walker\" \/>\n<meta property=\"og:locale\" content=\"hr_HR\" \/>\n<meta property=\"og:type\" content=\"article\" \/>\n<meta property=\"og:title\" content=\"Sjajno zdravlje, Dr. Norman W. Walker, U pravi trenutak %\" \/>\n<meta property=\"og:description\" content=\"Sjajno zdravlje mo\u017eete posti\u0107i, ako \u017eivite prirodnim \u017eivotom; ako izbjegavate sinteti\u010dke, prera\u0111ene \u017eive\u017ene namirnice; ako svoju du\u0161u i ...\" \/>\n<meta property=\"og:url\" content=\"https:\/\/upravitrenutak.com\/?product=sjajno-zdravlje-dr-norman-w-walker\" \/>\n<meta property=\"og:site_name\" content=\"U Pravi Trenutak\" \/>\n<meta property=\"article:publisher\" content=\"https:\/\/www.facebook.com\/Knji%c5%benica-U-Pravi-Trenutak-378755409393101\" \/>\n<meta property=\"article:modified_time\" content=\"2026-02-28T08:21:26+00:00\" \/>\n<meta property=\"og:image\" content=\"https:\/\/upravitrenutak.com\/wp-content\/uploads\/2020\/07\/Sjajno-zdravlje_Dr.-Norman-W.-Walker.png\" \/>\n\t<meta property=\"og:image:width\" content=\"600\" \/>\n\t<meta property=\"og:image:height\" content=\"847\" \/>\n\t<meta property=\"og:image:type\" content=\"image\/png\" \/>\n<meta name=\"twitter:card\" content=\"summary_large_image\" \/>\n<meta name=\"twitter:label1\" content=\"Procijenjeno vrijeme \u010ditanja\" \/>\n\t<meta name=\"twitter:data1\" content=\"1 minuta\" \/>\n<script type=\"application\/ld+json\" class=\"yoast-schema-graph\">{\"@context\":\"https:\\\/\\\/schema.org\",\"@graph\":[{\"@type\":\"WebPage\",\"@id\":\"https:\\\/\\\/upravitrenutak.com\\\/?product=sjajno-zdravlje-dr-norman-w-walker\",\"url\":\"https:\\\/\\\/upravitrenutak.com\\\/?product=sjajno-zdravlje-dr-norman-w-walker\",\"name\":\"Sjajno zdravlje, Dr. Norman W. Walker, U pravi trenutak %\",\"isPartOf\":{\"@id\":\"https:\\\/\\\/upravitrenutak.com\\\/#website\"},\"primaryImageOfPage\":{\"@id\":\"https:\\\/\\\/upravitrenutak.com\\\/?product=sjajno-zdravlje-dr-norman-w-walker#primaryimage\"},\"image\":{\"@id\":\"https:\\\/\\\/upravitrenutak.com\\\/?product=sjajno-zdravlje-dr-norman-w-walker#primaryimage\"},\"thumbnailUrl\":\"https:\\\/\\\/upravitrenutak.com\\\/wp-content\\\/uploads\\\/2020\\\/07\\\/Sjajno-zdravlje_Dr.-Norman-W.-Walker.png\",\"datePublished\":\"2020-07-23T10:53:41+00:00\",\"dateModified\":\"2026-02-28T08:21:26+00:00\",\"description\":\"Sjajno zdravlje mo\u017eete posti\u0107i, ako \u017eivite prirodnim \u017eivotom; ako izbjegavate sinteti\u010dke, prera\u0111ene \u017eive\u017ene namirnice; ako svoju du\u0161u i ...\",\"breadcrumb\":{\"@id\":\"https:\\\/\\\/upravitrenutak.com\\\/?product=sjajno-zdravlje-dr-norman-w-walker#breadcrumb\"},\"inLanguage\":\"hr\",\"potentialAction\":[{\"@type\":\"ReadAction\",\"target\":[\"https:\\\/\\\/upravitrenutak.com\\\/?product=sjajno-zdravlje-dr-norman-w-walker\"]}]},{\"@type\":\"ImageObject\",\"inLanguage\":\"hr\",\"@id\":\"https:\\\/\\\/upravitrenutak.com\\\/?product=sjajno-zdravlje-dr-norman-w-walker#primaryimage\",\"url\":\"https:\\\/\\\/upravitrenutak.com\\\/wp-content\\\/uploads\\\/2020\\\/07\\\/Sjajno-zdravlje_Dr.-Norman-W.-Walker.png\",\"contentUrl\":\"https:\\\/\\\/upravitrenutak.com\\\/wp-content\\\/uploads\\\/2020\\\/07\\\/Sjajno-zdravlje_Dr.-Norman-W.-Walker.png\",\"width\":600,\"height\":847,\"caption\":\"Sjajno-zdravlje\"},{\"@type\":\"BreadcrumbList\",\"@id\":\"https:\\\/\\\/upravitrenutak.com\\\/?product=sjajno-zdravlje-dr-norman-w-walker#breadcrumb\",\"itemListElement\":[{\"@type\":\"ListItem\",\"position\":1,\"name\":\"Po\u010detna stranica\",\"item\":\"https:\\\/\\\/upravitrenutak.com\\\/\"},{\"@type\":\"ListItem\",\"position\":2,\"name\":\"Cjelokupna ponuda\",\"item\":\"https:\\\/\\\/upravitrenutak.com\\\/?page_id=2362\"},{\"@type\":\"ListItem\",\"position\":3,\"name\":\"Sjajno zdravlje &#8211; Dr. Norman W. Walker\"}]},{\"@type\":\"WebSite\",\"@id\":\"https:\\\/\\\/upravitrenutak.com\\\/#website\",\"url\":\"https:\\\/\\\/upravitrenutak.com\\\/\",\"name\":\"U Pravi Trenutak\",\"description\":\"Online Knji\u017eara\",\"potentialAction\":[{\"@type\":\"SearchAction\",\"target\":{\"@type\":\"EntryPoint\",\"urlTemplate\":\"https:\\\/\\\/upravitrenutak.com\\\/?s={search_term_string}\"},\"query-input\":{\"@type\":\"PropertyValueSpecification\",\"valueRequired\":true,\"valueName\":\"search_term_string\"}}],\"inLanguage\":\"hr\"}]}<\/script>\n<!-- \/ Yoast SEO plugin. -->","yoast_head_json":{"title":"Sjajno zdravlje, Dr. Norman W. Walker, U pravi trenutak %","description":"Sjajno zdravlje mo\u017eete posti\u0107i, ako \u017eivite prirodnim \u017eivotom; ako izbjegavate sinteti\u010dke, prera\u0111ene \u017eive\u017ene namirnice; ako svoju du\u0161u i ...","robots":{"index":"index","follow":"follow","max-snippet":"max-snippet:-1","max-image-preview":"max-image-preview:large","max-video-preview":"max-video-preview:-1"},"canonical":"https:\/\/upravitrenutak.com\/?product=sjajno-zdravlje-dr-norman-w-walker","og_locale":"hr_HR","og_type":"article","og_title":"Sjajno zdravlje, Dr. Norman W. Walker, U pravi trenutak %","og_description":"Sjajno zdravlje mo\u017eete posti\u0107i, ako \u017eivite prirodnim \u017eivotom; ako izbjegavate sinteti\u010dke, prera\u0111ene \u017eive\u017ene namirnice; ako svoju du\u0161u i ...","og_url":"https:\/\/upravitrenutak.com\/?product=sjajno-zdravlje-dr-norman-w-walker","og_site_name":"U Pravi Trenutak","article_publisher":"https:\/\/www.facebook.com\/Knji%c5%benica-U-Pravi-Trenutak-378755409393101","article_modified_time":"2026-02-28T08:21:26+00:00","og_image":[{"width":600,"height":847,"url":"https:\/\/upravitrenutak.com\/wp-content\/uploads\/2020\/07\/Sjajno-zdravlje_Dr.-Norman-W.-Walker.png","type":"image\/png"}],"twitter_card":"summary_large_image","twitter_misc":{"Procijenjeno vrijeme \u010ditanja":"1 minuta"},"schema":{"@context":"https:\/\/schema.org","@graph":[{"@type":"WebPage","@id":"https:\/\/upravitrenutak.com\/?product=sjajno-zdravlje-dr-norman-w-walker","url":"https:\/\/upravitrenutak.com\/?product=sjajno-zdravlje-dr-norman-w-walker","name":"Sjajno zdravlje, Dr. Norman W. Walker, U pravi trenutak %","isPartOf":{"@id":"https:\/\/upravitrenutak.com\/#website"},"primaryImageOfPage":{"@id":"https:\/\/upravitrenutak.com\/?product=sjajno-zdravlje-dr-norman-w-walker#primaryimage"},"image":{"@id":"https:\/\/upravitrenutak.com\/?product=sjajno-zdravlje-dr-norman-w-walker#primaryimage"},"thumbnailUrl":"https:\/\/upravitrenutak.com\/wp-content\/uploads\/2020\/07\/Sjajno-zdravlje_Dr.-Norman-W.-Walker.png","datePublished":"2020-07-23T10:53:41+00:00","dateModified":"2026-02-28T08:21:26+00:00","description":"Sjajno zdravlje mo\u017eete posti\u0107i, ako \u017eivite prirodnim \u017eivotom; ako izbjegavate sinteti\u010dke, prera\u0111ene \u017eive\u017ene namirnice; ako svoju du\u0161u i ...","breadcrumb":{"@id":"https:\/\/upravitrenutak.com\/?product=sjajno-zdravlje-dr-norman-w-walker#breadcrumb"},"inLanguage":"hr","potentialAction":[{"@type":"ReadAction","target":["https:\/\/upravitrenutak.com\/?product=sjajno-zdravlje-dr-norman-w-walker"]}]},{"@type":"ImageObject","inLanguage":"hr","@id":"https:\/\/upravitrenutak.com\/?product=sjajno-zdravlje-dr-norman-w-walker#primaryimage","url":"https:\/\/upravitrenutak.com\/wp-content\/uploads\/2020\/07\/Sjajno-zdravlje_Dr.-Norman-W.-Walker.png","contentUrl":"https:\/\/upravitrenutak.com\/wp-content\/uploads\/2020\/07\/Sjajno-zdravlje_Dr.-Norman-W.-Walker.png","width":600,"height":847,"caption":"Sjajno-zdravlje"},{"@type":"BreadcrumbList","@id":"https:\/\/upravitrenutak.com\/?product=sjajno-zdravlje-dr-norman-w-walker#breadcrumb","itemListElement":[{"@type":"ListItem","position":1,"name":"Po\u010detna stranica","item":"https:\/\/upravitrenutak.com\/"},{"@type":"ListItem","position":2,"name":"Cjelokupna ponuda","item":"https:\/\/upravitrenutak.com\/?page_id=2362"},{"@type":"ListItem","position":3,"name":"Sjajno zdravlje &#8211; Dr. Norman W. Walker"}]},{"@type":"WebSite","@id":"https:\/\/upravitrenutak.com\/#website","url":"https:\/\/upravitrenutak.com\/","name":"U Pravi Trenutak","description":"Online Knji\u017eara","potentialAction":[{"@type":"SearchAction","target":{"@type":"EntryPoint","urlTemplate":"https:\/\/upravitrenutak.com\/?s={search_term_string}"},"query-input":{"@type":"PropertyValueSpecification","valueRequired":true,"valueName":"search_term_string"}}],"inLanguage":"hr"}]}},"_links":{"self":[{"href":"https:\/\/upravitrenutak.com\/index.php?rest_route=\/wp\/v2\/product\/2540","targetHints":{"allow":["GET"]}}],"collection":[{"href":"https:\/\/upravitrenutak.com\/index.php?rest_route=\/wp\/v2\/product"}],"about":[{"href":"https:\/\/upravitrenutak.com\/index.php?rest_route=\/wp\/v2\/types\/product"}],"replies":[{"embeddable":true,"href":"https:\/\/upravitrenutak.com\/index.php?rest_route=%2Fwp%2Fv2%2Fcomments&post=2540"}],"wp:featuredmedia":[{"embeddable":true,"href":"https:\/\/upravitrenutak.com\/index.php?rest_route=\/wp\/v2\/media\/2541"}],"wp:attachment":[{"href":"https:\/\/upravitrenutak.com\/index.php?rest_route=%2Fwp%2Fv2%2Fmedia&parent=2540"}],"wp:term":[{"taxonomy":"product_brand","embeddable":true,"href":"https:\/\/upravitrenutak.com\/index.php?rest_route=%2Fwp%2Fv2%2Fproduct_brand&post=2540"},{"taxonomy":"product_cat","embeddable":true,"href":"https:\/\/upravitrenutak.com\/index.php?rest_route=%2Fwp%2Fv2%2Fproduct_cat&post=2540"},{"taxonomy":"product_tag","embeddable":true,"href":"https:\/\/upravitrenutak.com\/index.php?rest_route=%2Fwp%2Fv2%2Fproduct_tag&post=2540"}],"curies":[{"name":"wp","href":"https:\/\/api.w.org\/{rel}","templated":true}]}}