{"id":2592,"date":"2020-07-24T06:21:20","date_gmt":"2020-07-24T06:21:20","guid":{"rendered":"https:\/\/upravitrenutak.com\/?post_type=product&#038;p=2592"},"modified":"2024-05-22T12:10:42","modified_gmt":"2024-05-22T12:10:42","slug":"majci-bozjoj-bistrickoj-pri-ivam-zirdum-molitvenik","status":"publish","type":"product","link":"https:\/\/upravitrenutak.com\/?product=majci-bozjoj-bistrickoj-pri-ivam-zirdum-molitvenik","title":{"rendered":"Majci Bo\u017ejoj Bistri\u010dkoj &#8211; pri. Ivam Zirdum &#8211; Molitvenik"},"content":{"rendered":"<p>Tvrdi uvez.<\/p>\n<p>Dimenzije: 75 x 50.<\/p>\n<p>336 stranica.<\/p>\n","protected":false},"excerpt":{"rendered":"<p>Mini molitvenik Majke Bo\u017eje Bistri\u010dke. Nadamo se da \u0107e Vam ova knji\u017eica bar djelomi\u010dno predo\u010diti povijest i zna\u010daj Sveti\u0161ta Majke Bo\u017eje Bistri\u010dke, a jo\u0161 vi\u0161e pripomo\u0107i da se okoristite duhovnim dobrima koje Vam Majka Bo\u017eja nudi u svom bistri\u010dkom sveti\u0161tu.<\/p>\n","protected":false},"featured_media":2593,"comment_status":"open","ping_status":"closed","template":"","meta":[],"product_brand":[],"product_cat":[86],"product_tag":[107,119],"class_list":{"0":"post-2592","1":"product","2":"type-product","3":"status-publish","4":"has-post-thumbnail","6":"product_cat-upt","7":"product_tag-molitve","8":"product_tag-molitvenik","10":"first","11":"instock","12":"shipping-taxable","13":"purchasable","14":"product-type-simple"},"yoast_head":"<!-- This site is optimized with the Yoast SEO plugin v27.4 - https:\/\/yoast.com\/product\/yoast-seo-wordpress\/ -->\n<title>Majci Bo\u017ejoj Bistri\u010dkoj - pri. Ivam Zirdum - Molitvenik - U Pravi Trenutak<\/title>\n<meta name=\"robots\" content=\"index, follow, max-snippet:-1, max-image-preview:large, max-video-preview:-1\" \/>\n<link rel=\"canonical\" href=\"https:\/\/upravitrenutak.com\/?product=majci-bozjoj-bistrickoj-pri-ivam-zirdum-molitvenik\" \/>\n<meta property=\"og:locale\" content=\"hr_HR\" \/>\n<meta property=\"og:type\" content=\"article\" \/>\n<meta property=\"og:title\" content=\"Majci Bo\u017ejoj Bistri\u010dkoj - pri. Ivam Zirdum - Molitvenik - U Pravi Trenutak\" \/>\n<meta property=\"og:description\" content=\"Mini molitvenik Majke Bo\u017eje Bistri\u010dke. Nadamo se da \u0107e Vam ova knji\u017eica bar djelomi\u010dno predo\u010diti povijest i zna\u010daj Sveti\u0161ta Majke Bo\u017eje Bistri\u010dke, a jo\u0161 vi\u0161e pripomo\u0107i da se okoristite duhovnim dobrima koje Vam Majka Bo\u017eja nudi u svom bistri\u010dkom sveti\u0161tu.\" \/>\n<meta property=\"og:url\" content=\"https:\/\/upravitrenutak.com\/?product=majci-bozjoj-bistrickoj-pri-ivam-zirdum-molitvenik\" \/>\n<meta property=\"og:site_name\" content=\"U Pravi Trenutak\" \/>\n<meta property=\"article:publisher\" content=\"https:\/\/www.facebook.com\/Knji%c5%benica-U-Pravi-Trenutak-378755409393101\" \/>\n<meta property=\"article:modified_time\" content=\"2024-05-22T12:10:42+00:00\" \/>\n<meta property=\"og:image\" content=\"https:\/\/upravitrenutak.com\/wp-content\/uploads\/2020\/07\/Majci-Bo\u017ejoj-Bistri\u010dkoj.png\" \/>\n\t<meta property=\"og:image:width\" content=\"600\" \/>\n\t<meta property=\"og:image:height\" content=\"857\" \/>\n\t<meta property=\"og:image:type\" content=\"image\/png\" \/>\n<meta name=\"twitter:card\" content=\"summary_large_image\" \/>\n<script type=\"application\/ld+json\" class=\"yoast-schema-graph\">{\"@context\":\"https:\\\/\\\/schema.org\",\"@graph\":[{\"@type\":\"WebPage\",\"@id\":\"https:\\\/\\\/upravitrenutak.com\\\/?product=majci-bozjoj-bistrickoj-pri-ivam-zirdum-molitvenik\",\"url\":\"https:\\\/\\\/upravitrenutak.com\\\/?product=majci-bozjoj-bistrickoj-pri-ivam-zirdum-molitvenik\",\"name\":\"Majci Bo\u017ejoj Bistri\u010dkoj - pri. Ivam Zirdum - Molitvenik - U Pravi Trenutak\",\"isPartOf\":{\"@id\":\"https:\\\/\\\/upravitrenutak.com\\\/#website\"},\"primaryImageOfPage\":{\"@id\":\"https:\\\/\\\/upravitrenutak.com\\\/?product=majci-bozjoj-bistrickoj-pri-ivam-zirdum-molitvenik#primaryimage\"},\"image\":{\"@id\":\"https:\\\/\\\/upravitrenutak.com\\\/?product=majci-bozjoj-bistrickoj-pri-ivam-zirdum-molitvenik#primaryimage\"},\"thumbnailUrl\":\"https:\\\/\\\/upravitrenutak.com\\\/wp-content\\\/uploads\\\/2020\\\/07\\\/Majci-Bo\u017ejoj-Bistri\u010dkoj.png\",\"datePublished\":\"2020-07-24T06:21:20+00:00\",\"dateModified\":\"2024-05-22T12:10:42+00:00\",\"breadcrumb\":{\"@id\":\"https:\\\/\\\/upravitrenutak.com\\\/?product=majci-bozjoj-bistrickoj-pri-ivam-zirdum-molitvenik#breadcrumb\"},\"inLanguage\":\"hr\",\"potentialAction\":[{\"@type\":\"ReadAction\",\"target\":[\"https:\\\/\\\/upravitrenutak.com\\\/?product=majci-bozjoj-bistrickoj-pri-ivam-zirdum-molitvenik\"]}]},{\"@type\":\"ImageObject\",\"inLanguage\":\"hr\",\"@id\":\"https:\\\/\\\/upravitrenutak.com\\\/?product=majci-bozjoj-bistrickoj-pri-ivam-zirdum-molitvenik#primaryimage\",\"url\":\"https:\\\/\\\/upravitrenutak.com\\\/wp-content\\\/uploads\\\/2020\\\/07\\\/Majci-Bo\u017ejoj-Bistri\u010dkoj.png\",\"contentUrl\":\"https:\\\/\\\/upravitrenutak.com\\\/wp-content\\\/uploads\\\/2020\\\/07\\\/Majci-Bo\u017ejoj-Bistri\u010dkoj.png\",\"width\":600,\"height\":857},{\"@type\":\"BreadcrumbList\",\"@id\":\"https:\\\/\\\/upravitrenutak.com\\\/?product=majci-bozjoj-bistrickoj-pri-ivam-zirdum-molitvenik#breadcrumb\",\"itemListElement\":[{\"@type\":\"ListItem\",\"position\":1,\"name\":\"Po\u010detna stranica\",\"item\":\"https:\\\/\\\/upravitrenutak.com\\\/\"},{\"@type\":\"ListItem\",\"position\":2,\"name\":\"Cjelokupna ponuda\",\"item\":\"https:\\\/\\\/upravitrenutak.com\\\/?page_id=2362\"},{\"@type\":\"ListItem\",\"position\":3,\"name\":\"Majci Bo\u017ejoj Bistri\u010dkoj &#8211; pri. Ivam Zirdum &#8211; Molitvenik\"}]},{\"@type\":\"WebSite\",\"@id\":\"https:\\\/\\\/upravitrenutak.com\\\/#website\",\"url\":\"https:\\\/\\\/upravitrenutak.com\\\/\",\"name\":\"U Pravi Trenutak\",\"description\":\"Online Knji\u017eara\",\"potentialAction\":[{\"@type\":\"SearchAction\",\"target\":{\"@type\":\"EntryPoint\",\"urlTemplate\":\"https:\\\/\\\/upravitrenutak.com\\\/?s={search_term_string}\"},\"query-input\":{\"@type\":\"PropertyValueSpecification\",\"valueRequired\":true,\"valueName\":\"search_term_string\"}}],\"inLanguage\":\"hr\"}]}<\/script>\n<!-- \/ Yoast SEO plugin. -->","yoast_head_json":{"title":"Majci Bo\u017ejoj Bistri\u010dkoj - pri. Ivam Zirdum - Molitvenik - U Pravi Trenutak","robots":{"index":"index","follow":"follow","max-snippet":"max-snippet:-1","max-image-preview":"max-image-preview:large","max-video-preview":"max-video-preview:-1"},"canonical":"https:\/\/upravitrenutak.com\/?product=majci-bozjoj-bistrickoj-pri-ivam-zirdum-molitvenik","og_locale":"hr_HR","og_type":"article","og_title":"Majci Bo\u017ejoj Bistri\u010dkoj - pri. Ivam Zirdum - Molitvenik - U Pravi Trenutak","og_description":"Mini molitvenik Majke Bo\u017eje Bistri\u010dke. Nadamo se da \u0107e Vam ova knji\u017eica bar djelomi\u010dno predo\u010diti povijest i zna\u010daj Sveti\u0161ta Majke Bo\u017eje Bistri\u010dke, a jo\u0161 vi\u0161e pripomo\u0107i da se okoristite duhovnim dobrima koje Vam Majka Bo\u017eja nudi u svom bistri\u010dkom sveti\u0161tu.","og_url":"https:\/\/upravitrenutak.com\/?product=majci-bozjoj-bistrickoj-pri-ivam-zirdum-molitvenik","og_site_name":"U Pravi Trenutak","article_publisher":"https:\/\/www.facebook.com\/Knji%c5%benica-U-Pravi-Trenutak-378755409393101","article_modified_time":"2024-05-22T12:10:42+00:00","og_image":[{"width":600,"height":857,"url":"https:\/\/upravitrenutak.com\/wp-content\/uploads\/2020\/07\/Majci-Bo\u017ejoj-Bistri\u010dkoj.png","type":"image\/png"}],"twitter_card":"summary_large_image","schema":{"@context":"https:\/\/schema.org","@graph":[{"@type":"WebPage","@id":"https:\/\/upravitrenutak.com\/?product=majci-bozjoj-bistrickoj-pri-ivam-zirdum-molitvenik","url":"https:\/\/upravitrenutak.com\/?product=majci-bozjoj-bistrickoj-pri-ivam-zirdum-molitvenik","name":"Majci Bo\u017ejoj Bistri\u010dkoj - pri. Ivam Zirdum - Molitvenik - U Pravi Trenutak","isPartOf":{"@id":"https:\/\/upravitrenutak.com\/#website"},"primaryImageOfPage":{"@id":"https:\/\/upravitrenutak.com\/?product=majci-bozjoj-bistrickoj-pri-ivam-zirdum-molitvenik#primaryimage"},"image":{"@id":"https:\/\/upravitrenutak.com\/?product=majci-bozjoj-bistrickoj-pri-ivam-zirdum-molitvenik#primaryimage"},"thumbnailUrl":"https:\/\/upravitrenutak.com\/wp-content\/uploads\/2020\/07\/Majci-Bo\u017ejoj-Bistri\u010dkoj.png","datePublished":"2020-07-24T06:21:20+00:00","dateModified":"2024-05-22T12:10:42+00:00","breadcrumb":{"@id":"https:\/\/upravitrenutak.com\/?product=majci-bozjoj-bistrickoj-pri-ivam-zirdum-molitvenik#breadcrumb"},"inLanguage":"hr","potentialAction":[{"@type":"ReadAction","target":["https:\/\/upravitrenutak.com\/?product=majci-bozjoj-bistrickoj-pri-ivam-zirdum-molitvenik"]}]},{"@type":"ImageObject","inLanguage":"hr","@id":"https:\/\/upravitrenutak.com\/?product=majci-bozjoj-bistrickoj-pri-ivam-zirdum-molitvenik#primaryimage","url":"https:\/\/upravitrenutak.com\/wp-content\/uploads\/2020\/07\/Majci-Bo\u017ejoj-Bistri\u010dkoj.png","contentUrl":"https:\/\/upravitrenutak.com\/wp-content\/uploads\/2020\/07\/Majci-Bo\u017ejoj-Bistri\u010dkoj.png","width":600,"height":857},{"@type":"BreadcrumbList","@id":"https:\/\/upravitrenutak.com\/?product=majci-bozjoj-bistrickoj-pri-ivam-zirdum-molitvenik#breadcrumb","itemListElement":[{"@type":"ListItem","position":1,"name":"Po\u010detna stranica","item":"https:\/\/upravitrenutak.com\/"},{"@type":"ListItem","position":2,"name":"Cjelokupna ponuda","item":"https:\/\/upravitrenutak.com\/?page_id=2362"},{"@type":"ListItem","position":3,"name":"Majci Bo\u017ejoj Bistri\u010dkoj &#8211; pri. Ivam Zirdum &#8211; Molitvenik"}]},{"@type":"WebSite","@id":"https:\/\/upravitrenutak.com\/#website","url":"https:\/\/upravitrenutak.com\/","name":"U Pravi Trenutak","description":"Online Knji\u017eara","potentialAction":[{"@type":"SearchAction","target":{"@type":"EntryPoint","urlTemplate":"https:\/\/upravitrenutak.com\/?s={search_term_string}"},"query-input":{"@type":"PropertyValueSpecification","valueRequired":true,"valueName":"search_term_string"}}],"inLanguage":"hr"}]}},"_links":{"self":[{"href":"https:\/\/upravitrenutak.com\/index.php?rest_route=\/wp\/v2\/product\/2592","targetHints":{"allow":["GET"]}}],"collection":[{"href":"https:\/\/upravitrenutak.com\/index.php?rest_route=\/wp\/v2\/product"}],"about":[{"href":"https:\/\/upravitrenutak.com\/index.php?rest_route=\/wp\/v2\/types\/product"}],"replies":[{"embeddable":true,"href":"https:\/\/upravitrenutak.com\/index.php?rest_route=%2Fwp%2Fv2%2Fcomments&post=2592"}],"wp:featuredmedia":[{"embeddable":true,"href":"https:\/\/upravitrenutak.com\/index.php?rest_route=\/wp\/v2\/media\/2593"}],"wp:attachment":[{"href":"https:\/\/upravitrenutak.com\/index.php?rest_route=%2Fwp%2Fv2%2Fmedia&parent=2592"}],"wp:term":[{"taxonomy":"product_brand","embeddable":true,"href":"https:\/\/upravitrenutak.com\/index.php?rest_route=%2Fwp%2Fv2%2Fproduct_brand&post=2592"},{"taxonomy":"product_cat","embeddable":true,"href":"https:\/\/upravitrenutak.com\/index.php?rest_route=%2Fwp%2Fv2%2Fproduct_cat&post=2592"},{"taxonomy":"product_tag","embeddable":true,"href":"https:\/\/upravitrenutak.com\/index.php?rest_route=%2Fwp%2Fv2%2Fproduct_tag&post=2592"}],"curies":[{"name":"wp","href":"https:\/\/api.w.org\/{rel}","templated":true}]}}