{"id":2602,"date":"2020-07-24T06:42:44","date_gmt":"2020-07-24T06:42:44","guid":{"rendered":"https:\/\/upravitrenutak.com\/?post_type=product&#038;p=2602"},"modified":"2024-03-14T17:10:48","modified_gmt":"2024-03-14T17:10:48","slug":"andele-cuvaru-mili-pri-a-svalina","status":"publish","type":"product","link":"https:\/\/upravitrenutak.com\/?product=andele-cuvaru-mili-pri-a-svalina","title":{"rendered":"An\u0111ele \u010duvaru mili &#8211; pri. A. Svalina"},"content":{"rendered":"<p>Meki uvez.<\/p>\n<p>Dimenzije: 155 x 110.<\/p>\n<p>40 stranica.<\/p>\n","protected":false},"excerpt":{"rendered":"<p>An\u0111ele moj dragi, moj \u010duvaru blagi, neka je tebi hvala, \u0161to me \u010duva\u0161 mala.<br \/>\nAn\u0111ele \u010duvaru mili, svojom snagom me zakrili. Kada umoran sklopom o\u010di, ti me \u010duvaj cijele no\u0107i!<\/p>\n<p>Knji\u017eica sadr\u017ei prve dje\u010dje molitvice za laku no\u0107.<\/p>\n","protected":false},"featured_media":2603,"comment_status":"open","ping_status":"closed","template":"","meta":[],"product_brand":[],"product_cat":[138,86],"product_tag":[107,119,103],"class_list":{"0":"post-2602","1":"product","2":"type-product","3":"status-publish","4":"has-post-thumbnail","6":"product_cat-akcijske","7":"product_cat-upt","8":"product_tag-molitve","9":"product_tag-molitvenik","10":"product_tag-za-djecu","12":"first","13":"instock","14":"sale","15":"featured","16":"shipping-taxable","17":"purchasable","18":"product-type-simple"},"yoast_head":"<!-- This site is optimized with the Yoast SEO plugin v27.4 - https:\/\/yoast.com\/product\/yoast-seo-wordpress\/ -->\n<title>An\u0111ele \u010duvaru mili, Pri. A. Svalina, U Pravi trenutak %<\/title>\n<meta name=\"description\" content=\"An\u0111ele \u010duvaru mili. Prve dje\u010dje molitvice za laku no\u0107. An\u0111ele moj dragi, moj \u010duvaru blagi, neka je tebi hvala, \u0161to me \u010duva\u0161 mala...\" \/>\n<meta name=\"robots\" content=\"index, follow, max-snippet:-1, max-image-preview:large, max-video-preview:-1\" \/>\n<link rel=\"canonical\" href=\"https:\/\/upravitrenutak.com\/?product=andele-cuvaru-mili-pri-a-svalina\" \/>\n<meta property=\"og:locale\" content=\"hr_HR\" \/>\n<meta property=\"og:type\" content=\"article\" \/>\n<meta property=\"og:title\" content=\"An\u0111ele \u010duvaru mili, Pri. A. Svalina, U Pravi trenutak %\" \/>\n<meta property=\"og:description\" content=\"An\u0111ele \u010duvaru mili. Prve dje\u010dje molitvice za laku no\u0107. An\u0111ele moj dragi, moj \u010duvaru blagi, neka je tebi hvala, \u0161to me \u010duva\u0161 mala...\" \/>\n<meta property=\"og:url\" content=\"https:\/\/upravitrenutak.com\/?product=andele-cuvaru-mili-pri-a-svalina\" \/>\n<meta property=\"og:site_name\" content=\"U Pravi Trenutak\" \/>\n<meta property=\"article:publisher\" content=\"https:\/\/www.facebook.com\/Knji%c5%benica-U-Pravi-Trenutak-378755409393101\" \/>\n<meta property=\"article:modified_time\" content=\"2024-03-14T17:10:48+00:00\" \/>\n<meta property=\"og:image\" content=\"https:\/\/upravitrenutak.com\/wp-content\/uploads\/2020\/07\/An\u0111ele-\u010duvaru-mili_prve-dje\u010dije-molitvice_Ana-Svalina.png\" \/>\n\t<meta property=\"og:image:width\" content=\"600\" \/>\n\t<meta property=\"og:image:height\" content=\"864\" \/>\n\t<meta property=\"og:image:type\" content=\"image\/png\" \/>\n<meta name=\"twitter:card\" content=\"summary_large_image\" \/>\n<script type=\"application\/ld+json\" class=\"yoast-schema-graph\">{\"@context\":\"https:\\\/\\\/schema.org\",\"@graph\":[{\"@type\":\"WebPage\",\"@id\":\"https:\\\/\\\/upravitrenutak.com\\\/?product=andele-cuvaru-mili-pri-a-svalina\",\"url\":\"https:\\\/\\\/upravitrenutak.com\\\/?product=andele-cuvaru-mili-pri-a-svalina\",\"name\":\"An\u0111ele \u010duvaru mili, Pri. A. Svalina, U Pravi trenutak %\",\"isPartOf\":{\"@id\":\"https:\\\/\\\/upravitrenutak.com\\\/#website\"},\"primaryImageOfPage\":{\"@id\":\"https:\\\/\\\/upravitrenutak.com\\\/?product=andele-cuvaru-mili-pri-a-svalina#primaryimage\"},\"image\":{\"@id\":\"https:\\\/\\\/upravitrenutak.com\\\/?product=andele-cuvaru-mili-pri-a-svalina#primaryimage\"},\"thumbnailUrl\":\"https:\\\/\\\/upravitrenutak.com\\\/wp-content\\\/uploads\\\/2020\\\/07\\\/An\u0111ele-\u010duvaru-mili_prve-dje\u010dije-molitvice_Ana-Svalina.png\",\"datePublished\":\"2020-07-24T06:42:44+00:00\",\"dateModified\":\"2024-03-14T17:10:48+00:00\",\"description\":\"An\u0111ele \u010duvaru mili. Prve dje\u010dje molitvice za laku no\u0107. An\u0111ele moj dragi, moj \u010duvaru blagi, neka je tebi hvala, \u0161to me \u010duva\u0161 mala...\",\"breadcrumb\":{\"@id\":\"https:\\\/\\\/upravitrenutak.com\\\/?product=andele-cuvaru-mili-pri-a-svalina#breadcrumb\"},\"inLanguage\":\"hr\",\"potentialAction\":[{\"@type\":\"ReadAction\",\"target\":[\"https:\\\/\\\/upravitrenutak.com\\\/?product=andele-cuvaru-mili-pri-a-svalina\"]}]},{\"@type\":\"ImageObject\",\"inLanguage\":\"hr\",\"@id\":\"https:\\\/\\\/upravitrenutak.com\\\/?product=andele-cuvaru-mili-pri-a-svalina#primaryimage\",\"url\":\"https:\\\/\\\/upravitrenutak.com\\\/wp-content\\\/uploads\\\/2020\\\/07\\\/An\u0111ele-\u010duvaru-mili_prve-dje\u010dije-molitvice_Ana-Svalina.png\",\"contentUrl\":\"https:\\\/\\\/upravitrenutak.com\\\/wp-content\\\/uploads\\\/2020\\\/07\\\/An\u0111ele-\u010duvaru-mili_prve-dje\u010dije-molitvice_Ana-Svalina.png\",\"width\":600,\"height\":864,\"caption\":\"An\u0111ele-\u010duvaru-mili\"},{\"@type\":\"BreadcrumbList\",\"@id\":\"https:\\\/\\\/upravitrenutak.com\\\/?product=andele-cuvaru-mili-pri-a-svalina#breadcrumb\",\"itemListElement\":[{\"@type\":\"ListItem\",\"position\":1,\"name\":\"Po\u010detna stranica\",\"item\":\"https:\\\/\\\/upravitrenutak.com\\\/\"},{\"@type\":\"ListItem\",\"position\":2,\"name\":\"Cjelokupna ponuda\",\"item\":\"https:\\\/\\\/upravitrenutak.com\\\/?page_id=2362\"},{\"@type\":\"ListItem\",\"position\":3,\"name\":\"An\u0111ele \u010duvaru mili &#8211; pri. A. Svalina\"}]},{\"@type\":\"WebSite\",\"@id\":\"https:\\\/\\\/upravitrenutak.com\\\/#website\",\"url\":\"https:\\\/\\\/upravitrenutak.com\\\/\",\"name\":\"U Pravi Trenutak\",\"description\":\"Online Knji\u017eara\",\"potentialAction\":[{\"@type\":\"SearchAction\",\"target\":{\"@type\":\"EntryPoint\",\"urlTemplate\":\"https:\\\/\\\/upravitrenutak.com\\\/?s={search_term_string}\"},\"query-input\":{\"@type\":\"PropertyValueSpecification\",\"valueRequired\":true,\"valueName\":\"search_term_string\"}}],\"inLanguage\":\"hr\"}]}<\/script>\n<!-- \/ Yoast SEO plugin. -->","yoast_head_json":{"title":"An\u0111ele \u010duvaru mili, Pri. A. Svalina, U Pravi trenutak %","description":"An\u0111ele \u010duvaru mili. Prve dje\u010dje molitvice za laku no\u0107. An\u0111ele moj dragi, moj \u010duvaru blagi, neka je tebi hvala, \u0161to me \u010duva\u0161 mala...","robots":{"index":"index","follow":"follow","max-snippet":"max-snippet:-1","max-image-preview":"max-image-preview:large","max-video-preview":"max-video-preview:-1"},"canonical":"https:\/\/upravitrenutak.com\/?product=andele-cuvaru-mili-pri-a-svalina","og_locale":"hr_HR","og_type":"article","og_title":"An\u0111ele \u010duvaru mili, Pri. A. Svalina, U Pravi trenutak %","og_description":"An\u0111ele \u010duvaru mili. Prve dje\u010dje molitvice za laku no\u0107. An\u0111ele moj dragi, moj \u010duvaru blagi, neka je tebi hvala, \u0161to me \u010duva\u0161 mala...","og_url":"https:\/\/upravitrenutak.com\/?product=andele-cuvaru-mili-pri-a-svalina","og_site_name":"U Pravi Trenutak","article_publisher":"https:\/\/www.facebook.com\/Knji%c5%benica-U-Pravi-Trenutak-378755409393101","article_modified_time":"2024-03-14T17:10:48+00:00","og_image":[{"width":600,"height":864,"url":"https:\/\/upravitrenutak.com\/wp-content\/uploads\/2020\/07\/An\u0111ele-\u010duvaru-mili_prve-dje\u010dije-molitvice_Ana-Svalina.png","type":"image\/png"}],"twitter_card":"summary_large_image","schema":{"@context":"https:\/\/schema.org","@graph":[{"@type":"WebPage","@id":"https:\/\/upravitrenutak.com\/?product=andele-cuvaru-mili-pri-a-svalina","url":"https:\/\/upravitrenutak.com\/?product=andele-cuvaru-mili-pri-a-svalina","name":"An\u0111ele \u010duvaru mili, Pri. A. Svalina, U Pravi trenutak %","isPartOf":{"@id":"https:\/\/upravitrenutak.com\/#website"},"primaryImageOfPage":{"@id":"https:\/\/upravitrenutak.com\/?product=andele-cuvaru-mili-pri-a-svalina#primaryimage"},"image":{"@id":"https:\/\/upravitrenutak.com\/?product=andele-cuvaru-mili-pri-a-svalina#primaryimage"},"thumbnailUrl":"https:\/\/upravitrenutak.com\/wp-content\/uploads\/2020\/07\/An\u0111ele-\u010duvaru-mili_prve-dje\u010dije-molitvice_Ana-Svalina.png","datePublished":"2020-07-24T06:42:44+00:00","dateModified":"2024-03-14T17:10:48+00:00","description":"An\u0111ele \u010duvaru mili. Prve dje\u010dje molitvice za laku no\u0107. An\u0111ele moj dragi, moj \u010duvaru blagi, neka je tebi hvala, \u0161to me \u010duva\u0161 mala...","breadcrumb":{"@id":"https:\/\/upravitrenutak.com\/?product=andele-cuvaru-mili-pri-a-svalina#breadcrumb"},"inLanguage":"hr","potentialAction":[{"@type":"ReadAction","target":["https:\/\/upravitrenutak.com\/?product=andele-cuvaru-mili-pri-a-svalina"]}]},{"@type":"ImageObject","inLanguage":"hr","@id":"https:\/\/upravitrenutak.com\/?product=andele-cuvaru-mili-pri-a-svalina#primaryimage","url":"https:\/\/upravitrenutak.com\/wp-content\/uploads\/2020\/07\/An\u0111ele-\u010duvaru-mili_prve-dje\u010dije-molitvice_Ana-Svalina.png","contentUrl":"https:\/\/upravitrenutak.com\/wp-content\/uploads\/2020\/07\/An\u0111ele-\u010duvaru-mili_prve-dje\u010dije-molitvice_Ana-Svalina.png","width":600,"height":864,"caption":"An\u0111ele-\u010duvaru-mili"},{"@type":"BreadcrumbList","@id":"https:\/\/upravitrenutak.com\/?product=andele-cuvaru-mili-pri-a-svalina#breadcrumb","itemListElement":[{"@type":"ListItem","position":1,"name":"Po\u010detna stranica","item":"https:\/\/upravitrenutak.com\/"},{"@type":"ListItem","position":2,"name":"Cjelokupna ponuda","item":"https:\/\/upravitrenutak.com\/?page_id=2362"},{"@type":"ListItem","position":3,"name":"An\u0111ele \u010duvaru mili &#8211; pri. A. Svalina"}]},{"@type":"WebSite","@id":"https:\/\/upravitrenutak.com\/#website","url":"https:\/\/upravitrenutak.com\/","name":"U Pravi Trenutak","description":"Online Knji\u017eara","potentialAction":[{"@type":"SearchAction","target":{"@type":"EntryPoint","urlTemplate":"https:\/\/upravitrenutak.com\/?s={search_term_string}"},"query-input":{"@type":"PropertyValueSpecification","valueRequired":true,"valueName":"search_term_string"}}],"inLanguage":"hr"}]}},"_links":{"self":[{"href":"https:\/\/upravitrenutak.com\/index.php?rest_route=\/wp\/v2\/product\/2602","targetHints":{"allow":["GET"]}}],"collection":[{"href":"https:\/\/upravitrenutak.com\/index.php?rest_route=\/wp\/v2\/product"}],"about":[{"href":"https:\/\/upravitrenutak.com\/index.php?rest_route=\/wp\/v2\/types\/product"}],"replies":[{"embeddable":true,"href":"https:\/\/upravitrenutak.com\/index.php?rest_route=%2Fwp%2Fv2%2Fcomments&post=2602"}],"wp:featuredmedia":[{"embeddable":true,"href":"https:\/\/upravitrenutak.com\/index.php?rest_route=\/wp\/v2\/media\/2603"}],"wp:attachment":[{"href":"https:\/\/upravitrenutak.com\/index.php?rest_route=%2Fwp%2Fv2%2Fmedia&parent=2602"}],"wp:term":[{"taxonomy":"product_brand","embeddable":true,"href":"https:\/\/upravitrenutak.com\/index.php?rest_route=%2Fwp%2Fv2%2Fproduct_brand&post=2602"},{"taxonomy":"product_cat","embeddable":true,"href":"https:\/\/upravitrenutak.com\/index.php?rest_route=%2Fwp%2Fv2%2Fproduct_cat&post=2602"},{"taxonomy":"product_tag","embeddable":true,"href":"https:\/\/upravitrenutak.com\/index.php?rest_route=%2Fwp%2Fv2%2Fproduct_tag&post=2602"}],"curies":[{"name":"wp","href":"https:\/\/api.w.org\/{rel}","templated":true}]}}