{"id":2616,"date":"2020-07-24T07:12:45","date_gmt":"2020-07-24T07:12:45","guid":{"rendered":"https:\/\/upravitrenutak.com\/?post_type=product&#038;p=2616"},"modified":"2026-02-28T09:37:09","modified_gmt":"2026-02-28T09:37:09","slug":"zivot-s-bogom-ignacio-larranaga","status":"publish","type":"product","link":"https:\/\/upravitrenutak.com\/?product=zivot-s-bogom-ignacio-larranaga","title":{"rendered":"\u017divot s Bogom &#8211; Ignacio Larranaga"},"content":{"rendered":"<p>Meki uvez.<\/p>\n<p>Dimenzije: 165 x 115.<\/p>\n<p>211 stranica.<\/p>\n","protected":false},"excerpt":{"rendered":"<p>Ponekad \u010dujemo pitanje: kako da molim, koja je molitva najbolja, najslu\u0161anijia i sli\u010dno. Pri tom se uglavnom misli na kakvu prosidbenu molitvu kojom bi molitelj zadobio od Boga ono \u0161to mu trenutno treba. Ovom knjigom pisac \u017eeli povesti vjernika k istinskoj molitvi, k susretanju Boga iz kojeg izvire vrelo pravog \u017eivota. Jer &#8220;puno je razmi\u0161ljanja, puno kateheza, tako\u0111er teorijskog udubljivanja u Bo\u017eju rije\u010d, ali nitko &#8211; ka\u017ee pisac &#8211; ne pou\u010dava prakti\u010dan, iskustven, produbljen i mnogo vrstan razgovor s Bogom. Napokon, vjera ipak nije skup teorija i znanja, nego do\u017eivljaj Boga i \u017eiva povezanost s Njime, \u0161to se ostvaruje u molitvi. A bez molitve vjera postaje \u010dista teorija, prazne rije\u010di.<\/p>\n","protected":false},"featured_media":2617,"comment_status":"open","ping_status":"closed","template":"","meta":[],"product_brand":[],"product_cat":[15,86],"product_tag":[108,104],"class_list":{"0":"post-2616","1":"product","2":"type-product","3":"status-publish","4":"has-post-thumbnail","6":"product_cat-ostalo","7":"product_cat-upt","8":"product_tag-meditacija","9":"product_tag-razmatranja","11":"first","12":"outofstock","13":"shipping-taxable","14":"purchasable","15":"product-type-simple"},"yoast_head":"<!-- This site is optimized with the Yoast SEO plugin v27.4 - https:\/\/yoast.com\/product\/yoast-seo-wordpress\/ -->\n<title>\u017divot s Bogom - Ignacio Larranaga - U Pravi Trenutak<\/title>\n<meta name=\"robots\" content=\"index, follow, max-snippet:-1, max-image-preview:large, max-video-preview:-1\" \/>\n<link rel=\"canonical\" href=\"https:\/\/upravitrenutak.com\/?product=zivot-s-bogom-ignacio-larranaga\" \/>\n<meta property=\"og:locale\" content=\"hr_HR\" \/>\n<meta property=\"og:type\" content=\"article\" \/>\n<meta property=\"og:title\" content=\"\u017divot s Bogom - Ignacio Larranaga - U Pravi Trenutak\" \/>\n<meta property=\"og:description\" content=\"Ponekad \u010dujemo pitanje: kako da molim, koja je molitva najbolja, najslu\u0161anijia i sli\u010dno. Pri tom se uglavnom misli na kakvu prosidbenu molitvu kojom bi molitelj zadobio od Boga ono \u0161to mu trenutno treba. Ovom knjigom pisac \u017eeli povesti vjernika k istinskoj molitvi, k susretanju Boga iz kojeg izvire vrelo pravog \u017eivota. Jer &quot;puno je razmi\u0161ljanja, puno kateheza, tako\u0111er teorijskog udubljivanja u Bo\u017eju rije\u010d, ali nitko - ka\u017ee pisac - ne pou\u010dava prakti\u010dan, iskustven, produbljen i mnogo vrstan razgovor s Bogom. Napokon, vjera ipak nije skup teorija i znanja, nego do\u017eivljaj Boga i \u017eiva povezanost s Njime, \u0161to se ostvaruje u molitvi. A bez molitve vjera postaje \u010dista teorija, prazne rije\u010di.\" \/>\n<meta property=\"og:url\" content=\"https:\/\/upravitrenutak.com\/?product=zivot-s-bogom-ignacio-larranaga\" \/>\n<meta property=\"og:site_name\" content=\"U Pravi Trenutak\" \/>\n<meta property=\"article:publisher\" content=\"https:\/\/www.facebook.com\/Knji%c5%benica-U-Pravi-Trenutak-378755409393101\" \/>\n<meta property=\"article:modified_time\" content=\"2026-02-28T09:37:09+00:00\" \/>\n<meta property=\"og:image\" content=\"https:\/\/upravitrenutak.com\/wp-content\/uploads\/2020\/07\/\u017divot-s-Bogom_Ignacio-Larranaga.png\" \/>\n\t<meta property=\"og:image:width\" content=\"600\" \/>\n\t<meta property=\"og:image:height\" content=\"825\" \/>\n\t<meta property=\"og:image:type\" content=\"image\/png\" \/>\n<meta name=\"twitter:card\" content=\"summary_large_image\" \/>\n<script type=\"application\/ld+json\" class=\"yoast-schema-graph\">{\"@context\":\"https:\\\/\\\/schema.org\",\"@graph\":[{\"@type\":\"WebPage\",\"@id\":\"https:\\\/\\\/upravitrenutak.com\\\/?product=zivot-s-bogom-ignacio-larranaga\",\"url\":\"https:\\\/\\\/upravitrenutak.com\\\/?product=zivot-s-bogom-ignacio-larranaga\",\"name\":\"\u017divot s Bogom - Ignacio Larranaga - U Pravi Trenutak\",\"isPartOf\":{\"@id\":\"https:\\\/\\\/upravitrenutak.com\\\/#website\"},\"primaryImageOfPage\":{\"@id\":\"https:\\\/\\\/upravitrenutak.com\\\/?product=zivot-s-bogom-ignacio-larranaga#primaryimage\"},\"image\":{\"@id\":\"https:\\\/\\\/upravitrenutak.com\\\/?product=zivot-s-bogom-ignacio-larranaga#primaryimage\"},\"thumbnailUrl\":\"https:\\\/\\\/upravitrenutak.com\\\/wp-content\\\/uploads\\\/2020\\\/07\\\/\u017divot-s-Bogom_Ignacio-Larranaga.png\",\"datePublished\":\"2020-07-24T07:12:45+00:00\",\"dateModified\":\"2026-02-28T09:37:09+00:00\",\"breadcrumb\":{\"@id\":\"https:\\\/\\\/upravitrenutak.com\\\/?product=zivot-s-bogom-ignacio-larranaga#breadcrumb\"},\"inLanguage\":\"hr\",\"potentialAction\":[{\"@type\":\"ReadAction\",\"target\":[\"https:\\\/\\\/upravitrenutak.com\\\/?product=zivot-s-bogom-ignacio-larranaga\"]}]},{\"@type\":\"ImageObject\",\"inLanguage\":\"hr\",\"@id\":\"https:\\\/\\\/upravitrenutak.com\\\/?product=zivot-s-bogom-ignacio-larranaga#primaryimage\",\"url\":\"https:\\\/\\\/upravitrenutak.com\\\/wp-content\\\/uploads\\\/2020\\\/07\\\/\u017divot-s-Bogom_Ignacio-Larranaga.png\",\"contentUrl\":\"https:\\\/\\\/upravitrenutak.com\\\/wp-content\\\/uploads\\\/2020\\\/07\\\/\u017divot-s-Bogom_Ignacio-Larranaga.png\",\"width\":600,\"height\":825},{\"@type\":\"BreadcrumbList\",\"@id\":\"https:\\\/\\\/upravitrenutak.com\\\/?product=zivot-s-bogom-ignacio-larranaga#breadcrumb\",\"itemListElement\":[{\"@type\":\"ListItem\",\"position\":1,\"name\":\"Po\u010detna stranica\",\"item\":\"https:\\\/\\\/upravitrenutak.com\\\/\"},{\"@type\":\"ListItem\",\"position\":2,\"name\":\"Cjelokupna ponuda\",\"item\":\"https:\\\/\\\/upravitrenutak.com\\\/?page_id=2362\"},{\"@type\":\"ListItem\",\"position\":3,\"name\":\"\u017divot s Bogom &#8211; Ignacio Larranaga\"}]},{\"@type\":\"WebSite\",\"@id\":\"https:\\\/\\\/upravitrenutak.com\\\/#website\",\"url\":\"https:\\\/\\\/upravitrenutak.com\\\/\",\"name\":\"U Pravi Trenutak\",\"description\":\"Online Knji\u017eara\",\"potentialAction\":[{\"@type\":\"SearchAction\",\"target\":{\"@type\":\"EntryPoint\",\"urlTemplate\":\"https:\\\/\\\/upravitrenutak.com\\\/?s={search_term_string}\"},\"query-input\":{\"@type\":\"PropertyValueSpecification\",\"valueRequired\":true,\"valueName\":\"search_term_string\"}}],\"inLanguage\":\"hr\"}]}<\/script>\n<!-- \/ Yoast SEO plugin. -->","yoast_head_json":{"title":"\u017divot s Bogom - Ignacio Larranaga - U Pravi Trenutak","robots":{"index":"index","follow":"follow","max-snippet":"max-snippet:-1","max-image-preview":"max-image-preview:large","max-video-preview":"max-video-preview:-1"},"canonical":"https:\/\/upravitrenutak.com\/?product=zivot-s-bogom-ignacio-larranaga","og_locale":"hr_HR","og_type":"article","og_title":"\u017divot s Bogom - Ignacio Larranaga - U Pravi Trenutak","og_description":"Ponekad \u010dujemo pitanje: kako da molim, koja je molitva najbolja, najslu\u0161anijia i sli\u010dno. Pri tom se uglavnom misli na kakvu prosidbenu molitvu kojom bi molitelj zadobio od Boga ono \u0161to mu trenutno treba. Ovom knjigom pisac \u017eeli povesti vjernika k istinskoj molitvi, k susretanju Boga iz kojeg izvire vrelo pravog \u017eivota. Jer \"puno je razmi\u0161ljanja, puno kateheza, tako\u0111er teorijskog udubljivanja u Bo\u017eju rije\u010d, ali nitko - ka\u017ee pisac - ne pou\u010dava prakti\u010dan, iskustven, produbljen i mnogo vrstan razgovor s Bogom. Napokon, vjera ipak nije skup teorija i znanja, nego do\u017eivljaj Boga i \u017eiva povezanost s Njime, \u0161to se ostvaruje u molitvi. A bez molitve vjera postaje \u010dista teorija, prazne rije\u010di.","og_url":"https:\/\/upravitrenutak.com\/?product=zivot-s-bogom-ignacio-larranaga","og_site_name":"U Pravi Trenutak","article_publisher":"https:\/\/www.facebook.com\/Knji%c5%benica-U-Pravi-Trenutak-378755409393101","article_modified_time":"2026-02-28T09:37:09+00:00","og_image":[{"width":600,"height":825,"url":"https:\/\/upravitrenutak.com\/wp-content\/uploads\/2020\/07\/\u017divot-s-Bogom_Ignacio-Larranaga.png","type":"image\/png"}],"twitter_card":"summary_large_image","schema":{"@context":"https:\/\/schema.org","@graph":[{"@type":"WebPage","@id":"https:\/\/upravitrenutak.com\/?product=zivot-s-bogom-ignacio-larranaga","url":"https:\/\/upravitrenutak.com\/?product=zivot-s-bogom-ignacio-larranaga","name":"\u017divot s Bogom - Ignacio Larranaga - U Pravi Trenutak","isPartOf":{"@id":"https:\/\/upravitrenutak.com\/#website"},"primaryImageOfPage":{"@id":"https:\/\/upravitrenutak.com\/?product=zivot-s-bogom-ignacio-larranaga#primaryimage"},"image":{"@id":"https:\/\/upravitrenutak.com\/?product=zivot-s-bogom-ignacio-larranaga#primaryimage"},"thumbnailUrl":"https:\/\/upravitrenutak.com\/wp-content\/uploads\/2020\/07\/\u017divot-s-Bogom_Ignacio-Larranaga.png","datePublished":"2020-07-24T07:12:45+00:00","dateModified":"2026-02-28T09:37:09+00:00","breadcrumb":{"@id":"https:\/\/upravitrenutak.com\/?product=zivot-s-bogom-ignacio-larranaga#breadcrumb"},"inLanguage":"hr","potentialAction":[{"@type":"ReadAction","target":["https:\/\/upravitrenutak.com\/?product=zivot-s-bogom-ignacio-larranaga"]}]},{"@type":"ImageObject","inLanguage":"hr","@id":"https:\/\/upravitrenutak.com\/?product=zivot-s-bogom-ignacio-larranaga#primaryimage","url":"https:\/\/upravitrenutak.com\/wp-content\/uploads\/2020\/07\/\u017divot-s-Bogom_Ignacio-Larranaga.png","contentUrl":"https:\/\/upravitrenutak.com\/wp-content\/uploads\/2020\/07\/\u017divot-s-Bogom_Ignacio-Larranaga.png","width":600,"height":825},{"@type":"BreadcrumbList","@id":"https:\/\/upravitrenutak.com\/?product=zivot-s-bogom-ignacio-larranaga#breadcrumb","itemListElement":[{"@type":"ListItem","position":1,"name":"Po\u010detna stranica","item":"https:\/\/upravitrenutak.com\/"},{"@type":"ListItem","position":2,"name":"Cjelokupna ponuda","item":"https:\/\/upravitrenutak.com\/?page_id=2362"},{"@type":"ListItem","position":3,"name":"\u017divot s Bogom &#8211; Ignacio Larranaga"}]},{"@type":"WebSite","@id":"https:\/\/upravitrenutak.com\/#website","url":"https:\/\/upravitrenutak.com\/","name":"U Pravi Trenutak","description":"Online Knji\u017eara","potentialAction":[{"@type":"SearchAction","target":{"@type":"EntryPoint","urlTemplate":"https:\/\/upravitrenutak.com\/?s={search_term_string}"},"query-input":{"@type":"PropertyValueSpecification","valueRequired":true,"valueName":"search_term_string"}}],"inLanguage":"hr"}]}},"_links":{"self":[{"href":"https:\/\/upravitrenutak.com\/index.php?rest_route=\/wp\/v2\/product\/2616","targetHints":{"allow":["GET"]}}],"collection":[{"href":"https:\/\/upravitrenutak.com\/index.php?rest_route=\/wp\/v2\/product"}],"about":[{"href":"https:\/\/upravitrenutak.com\/index.php?rest_route=\/wp\/v2\/types\/product"}],"replies":[{"embeddable":true,"href":"https:\/\/upravitrenutak.com\/index.php?rest_route=%2Fwp%2Fv2%2Fcomments&post=2616"}],"wp:featuredmedia":[{"embeddable":true,"href":"https:\/\/upravitrenutak.com\/index.php?rest_route=\/wp\/v2\/media\/2617"}],"wp:attachment":[{"href":"https:\/\/upravitrenutak.com\/index.php?rest_route=%2Fwp%2Fv2%2Fmedia&parent=2616"}],"wp:term":[{"taxonomy":"product_brand","embeddable":true,"href":"https:\/\/upravitrenutak.com\/index.php?rest_route=%2Fwp%2Fv2%2Fproduct_brand&post=2616"},{"taxonomy":"product_cat","embeddable":true,"href":"https:\/\/upravitrenutak.com\/index.php?rest_route=%2Fwp%2Fv2%2Fproduct_cat&post=2616"},{"taxonomy":"product_tag","embeddable":true,"href":"https:\/\/upravitrenutak.com\/index.php?rest_route=%2Fwp%2Fv2%2Fproduct_tag&post=2616"}],"curies":[{"name":"wp","href":"https:\/\/api.w.org\/{rel}","templated":true}]}}