{"id":2626,"date":"2020-07-24T08:15:21","date_gmt":"2020-07-24T08:15:21","guid":{"rendered":"https:\/\/upravitrenutak.com\/?post_type=product&#038;p=2626"},"modified":"2024-03-14T17:07:25","modified_gmt":"2024-03-14T17:07:25","slug":"devetnica-svetim-andelima-arnold-guillet","status":"publish","type":"product","link":"https:\/\/upravitrenutak.com\/?product=devetnica-svetim-andelima-arnold-guillet","title":{"rendered":"Devetnica svetim an\u0111elima &#8211; Arnold Guillet"},"content":{"rendered":"<p>Meki uvez.<\/p>\n<p>Dimenzije: 145 x 105.<\/p>\n<p>72 stranice.<\/p>\n","protected":false},"excerpt":{"rendered":"<p>&#8220;Molimo Te, Gospodine, pazi na ovu ku\u0107u i odagnaj daleko od nje sva neprijateljska snubljenja; daj da u njoj obitavaju Tvoji sveti an\u0111eli, da nas oni u miru \u010duvaju i da uvijek bude na nama Tvoj blagoslov&#8221;!<\/p>\n","protected":false},"featured_media":2627,"comment_status":"open","ping_status":"closed","template":"","meta":[],"product_brand":[],"product_cat":[138,86],"product_tag":[121,107],"class_list":{"0":"post-2626","1":"product","2":"type-product","3":"status-publish","4":"has-post-thumbnail","6":"product_cat-akcijske","7":"product_cat-upt","8":"product_tag-devetnice","9":"product_tag-molitve","11":"first","12":"instock","13":"sale","14":"shipping-taxable","15":"purchasable","16":"product-type-simple"},"yoast_head":"<!-- This site is optimized with the Yoast SEO plugin v27.4 - https:\/\/yoast.com\/product\/yoast-seo-wordpress\/ -->\n<title>Devetnica svetim an\u0111elima - Arnold Guillet - U Pravi Trenutak<\/title>\n<meta name=\"robots\" content=\"index, follow, max-snippet:-1, max-image-preview:large, max-video-preview:-1\" \/>\n<link rel=\"canonical\" href=\"https:\/\/upravitrenutak.com\/?product=devetnica-svetim-andelima-arnold-guillet\" \/>\n<meta property=\"og:locale\" content=\"hr_HR\" \/>\n<meta property=\"og:type\" content=\"article\" \/>\n<meta property=\"og:title\" content=\"Devetnica svetim an\u0111elima - Arnold Guillet - U Pravi Trenutak\" \/>\n<meta property=\"og:description\" content=\"&quot;Molimo Te, Gospodine, pazi na ovu ku\u0107u i odagnaj daleko od nje sva neprijateljska snubljenja; daj da u njoj obitavaju Tvoji sveti an\u0111eli, da nas oni u miru \u010duvaju i da uvijek bude na nama Tvoj blagoslov&quot;!\" \/>\n<meta property=\"og:url\" content=\"https:\/\/upravitrenutak.com\/?product=devetnica-svetim-andelima-arnold-guillet\" \/>\n<meta property=\"og:site_name\" content=\"U Pravi Trenutak\" \/>\n<meta property=\"article:publisher\" content=\"https:\/\/www.facebook.com\/Knji%c5%benica-U-Pravi-Trenutak-378755409393101\" \/>\n<meta property=\"article:modified_time\" content=\"2024-03-14T17:07:25+00:00\" \/>\n<meta property=\"og:image\" content=\"https:\/\/upravitrenutak.com\/wp-content\/uploads\/2020\/07\/Devetnica-Svetim-An\u0111elima.png\" \/>\n\t<meta property=\"og:image:width\" content=\"600\" \/>\n\t<meta property=\"og:image:height\" content=\"834\" \/>\n\t<meta property=\"og:image:type\" content=\"image\/png\" \/>\n<meta name=\"twitter:card\" content=\"summary_large_image\" \/>\n<script type=\"application\/ld+json\" class=\"yoast-schema-graph\">{\"@context\":\"https:\\\/\\\/schema.org\",\"@graph\":[{\"@type\":\"WebPage\",\"@id\":\"https:\\\/\\\/upravitrenutak.com\\\/?product=devetnica-svetim-andelima-arnold-guillet\",\"url\":\"https:\\\/\\\/upravitrenutak.com\\\/?product=devetnica-svetim-andelima-arnold-guillet\",\"name\":\"Devetnica svetim an\u0111elima - Arnold Guillet - U Pravi Trenutak\",\"isPartOf\":{\"@id\":\"https:\\\/\\\/upravitrenutak.com\\\/#website\"},\"primaryImageOfPage\":{\"@id\":\"https:\\\/\\\/upravitrenutak.com\\\/?product=devetnica-svetim-andelima-arnold-guillet#primaryimage\"},\"image\":{\"@id\":\"https:\\\/\\\/upravitrenutak.com\\\/?product=devetnica-svetim-andelima-arnold-guillet#primaryimage\"},\"thumbnailUrl\":\"https:\\\/\\\/upravitrenutak.com\\\/wp-content\\\/uploads\\\/2020\\\/07\\\/Devetnica-Svetim-An\u0111elima.png\",\"datePublished\":\"2020-07-24T08:15:21+00:00\",\"dateModified\":\"2024-03-14T17:07:25+00:00\",\"breadcrumb\":{\"@id\":\"https:\\\/\\\/upravitrenutak.com\\\/?product=devetnica-svetim-andelima-arnold-guillet#breadcrumb\"},\"inLanguage\":\"hr\",\"potentialAction\":[{\"@type\":\"ReadAction\",\"target\":[\"https:\\\/\\\/upravitrenutak.com\\\/?product=devetnica-svetim-andelima-arnold-guillet\"]}]},{\"@type\":\"ImageObject\",\"inLanguage\":\"hr\",\"@id\":\"https:\\\/\\\/upravitrenutak.com\\\/?product=devetnica-svetim-andelima-arnold-guillet#primaryimage\",\"url\":\"https:\\\/\\\/upravitrenutak.com\\\/wp-content\\\/uploads\\\/2020\\\/07\\\/Devetnica-Svetim-An\u0111elima.png\",\"contentUrl\":\"https:\\\/\\\/upravitrenutak.com\\\/wp-content\\\/uploads\\\/2020\\\/07\\\/Devetnica-Svetim-An\u0111elima.png\",\"width\":600,\"height\":834},{\"@type\":\"BreadcrumbList\",\"@id\":\"https:\\\/\\\/upravitrenutak.com\\\/?product=devetnica-svetim-andelima-arnold-guillet#breadcrumb\",\"itemListElement\":[{\"@type\":\"ListItem\",\"position\":1,\"name\":\"Po\u010detna stranica\",\"item\":\"https:\\\/\\\/upravitrenutak.com\\\/\"},{\"@type\":\"ListItem\",\"position\":2,\"name\":\"Cjelokupna ponuda\",\"item\":\"https:\\\/\\\/upravitrenutak.com\\\/?page_id=2362\"},{\"@type\":\"ListItem\",\"position\":3,\"name\":\"Devetnica svetim an\u0111elima &#8211; Arnold Guillet\"}]},{\"@type\":\"WebSite\",\"@id\":\"https:\\\/\\\/upravitrenutak.com\\\/#website\",\"url\":\"https:\\\/\\\/upravitrenutak.com\\\/\",\"name\":\"U Pravi Trenutak\",\"description\":\"Online Knji\u017eara\",\"potentialAction\":[{\"@type\":\"SearchAction\",\"target\":{\"@type\":\"EntryPoint\",\"urlTemplate\":\"https:\\\/\\\/upravitrenutak.com\\\/?s={search_term_string}\"},\"query-input\":{\"@type\":\"PropertyValueSpecification\",\"valueRequired\":true,\"valueName\":\"search_term_string\"}}],\"inLanguage\":\"hr\"}]}<\/script>\n<!-- \/ Yoast SEO plugin. -->","yoast_head_json":{"title":"Devetnica svetim an\u0111elima - Arnold Guillet - U Pravi Trenutak","robots":{"index":"index","follow":"follow","max-snippet":"max-snippet:-1","max-image-preview":"max-image-preview:large","max-video-preview":"max-video-preview:-1"},"canonical":"https:\/\/upravitrenutak.com\/?product=devetnica-svetim-andelima-arnold-guillet","og_locale":"hr_HR","og_type":"article","og_title":"Devetnica svetim an\u0111elima - Arnold Guillet - U Pravi Trenutak","og_description":"\"Molimo Te, Gospodine, pazi na ovu ku\u0107u i odagnaj daleko od nje sva neprijateljska snubljenja; daj da u njoj obitavaju Tvoji sveti an\u0111eli, da nas oni u miru \u010duvaju i da uvijek bude na nama Tvoj blagoslov\"!","og_url":"https:\/\/upravitrenutak.com\/?product=devetnica-svetim-andelima-arnold-guillet","og_site_name":"U Pravi Trenutak","article_publisher":"https:\/\/www.facebook.com\/Knji%c5%benica-U-Pravi-Trenutak-378755409393101","article_modified_time":"2024-03-14T17:07:25+00:00","og_image":[{"width":600,"height":834,"url":"https:\/\/upravitrenutak.com\/wp-content\/uploads\/2020\/07\/Devetnica-Svetim-An\u0111elima.png","type":"image\/png"}],"twitter_card":"summary_large_image","schema":{"@context":"https:\/\/schema.org","@graph":[{"@type":"WebPage","@id":"https:\/\/upravitrenutak.com\/?product=devetnica-svetim-andelima-arnold-guillet","url":"https:\/\/upravitrenutak.com\/?product=devetnica-svetim-andelima-arnold-guillet","name":"Devetnica svetim an\u0111elima - Arnold Guillet - U Pravi Trenutak","isPartOf":{"@id":"https:\/\/upravitrenutak.com\/#website"},"primaryImageOfPage":{"@id":"https:\/\/upravitrenutak.com\/?product=devetnica-svetim-andelima-arnold-guillet#primaryimage"},"image":{"@id":"https:\/\/upravitrenutak.com\/?product=devetnica-svetim-andelima-arnold-guillet#primaryimage"},"thumbnailUrl":"https:\/\/upravitrenutak.com\/wp-content\/uploads\/2020\/07\/Devetnica-Svetim-An\u0111elima.png","datePublished":"2020-07-24T08:15:21+00:00","dateModified":"2024-03-14T17:07:25+00:00","breadcrumb":{"@id":"https:\/\/upravitrenutak.com\/?product=devetnica-svetim-andelima-arnold-guillet#breadcrumb"},"inLanguage":"hr","potentialAction":[{"@type":"ReadAction","target":["https:\/\/upravitrenutak.com\/?product=devetnica-svetim-andelima-arnold-guillet"]}]},{"@type":"ImageObject","inLanguage":"hr","@id":"https:\/\/upravitrenutak.com\/?product=devetnica-svetim-andelima-arnold-guillet#primaryimage","url":"https:\/\/upravitrenutak.com\/wp-content\/uploads\/2020\/07\/Devetnica-Svetim-An\u0111elima.png","contentUrl":"https:\/\/upravitrenutak.com\/wp-content\/uploads\/2020\/07\/Devetnica-Svetim-An\u0111elima.png","width":600,"height":834},{"@type":"BreadcrumbList","@id":"https:\/\/upravitrenutak.com\/?product=devetnica-svetim-andelima-arnold-guillet#breadcrumb","itemListElement":[{"@type":"ListItem","position":1,"name":"Po\u010detna stranica","item":"https:\/\/upravitrenutak.com\/"},{"@type":"ListItem","position":2,"name":"Cjelokupna ponuda","item":"https:\/\/upravitrenutak.com\/?page_id=2362"},{"@type":"ListItem","position":3,"name":"Devetnica svetim an\u0111elima &#8211; Arnold Guillet"}]},{"@type":"WebSite","@id":"https:\/\/upravitrenutak.com\/#website","url":"https:\/\/upravitrenutak.com\/","name":"U Pravi Trenutak","description":"Online Knji\u017eara","potentialAction":[{"@type":"SearchAction","target":{"@type":"EntryPoint","urlTemplate":"https:\/\/upravitrenutak.com\/?s={search_term_string}"},"query-input":{"@type":"PropertyValueSpecification","valueRequired":true,"valueName":"search_term_string"}}],"inLanguage":"hr"}]}},"_links":{"self":[{"href":"https:\/\/upravitrenutak.com\/index.php?rest_route=\/wp\/v2\/product\/2626","targetHints":{"allow":["GET"]}}],"collection":[{"href":"https:\/\/upravitrenutak.com\/index.php?rest_route=\/wp\/v2\/product"}],"about":[{"href":"https:\/\/upravitrenutak.com\/index.php?rest_route=\/wp\/v2\/types\/product"}],"replies":[{"embeddable":true,"href":"https:\/\/upravitrenutak.com\/index.php?rest_route=%2Fwp%2Fv2%2Fcomments&post=2626"}],"wp:featuredmedia":[{"embeddable":true,"href":"https:\/\/upravitrenutak.com\/index.php?rest_route=\/wp\/v2\/media\/2627"}],"wp:attachment":[{"href":"https:\/\/upravitrenutak.com\/index.php?rest_route=%2Fwp%2Fv2%2Fmedia&parent=2626"}],"wp:term":[{"taxonomy":"product_brand","embeddable":true,"href":"https:\/\/upravitrenutak.com\/index.php?rest_route=%2Fwp%2Fv2%2Fproduct_brand&post=2626"},{"taxonomy":"product_cat","embeddable":true,"href":"https:\/\/upravitrenutak.com\/index.php?rest_route=%2Fwp%2Fv2%2Fproduct_cat&post=2626"},{"taxonomy":"product_tag","embeddable":true,"href":"https:\/\/upravitrenutak.com\/index.php?rest_route=%2Fwp%2Fv2%2Fproduct_tag&post=2626"}],"curies":[{"name":"wp","href":"https:\/\/api.w.org\/{rel}","templated":true}]}}