{"id":2630,"date":"2020-07-24T08:31:36","date_gmt":"2020-07-24T08:31:36","guid":{"rendered":"https:\/\/upravitrenutak.com\/?post_type=product&#038;p=2630"},"modified":"2024-05-22T12:34:38","modified_gmt":"2024-05-22T12:34:38","slug":"2630","status":"publish","type":"product","link":"https:\/\/upravitrenutak.com\/?product=2630","title":{"rendered":"Devetnica Gospi Lurdskoj &#8211; pri. I. Zirdum"},"content":{"rendered":"<p>Meki uvez.<\/p>\n<p>Dimenzije: 140 x 100.<\/p>\n<p>47 stranica.<\/p>\n","protected":false},"excerpt":{"rendered":"<p>Nepregledno mno\u0161tvo vjernika sa svih strana svijeta hodo\u010dasti u Lurd. U dana\u0161nje vrijeme do\u0111e ih vi\u0161e od milijuna. Tu mnogi \u010dudesno ozdrave, ali najva\u017enije da se jo\u0161 ve\u0107i broj duhovno obnovi. Nadamo se da \u0107e ova knji\u017eica bar malo pripomo\u0107i pojedincima, skupinama i \u017eupnim zajednicama pri obavljanju devetnice u \u010dast Gospe Lurdske.<\/p>\n","protected":false},"featured_media":2631,"comment_status":"open","ping_status":"closed","template":"","meta":[],"product_brand":[],"product_cat":[138,86],"product_tag":[121,114,107],"class_list":{"0":"post-2630","1":"product","2":"type-product","3":"status-publish","4":"has-post-thumbnail","6":"product_cat-akcijske","7":"product_cat-upt","8":"product_tag-devetnice","9":"product_tag-marija","10":"product_tag-molitve","12":"first","13":"instock","14":"sale","15":"shipping-taxable","16":"purchasable","17":"product-type-simple"},"yoast_head":"<!-- This site is optimized with the Yoast SEO plugin v27.4 - https:\/\/yoast.com\/product\/yoast-seo-wordpress\/ -->\n<title>Devetnica Gospi Lurdskoj - pri. I. Zirdum - U Pravi Trenutak<\/title>\n<meta name=\"robots\" content=\"index, follow, max-snippet:-1, max-image-preview:large, max-video-preview:-1\" \/>\n<link rel=\"canonical\" href=\"https:\/\/upravitrenutak.com\/?product=2630\" \/>\n<meta property=\"og:locale\" content=\"hr_HR\" \/>\n<meta property=\"og:type\" content=\"article\" \/>\n<meta property=\"og:title\" content=\"Devetnica Gospi Lurdskoj - pri. I. Zirdum - U Pravi Trenutak\" \/>\n<meta property=\"og:description\" content=\"Nepregledno mno\u0161tvo vjernika sa svih strana svijeta hodo\u010dasti u Lurd. U dana\u0161nje vrijeme do\u0111e ih vi\u0161e od milijuna. Tu mnogi \u010dudesno ozdrave, ali najva\u017enije da se jo\u0161 ve\u0107i broj duhovno obnovi. Nadamo se da \u0107e ova knji\u017eica bar malo pripomo\u0107i pojedincima, skupinama i \u017eupnim zajednicama pri obavljanju devetnice u \u010dast Gospe Lurdske.\" \/>\n<meta property=\"og:url\" content=\"https:\/\/upravitrenutak.com\/?product=2630\" \/>\n<meta property=\"og:site_name\" content=\"U Pravi Trenutak\" \/>\n<meta property=\"article:publisher\" content=\"https:\/\/www.facebook.com\/Knji%c5%benica-U-Pravi-Trenutak-378755409393101\" \/>\n<meta property=\"article:modified_time\" content=\"2024-05-22T12:34:38+00:00\" \/>\n<meta property=\"og:image\" content=\"https:\/\/upravitrenutak.com\/wp-content\/uploads\/2020\/07\/Devetnica-u-\u010dast-Gospe-Lurdske.png\" \/>\n\t<meta property=\"og:image:width\" content=\"600\" \/>\n\t<meta property=\"og:image:height\" content=\"855\" \/>\n\t<meta property=\"og:image:type\" content=\"image\/png\" \/>\n<meta name=\"twitter:card\" content=\"summary_large_image\" \/>\n<script type=\"application\/ld+json\" class=\"yoast-schema-graph\">{\"@context\":\"https:\\\/\\\/schema.org\",\"@graph\":[{\"@type\":\"WebPage\",\"@id\":\"https:\\\/\\\/upravitrenutak.com\\\/?product=2630\",\"url\":\"https:\\\/\\\/upravitrenutak.com\\\/?product=2630\",\"name\":\"Devetnica Gospi Lurdskoj - pri. I. Zirdum - U Pravi Trenutak\",\"isPartOf\":{\"@id\":\"https:\\\/\\\/upravitrenutak.com\\\/#website\"},\"primaryImageOfPage\":{\"@id\":\"https:\\\/\\\/upravitrenutak.com\\\/?product=2630#primaryimage\"},\"image\":{\"@id\":\"https:\\\/\\\/upravitrenutak.com\\\/?product=2630#primaryimage\"},\"thumbnailUrl\":\"https:\\\/\\\/upravitrenutak.com\\\/wp-content\\\/uploads\\\/2020\\\/07\\\/Devetnica-u-\u010dast-Gospe-Lurdske.png\",\"datePublished\":\"2020-07-24T08:31:36+00:00\",\"dateModified\":\"2024-05-22T12:34:38+00:00\",\"breadcrumb\":{\"@id\":\"https:\\\/\\\/upravitrenutak.com\\\/?product=2630#breadcrumb\"},\"inLanguage\":\"hr\",\"potentialAction\":[{\"@type\":\"ReadAction\",\"target\":[\"https:\\\/\\\/upravitrenutak.com\\\/?product=2630\"]}]},{\"@type\":\"ImageObject\",\"inLanguage\":\"hr\",\"@id\":\"https:\\\/\\\/upravitrenutak.com\\\/?product=2630#primaryimage\",\"url\":\"https:\\\/\\\/upravitrenutak.com\\\/wp-content\\\/uploads\\\/2020\\\/07\\\/Devetnica-u-\u010dast-Gospe-Lurdske.png\",\"contentUrl\":\"https:\\\/\\\/upravitrenutak.com\\\/wp-content\\\/uploads\\\/2020\\\/07\\\/Devetnica-u-\u010dast-Gospe-Lurdske.png\",\"width\":600,\"height\":855},{\"@type\":\"BreadcrumbList\",\"@id\":\"https:\\\/\\\/upravitrenutak.com\\\/?product=2630#breadcrumb\",\"itemListElement\":[{\"@type\":\"ListItem\",\"position\":1,\"name\":\"Po\u010detna stranica\",\"item\":\"https:\\\/\\\/upravitrenutak.com\\\/\"},{\"@type\":\"ListItem\",\"position\":2,\"name\":\"Cjelokupna ponuda\",\"item\":\"https:\\\/\\\/upravitrenutak.com\\\/?page_id=2362\"},{\"@type\":\"ListItem\",\"position\":3,\"name\":\"Devetnica Gospi Lurdskoj &#8211; pri. I. Zirdum\"}]},{\"@type\":\"WebSite\",\"@id\":\"https:\\\/\\\/upravitrenutak.com\\\/#website\",\"url\":\"https:\\\/\\\/upravitrenutak.com\\\/\",\"name\":\"U Pravi Trenutak\",\"description\":\"Online Knji\u017eara\",\"potentialAction\":[{\"@type\":\"SearchAction\",\"target\":{\"@type\":\"EntryPoint\",\"urlTemplate\":\"https:\\\/\\\/upravitrenutak.com\\\/?s={search_term_string}\"},\"query-input\":{\"@type\":\"PropertyValueSpecification\",\"valueRequired\":true,\"valueName\":\"search_term_string\"}}],\"inLanguage\":\"hr\"}]}<\/script>\n<!-- \/ Yoast SEO plugin. -->","yoast_head_json":{"title":"Devetnica Gospi Lurdskoj - pri. I. Zirdum - U Pravi Trenutak","robots":{"index":"index","follow":"follow","max-snippet":"max-snippet:-1","max-image-preview":"max-image-preview:large","max-video-preview":"max-video-preview:-1"},"canonical":"https:\/\/upravitrenutak.com\/?product=2630","og_locale":"hr_HR","og_type":"article","og_title":"Devetnica Gospi Lurdskoj - pri. I. Zirdum - U Pravi Trenutak","og_description":"Nepregledno mno\u0161tvo vjernika sa svih strana svijeta hodo\u010dasti u Lurd. U dana\u0161nje vrijeme do\u0111e ih vi\u0161e od milijuna. Tu mnogi \u010dudesno ozdrave, ali najva\u017enije da se jo\u0161 ve\u0107i broj duhovno obnovi. Nadamo se da \u0107e ova knji\u017eica bar malo pripomo\u0107i pojedincima, skupinama i \u017eupnim zajednicama pri obavljanju devetnice u \u010dast Gospe Lurdske.","og_url":"https:\/\/upravitrenutak.com\/?product=2630","og_site_name":"U Pravi Trenutak","article_publisher":"https:\/\/www.facebook.com\/Knji%c5%benica-U-Pravi-Trenutak-378755409393101","article_modified_time":"2024-05-22T12:34:38+00:00","og_image":[{"width":600,"height":855,"url":"https:\/\/upravitrenutak.com\/wp-content\/uploads\/2020\/07\/Devetnica-u-\u010dast-Gospe-Lurdske.png","type":"image\/png"}],"twitter_card":"summary_large_image","schema":{"@context":"https:\/\/schema.org","@graph":[{"@type":"WebPage","@id":"https:\/\/upravitrenutak.com\/?product=2630","url":"https:\/\/upravitrenutak.com\/?product=2630","name":"Devetnica Gospi Lurdskoj - pri. I. Zirdum - U Pravi Trenutak","isPartOf":{"@id":"https:\/\/upravitrenutak.com\/#website"},"primaryImageOfPage":{"@id":"https:\/\/upravitrenutak.com\/?product=2630#primaryimage"},"image":{"@id":"https:\/\/upravitrenutak.com\/?product=2630#primaryimage"},"thumbnailUrl":"https:\/\/upravitrenutak.com\/wp-content\/uploads\/2020\/07\/Devetnica-u-\u010dast-Gospe-Lurdske.png","datePublished":"2020-07-24T08:31:36+00:00","dateModified":"2024-05-22T12:34:38+00:00","breadcrumb":{"@id":"https:\/\/upravitrenutak.com\/?product=2630#breadcrumb"},"inLanguage":"hr","potentialAction":[{"@type":"ReadAction","target":["https:\/\/upravitrenutak.com\/?product=2630"]}]},{"@type":"ImageObject","inLanguage":"hr","@id":"https:\/\/upravitrenutak.com\/?product=2630#primaryimage","url":"https:\/\/upravitrenutak.com\/wp-content\/uploads\/2020\/07\/Devetnica-u-\u010dast-Gospe-Lurdske.png","contentUrl":"https:\/\/upravitrenutak.com\/wp-content\/uploads\/2020\/07\/Devetnica-u-\u010dast-Gospe-Lurdske.png","width":600,"height":855},{"@type":"BreadcrumbList","@id":"https:\/\/upravitrenutak.com\/?product=2630#breadcrumb","itemListElement":[{"@type":"ListItem","position":1,"name":"Po\u010detna stranica","item":"https:\/\/upravitrenutak.com\/"},{"@type":"ListItem","position":2,"name":"Cjelokupna ponuda","item":"https:\/\/upravitrenutak.com\/?page_id=2362"},{"@type":"ListItem","position":3,"name":"Devetnica Gospi Lurdskoj &#8211; pri. I. Zirdum"}]},{"@type":"WebSite","@id":"https:\/\/upravitrenutak.com\/#website","url":"https:\/\/upravitrenutak.com\/","name":"U Pravi Trenutak","description":"Online Knji\u017eara","potentialAction":[{"@type":"SearchAction","target":{"@type":"EntryPoint","urlTemplate":"https:\/\/upravitrenutak.com\/?s={search_term_string}"},"query-input":{"@type":"PropertyValueSpecification","valueRequired":true,"valueName":"search_term_string"}}],"inLanguage":"hr"}]}},"_links":{"self":[{"href":"https:\/\/upravitrenutak.com\/index.php?rest_route=\/wp\/v2\/product\/2630","targetHints":{"allow":["GET"]}}],"collection":[{"href":"https:\/\/upravitrenutak.com\/index.php?rest_route=\/wp\/v2\/product"}],"about":[{"href":"https:\/\/upravitrenutak.com\/index.php?rest_route=\/wp\/v2\/types\/product"}],"replies":[{"embeddable":true,"href":"https:\/\/upravitrenutak.com\/index.php?rest_route=%2Fwp%2Fv2%2Fcomments&post=2630"}],"wp:featuredmedia":[{"embeddable":true,"href":"https:\/\/upravitrenutak.com\/index.php?rest_route=\/wp\/v2\/media\/2631"}],"wp:attachment":[{"href":"https:\/\/upravitrenutak.com\/index.php?rest_route=%2Fwp%2Fv2%2Fmedia&parent=2630"}],"wp:term":[{"taxonomy":"product_brand","embeddable":true,"href":"https:\/\/upravitrenutak.com\/index.php?rest_route=%2Fwp%2Fv2%2Fproduct_brand&post=2630"},{"taxonomy":"product_cat","embeddable":true,"href":"https:\/\/upravitrenutak.com\/index.php?rest_route=%2Fwp%2Fv2%2Fproduct_cat&post=2630"},{"taxonomy":"product_tag","embeddable":true,"href":"https:\/\/upravitrenutak.com\/index.php?rest_route=%2Fwp%2Fv2%2Fproduct_tag&post=2630"}],"curies":[{"name":"wp","href":"https:\/\/api.w.org\/{rel}","templated":true}]}}