{"id":2742,"date":"2020-07-27T06:38:22","date_gmt":"2020-07-27T06:38:22","guid":{"rendered":"https:\/\/upravitrenutak.com\/?post_type=product&#038;p=2742"},"modified":"2024-08-15T10:59:20","modified_gmt":"2024-08-15T10:59:20","slug":"nedjeljne-i-blagdanske-propovijedi-c-dr-ante-kusic","status":"publish","type":"product","link":"https:\/\/upravitrenutak.com\/?product=nedjeljne-i-blagdanske-propovijedi-c-dr-ante-kusic","title":{"rendered":"Nedjeljne i blagdanske propovijedi C &#8211; Dr. Ante Kusi\u0107"},"content":{"rendered":"<p>Meki uvez.<\/p>\n<p>Dimenzije: 200 x 140.<\/p>\n<p>307 stranica.<\/p>\n","protected":false},"excerpt":{"rendered":"<p>Ova knjiga pripada u planiranu trilogiju katoli\u010dkog pogleda na \u010dovjeka i \u017eivot.<\/p>\n","protected":false},"featured_media":2740,"comment_status":"open","ping_status":"closed","template":"","meta":[],"product_brand":[],"product_cat":[15,86],"product_tag":[110],"class_list":{"0":"post-2742","1":"product","2":"type-product","3":"status-publish","4":"has-post-thumbnail","6":"product_cat-ostalo","7":"product_cat-upt","8":"product_tag-propovijedi","10":"first","11":"outofstock","12":"shipping-taxable","13":"purchasable","14":"product-type-simple"},"yoast_head":"<!-- This site is optimized with the Yoast SEO plugin v27.4 - https:\/\/yoast.com\/product\/yoast-seo-wordpress\/ -->\n<title>Nedjeljne i blagdanske propovijedi C - Dr. Ante Kusi\u0107 - U Pravi Trenutak<\/title>\n<meta name=\"robots\" content=\"index, follow, max-snippet:-1, max-image-preview:large, max-video-preview:-1\" \/>\n<link rel=\"canonical\" href=\"https:\/\/upravitrenutak.com\/?product=nedjeljne-i-blagdanske-propovijedi-c-dr-ante-kusic\" \/>\n<meta property=\"og:locale\" content=\"hr_HR\" \/>\n<meta property=\"og:type\" content=\"article\" \/>\n<meta property=\"og:title\" content=\"Nedjeljne i blagdanske propovijedi C - Dr. Ante Kusi\u0107 - U Pravi Trenutak\" \/>\n<meta property=\"og:description\" content=\"Ova knjiga pripada u planiranu trilogiju katoli\u010dkog pogleda na \u010dovjeka i \u017eivot.\" \/>\n<meta property=\"og:url\" content=\"https:\/\/upravitrenutak.com\/?product=nedjeljne-i-blagdanske-propovijedi-c-dr-ante-kusic\" \/>\n<meta property=\"og:site_name\" content=\"U Pravi Trenutak\" \/>\n<meta property=\"article:publisher\" content=\"https:\/\/www.facebook.com\/Knji%c5%benica-U-Pravi-Trenutak-378755409393101\" \/>\n<meta property=\"article:modified_time\" content=\"2024-08-15T10:59:20+00:00\" \/>\n<meta property=\"og:image\" content=\"https:\/\/upravitrenutak.com\/wp-content\/uploads\/2020\/07\/Nedjeljnje-i-blagdanske-propovijedi_odgoj-za-vje\u010dnost-u-spektru-liturgijskog-obreda_Dr.-ANTE-Kusi\u0107.png\" \/>\n\t<meta property=\"og:image:width\" content=\"600\" \/>\n\t<meta property=\"og:image:height\" content=\"827\" \/>\n\t<meta property=\"og:image:type\" content=\"image\/png\" \/>\n<meta name=\"twitter:card\" content=\"summary_large_image\" \/>\n<script type=\"application\/ld+json\" class=\"yoast-schema-graph\">{\"@context\":\"https:\\\/\\\/schema.org\",\"@graph\":[{\"@type\":\"WebPage\",\"@id\":\"https:\\\/\\\/upravitrenutak.com\\\/?product=nedjeljne-i-blagdanske-propovijedi-c-dr-ante-kusic\",\"url\":\"https:\\\/\\\/upravitrenutak.com\\\/?product=nedjeljne-i-blagdanske-propovijedi-c-dr-ante-kusic\",\"name\":\"Nedjeljne i blagdanske propovijedi C - Dr. Ante Kusi\u0107 - U Pravi Trenutak\",\"isPartOf\":{\"@id\":\"https:\\\/\\\/upravitrenutak.com\\\/#website\"},\"primaryImageOfPage\":{\"@id\":\"https:\\\/\\\/upravitrenutak.com\\\/?product=nedjeljne-i-blagdanske-propovijedi-c-dr-ante-kusic#primaryimage\"},\"image\":{\"@id\":\"https:\\\/\\\/upravitrenutak.com\\\/?product=nedjeljne-i-blagdanske-propovijedi-c-dr-ante-kusic#primaryimage\"},\"thumbnailUrl\":\"https:\\\/\\\/upravitrenutak.com\\\/wp-content\\\/uploads\\\/2020\\\/07\\\/Nedjeljnje-i-blagdanske-propovijedi_odgoj-za-vje\u010dnost-u-spektru-liturgijskog-obreda_Dr.-ANTE-Kusi\u0107.png\",\"datePublished\":\"2020-07-27T06:38:22+00:00\",\"dateModified\":\"2024-08-15T10:59:20+00:00\",\"breadcrumb\":{\"@id\":\"https:\\\/\\\/upravitrenutak.com\\\/?product=nedjeljne-i-blagdanske-propovijedi-c-dr-ante-kusic#breadcrumb\"},\"inLanguage\":\"hr\",\"potentialAction\":[{\"@type\":\"ReadAction\",\"target\":[\"https:\\\/\\\/upravitrenutak.com\\\/?product=nedjeljne-i-blagdanske-propovijedi-c-dr-ante-kusic\"]}]},{\"@type\":\"ImageObject\",\"inLanguage\":\"hr\",\"@id\":\"https:\\\/\\\/upravitrenutak.com\\\/?product=nedjeljne-i-blagdanske-propovijedi-c-dr-ante-kusic#primaryimage\",\"url\":\"https:\\\/\\\/upravitrenutak.com\\\/wp-content\\\/uploads\\\/2020\\\/07\\\/Nedjeljnje-i-blagdanske-propovijedi_odgoj-za-vje\u010dnost-u-spektru-liturgijskog-obreda_Dr.-ANTE-Kusi\u0107.png\",\"contentUrl\":\"https:\\\/\\\/upravitrenutak.com\\\/wp-content\\\/uploads\\\/2020\\\/07\\\/Nedjeljnje-i-blagdanske-propovijedi_odgoj-za-vje\u010dnost-u-spektru-liturgijskog-obreda_Dr.-ANTE-Kusi\u0107.png\",\"width\":600,\"height\":827},{\"@type\":\"BreadcrumbList\",\"@id\":\"https:\\\/\\\/upravitrenutak.com\\\/?product=nedjeljne-i-blagdanske-propovijedi-c-dr-ante-kusic#breadcrumb\",\"itemListElement\":[{\"@type\":\"ListItem\",\"position\":1,\"name\":\"Po\u010detna stranica\",\"item\":\"https:\\\/\\\/upravitrenutak.com\\\/\"},{\"@type\":\"ListItem\",\"position\":2,\"name\":\"Cjelokupna ponuda\",\"item\":\"https:\\\/\\\/upravitrenutak.com\\\/?page_id=2362\"},{\"@type\":\"ListItem\",\"position\":3,\"name\":\"Nedjeljne i blagdanske propovijedi C &#8211; Dr. Ante Kusi\u0107\"}]},{\"@type\":\"WebSite\",\"@id\":\"https:\\\/\\\/upravitrenutak.com\\\/#website\",\"url\":\"https:\\\/\\\/upravitrenutak.com\\\/\",\"name\":\"U Pravi Trenutak\",\"description\":\"Online Knji\u017eara\",\"potentialAction\":[{\"@type\":\"SearchAction\",\"target\":{\"@type\":\"EntryPoint\",\"urlTemplate\":\"https:\\\/\\\/upravitrenutak.com\\\/?s={search_term_string}\"},\"query-input\":{\"@type\":\"PropertyValueSpecification\",\"valueRequired\":true,\"valueName\":\"search_term_string\"}}],\"inLanguage\":\"hr\"}]}<\/script>\n<!-- \/ Yoast SEO plugin. -->","yoast_head_json":{"title":"Nedjeljne i blagdanske propovijedi C - Dr. Ante Kusi\u0107 - U Pravi Trenutak","robots":{"index":"index","follow":"follow","max-snippet":"max-snippet:-1","max-image-preview":"max-image-preview:large","max-video-preview":"max-video-preview:-1"},"canonical":"https:\/\/upravitrenutak.com\/?product=nedjeljne-i-blagdanske-propovijedi-c-dr-ante-kusic","og_locale":"hr_HR","og_type":"article","og_title":"Nedjeljne i blagdanske propovijedi C - Dr. Ante Kusi\u0107 - U Pravi Trenutak","og_description":"Ova knjiga pripada u planiranu trilogiju katoli\u010dkog pogleda na \u010dovjeka i \u017eivot.","og_url":"https:\/\/upravitrenutak.com\/?product=nedjeljne-i-blagdanske-propovijedi-c-dr-ante-kusic","og_site_name":"U Pravi Trenutak","article_publisher":"https:\/\/www.facebook.com\/Knji%c5%benica-U-Pravi-Trenutak-378755409393101","article_modified_time":"2024-08-15T10:59:20+00:00","og_image":[{"width":600,"height":827,"url":"https:\/\/upravitrenutak.com\/wp-content\/uploads\/2020\/07\/Nedjeljnje-i-blagdanske-propovijedi_odgoj-za-vje\u010dnost-u-spektru-liturgijskog-obreda_Dr.-ANTE-Kusi\u0107.png","type":"image\/png"}],"twitter_card":"summary_large_image","schema":{"@context":"https:\/\/schema.org","@graph":[{"@type":"WebPage","@id":"https:\/\/upravitrenutak.com\/?product=nedjeljne-i-blagdanske-propovijedi-c-dr-ante-kusic","url":"https:\/\/upravitrenutak.com\/?product=nedjeljne-i-blagdanske-propovijedi-c-dr-ante-kusic","name":"Nedjeljne i blagdanske propovijedi C - Dr. Ante Kusi\u0107 - U Pravi Trenutak","isPartOf":{"@id":"https:\/\/upravitrenutak.com\/#website"},"primaryImageOfPage":{"@id":"https:\/\/upravitrenutak.com\/?product=nedjeljne-i-blagdanske-propovijedi-c-dr-ante-kusic#primaryimage"},"image":{"@id":"https:\/\/upravitrenutak.com\/?product=nedjeljne-i-blagdanske-propovijedi-c-dr-ante-kusic#primaryimage"},"thumbnailUrl":"https:\/\/upravitrenutak.com\/wp-content\/uploads\/2020\/07\/Nedjeljnje-i-blagdanske-propovijedi_odgoj-za-vje\u010dnost-u-spektru-liturgijskog-obreda_Dr.-ANTE-Kusi\u0107.png","datePublished":"2020-07-27T06:38:22+00:00","dateModified":"2024-08-15T10:59:20+00:00","breadcrumb":{"@id":"https:\/\/upravitrenutak.com\/?product=nedjeljne-i-blagdanske-propovijedi-c-dr-ante-kusic#breadcrumb"},"inLanguage":"hr","potentialAction":[{"@type":"ReadAction","target":["https:\/\/upravitrenutak.com\/?product=nedjeljne-i-blagdanske-propovijedi-c-dr-ante-kusic"]}]},{"@type":"ImageObject","inLanguage":"hr","@id":"https:\/\/upravitrenutak.com\/?product=nedjeljne-i-blagdanske-propovijedi-c-dr-ante-kusic#primaryimage","url":"https:\/\/upravitrenutak.com\/wp-content\/uploads\/2020\/07\/Nedjeljnje-i-blagdanske-propovijedi_odgoj-za-vje\u010dnost-u-spektru-liturgijskog-obreda_Dr.-ANTE-Kusi\u0107.png","contentUrl":"https:\/\/upravitrenutak.com\/wp-content\/uploads\/2020\/07\/Nedjeljnje-i-blagdanske-propovijedi_odgoj-za-vje\u010dnost-u-spektru-liturgijskog-obreda_Dr.-ANTE-Kusi\u0107.png","width":600,"height":827},{"@type":"BreadcrumbList","@id":"https:\/\/upravitrenutak.com\/?product=nedjeljne-i-blagdanske-propovijedi-c-dr-ante-kusic#breadcrumb","itemListElement":[{"@type":"ListItem","position":1,"name":"Po\u010detna stranica","item":"https:\/\/upravitrenutak.com\/"},{"@type":"ListItem","position":2,"name":"Cjelokupna ponuda","item":"https:\/\/upravitrenutak.com\/?page_id=2362"},{"@type":"ListItem","position":3,"name":"Nedjeljne i blagdanske propovijedi C &#8211; Dr. Ante Kusi\u0107"}]},{"@type":"WebSite","@id":"https:\/\/upravitrenutak.com\/#website","url":"https:\/\/upravitrenutak.com\/","name":"U Pravi Trenutak","description":"Online Knji\u017eara","potentialAction":[{"@type":"SearchAction","target":{"@type":"EntryPoint","urlTemplate":"https:\/\/upravitrenutak.com\/?s={search_term_string}"},"query-input":{"@type":"PropertyValueSpecification","valueRequired":true,"valueName":"search_term_string"}}],"inLanguage":"hr"}]}},"_links":{"self":[{"href":"https:\/\/upravitrenutak.com\/index.php?rest_route=\/wp\/v2\/product\/2742","targetHints":{"allow":["GET"]}}],"collection":[{"href":"https:\/\/upravitrenutak.com\/index.php?rest_route=\/wp\/v2\/product"}],"about":[{"href":"https:\/\/upravitrenutak.com\/index.php?rest_route=\/wp\/v2\/types\/product"}],"replies":[{"embeddable":true,"href":"https:\/\/upravitrenutak.com\/index.php?rest_route=%2Fwp%2Fv2%2Fcomments&post=2742"}],"wp:featuredmedia":[{"embeddable":true,"href":"https:\/\/upravitrenutak.com\/index.php?rest_route=\/wp\/v2\/media\/2740"}],"wp:attachment":[{"href":"https:\/\/upravitrenutak.com\/index.php?rest_route=%2Fwp%2Fv2%2Fmedia&parent=2742"}],"wp:term":[{"taxonomy":"product_brand","embeddable":true,"href":"https:\/\/upravitrenutak.com\/index.php?rest_route=%2Fwp%2Fv2%2Fproduct_brand&post=2742"},{"taxonomy":"product_cat","embeddable":true,"href":"https:\/\/upravitrenutak.com\/index.php?rest_route=%2Fwp%2Fv2%2Fproduct_cat&post=2742"},{"taxonomy":"product_tag","embeddable":true,"href":"https:\/\/upravitrenutak.com\/index.php?rest_route=%2Fwp%2Fv2%2Fproduct_tag&post=2742"}],"curies":[{"name":"wp","href":"https:\/\/api.w.org\/{rel}","templated":true}]}}