{"id":2784,"date":"2020-07-27T10:38:51","date_gmt":"2020-07-27T10:38:51","guid":{"rendered":"https:\/\/upravitrenutak.com\/?post_type=product&#038;p=2784"},"modified":"2026-04-20T07:32:11","modified_gmt":"2026-04-20T07:32:11","slug":"etika-i-zivot-dr-zivan-bezic","status":"publish","type":"product","link":"https:\/\/upravitrenutak.com\/?product=etika-i-zivot-dr-zivan-bezic","title":{"rendered":"Etika i \u017eivot &#8211; Dr. \u017divan Bezi\u0107"},"content":{"rendered":"<p>Meki uvez.<\/p>\n<p>Dimenzije: 200 x 140 .<\/p>\n<p>320 stranica.<\/p>\n","protected":false},"excerpt":{"rendered":"<p>Knjiga je namjenjena u prvom redu studentima medicine, ali i svim lje\u010dnicima te medicinskom osoblju op\u0107enito. No kako je ona samo op\u0107i uvod u etiku, vrlo dobro \u0107e do\u0107i i studentima svih ostalih fakulteta.<\/p>\n","protected":false},"featured_media":2785,"comment_status":"open","ping_status":"closed","template":"","meta":[],"product_brand":[],"product_cat":[86],"product_tag":[93],"class_list":{"0":"post-2784","1":"product","2":"type-product","3":"status-publish","4":"has-post-thumbnail","6":"product_cat-upt","7":"product_tag-psihologija","9":"first","10":"outofstock","11":"shipping-taxable","12":"purchasable","13":"product-type-simple"},"yoast_head":"<!-- This site is optimized with the Yoast SEO plugin v27.4 - https:\/\/yoast.com\/product\/yoast-seo-wordpress\/ -->\n<title>Etika i \u017eivot - Dr. \u017divan Bezi\u0107 - U Pravi Trenutak<\/title>\n<meta name=\"robots\" content=\"index, follow, max-snippet:-1, max-image-preview:large, max-video-preview:-1\" \/>\n<link rel=\"canonical\" href=\"https:\/\/upravitrenutak.com\/?product=etika-i-zivot-dr-zivan-bezic\" \/>\n<meta property=\"og:locale\" content=\"hr_HR\" \/>\n<meta property=\"og:type\" content=\"article\" \/>\n<meta property=\"og:title\" content=\"Etika i \u017eivot - Dr. \u017divan Bezi\u0107 - U Pravi Trenutak\" \/>\n<meta property=\"og:description\" content=\"Knjiga je namjenjena u prvom redu studentima medicine, ali i svim lje\u010dnicima te medicinskom osoblju op\u0107enito. No kako je ona samo op\u0107i uvod u etiku, vrlo dobro \u0107e do\u0107i i studentima svih ostalih fakulteta.\" \/>\n<meta property=\"og:url\" content=\"https:\/\/upravitrenutak.com\/?product=etika-i-zivot-dr-zivan-bezic\" \/>\n<meta property=\"og:site_name\" content=\"U Pravi Trenutak\" \/>\n<meta property=\"article:publisher\" content=\"https:\/\/www.facebook.com\/Knji%c5%benica-U-Pravi-Trenutak-378755409393101\" \/>\n<meta property=\"article:modified_time\" content=\"2026-04-20T07:32:11+00:00\" \/>\n<meta property=\"og:image\" content=\"https:\/\/upravitrenutak.com\/wp-content\/uploads\/2020\/07\/Etika-i-\u017eivot_Dr.-\u017divan-Bezi\u0107.png\" \/>\n\t<meta property=\"og:image:width\" content=\"600\" \/>\n\t<meta property=\"og:image:height\" content=\"825\" \/>\n\t<meta property=\"og:image:type\" content=\"image\/png\" \/>\n<meta name=\"twitter:card\" content=\"summary_large_image\" \/>\n<script type=\"application\/ld+json\" class=\"yoast-schema-graph\">{\"@context\":\"https:\\\/\\\/schema.org\",\"@graph\":[{\"@type\":\"WebPage\",\"@id\":\"https:\\\/\\\/upravitrenutak.com\\\/?product=etika-i-zivot-dr-zivan-bezic\",\"url\":\"https:\\\/\\\/upravitrenutak.com\\\/?product=etika-i-zivot-dr-zivan-bezic\",\"name\":\"Etika i \u017eivot - Dr. \u017divan Bezi\u0107 - U Pravi Trenutak\",\"isPartOf\":{\"@id\":\"https:\\\/\\\/upravitrenutak.com\\\/#website\"},\"primaryImageOfPage\":{\"@id\":\"https:\\\/\\\/upravitrenutak.com\\\/?product=etika-i-zivot-dr-zivan-bezic#primaryimage\"},\"image\":{\"@id\":\"https:\\\/\\\/upravitrenutak.com\\\/?product=etika-i-zivot-dr-zivan-bezic#primaryimage\"},\"thumbnailUrl\":\"https:\\\/\\\/upravitrenutak.com\\\/wp-content\\\/uploads\\\/2020\\\/07\\\/Etika-i-\u017eivot_Dr.-\u017divan-Bezi\u0107.png\",\"datePublished\":\"2020-07-27T10:38:51+00:00\",\"dateModified\":\"2026-04-20T07:32:11+00:00\",\"breadcrumb\":{\"@id\":\"https:\\\/\\\/upravitrenutak.com\\\/?product=etika-i-zivot-dr-zivan-bezic#breadcrumb\"},\"inLanguage\":\"hr\",\"potentialAction\":[{\"@type\":\"ReadAction\",\"target\":[\"https:\\\/\\\/upravitrenutak.com\\\/?product=etika-i-zivot-dr-zivan-bezic\"]}]},{\"@type\":\"ImageObject\",\"inLanguage\":\"hr\",\"@id\":\"https:\\\/\\\/upravitrenutak.com\\\/?product=etika-i-zivot-dr-zivan-bezic#primaryimage\",\"url\":\"https:\\\/\\\/upravitrenutak.com\\\/wp-content\\\/uploads\\\/2020\\\/07\\\/Etika-i-\u017eivot_Dr.-\u017divan-Bezi\u0107.png\",\"contentUrl\":\"https:\\\/\\\/upravitrenutak.com\\\/wp-content\\\/uploads\\\/2020\\\/07\\\/Etika-i-\u017eivot_Dr.-\u017divan-Bezi\u0107.png\",\"width\":600,\"height\":825},{\"@type\":\"BreadcrumbList\",\"@id\":\"https:\\\/\\\/upravitrenutak.com\\\/?product=etika-i-zivot-dr-zivan-bezic#breadcrumb\",\"itemListElement\":[{\"@type\":\"ListItem\",\"position\":1,\"name\":\"Po\u010detna stranica\",\"item\":\"https:\\\/\\\/upravitrenutak.com\\\/\"},{\"@type\":\"ListItem\",\"position\":2,\"name\":\"Cjelokupna ponuda\",\"item\":\"https:\\\/\\\/upravitrenutak.com\\\/?page_id=2362\"},{\"@type\":\"ListItem\",\"position\":3,\"name\":\"Etika i \u017eivot &#8211; Dr. \u017divan Bezi\u0107\"}]},{\"@type\":\"WebSite\",\"@id\":\"https:\\\/\\\/upravitrenutak.com\\\/#website\",\"url\":\"https:\\\/\\\/upravitrenutak.com\\\/\",\"name\":\"U Pravi Trenutak\",\"description\":\"Online Knji\u017eara\",\"potentialAction\":[{\"@type\":\"SearchAction\",\"target\":{\"@type\":\"EntryPoint\",\"urlTemplate\":\"https:\\\/\\\/upravitrenutak.com\\\/?s={search_term_string}\"},\"query-input\":{\"@type\":\"PropertyValueSpecification\",\"valueRequired\":true,\"valueName\":\"search_term_string\"}}],\"inLanguage\":\"hr\"}]}<\/script>\n<!-- \/ Yoast SEO plugin. -->","yoast_head_json":{"title":"Etika i \u017eivot - Dr. \u017divan Bezi\u0107 - U Pravi Trenutak","robots":{"index":"index","follow":"follow","max-snippet":"max-snippet:-1","max-image-preview":"max-image-preview:large","max-video-preview":"max-video-preview:-1"},"canonical":"https:\/\/upravitrenutak.com\/?product=etika-i-zivot-dr-zivan-bezic","og_locale":"hr_HR","og_type":"article","og_title":"Etika i \u017eivot - Dr. \u017divan Bezi\u0107 - U Pravi Trenutak","og_description":"Knjiga je namjenjena u prvom redu studentima medicine, ali i svim lje\u010dnicima te medicinskom osoblju op\u0107enito. No kako je ona samo op\u0107i uvod u etiku, vrlo dobro \u0107e do\u0107i i studentima svih ostalih fakulteta.","og_url":"https:\/\/upravitrenutak.com\/?product=etika-i-zivot-dr-zivan-bezic","og_site_name":"U Pravi Trenutak","article_publisher":"https:\/\/www.facebook.com\/Knji%c5%benica-U-Pravi-Trenutak-378755409393101","article_modified_time":"2026-04-20T07:32:11+00:00","og_image":[{"width":600,"height":825,"url":"https:\/\/upravitrenutak.com\/wp-content\/uploads\/2020\/07\/Etika-i-\u017eivot_Dr.-\u017divan-Bezi\u0107.png","type":"image\/png"}],"twitter_card":"summary_large_image","schema":{"@context":"https:\/\/schema.org","@graph":[{"@type":"WebPage","@id":"https:\/\/upravitrenutak.com\/?product=etika-i-zivot-dr-zivan-bezic","url":"https:\/\/upravitrenutak.com\/?product=etika-i-zivot-dr-zivan-bezic","name":"Etika i \u017eivot - Dr. \u017divan Bezi\u0107 - U Pravi Trenutak","isPartOf":{"@id":"https:\/\/upravitrenutak.com\/#website"},"primaryImageOfPage":{"@id":"https:\/\/upravitrenutak.com\/?product=etika-i-zivot-dr-zivan-bezic#primaryimage"},"image":{"@id":"https:\/\/upravitrenutak.com\/?product=etika-i-zivot-dr-zivan-bezic#primaryimage"},"thumbnailUrl":"https:\/\/upravitrenutak.com\/wp-content\/uploads\/2020\/07\/Etika-i-\u017eivot_Dr.-\u017divan-Bezi\u0107.png","datePublished":"2020-07-27T10:38:51+00:00","dateModified":"2026-04-20T07:32:11+00:00","breadcrumb":{"@id":"https:\/\/upravitrenutak.com\/?product=etika-i-zivot-dr-zivan-bezic#breadcrumb"},"inLanguage":"hr","potentialAction":[{"@type":"ReadAction","target":["https:\/\/upravitrenutak.com\/?product=etika-i-zivot-dr-zivan-bezic"]}]},{"@type":"ImageObject","inLanguage":"hr","@id":"https:\/\/upravitrenutak.com\/?product=etika-i-zivot-dr-zivan-bezic#primaryimage","url":"https:\/\/upravitrenutak.com\/wp-content\/uploads\/2020\/07\/Etika-i-\u017eivot_Dr.-\u017divan-Bezi\u0107.png","contentUrl":"https:\/\/upravitrenutak.com\/wp-content\/uploads\/2020\/07\/Etika-i-\u017eivot_Dr.-\u017divan-Bezi\u0107.png","width":600,"height":825},{"@type":"BreadcrumbList","@id":"https:\/\/upravitrenutak.com\/?product=etika-i-zivot-dr-zivan-bezic#breadcrumb","itemListElement":[{"@type":"ListItem","position":1,"name":"Po\u010detna stranica","item":"https:\/\/upravitrenutak.com\/"},{"@type":"ListItem","position":2,"name":"Cjelokupna ponuda","item":"https:\/\/upravitrenutak.com\/?page_id=2362"},{"@type":"ListItem","position":3,"name":"Etika i \u017eivot &#8211; Dr. \u017divan Bezi\u0107"}]},{"@type":"WebSite","@id":"https:\/\/upravitrenutak.com\/#website","url":"https:\/\/upravitrenutak.com\/","name":"U Pravi Trenutak","description":"Online Knji\u017eara","potentialAction":[{"@type":"SearchAction","target":{"@type":"EntryPoint","urlTemplate":"https:\/\/upravitrenutak.com\/?s={search_term_string}"},"query-input":{"@type":"PropertyValueSpecification","valueRequired":true,"valueName":"search_term_string"}}],"inLanguage":"hr"}]}},"_links":{"self":[{"href":"https:\/\/upravitrenutak.com\/index.php?rest_route=\/wp\/v2\/product\/2784","targetHints":{"allow":["GET"]}}],"collection":[{"href":"https:\/\/upravitrenutak.com\/index.php?rest_route=\/wp\/v2\/product"}],"about":[{"href":"https:\/\/upravitrenutak.com\/index.php?rest_route=\/wp\/v2\/types\/product"}],"replies":[{"embeddable":true,"href":"https:\/\/upravitrenutak.com\/index.php?rest_route=%2Fwp%2Fv2%2Fcomments&post=2784"}],"wp:featuredmedia":[{"embeddable":true,"href":"https:\/\/upravitrenutak.com\/index.php?rest_route=\/wp\/v2\/media\/2785"}],"wp:attachment":[{"href":"https:\/\/upravitrenutak.com\/index.php?rest_route=%2Fwp%2Fv2%2Fmedia&parent=2784"}],"wp:term":[{"taxonomy":"product_brand","embeddable":true,"href":"https:\/\/upravitrenutak.com\/index.php?rest_route=%2Fwp%2Fv2%2Fproduct_brand&post=2784"},{"taxonomy":"product_cat","embeddable":true,"href":"https:\/\/upravitrenutak.com\/index.php?rest_route=%2Fwp%2Fv2%2Fproduct_cat&post=2784"},{"taxonomy":"product_tag","embeddable":true,"href":"https:\/\/upravitrenutak.com\/index.php?rest_route=%2Fwp%2Fv2%2Fproduct_tag&post=2784"}],"curies":[{"name":"wp","href":"https:\/\/api.w.org\/{rel}","templated":true}]}}