{"id":2808,"date":"2020-07-29T07:23:38","date_gmt":"2020-07-29T07:23:38","guid":{"rendered":"https:\/\/upravitrenutak.com\/?post_type=product&#038;p=2808"},"modified":"2021-03-15T21:47:53","modified_gmt":"2021-03-15T21:47:53","slug":"imam-problem-christa-meves","status":"publish","type":"product","link":"https:\/\/upravitrenutak.com\/?product=imam-problem-christa-meves","title":{"rendered":"Imam problem &#8211; Christa Meves"},"content":{"rendered":"<p>Meki uvez.<\/p>\n<p>Dimenzije: 190 x 120.<\/p>\n<p>99 stranica.<\/p>\n","protected":false},"excerpt":{"rendered":"<p>Ova knjiga poku\u0161ava pru\u017eiti pomo\u0107 u \u017eivotnim pitanjima, znanje o osnovnim stanjima i mogu\u0107nosti \u010dovjeka u kontaktu s bli\u017enjim, tako da mu to mo\u017ee olak\u0161ati sadr\u017eajno oblikovanje vlastita \u017eivota.<\/p>\n","protected":false},"featured_media":2809,"comment_status":"open","ping_status":"closed","template":"","meta":[],"product_brand":[],"product_cat":[15,86],"product_tag":[113],"class_list":{"0":"post-2808","1":"product","2":"type-product","3":"status-publish","4":"has-post-thumbnail","6":"product_cat-ostalo","7":"product_cat-upt","8":"product_tag-psihoterapija","10":"first","11":"outofstock","12":"shipping-taxable","13":"purchasable","14":"product-type-simple"},"yoast_head":"<!-- This site is optimized with the Yoast SEO plugin v27.4 - https:\/\/yoast.com\/product\/yoast-seo-wordpress\/ -->\n<title>Imam problem - Christa Meves - U Pravi Trenutak<\/title>\n<meta name=\"robots\" content=\"index, follow, max-snippet:-1, max-image-preview:large, max-video-preview:-1\" \/>\n<link rel=\"canonical\" href=\"https:\/\/upravitrenutak.com\/?product=imam-problem-christa-meves\" \/>\n<meta property=\"og:locale\" content=\"hr_HR\" \/>\n<meta property=\"og:type\" content=\"article\" \/>\n<meta property=\"og:title\" content=\"Imam problem - Christa Meves - U Pravi Trenutak\" \/>\n<meta property=\"og:description\" content=\"Ova knjiga poku\u0161ava pru\u017eiti pomo\u0107 u \u017eivotnim pitanjima, znanje o osnovnim stanjima i mogu\u0107nosti \u010dovjeka u kontaktu s bli\u017enjim, tako da mu to mo\u017ee olak\u0161ati sadr\u017eajno oblikovanje vlastita \u017eivota.\" \/>\n<meta property=\"og:url\" content=\"https:\/\/upravitrenutak.com\/?product=imam-problem-christa-meves\" \/>\n<meta property=\"og:site_name\" content=\"U Pravi Trenutak\" \/>\n<meta property=\"article:publisher\" content=\"https:\/\/www.facebook.com\/Knji%c5%benica-U-Pravi-Trenutak-378755409393101\" \/>\n<meta property=\"article:modified_time\" content=\"2021-03-15T21:47:53+00:00\" \/>\n<meta property=\"og:image\" content=\"https:\/\/upravitrenutak.com\/wp-content\/uploads\/2020\/07\/Imam-problem.jpg\" \/>\n\t<meta property=\"og:image:width\" content=\"1392\" \/>\n\t<meta property=\"og:image:height\" content=\"2205\" \/>\n\t<meta property=\"og:image:type\" content=\"image\/jpeg\" \/>\n<meta name=\"twitter:card\" content=\"summary_large_image\" \/>\n<script type=\"application\/ld+json\" class=\"yoast-schema-graph\">{\"@context\":\"https:\\\/\\\/schema.org\",\"@graph\":[{\"@type\":\"WebPage\",\"@id\":\"https:\\\/\\\/upravitrenutak.com\\\/?product=imam-problem-christa-meves\",\"url\":\"https:\\\/\\\/upravitrenutak.com\\\/?product=imam-problem-christa-meves\",\"name\":\"Imam problem - Christa Meves - U Pravi Trenutak\",\"isPartOf\":{\"@id\":\"https:\\\/\\\/upravitrenutak.com\\\/#website\"},\"primaryImageOfPage\":{\"@id\":\"https:\\\/\\\/upravitrenutak.com\\\/?product=imam-problem-christa-meves#primaryimage\"},\"image\":{\"@id\":\"https:\\\/\\\/upravitrenutak.com\\\/?product=imam-problem-christa-meves#primaryimage\"},\"thumbnailUrl\":\"https:\\\/\\\/upravitrenutak.com\\\/wp-content\\\/uploads\\\/2020\\\/07\\\/Imam-problem.jpg\",\"datePublished\":\"2020-07-29T07:23:38+00:00\",\"dateModified\":\"2021-03-15T21:47:53+00:00\",\"breadcrumb\":{\"@id\":\"https:\\\/\\\/upravitrenutak.com\\\/?product=imam-problem-christa-meves#breadcrumb\"},\"inLanguage\":\"hr\",\"potentialAction\":[{\"@type\":\"ReadAction\",\"target\":[\"https:\\\/\\\/upravitrenutak.com\\\/?product=imam-problem-christa-meves\"]}]},{\"@type\":\"ImageObject\",\"inLanguage\":\"hr\",\"@id\":\"https:\\\/\\\/upravitrenutak.com\\\/?product=imam-problem-christa-meves#primaryimage\",\"url\":\"https:\\\/\\\/upravitrenutak.com\\\/wp-content\\\/uploads\\\/2020\\\/07\\\/Imam-problem.jpg\",\"contentUrl\":\"https:\\\/\\\/upravitrenutak.com\\\/wp-content\\\/uploads\\\/2020\\\/07\\\/Imam-problem.jpg\",\"width\":1392,\"height\":2205},{\"@type\":\"BreadcrumbList\",\"@id\":\"https:\\\/\\\/upravitrenutak.com\\\/?product=imam-problem-christa-meves#breadcrumb\",\"itemListElement\":[{\"@type\":\"ListItem\",\"position\":1,\"name\":\"Po\u010detna stranica\",\"item\":\"https:\\\/\\\/upravitrenutak.com\\\/\"},{\"@type\":\"ListItem\",\"position\":2,\"name\":\"Cjelokupna ponuda\",\"item\":\"https:\\\/\\\/upravitrenutak.com\\\/?page_id=2362\"},{\"@type\":\"ListItem\",\"position\":3,\"name\":\"Imam problem &#8211; Christa Meves\"}]},{\"@type\":\"WebSite\",\"@id\":\"https:\\\/\\\/upravitrenutak.com\\\/#website\",\"url\":\"https:\\\/\\\/upravitrenutak.com\\\/\",\"name\":\"U Pravi Trenutak\",\"description\":\"Online Knji\u017eara\",\"potentialAction\":[{\"@type\":\"SearchAction\",\"target\":{\"@type\":\"EntryPoint\",\"urlTemplate\":\"https:\\\/\\\/upravitrenutak.com\\\/?s={search_term_string}\"},\"query-input\":{\"@type\":\"PropertyValueSpecification\",\"valueRequired\":true,\"valueName\":\"search_term_string\"}}],\"inLanguage\":\"hr\"}]}<\/script>\n<!-- \/ Yoast SEO plugin. -->","yoast_head_json":{"title":"Imam problem - Christa Meves - U Pravi Trenutak","robots":{"index":"index","follow":"follow","max-snippet":"max-snippet:-1","max-image-preview":"max-image-preview:large","max-video-preview":"max-video-preview:-1"},"canonical":"https:\/\/upravitrenutak.com\/?product=imam-problem-christa-meves","og_locale":"hr_HR","og_type":"article","og_title":"Imam problem - Christa Meves - U Pravi Trenutak","og_description":"Ova knjiga poku\u0161ava pru\u017eiti pomo\u0107 u \u017eivotnim pitanjima, znanje o osnovnim stanjima i mogu\u0107nosti \u010dovjeka u kontaktu s bli\u017enjim, tako da mu to mo\u017ee olak\u0161ati sadr\u017eajno oblikovanje vlastita \u017eivota.","og_url":"https:\/\/upravitrenutak.com\/?product=imam-problem-christa-meves","og_site_name":"U Pravi Trenutak","article_publisher":"https:\/\/www.facebook.com\/Knji%c5%benica-U-Pravi-Trenutak-378755409393101","article_modified_time":"2021-03-15T21:47:53+00:00","og_image":[{"width":1392,"height":2205,"url":"https:\/\/upravitrenutak.com\/wp-content\/uploads\/2020\/07\/Imam-problem.jpg","type":"image\/jpeg"}],"twitter_card":"summary_large_image","schema":{"@context":"https:\/\/schema.org","@graph":[{"@type":"WebPage","@id":"https:\/\/upravitrenutak.com\/?product=imam-problem-christa-meves","url":"https:\/\/upravitrenutak.com\/?product=imam-problem-christa-meves","name":"Imam problem - Christa Meves - U Pravi Trenutak","isPartOf":{"@id":"https:\/\/upravitrenutak.com\/#website"},"primaryImageOfPage":{"@id":"https:\/\/upravitrenutak.com\/?product=imam-problem-christa-meves#primaryimage"},"image":{"@id":"https:\/\/upravitrenutak.com\/?product=imam-problem-christa-meves#primaryimage"},"thumbnailUrl":"https:\/\/upravitrenutak.com\/wp-content\/uploads\/2020\/07\/Imam-problem.jpg","datePublished":"2020-07-29T07:23:38+00:00","dateModified":"2021-03-15T21:47:53+00:00","breadcrumb":{"@id":"https:\/\/upravitrenutak.com\/?product=imam-problem-christa-meves#breadcrumb"},"inLanguage":"hr","potentialAction":[{"@type":"ReadAction","target":["https:\/\/upravitrenutak.com\/?product=imam-problem-christa-meves"]}]},{"@type":"ImageObject","inLanguage":"hr","@id":"https:\/\/upravitrenutak.com\/?product=imam-problem-christa-meves#primaryimage","url":"https:\/\/upravitrenutak.com\/wp-content\/uploads\/2020\/07\/Imam-problem.jpg","contentUrl":"https:\/\/upravitrenutak.com\/wp-content\/uploads\/2020\/07\/Imam-problem.jpg","width":1392,"height":2205},{"@type":"BreadcrumbList","@id":"https:\/\/upravitrenutak.com\/?product=imam-problem-christa-meves#breadcrumb","itemListElement":[{"@type":"ListItem","position":1,"name":"Po\u010detna stranica","item":"https:\/\/upravitrenutak.com\/"},{"@type":"ListItem","position":2,"name":"Cjelokupna ponuda","item":"https:\/\/upravitrenutak.com\/?page_id=2362"},{"@type":"ListItem","position":3,"name":"Imam problem &#8211; Christa Meves"}]},{"@type":"WebSite","@id":"https:\/\/upravitrenutak.com\/#website","url":"https:\/\/upravitrenutak.com\/","name":"U Pravi Trenutak","description":"Online Knji\u017eara","potentialAction":[{"@type":"SearchAction","target":{"@type":"EntryPoint","urlTemplate":"https:\/\/upravitrenutak.com\/?s={search_term_string}"},"query-input":{"@type":"PropertyValueSpecification","valueRequired":true,"valueName":"search_term_string"}}],"inLanguage":"hr"}]}},"_links":{"self":[{"href":"https:\/\/upravitrenutak.com\/index.php?rest_route=\/wp\/v2\/product\/2808","targetHints":{"allow":["GET"]}}],"collection":[{"href":"https:\/\/upravitrenutak.com\/index.php?rest_route=\/wp\/v2\/product"}],"about":[{"href":"https:\/\/upravitrenutak.com\/index.php?rest_route=\/wp\/v2\/types\/product"}],"replies":[{"embeddable":true,"href":"https:\/\/upravitrenutak.com\/index.php?rest_route=%2Fwp%2Fv2%2Fcomments&post=2808"}],"wp:featuredmedia":[{"embeddable":true,"href":"https:\/\/upravitrenutak.com\/index.php?rest_route=\/wp\/v2\/media\/2809"}],"wp:attachment":[{"href":"https:\/\/upravitrenutak.com\/index.php?rest_route=%2Fwp%2Fv2%2Fmedia&parent=2808"}],"wp:term":[{"taxonomy":"product_brand","embeddable":true,"href":"https:\/\/upravitrenutak.com\/index.php?rest_route=%2Fwp%2Fv2%2Fproduct_brand&post=2808"},{"taxonomy":"product_cat","embeddable":true,"href":"https:\/\/upravitrenutak.com\/index.php?rest_route=%2Fwp%2Fv2%2Fproduct_cat&post=2808"},{"taxonomy":"product_tag","embeddable":true,"href":"https:\/\/upravitrenutak.com\/index.php?rest_route=%2Fwp%2Fv2%2Fproduct_tag&post=2808"}],"curies":[{"name":"wp","href":"https:\/\/api.w.org\/{rel}","templated":true}]}}