{"id":2834,"date":"2020-07-29T09:47:55","date_gmt":"2020-07-29T09:47:55","guid":{"rendered":"https:\/\/upravitrenutak.com\/?post_type=product&#038;p=2834"},"modified":"2021-10-20T15:21:02","modified_gmt":"2021-10-20T15:21:02","slug":"lice-patnje-paul-tournier","status":"publish","type":"product","link":"https:\/\/upravitrenutak.com\/?product=lice-patnje-paul-tournier","title":{"rendered":"Lice patnje &#8211; Paul Tournier"},"content":{"rendered":"<p>Meki uvez.<\/p>\n<p>Dimenzije: 190 x 120.<\/p>\n<p>160 stranica.<\/p>\n","protected":false},"excerpt":{"rendered":"<p>Patnja i bol dovode nas do istine. Tu nestaju lijepe iluzije, tu gube vrijednost jeftine utjehe koje nam nudi na\u0161e doba. Moramo se licem okrenuti stvarnosti, bez obzira kakva je ona. Neki se pritom mogu slomiti. Me\u0111utim upravo u takvom mra\u010dnom \u010dasu mogu\u0107e je spoznati da smo unato\u010d svemu no\u0161eni Bo\u017ejom milo\u0161\u0107u. Ta spoznaja ne\u0107e dodu\u0161e odagnati bol, ni otrti suze, ali u boli sazrijeva snaga koja \u010desto pobje\u0111uje bolest i krizu.<\/p>\n","protected":false},"featured_media":2835,"comment_status":"open","ping_status":"closed","template":"","meta":[],"product_brand":[],"product_cat":[15,86],"product_tag":[104],"class_list":{"0":"post-2834","1":"product","2":"type-product","3":"status-publish","4":"has-post-thumbnail","6":"product_cat-ostalo","7":"product_cat-upt","8":"product_tag-razmatranja","10":"first","11":"outofstock","12":"shipping-taxable","13":"purchasable","14":"product-type-simple"},"yoast_head":"<!-- This site is optimized with the Yoast SEO plugin v27.4 - https:\/\/yoast.com\/product\/yoast-seo-wordpress\/ -->\n<title>Lice patnje - Paul Tournier - U Pravi Trenutak<\/title>\n<meta name=\"robots\" content=\"index, follow, max-snippet:-1, max-image-preview:large, max-video-preview:-1\" \/>\n<link rel=\"canonical\" href=\"https:\/\/upravitrenutak.com\/?product=lice-patnje-paul-tournier\" \/>\n<meta property=\"og:locale\" content=\"hr_HR\" \/>\n<meta property=\"og:type\" content=\"article\" \/>\n<meta property=\"og:title\" content=\"Lice patnje - Paul Tournier - U Pravi Trenutak\" \/>\n<meta property=\"og:description\" content=\"Patnja i bol dovode nas do istine. Tu nestaju lijepe iluzije, tu gube vrijednost jeftine utjehe koje nam nudi na\u0161e doba. Moramo se licem okrenuti stvarnosti, bez obzira kakva je ona. Neki se pritom mogu slomiti. Me\u0111utim upravo u takvom mra\u010dnom \u010dasu mogu\u0107e je spoznati da smo unato\u010d svemu no\u0161eni Bo\u017ejom milo\u0161\u0107u. Ta spoznaja ne\u0107e dodu\u0161e odagnati bol, ni otrti suze, ali u boli sazrijeva snaga koja \u010desto pobje\u0111uje bolest i krizu.\" \/>\n<meta property=\"og:url\" content=\"https:\/\/upravitrenutak.com\/?product=lice-patnje-paul-tournier\" \/>\n<meta property=\"og:site_name\" content=\"U Pravi Trenutak\" \/>\n<meta property=\"article:publisher\" content=\"https:\/\/www.facebook.com\/Knji%c5%benica-U-Pravi-Trenutak-378755409393101\" \/>\n<meta property=\"article:modified_time\" content=\"2021-10-20T15:21:02+00:00\" \/>\n<meta property=\"og:image\" content=\"https:\/\/upravitrenutak.com\/wp-content\/uploads\/2020\/07\/Lice-patnje.jpg\" \/>\n\t<meta property=\"og:image:width\" content=\"1404\" \/>\n\t<meta property=\"og:image:height\" content=\"2192\" \/>\n\t<meta property=\"og:image:type\" content=\"image\/jpeg\" \/>\n<meta name=\"twitter:card\" content=\"summary_large_image\" \/>\n<script type=\"application\/ld+json\" class=\"yoast-schema-graph\">{\"@context\":\"https:\\\/\\\/schema.org\",\"@graph\":[{\"@type\":\"WebPage\",\"@id\":\"https:\\\/\\\/upravitrenutak.com\\\/?product=lice-patnje-paul-tournier\",\"url\":\"https:\\\/\\\/upravitrenutak.com\\\/?product=lice-patnje-paul-tournier\",\"name\":\"Lice patnje - Paul Tournier - U Pravi Trenutak\",\"isPartOf\":{\"@id\":\"https:\\\/\\\/upravitrenutak.com\\\/#website\"},\"primaryImageOfPage\":{\"@id\":\"https:\\\/\\\/upravitrenutak.com\\\/?product=lice-patnje-paul-tournier#primaryimage\"},\"image\":{\"@id\":\"https:\\\/\\\/upravitrenutak.com\\\/?product=lice-patnje-paul-tournier#primaryimage\"},\"thumbnailUrl\":\"https:\\\/\\\/upravitrenutak.com\\\/wp-content\\\/uploads\\\/2020\\\/07\\\/Lice-patnje.jpg\",\"datePublished\":\"2020-07-29T09:47:55+00:00\",\"dateModified\":\"2021-10-20T15:21:02+00:00\",\"breadcrumb\":{\"@id\":\"https:\\\/\\\/upravitrenutak.com\\\/?product=lice-patnje-paul-tournier#breadcrumb\"},\"inLanguage\":\"hr\",\"potentialAction\":[{\"@type\":\"ReadAction\",\"target\":[\"https:\\\/\\\/upravitrenutak.com\\\/?product=lice-patnje-paul-tournier\"]}]},{\"@type\":\"ImageObject\",\"inLanguage\":\"hr\",\"@id\":\"https:\\\/\\\/upravitrenutak.com\\\/?product=lice-patnje-paul-tournier#primaryimage\",\"url\":\"https:\\\/\\\/upravitrenutak.com\\\/wp-content\\\/uploads\\\/2020\\\/07\\\/Lice-patnje.jpg\",\"contentUrl\":\"https:\\\/\\\/upravitrenutak.com\\\/wp-content\\\/uploads\\\/2020\\\/07\\\/Lice-patnje.jpg\",\"width\":1404,\"height\":2192},{\"@type\":\"BreadcrumbList\",\"@id\":\"https:\\\/\\\/upravitrenutak.com\\\/?product=lice-patnje-paul-tournier#breadcrumb\",\"itemListElement\":[{\"@type\":\"ListItem\",\"position\":1,\"name\":\"Po\u010detna stranica\",\"item\":\"https:\\\/\\\/upravitrenutak.com\\\/\"},{\"@type\":\"ListItem\",\"position\":2,\"name\":\"Cjelokupna ponuda\",\"item\":\"https:\\\/\\\/upravitrenutak.com\\\/?page_id=2362\"},{\"@type\":\"ListItem\",\"position\":3,\"name\":\"Lice patnje &#8211; Paul Tournier\"}]},{\"@type\":\"WebSite\",\"@id\":\"https:\\\/\\\/upravitrenutak.com\\\/#website\",\"url\":\"https:\\\/\\\/upravitrenutak.com\\\/\",\"name\":\"U Pravi Trenutak\",\"description\":\"Online Knji\u017eara\",\"potentialAction\":[{\"@type\":\"SearchAction\",\"target\":{\"@type\":\"EntryPoint\",\"urlTemplate\":\"https:\\\/\\\/upravitrenutak.com\\\/?s={search_term_string}\"},\"query-input\":{\"@type\":\"PropertyValueSpecification\",\"valueRequired\":true,\"valueName\":\"search_term_string\"}}],\"inLanguage\":\"hr\"}]}<\/script>\n<!-- \/ Yoast SEO plugin. -->","yoast_head_json":{"title":"Lice patnje - Paul Tournier - U Pravi Trenutak","robots":{"index":"index","follow":"follow","max-snippet":"max-snippet:-1","max-image-preview":"max-image-preview:large","max-video-preview":"max-video-preview:-1"},"canonical":"https:\/\/upravitrenutak.com\/?product=lice-patnje-paul-tournier","og_locale":"hr_HR","og_type":"article","og_title":"Lice patnje - Paul Tournier - U Pravi Trenutak","og_description":"Patnja i bol dovode nas do istine. Tu nestaju lijepe iluzije, tu gube vrijednost jeftine utjehe koje nam nudi na\u0161e doba. Moramo se licem okrenuti stvarnosti, bez obzira kakva je ona. Neki se pritom mogu slomiti. Me\u0111utim upravo u takvom mra\u010dnom \u010dasu mogu\u0107e je spoznati da smo unato\u010d svemu no\u0161eni Bo\u017ejom milo\u0161\u0107u. Ta spoznaja ne\u0107e dodu\u0161e odagnati bol, ni otrti suze, ali u boli sazrijeva snaga koja \u010desto pobje\u0111uje bolest i krizu.","og_url":"https:\/\/upravitrenutak.com\/?product=lice-patnje-paul-tournier","og_site_name":"U Pravi Trenutak","article_publisher":"https:\/\/www.facebook.com\/Knji%c5%benica-U-Pravi-Trenutak-378755409393101","article_modified_time":"2021-10-20T15:21:02+00:00","og_image":[{"width":1404,"height":2192,"url":"https:\/\/upravitrenutak.com\/wp-content\/uploads\/2020\/07\/Lice-patnje.jpg","type":"image\/jpeg"}],"twitter_card":"summary_large_image","schema":{"@context":"https:\/\/schema.org","@graph":[{"@type":"WebPage","@id":"https:\/\/upravitrenutak.com\/?product=lice-patnje-paul-tournier","url":"https:\/\/upravitrenutak.com\/?product=lice-patnje-paul-tournier","name":"Lice patnje - Paul Tournier - U Pravi Trenutak","isPartOf":{"@id":"https:\/\/upravitrenutak.com\/#website"},"primaryImageOfPage":{"@id":"https:\/\/upravitrenutak.com\/?product=lice-patnje-paul-tournier#primaryimage"},"image":{"@id":"https:\/\/upravitrenutak.com\/?product=lice-patnje-paul-tournier#primaryimage"},"thumbnailUrl":"https:\/\/upravitrenutak.com\/wp-content\/uploads\/2020\/07\/Lice-patnje.jpg","datePublished":"2020-07-29T09:47:55+00:00","dateModified":"2021-10-20T15:21:02+00:00","breadcrumb":{"@id":"https:\/\/upravitrenutak.com\/?product=lice-patnje-paul-tournier#breadcrumb"},"inLanguage":"hr","potentialAction":[{"@type":"ReadAction","target":["https:\/\/upravitrenutak.com\/?product=lice-patnje-paul-tournier"]}]},{"@type":"ImageObject","inLanguage":"hr","@id":"https:\/\/upravitrenutak.com\/?product=lice-patnje-paul-tournier#primaryimage","url":"https:\/\/upravitrenutak.com\/wp-content\/uploads\/2020\/07\/Lice-patnje.jpg","contentUrl":"https:\/\/upravitrenutak.com\/wp-content\/uploads\/2020\/07\/Lice-patnje.jpg","width":1404,"height":2192},{"@type":"BreadcrumbList","@id":"https:\/\/upravitrenutak.com\/?product=lice-patnje-paul-tournier#breadcrumb","itemListElement":[{"@type":"ListItem","position":1,"name":"Po\u010detna stranica","item":"https:\/\/upravitrenutak.com\/"},{"@type":"ListItem","position":2,"name":"Cjelokupna ponuda","item":"https:\/\/upravitrenutak.com\/?page_id=2362"},{"@type":"ListItem","position":3,"name":"Lice patnje &#8211; Paul Tournier"}]},{"@type":"WebSite","@id":"https:\/\/upravitrenutak.com\/#website","url":"https:\/\/upravitrenutak.com\/","name":"U Pravi Trenutak","description":"Online Knji\u017eara","potentialAction":[{"@type":"SearchAction","target":{"@type":"EntryPoint","urlTemplate":"https:\/\/upravitrenutak.com\/?s={search_term_string}"},"query-input":{"@type":"PropertyValueSpecification","valueRequired":true,"valueName":"search_term_string"}}],"inLanguage":"hr"}]}},"_links":{"self":[{"href":"https:\/\/upravitrenutak.com\/index.php?rest_route=\/wp\/v2\/product\/2834","targetHints":{"allow":["GET"]}}],"collection":[{"href":"https:\/\/upravitrenutak.com\/index.php?rest_route=\/wp\/v2\/product"}],"about":[{"href":"https:\/\/upravitrenutak.com\/index.php?rest_route=\/wp\/v2\/types\/product"}],"replies":[{"embeddable":true,"href":"https:\/\/upravitrenutak.com\/index.php?rest_route=%2Fwp%2Fv2%2Fcomments&post=2834"}],"wp:featuredmedia":[{"embeddable":true,"href":"https:\/\/upravitrenutak.com\/index.php?rest_route=\/wp\/v2\/media\/2835"}],"wp:attachment":[{"href":"https:\/\/upravitrenutak.com\/index.php?rest_route=%2Fwp%2Fv2%2Fmedia&parent=2834"}],"wp:term":[{"taxonomy":"product_brand","embeddable":true,"href":"https:\/\/upravitrenutak.com\/index.php?rest_route=%2Fwp%2Fv2%2Fproduct_brand&post=2834"},{"taxonomy":"product_cat","embeddable":true,"href":"https:\/\/upravitrenutak.com\/index.php?rest_route=%2Fwp%2Fv2%2Fproduct_cat&post=2834"},{"taxonomy":"product_tag","embeddable":true,"href":"https:\/\/upravitrenutak.com\/index.php?rest_route=%2Fwp%2Fv2%2Fproduct_tag&post=2834"}],"curies":[{"name":"wp","href":"https:\/\/api.w.org\/{rel}","templated":true}]}}