{"id":2855,"date":"2020-07-30T07:19:51","date_gmt":"2020-07-30T07:19:51","guid":{"rendered":"https:\/\/upravitrenutak.com\/?post_type=product&#038;p=2855"},"modified":"2021-02-20T22:33:31","modified_gmt":"2021-02-20T22:33:31","slug":"kako-sam-dosao-na-svijet-n-hartmann","status":"publish","type":"product","link":"https:\/\/upravitrenutak.com\/?product=kako-sam-dosao-na-svijet-n-hartmann","title":{"rendered":"Kako sam do\u0161ao na svijet &#8211; N. Hartmann"},"content":{"rendered":"<p>Meki uvez.<\/p>\n<p>Dimenzije: 140 x 100.<\/p>\n<p>39 stranica.<\/p>\n","protected":false},"excerpt":{"rendered":"<p>Ova knji\u017eica \u0107e pomo\u0107i roditeljima i djeci.<\/p>\n","protected":false},"featured_media":2856,"comment_status":"open","ping_status":"closed","template":"","meta":[],"product_brand":[],"product_cat":[15,86],"product_tag":[102],"class_list":{"0":"post-2855","1":"product","2":"type-product","3":"status-publish","4":"has-post-thumbnail","6":"product_cat-ostalo","7":"product_cat-upt","8":"product_tag-odgoj","10":"first","11":"outofstock","12":"shipping-taxable","13":"purchasable","14":"product-type-simple"},"yoast_head":"<!-- This site is optimized with the Yoast SEO plugin v27.4 - https:\/\/yoast.com\/product\/yoast-seo-wordpress\/ -->\n<title>Kako sam do\u0161ao na svijet - N. Hartmann - U Pravi Trenutak<\/title>\n<meta name=\"robots\" content=\"index, follow, max-snippet:-1, max-image-preview:large, max-video-preview:-1\" \/>\n<link rel=\"canonical\" href=\"https:\/\/upravitrenutak.com\/?product=kako-sam-dosao-na-svijet-n-hartmann\" \/>\n<meta property=\"og:locale\" content=\"hr_HR\" \/>\n<meta property=\"og:type\" content=\"article\" \/>\n<meta property=\"og:title\" content=\"Kako sam do\u0161ao na svijet - N. Hartmann - U Pravi Trenutak\" \/>\n<meta property=\"og:description\" content=\"Ova knji\u017eica \u0107e pomo\u0107i roditeljima i djeci.\" \/>\n<meta property=\"og:url\" content=\"https:\/\/upravitrenutak.com\/?product=kako-sam-dosao-na-svijet-n-hartmann\" \/>\n<meta property=\"og:site_name\" content=\"U Pravi Trenutak\" \/>\n<meta property=\"article:publisher\" content=\"https:\/\/www.facebook.com\/Knji%c5%benica-U-Pravi-Trenutak-378755409393101\" \/>\n<meta property=\"article:modified_time\" content=\"2021-02-20T22:33:31+00:00\" \/>\n<meta property=\"og:image\" content=\"https:\/\/upravitrenutak.com\/wp-content\/uploads\/2020\/07\/Kako-sam-do\u0161ao-na-svijet.jpg\" \/>\n\t<meta property=\"og:image:width\" content=\"1176\" \/>\n\t<meta property=\"og:image:height\" content=\"1633\" \/>\n\t<meta property=\"og:image:type\" content=\"image\/jpeg\" \/>\n<meta name=\"twitter:card\" content=\"summary_large_image\" \/>\n<script type=\"application\/ld+json\" class=\"yoast-schema-graph\">{\"@context\":\"https:\\\/\\\/schema.org\",\"@graph\":[{\"@type\":\"WebPage\",\"@id\":\"https:\\\/\\\/upravitrenutak.com\\\/?product=kako-sam-dosao-na-svijet-n-hartmann\",\"url\":\"https:\\\/\\\/upravitrenutak.com\\\/?product=kako-sam-dosao-na-svijet-n-hartmann\",\"name\":\"Kako sam do\u0161ao na svijet - N. Hartmann - U Pravi Trenutak\",\"isPartOf\":{\"@id\":\"https:\\\/\\\/upravitrenutak.com\\\/#website\"},\"primaryImageOfPage\":{\"@id\":\"https:\\\/\\\/upravitrenutak.com\\\/?product=kako-sam-dosao-na-svijet-n-hartmann#primaryimage\"},\"image\":{\"@id\":\"https:\\\/\\\/upravitrenutak.com\\\/?product=kako-sam-dosao-na-svijet-n-hartmann#primaryimage\"},\"thumbnailUrl\":\"https:\\\/\\\/upravitrenutak.com\\\/wp-content\\\/uploads\\\/2020\\\/07\\\/Kako-sam-do\u0161ao-na-svijet.jpg\",\"datePublished\":\"2020-07-30T07:19:51+00:00\",\"dateModified\":\"2021-02-20T22:33:31+00:00\",\"breadcrumb\":{\"@id\":\"https:\\\/\\\/upravitrenutak.com\\\/?product=kako-sam-dosao-na-svijet-n-hartmann#breadcrumb\"},\"inLanguage\":\"hr\",\"potentialAction\":[{\"@type\":\"ReadAction\",\"target\":[\"https:\\\/\\\/upravitrenutak.com\\\/?product=kako-sam-dosao-na-svijet-n-hartmann\"]}]},{\"@type\":\"ImageObject\",\"inLanguage\":\"hr\",\"@id\":\"https:\\\/\\\/upravitrenutak.com\\\/?product=kako-sam-dosao-na-svijet-n-hartmann#primaryimage\",\"url\":\"https:\\\/\\\/upravitrenutak.com\\\/wp-content\\\/uploads\\\/2020\\\/07\\\/Kako-sam-do\u0161ao-na-svijet.jpg\",\"contentUrl\":\"https:\\\/\\\/upravitrenutak.com\\\/wp-content\\\/uploads\\\/2020\\\/07\\\/Kako-sam-do\u0161ao-na-svijet.jpg\",\"width\":1176,\"height\":1633},{\"@type\":\"BreadcrumbList\",\"@id\":\"https:\\\/\\\/upravitrenutak.com\\\/?product=kako-sam-dosao-na-svijet-n-hartmann#breadcrumb\",\"itemListElement\":[{\"@type\":\"ListItem\",\"position\":1,\"name\":\"Po\u010detna stranica\",\"item\":\"https:\\\/\\\/upravitrenutak.com\\\/\"},{\"@type\":\"ListItem\",\"position\":2,\"name\":\"Cjelokupna ponuda\",\"item\":\"https:\\\/\\\/upravitrenutak.com\\\/?page_id=2362\"},{\"@type\":\"ListItem\",\"position\":3,\"name\":\"Kako sam do\u0161ao na svijet &#8211; N. Hartmann\"}]},{\"@type\":\"WebSite\",\"@id\":\"https:\\\/\\\/upravitrenutak.com\\\/#website\",\"url\":\"https:\\\/\\\/upravitrenutak.com\\\/\",\"name\":\"U Pravi Trenutak\",\"description\":\"Online Knji\u017eara\",\"potentialAction\":[{\"@type\":\"SearchAction\",\"target\":{\"@type\":\"EntryPoint\",\"urlTemplate\":\"https:\\\/\\\/upravitrenutak.com\\\/?s={search_term_string}\"},\"query-input\":{\"@type\":\"PropertyValueSpecification\",\"valueRequired\":true,\"valueName\":\"search_term_string\"}}],\"inLanguage\":\"hr\"}]}<\/script>\n<!-- \/ Yoast SEO plugin. -->","yoast_head_json":{"title":"Kako sam do\u0161ao na svijet - N. Hartmann - U Pravi Trenutak","robots":{"index":"index","follow":"follow","max-snippet":"max-snippet:-1","max-image-preview":"max-image-preview:large","max-video-preview":"max-video-preview:-1"},"canonical":"https:\/\/upravitrenutak.com\/?product=kako-sam-dosao-na-svijet-n-hartmann","og_locale":"hr_HR","og_type":"article","og_title":"Kako sam do\u0161ao na svijet - N. Hartmann - U Pravi Trenutak","og_description":"Ova knji\u017eica \u0107e pomo\u0107i roditeljima i djeci.","og_url":"https:\/\/upravitrenutak.com\/?product=kako-sam-dosao-na-svijet-n-hartmann","og_site_name":"U Pravi Trenutak","article_publisher":"https:\/\/www.facebook.com\/Knji%c5%benica-U-Pravi-Trenutak-378755409393101","article_modified_time":"2021-02-20T22:33:31+00:00","og_image":[{"width":1176,"height":1633,"url":"https:\/\/upravitrenutak.com\/wp-content\/uploads\/2020\/07\/Kako-sam-do\u0161ao-na-svijet.jpg","type":"image\/jpeg"}],"twitter_card":"summary_large_image","schema":{"@context":"https:\/\/schema.org","@graph":[{"@type":"WebPage","@id":"https:\/\/upravitrenutak.com\/?product=kako-sam-dosao-na-svijet-n-hartmann","url":"https:\/\/upravitrenutak.com\/?product=kako-sam-dosao-na-svijet-n-hartmann","name":"Kako sam do\u0161ao na svijet - N. Hartmann - U Pravi Trenutak","isPartOf":{"@id":"https:\/\/upravitrenutak.com\/#website"},"primaryImageOfPage":{"@id":"https:\/\/upravitrenutak.com\/?product=kako-sam-dosao-na-svijet-n-hartmann#primaryimage"},"image":{"@id":"https:\/\/upravitrenutak.com\/?product=kako-sam-dosao-na-svijet-n-hartmann#primaryimage"},"thumbnailUrl":"https:\/\/upravitrenutak.com\/wp-content\/uploads\/2020\/07\/Kako-sam-do\u0161ao-na-svijet.jpg","datePublished":"2020-07-30T07:19:51+00:00","dateModified":"2021-02-20T22:33:31+00:00","breadcrumb":{"@id":"https:\/\/upravitrenutak.com\/?product=kako-sam-dosao-na-svijet-n-hartmann#breadcrumb"},"inLanguage":"hr","potentialAction":[{"@type":"ReadAction","target":["https:\/\/upravitrenutak.com\/?product=kako-sam-dosao-na-svijet-n-hartmann"]}]},{"@type":"ImageObject","inLanguage":"hr","@id":"https:\/\/upravitrenutak.com\/?product=kako-sam-dosao-na-svijet-n-hartmann#primaryimage","url":"https:\/\/upravitrenutak.com\/wp-content\/uploads\/2020\/07\/Kako-sam-do\u0161ao-na-svijet.jpg","contentUrl":"https:\/\/upravitrenutak.com\/wp-content\/uploads\/2020\/07\/Kako-sam-do\u0161ao-na-svijet.jpg","width":1176,"height":1633},{"@type":"BreadcrumbList","@id":"https:\/\/upravitrenutak.com\/?product=kako-sam-dosao-na-svijet-n-hartmann#breadcrumb","itemListElement":[{"@type":"ListItem","position":1,"name":"Po\u010detna stranica","item":"https:\/\/upravitrenutak.com\/"},{"@type":"ListItem","position":2,"name":"Cjelokupna ponuda","item":"https:\/\/upravitrenutak.com\/?page_id=2362"},{"@type":"ListItem","position":3,"name":"Kako sam do\u0161ao na svijet &#8211; N. Hartmann"}]},{"@type":"WebSite","@id":"https:\/\/upravitrenutak.com\/#website","url":"https:\/\/upravitrenutak.com\/","name":"U Pravi Trenutak","description":"Online Knji\u017eara","potentialAction":[{"@type":"SearchAction","target":{"@type":"EntryPoint","urlTemplate":"https:\/\/upravitrenutak.com\/?s={search_term_string}"},"query-input":{"@type":"PropertyValueSpecification","valueRequired":true,"valueName":"search_term_string"}}],"inLanguage":"hr"}]}},"_links":{"self":[{"href":"https:\/\/upravitrenutak.com\/index.php?rest_route=\/wp\/v2\/product\/2855","targetHints":{"allow":["GET"]}}],"collection":[{"href":"https:\/\/upravitrenutak.com\/index.php?rest_route=\/wp\/v2\/product"}],"about":[{"href":"https:\/\/upravitrenutak.com\/index.php?rest_route=\/wp\/v2\/types\/product"}],"replies":[{"embeddable":true,"href":"https:\/\/upravitrenutak.com\/index.php?rest_route=%2Fwp%2Fv2%2Fcomments&post=2855"}],"wp:featuredmedia":[{"embeddable":true,"href":"https:\/\/upravitrenutak.com\/index.php?rest_route=\/wp\/v2\/media\/2856"}],"wp:attachment":[{"href":"https:\/\/upravitrenutak.com\/index.php?rest_route=%2Fwp%2Fv2%2Fmedia&parent=2855"}],"wp:term":[{"taxonomy":"product_brand","embeddable":true,"href":"https:\/\/upravitrenutak.com\/index.php?rest_route=%2Fwp%2Fv2%2Fproduct_brand&post=2855"},{"taxonomy":"product_cat","embeddable":true,"href":"https:\/\/upravitrenutak.com\/index.php?rest_route=%2Fwp%2Fv2%2Fproduct_cat&post=2855"},{"taxonomy":"product_tag","embeddable":true,"href":"https:\/\/upravitrenutak.com\/index.php?rest_route=%2Fwp%2Fv2%2Fproduct_tag&post=2855"}],"curies":[{"name":"wp","href":"https:\/\/api.w.org\/{rel}","templated":true}]}}