{"id":2895,"date":"2020-07-30T09:28:14","date_gmt":"2020-07-30T09:28:14","guid":{"rendered":"https:\/\/upravitrenutak.com\/?post_type=product&#038;p=2895"},"modified":"2026-04-08T09:18:43","modified_gmt":"2026-04-08T09:18:43","slug":"roditelji-i-djeca-valerio-albisetti","status":"publish","type":"product","link":"https:\/\/upravitrenutak.com\/?product=roditelji-i-djeca-valerio-albisetti","title":{"rendered":"Roditelji i djeca &#8211; Valerio Albisetti"},"content":{"rendered":"<p>Meki uvez.<\/p>\n<p>Dimenzije: 190 x 120.<\/p>\n<p>78 stranica.<\/p>\n","protected":false},"excerpt":{"rendered":"<p>Kad odrasli postignemo to da na \u017eivot gledamo o\u010dima djeteta, zna\u010di da smo postali mudri. Je li to besmislica? Izazov? Jednostavno poziv na o\u017eivljavanje iskonske snage djetinjstva kako bismo dublje razumjeli svoju djecu. Pravi se &#8220;odgoj&#8221; mo\u017ee temeljiti samo na uzajamnom po\u0161tovanju i na nastojanju da razvijemo mogu\u0107nosti koje svatko nosi u sebi.<\/p>\n","protected":false},"featured_media":2896,"comment_status":"open","ping_status":"closed","template":"","meta":[],"product_brand":[],"product_cat":[86],"product_tag":[106,102,93,131],"class_list":{"0":"post-2895","1":"product","2":"type-product","3":"status-publish","4":"has-post-thumbnail","6":"product_cat-upt","7":"product_tag-obitelj","8":"product_tag-odgoj","9":"product_tag-psihologija","10":"product_tag-za-roditelje","12":"first","13":"instock","14":"featured","15":"shipping-taxable","16":"purchasable","17":"product-type-simple"},"yoast_head":"<!-- This site is optimized with the Yoast SEO plugin v27.4 - https:\/\/yoast.com\/product\/yoast-seo-wordpress\/ -->\n<title>Roditelji i djeca - Valerio Albisetti - U Pravi Trenutak<\/title>\n<meta name=\"robots\" content=\"index, follow, max-snippet:-1, max-image-preview:large, max-video-preview:-1\" \/>\n<link rel=\"canonical\" href=\"https:\/\/upravitrenutak.com\/?product=roditelji-i-djeca-valerio-albisetti\" \/>\n<meta property=\"og:locale\" content=\"hr_HR\" \/>\n<meta property=\"og:type\" content=\"article\" \/>\n<meta property=\"og:title\" content=\"Roditelji i djeca - Valerio Albisetti - U Pravi Trenutak\" \/>\n<meta property=\"og:description\" content=\"Kad odrasli postignemo to da na \u017eivot gledamo o\u010dima djeteta, zna\u010di da smo postali mudri. Je li to besmislica? Izazov? Jednostavno poziv na o\u017eivljavanje iskonske snage djetinjstva kako bismo dublje razumjeli svoju djecu. Pravi se &quot;odgoj&quot; mo\u017ee temeljiti samo na uzajamnom po\u0161tovanju i na nastojanju da razvijemo mogu\u0107nosti koje svatko nosi u sebi.\" \/>\n<meta property=\"og:url\" content=\"https:\/\/upravitrenutak.com\/?product=roditelji-i-djeca-valerio-albisetti\" \/>\n<meta property=\"og:site_name\" content=\"U Pravi Trenutak\" \/>\n<meta property=\"article:publisher\" content=\"https:\/\/www.facebook.com\/Knji%c5%benica-U-Pravi-Trenutak-378755409393101\" \/>\n<meta property=\"article:modified_time\" content=\"2026-04-08T09:18:43+00:00\" \/>\n<meta property=\"og:image\" content=\"https:\/\/upravitrenutak.com\/wp-content\/uploads\/2020\/07\/Roditelji-i-djeca.jpg\" \/>\n\t<meta property=\"og:image:width\" content=\"1398\" \/>\n\t<meta property=\"og:image:height\" content=\"2216\" \/>\n\t<meta property=\"og:image:type\" content=\"image\/jpeg\" \/>\n<meta name=\"twitter:card\" content=\"summary_large_image\" \/>\n<script type=\"application\/ld+json\" class=\"yoast-schema-graph\">{\"@context\":\"https:\\\/\\\/schema.org\",\"@graph\":[{\"@type\":\"WebPage\",\"@id\":\"https:\\\/\\\/upravitrenutak.com\\\/?product=roditelji-i-djeca-valerio-albisetti\",\"url\":\"https:\\\/\\\/upravitrenutak.com\\\/?product=roditelji-i-djeca-valerio-albisetti\",\"name\":\"Roditelji i djeca - Valerio Albisetti - U Pravi Trenutak\",\"isPartOf\":{\"@id\":\"https:\\\/\\\/upravitrenutak.com\\\/#website\"},\"primaryImageOfPage\":{\"@id\":\"https:\\\/\\\/upravitrenutak.com\\\/?product=roditelji-i-djeca-valerio-albisetti#primaryimage\"},\"image\":{\"@id\":\"https:\\\/\\\/upravitrenutak.com\\\/?product=roditelji-i-djeca-valerio-albisetti#primaryimage\"},\"thumbnailUrl\":\"https:\\\/\\\/upravitrenutak.com\\\/wp-content\\\/uploads\\\/2020\\\/07\\\/Roditelji-i-djeca.jpg\",\"datePublished\":\"2020-07-30T09:28:14+00:00\",\"dateModified\":\"2026-04-08T09:18:43+00:00\",\"breadcrumb\":{\"@id\":\"https:\\\/\\\/upravitrenutak.com\\\/?product=roditelji-i-djeca-valerio-albisetti#breadcrumb\"},\"inLanguage\":\"hr\",\"potentialAction\":[{\"@type\":\"ReadAction\",\"target\":[\"https:\\\/\\\/upravitrenutak.com\\\/?product=roditelji-i-djeca-valerio-albisetti\"]}]},{\"@type\":\"ImageObject\",\"inLanguage\":\"hr\",\"@id\":\"https:\\\/\\\/upravitrenutak.com\\\/?product=roditelji-i-djeca-valerio-albisetti#primaryimage\",\"url\":\"https:\\\/\\\/upravitrenutak.com\\\/wp-content\\\/uploads\\\/2020\\\/07\\\/Roditelji-i-djeca.jpg\",\"contentUrl\":\"https:\\\/\\\/upravitrenutak.com\\\/wp-content\\\/uploads\\\/2020\\\/07\\\/Roditelji-i-djeca.jpg\",\"width\":1398,\"height\":2216},{\"@type\":\"BreadcrumbList\",\"@id\":\"https:\\\/\\\/upravitrenutak.com\\\/?product=roditelji-i-djeca-valerio-albisetti#breadcrumb\",\"itemListElement\":[{\"@type\":\"ListItem\",\"position\":1,\"name\":\"Po\u010detna stranica\",\"item\":\"https:\\\/\\\/upravitrenutak.com\\\/\"},{\"@type\":\"ListItem\",\"position\":2,\"name\":\"Cjelokupna ponuda\",\"item\":\"https:\\\/\\\/upravitrenutak.com\\\/?page_id=2362\"},{\"@type\":\"ListItem\",\"position\":3,\"name\":\"Roditelji i djeca &#8211; Valerio Albisetti\"}]},{\"@type\":\"WebSite\",\"@id\":\"https:\\\/\\\/upravitrenutak.com\\\/#website\",\"url\":\"https:\\\/\\\/upravitrenutak.com\\\/\",\"name\":\"U Pravi Trenutak\",\"description\":\"Online Knji\u017eara\",\"potentialAction\":[{\"@type\":\"SearchAction\",\"target\":{\"@type\":\"EntryPoint\",\"urlTemplate\":\"https:\\\/\\\/upravitrenutak.com\\\/?s={search_term_string}\"},\"query-input\":{\"@type\":\"PropertyValueSpecification\",\"valueRequired\":true,\"valueName\":\"search_term_string\"}}],\"inLanguage\":\"hr\"}]}<\/script>\n<!-- \/ Yoast SEO plugin. -->","yoast_head_json":{"title":"Roditelji i djeca - Valerio Albisetti - U Pravi Trenutak","robots":{"index":"index","follow":"follow","max-snippet":"max-snippet:-1","max-image-preview":"max-image-preview:large","max-video-preview":"max-video-preview:-1"},"canonical":"https:\/\/upravitrenutak.com\/?product=roditelji-i-djeca-valerio-albisetti","og_locale":"hr_HR","og_type":"article","og_title":"Roditelji i djeca - Valerio Albisetti - U Pravi Trenutak","og_description":"Kad odrasli postignemo to da na \u017eivot gledamo o\u010dima djeteta, zna\u010di da smo postali mudri. Je li to besmislica? Izazov? Jednostavno poziv na o\u017eivljavanje iskonske snage djetinjstva kako bismo dublje razumjeli svoju djecu. Pravi se \"odgoj\" mo\u017ee temeljiti samo na uzajamnom po\u0161tovanju i na nastojanju da razvijemo mogu\u0107nosti koje svatko nosi u sebi.","og_url":"https:\/\/upravitrenutak.com\/?product=roditelji-i-djeca-valerio-albisetti","og_site_name":"U Pravi Trenutak","article_publisher":"https:\/\/www.facebook.com\/Knji%c5%benica-U-Pravi-Trenutak-378755409393101","article_modified_time":"2026-04-08T09:18:43+00:00","og_image":[{"width":1398,"height":2216,"url":"https:\/\/upravitrenutak.com\/wp-content\/uploads\/2020\/07\/Roditelji-i-djeca.jpg","type":"image\/jpeg"}],"twitter_card":"summary_large_image","schema":{"@context":"https:\/\/schema.org","@graph":[{"@type":"WebPage","@id":"https:\/\/upravitrenutak.com\/?product=roditelji-i-djeca-valerio-albisetti","url":"https:\/\/upravitrenutak.com\/?product=roditelji-i-djeca-valerio-albisetti","name":"Roditelji i djeca - Valerio Albisetti - U Pravi Trenutak","isPartOf":{"@id":"https:\/\/upravitrenutak.com\/#website"},"primaryImageOfPage":{"@id":"https:\/\/upravitrenutak.com\/?product=roditelji-i-djeca-valerio-albisetti#primaryimage"},"image":{"@id":"https:\/\/upravitrenutak.com\/?product=roditelji-i-djeca-valerio-albisetti#primaryimage"},"thumbnailUrl":"https:\/\/upravitrenutak.com\/wp-content\/uploads\/2020\/07\/Roditelji-i-djeca.jpg","datePublished":"2020-07-30T09:28:14+00:00","dateModified":"2026-04-08T09:18:43+00:00","breadcrumb":{"@id":"https:\/\/upravitrenutak.com\/?product=roditelji-i-djeca-valerio-albisetti#breadcrumb"},"inLanguage":"hr","potentialAction":[{"@type":"ReadAction","target":["https:\/\/upravitrenutak.com\/?product=roditelji-i-djeca-valerio-albisetti"]}]},{"@type":"ImageObject","inLanguage":"hr","@id":"https:\/\/upravitrenutak.com\/?product=roditelji-i-djeca-valerio-albisetti#primaryimage","url":"https:\/\/upravitrenutak.com\/wp-content\/uploads\/2020\/07\/Roditelji-i-djeca.jpg","contentUrl":"https:\/\/upravitrenutak.com\/wp-content\/uploads\/2020\/07\/Roditelji-i-djeca.jpg","width":1398,"height":2216},{"@type":"BreadcrumbList","@id":"https:\/\/upravitrenutak.com\/?product=roditelji-i-djeca-valerio-albisetti#breadcrumb","itemListElement":[{"@type":"ListItem","position":1,"name":"Po\u010detna stranica","item":"https:\/\/upravitrenutak.com\/"},{"@type":"ListItem","position":2,"name":"Cjelokupna ponuda","item":"https:\/\/upravitrenutak.com\/?page_id=2362"},{"@type":"ListItem","position":3,"name":"Roditelji i djeca &#8211; Valerio Albisetti"}]},{"@type":"WebSite","@id":"https:\/\/upravitrenutak.com\/#website","url":"https:\/\/upravitrenutak.com\/","name":"U Pravi Trenutak","description":"Online Knji\u017eara","potentialAction":[{"@type":"SearchAction","target":{"@type":"EntryPoint","urlTemplate":"https:\/\/upravitrenutak.com\/?s={search_term_string}"},"query-input":{"@type":"PropertyValueSpecification","valueRequired":true,"valueName":"search_term_string"}}],"inLanguage":"hr"}]}},"_links":{"self":[{"href":"https:\/\/upravitrenutak.com\/index.php?rest_route=\/wp\/v2\/product\/2895","targetHints":{"allow":["GET"]}}],"collection":[{"href":"https:\/\/upravitrenutak.com\/index.php?rest_route=\/wp\/v2\/product"}],"about":[{"href":"https:\/\/upravitrenutak.com\/index.php?rest_route=\/wp\/v2\/types\/product"}],"replies":[{"embeddable":true,"href":"https:\/\/upravitrenutak.com\/index.php?rest_route=%2Fwp%2Fv2%2Fcomments&post=2895"}],"wp:featuredmedia":[{"embeddable":true,"href":"https:\/\/upravitrenutak.com\/index.php?rest_route=\/wp\/v2\/media\/2896"}],"wp:attachment":[{"href":"https:\/\/upravitrenutak.com\/index.php?rest_route=%2Fwp%2Fv2%2Fmedia&parent=2895"}],"wp:term":[{"taxonomy":"product_brand","embeddable":true,"href":"https:\/\/upravitrenutak.com\/index.php?rest_route=%2Fwp%2Fv2%2Fproduct_brand&post=2895"},{"taxonomy":"product_cat","embeddable":true,"href":"https:\/\/upravitrenutak.com\/index.php?rest_route=%2Fwp%2Fv2%2Fproduct_cat&post=2895"},{"taxonomy":"product_tag","embeddable":true,"href":"https:\/\/upravitrenutak.com\/index.php?rest_route=%2Fwp%2Fv2%2Fproduct_tag&post=2895"}],"curies":[{"name":"wp","href":"https:\/\/api.w.org\/{rel}","templated":true}]}}