{"id":2920,"date":"2020-07-30T10:49:42","date_gmt":"2020-07-30T10:49:42","guid":{"rendered":"https:\/\/upravitrenutak.com\/?post_type=product&#038;p=2920"},"modified":"2025-10-09T12:12:42","modified_gmt":"2025-10-09T12:12:42","slug":"na-putu-odrastanja-joachim-illies","status":"publish","type":"product","link":"https:\/\/upravitrenutak.com\/?product=na-putu-odrastanja-joachim-illies","title":{"rendered":"Na putu odrastanja &#8211; Joachim Illies"},"content":{"rendered":"<p>Meki uvez.<\/p>\n<p>Dimenzije: 190 x 120.<\/p>\n<p>67 stranica.<\/p>\n","protected":false},"excerpt":{"rendered":"<p>Mnogo slojeviti su konflikti \u0161to ih mora svladati mlad \u010dovjek na putu sazrijevanja. Ova knji\u017eica pru\u017ea putokaz i pomo\u0107 osobito mladom mu\u0161karcu. Tu se otvoreno govori o &#8220;vru\u0107im temama&#8221; toga \u017eivotnog razdoblja koje se razmatraju s mnogo razumijevanja i sposobnosti u\u017eivljavanja. Tjelesnom razvoju, kao i mladena\u010dkoj partnerskoj vezi na svim intimnim podru\u010djima pristupa se bez la\u017enog stida. Svi su iskazi no\u0161eni velikom kr\u0161\u0107anskom odgovorno\u0161\u0107u.<\/p>\n","protected":false},"featured_media":2921,"comment_status":"open","ping_status":"closed","template":"","meta":[],"product_brand":[],"product_cat":[15,86],"product_tag":[102,125],"class_list":{"0":"post-2920","1":"product","2":"type-product","3":"status-publish","4":"has-post-thumbnail","6":"product_cat-ostalo","7":"product_cat-upt","8":"product_tag-odgoj","9":"product_tag-za-mlade","11":"first","12":"instock","13":"shipping-taxable","14":"purchasable","15":"product-type-simple"},"yoast_head":"<!-- This site is optimized with the Yoast SEO plugin v27.4 - https:\/\/yoast.com\/product\/yoast-seo-wordpress\/ -->\n<title>Na putu odrastanja - Joachim Illies - U Pravi Trenutak<\/title>\n<meta name=\"robots\" content=\"index, follow, max-snippet:-1, max-image-preview:large, max-video-preview:-1\" \/>\n<link rel=\"canonical\" href=\"https:\/\/upravitrenutak.com\/?product=na-putu-odrastanja-joachim-illies\" \/>\n<meta property=\"og:locale\" content=\"hr_HR\" \/>\n<meta property=\"og:type\" content=\"article\" \/>\n<meta property=\"og:title\" content=\"Na putu odrastanja - Joachim Illies - U Pravi Trenutak\" \/>\n<meta property=\"og:description\" content=\"Mnogo slojeviti su konflikti \u0161to ih mora svladati mlad \u010dovjek na putu sazrijevanja. Ova knji\u017eica pru\u017ea putokaz i pomo\u0107 osobito mladom mu\u0161karcu. Tu se otvoreno govori o &quot;vru\u0107im temama&quot; toga \u017eivotnog razdoblja koje se razmatraju s mnogo razumijevanja i sposobnosti u\u017eivljavanja. Tjelesnom razvoju, kao i mladena\u010dkoj partnerskoj vezi na svim intimnim podru\u010djima pristupa se bez la\u017enog stida. Svi su iskazi no\u0161eni velikom kr\u0161\u0107anskom odgovorno\u0161\u0107u.\" \/>\n<meta property=\"og:url\" content=\"https:\/\/upravitrenutak.com\/?product=na-putu-odrastanja-joachim-illies\" \/>\n<meta property=\"og:site_name\" content=\"U Pravi Trenutak\" \/>\n<meta property=\"article:publisher\" content=\"https:\/\/www.facebook.com\/Knji%c5%benica-U-Pravi-Trenutak-378755409393101\" \/>\n<meta property=\"article:modified_time\" content=\"2025-10-09T12:12:42+00:00\" \/>\n<meta property=\"og:image\" content=\"https:\/\/upravitrenutak.com\/wp-content\/uploads\/2020\/07\/Na-putu-odrastanja.jpg\" \/>\n\t<meta property=\"og:image:width\" content=\"1420\" \/>\n\t<meta property=\"og:image:height\" content=\"2248\" \/>\n\t<meta property=\"og:image:type\" content=\"image\/jpeg\" \/>\n<meta name=\"twitter:card\" content=\"summary_large_image\" \/>\n<script type=\"application\/ld+json\" class=\"yoast-schema-graph\">{\"@context\":\"https:\\\/\\\/schema.org\",\"@graph\":[{\"@type\":\"WebPage\",\"@id\":\"https:\\\/\\\/upravitrenutak.com\\\/?product=na-putu-odrastanja-joachim-illies\",\"url\":\"https:\\\/\\\/upravitrenutak.com\\\/?product=na-putu-odrastanja-joachim-illies\",\"name\":\"Na putu odrastanja - Joachim Illies - U Pravi Trenutak\",\"isPartOf\":{\"@id\":\"https:\\\/\\\/upravitrenutak.com\\\/#website\"},\"primaryImageOfPage\":{\"@id\":\"https:\\\/\\\/upravitrenutak.com\\\/?product=na-putu-odrastanja-joachim-illies#primaryimage\"},\"image\":{\"@id\":\"https:\\\/\\\/upravitrenutak.com\\\/?product=na-putu-odrastanja-joachim-illies#primaryimage\"},\"thumbnailUrl\":\"https:\\\/\\\/upravitrenutak.com\\\/wp-content\\\/uploads\\\/2020\\\/07\\\/Na-putu-odrastanja.jpg\",\"datePublished\":\"2020-07-30T10:49:42+00:00\",\"dateModified\":\"2025-10-09T12:12:42+00:00\",\"breadcrumb\":{\"@id\":\"https:\\\/\\\/upravitrenutak.com\\\/?product=na-putu-odrastanja-joachim-illies#breadcrumb\"},\"inLanguage\":\"hr\",\"potentialAction\":[{\"@type\":\"ReadAction\",\"target\":[\"https:\\\/\\\/upravitrenutak.com\\\/?product=na-putu-odrastanja-joachim-illies\"]}]},{\"@type\":\"ImageObject\",\"inLanguage\":\"hr\",\"@id\":\"https:\\\/\\\/upravitrenutak.com\\\/?product=na-putu-odrastanja-joachim-illies#primaryimage\",\"url\":\"https:\\\/\\\/upravitrenutak.com\\\/wp-content\\\/uploads\\\/2020\\\/07\\\/Na-putu-odrastanja.jpg\",\"contentUrl\":\"https:\\\/\\\/upravitrenutak.com\\\/wp-content\\\/uploads\\\/2020\\\/07\\\/Na-putu-odrastanja.jpg\",\"width\":1420,\"height\":2248},{\"@type\":\"BreadcrumbList\",\"@id\":\"https:\\\/\\\/upravitrenutak.com\\\/?product=na-putu-odrastanja-joachim-illies#breadcrumb\",\"itemListElement\":[{\"@type\":\"ListItem\",\"position\":1,\"name\":\"Po\u010detna stranica\",\"item\":\"https:\\\/\\\/upravitrenutak.com\\\/\"},{\"@type\":\"ListItem\",\"position\":2,\"name\":\"Cjelokupna ponuda\",\"item\":\"https:\\\/\\\/upravitrenutak.com\\\/?page_id=2362\"},{\"@type\":\"ListItem\",\"position\":3,\"name\":\"Na putu odrastanja &#8211; Joachim Illies\"}]},{\"@type\":\"WebSite\",\"@id\":\"https:\\\/\\\/upravitrenutak.com\\\/#website\",\"url\":\"https:\\\/\\\/upravitrenutak.com\\\/\",\"name\":\"U Pravi Trenutak\",\"description\":\"Online Knji\u017eara\",\"potentialAction\":[{\"@type\":\"SearchAction\",\"target\":{\"@type\":\"EntryPoint\",\"urlTemplate\":\"https:\\\/\\\/upravitrenutak.com\\\/?s={search_term_string}\"},\"query-input\":{\"@type\":\"PropertyValueSpecification\",\"valueRequired\":true,\"valueName\":\"search_term_string\"}}],\"inLanguage\":\"hr\"}]}<\/script>\n<!-- \/ Yoast SEO plugin. -->","yoast_head_json":{"title":"Na putu odrastanja - Joachim Illies - U Pravi Trenutak","robots":{"index":"index","follow":"follow","max-snippet":"max-snippet:-1","max-image-preview":"max-image-preview:large","max-video-preview":"max-video-preview:-1"},"canonical":"https:\/\/upravitrenutak.com\/?product=na-putu-odrastanja-joachim-illies","og_locale":"hr_HR","og_type":"article","og_title":"Na putu odrastanja - Joachim Illies - U Pravi Trenutak","og_description":"Mnogo slojeviti su konflikti \u0161to ih mora svladati mlad \u010dovjek na putu sazrijevanja. Ova knji\u017eica pru\u017ea putokaz i pomo\u0107 osobito mladom mu\u0161karcu. Tu se otvoreno govori o \"vru\u0107im temama\" toga \u017eivotnog razdoblja koje se razmatraju s mnogo razumijevanja i sposobnosti u\u017eivljavanja. Tjelesnom razvoju, kao i mladena\u010dkoj partnerskoj vezi na svim intimnim podru\u010djima pristupa se bez la\u017enog stida. Svi su iskazi no\u0161eni velikom kr\u0161\u0107anskom odgovorno\u0161\u0107u.","og_url":"https:\/\/upravitrenutak.com\/?product=na-putu-odrastanja-joachim-illies","og_site_name":"U Pravi Trenutak","article_publisher":"https:\/\/www.facebook.com\/Knji%c5%benica-U-Pravi-Trenutak-378755409393101","article_modified_time":"2025-10-09T12:12:42+00:00","og_image":[{"width":1420,"height":2248,"url":"https:\/\/upravitrenutak.com\/wp-content\/uploads\/2020\/07\/Na-putu-odrastanja.jpg","type":"image\/jpeg"}],"twitter_card":"summary_large_image","schema":{"@context":"https:\/\/schema.org","@graph":[{"@type":"WebPage","@id":"https:\/\/upravitrenutak.com\/?product=na-putu-odrastanja-joachim-illies","url":"https:\/\/upravitrenutak.com\/?product=na-putu-odrastanja-joachim-illies","name":"Na putu odrastanja - Joachim Illies - U Pravi Trenutak","isPartOf":{"@id":"https:\/\/upravitrenutak.com\/#website"},"primaryImageOfPage":{"@id":"https:\/\/upravitrenutak.com\/?product=na-putu-odrastanja-joachim-illies#primaryimage"},"image":{"@id":"https:\/\/upravitrenutak.com\/?product=na-putu-odrastanja-joachim-illies#primaryimage"},"thumbnailUrl":"https:\/\/upravitrenutak.com\/wp-content\/uploads\/2020\/07\/Na-putu-odrastanja.jpg","datePublished":"2020-07-30T10:49:42+00:00","dateModified":"2025-10-09T12:12:42+00:00","breadcrumb":{"@id":"https:\/\/upravitrenutak.com\/?product=na-putu-odrastanja-joachim-illies#breadcrumb"},"inLanguage":"hr","potentialAction":[{"@type":"ReadAction","target":["https:\/\/upravitrenutak.com\/?product=na-putu-odrastanja-joachim-illies"]}]},{"@type":"ImageObject","inLanguage":"hr","@id":"https:\/\/upravitrenutak.com\/?product=na-putu-odrastanja-joachim-illies#primaryimage","url":"https:\/\/upravitrenutak.com\/wp-content\/uploads\/2020\/07\/Na-putu-odrastanja.jpg","contentUrl":"https:\/\/upravitrenutak.com\/wp-content\/uploads\/2020\/07\/Na-putu-odrastanja.jpg","width":1420,"height":2248},{"@type":"BreadcrumbList","@id":"https:\/\/upravitrenutak.com\/?product=na-putu-odrastanja-joachim-illies#breadcrumb","itemListElement":[{"@type":"ListItem","position":1,"name":"Po\u010detna stranica","item":"https:\/\/upravitrenutak.com\/"},{"@type":"ListItem","position":2,"name":"Cjelokupna ponuda","item":"https:\/\/upravitrenutak.com\/?page_id=2362"},{"@type":"ListItem","position":3,"name":"Na putu odrastanja &#8211; Joachim Illies"}]},{"@type":"WebSite","@id":"https:\/\/upravitrenutak.com\/#website","url":"https:\/\/upravitrenutak.com\/","name":"U Pravi Trenutak","description":"Online Knji\u017eara","potentialAction":[{"@type":"SearchAction","target":{"@type":"EntryPoint","urlTemplate":"https:\/\/upravitrenutak.com\/?s={search_term_string}"},"query-input":{"@type":"PropertyValueSpecification","valueRequired":true,"valueName":"search_term_string"}}],"inLanguage":"hr"}]}},"_links":{"self":[{"href":"https:\/\/upravitrenutak.com\/index.php?rest_route=\/wp\/v2\/product\/2920","targetHints":{"allow":["GET"]}}],"collection":[{"href":"https:\/\/upravitrenutak.com\/index.php?rest_route=\/wp\/v2\/product"}],"about":[{"href":"https:\/\/upravitrenutak.com\/index.php?rest_route=\/wp\/v2\/types\/product"}],"replies":[{"embeddable":true,"href":"https:\/\/upravitrenutak.com\/index.php?rest_route=%2Fwp%2Fv2%2Fcomments&post=2920"}],"wp:featuredmedia":[{"embeddable":true,"href":"https:\/\/upravitrenutak.com\/index.php?rest_route=\/wp\/v2\/media\/2921"}],"wp:attachment":[{"href":"https:\/\/upravitrenutak.com\/index.php?rest_route=%2Fwp%2Fv2%2Fmedia&parent=2920"}],"wp:term":[{"taxonomy":"product_brand","embeddable":true,"href":"https:\/\/upravitrenutak.com\/index.php?rest_route=%2Fwp%2Fv2%2Fproduct_brand&post=2920"},{"taxonomy":"product_cat","embeddable":true,"href":"https:\/\/upravitrenutak.com\/index.php?rest_route=%2Fwp%2Fv2%2Fproduct_cat&post=2920"},{"taxonomy":"product_tag","embeddable":true,"href":"https:\/\/upravitrenutak.com\/index.php?rest_route=%2Fwp%2Fv2%2Fproduct_tag&post=2920"}],"curies":[{"name":"wp","href":"https:\/\/api.w.org\/{rel}","templated":true}]}}