{"id":2924,"date":"2020-07-30T10:56:43","date_gmt":"2020-07-30T10:56:43","guid":{"rendered":"https:\/\/upravitrenutak.com\/?post_type=product&#038;p=2924"},"modified":"2024-03-14T16:36:56","modified_gmt":"2024-03-14T16:36:56","slug":"molitva-najveca-snaga-svijeta-franck-c-laubach","status":"publish","type":"product","link":"https:\/\/upravitrenutak.com\/?product=molitva-najveca-snaga-svijeta-franck-c-laubach","title":{"rendered":"Molitva najve\u0107a snaga svijeta &#8211; Franck C. Laubach"},"content":{"rendered":"<p>Meki uvez.<\/p>\n<p>Dimenzije: 190 x 120.<\/p>\n<p>88 stranica.<\/p>\n","protected":false},"excerpt":{"rendered":"<p>Malo je knjiga o molitvi kao \u0161to je ova, koje su tako pogodile srce i zanimanje javnosti. Od njezine prve naklade sveop\u0107a potra\u017enja bila je tako velika da su postala neophodna mnoga nova izdanja. Mo\u017eda je to stoga \u0161to knjiga daje odgovore na pitanja za\u0161to, kako, kada i gdje moliti, ili zato \u0161to je to knjiga laika na ne teolo\u0161kom jeziku, ili pak zato \u0161to je to knjiga koju, kada je jednom uzmemo u ruke, ne mo\u017eemo odlo\u017eiti sve dok ne i\u0161\u010ditamo i posljednju rije\u010d.<\/p>\n","protected":false},"featured_media":2925,"comment_status":"open","ping_status":"closed","template":"","meta":[],"product_brand":[],"product_cat":[138,86],"product_tag":[108,111,104],"class_list":{"0":"post-2924","1":"product","2":"type-product","3":"status-publish","4":"has-post-thumbnail","6":"product_cat-akcijske","7":"product_cat-upt","8":"product_tag-meditacija","9":"product_tag-molitva","10":"product_tag-razmatranja","12":"first","13":"instock","14":"sale","15":"shipping-taxable","16":"purchasable","17":"product-type-simple"},"yoast_head":"<!-- This site is optimized with the Yoast SEO plugin v27.4 - https:\/\/yoast.com\/product\/yoast-seo-wordpress\/ -->\n<title>Molitva najve\u0107a snaga svijeta - Franck C. Laubach - U Pravi Trenutak<\/title>\n<meta name=\"robots\" content=\"index, follow, max-snippet:-1, max-image-preview:large, max-video-preview:-1\" \/>\n<link rel=\"canonical\" href=\"https:\/\/upravitrenutak.com\/?product=molitva-najveca-snaga-svijeta-franck-c-laubach\" \/>\n<meta property=\"og:locale\" content=\"hr_HR\" \/>\n<meta property=\"og:type\" content=\"article\" \/>\n<meta property=\"og:title\" content=\"Molitva najve\u0107a snaga svijeta - Franck C. Laubach - U Pravi Trenutak\" \/>\n<meta property=\"og:description\" content=\"Malo je knjiga o molitvi kao \u0161to je ova, koje su tako pogodile srce i zanimanje javnosti. Od njezine prve naklade sveop\u0107a potra\u017enja bila je tako velika da su postala neophodna mnoga nova izdanja. Mo\u017eda je to stoga \u0161to knjiga daje odgovore na pitanja za\u0161to, kako, kada i gdje moliti, ili zato \u0161to je to knjiga laika na ne teolo\u0161kom jeziku, ili pak zato \u0161to je to knjiga koju, kada je jednom uzmemo u ruke, ne mo\u017eemo odlo\u017eiti sve dok ne i\u0161\u010ditamo i posljednju rije\u010d.\" \/>\n<meta property=\"og:url\" content=\"https:\/\/upravitrenutak.com\/?product=molitva-najveca-snaga-svijeta-franck-c-laubach\" \/>\n<meta property=\"og:site_name\" content=\"U Pravi Trenutak\" \/>\n<meta property=\"article:publisher\" content=\"https:\/\/www.facebook.com\/Knji%c5%benica-U-Pravi-Trenutak-378755409393101\" \/>\n<meta property=\"article:modified_time\" content=\"2024-03-14T16:36:56+00:00\" \/>\n<meta property=\"og:image\" content=\"https:\/\/upravitrenutak.com\/wp-content\/uploads\/2020\/07\/Molitva-najve\u0107a-snaga-svijeta.jpg\" \/>\n\t<meta property=\"og:image:width\" content=\"1434\" \/>\n\t<meta property=\"og:image:height\" content=\"2252\" \/>\n\t<meta property=\"og:image:type\" content=\"image\/jpeg\" \/>\n<meta name=\"twitter:card\" content=\"summary_large_image\" \/>\n<script type=\"application\/ld+json\" class=\"yoast-schema-graph\">{\"@context\":\"https:\\\/\\\/schema.org\",\"@graph\":[{\"@type\":\"WebPage\",\"@id\":\"https:\\\/\\\/upravitrenutak.com\\\/?product=molitva-najveca-snaga-svijeta-franck-c-laubach\",\"url\":\"https:\\\/\\\/upravitrenutak.com\\\/?product=molitva-najveca-snaga-svijeta-franck-c-laubach\",\"name\":\"Molitva najve\u0107a snaga svijeta - Franck C. Laubach - U Pravi Trenutak\",\"isPartOf\":{\"@id\":\"https:\\\/\\\/upravitrenutak.com\\\/#website\"},\"primaryImageOfPage\":{\"@id\":\"https:\\\/\\\/upravitrenutak.com\\\/?product=molitva-najveca-snaga-svijeta-franck-c-laubach#primaryimage\"},\"image\":{\"@id\":\"https:\\\/\\\/upravitrenutak.com\\\/?product=molitva-najveca-snaga-svijeta-franck-c-laubach#primaryimage\"},\"thumbnailUrl\":\"https:\\\/\\\/upravitrenutak.com\\\/wp-content\\\/uploads\\\/2020\\\/07\\\/Molitva-najve\u0107a-snaga-svijeta.jpg\",\"datePublished\":\"2020-07-30T10:56:43+00:00\",\"dateModified\":\"2024-03-14T16:36:56+00:00\",\"breadcrumb\":{\"@id\":\"https:\\\/\\\/upravitrenutak.com\\\/?product=molitva-najveca-snaga-svijeta-franck-c-laubach#breadcrumb\"},\"inLanguage\":\"hr\",\"potentialAction\":[{\"@type\":\"ReadAction\",\"target\":[\"https:\\\/\\\/upravitrenutak.com\\\/?product=molitva-najveca-snaga-svijeta-franck-c-laubach\"]}]},{\"@type\":\"ImageObject\",\"inLanguage\":\"hr\",\"@id\":\"https:\\\/\\\/upravitrenutak.com\\\/?product=molitva-najveca-snaga-svijeta-franck-c-laubach#primaryimage\",\"url\":\"https:\\\/\\\/upravitrenutak.com\\\/wp-content\\\/uploads\\\/2020\\\/07\\\/Molitva-najve\u0107a-snaga-svijeta.jpg\",\"contentUrl\":\"https:\\\/\\\/upravitrenutak.com\\\/wp-content\\\/uploads\\\/2020\\\/07\\\/Molitva-najve\u0107a-snaga-svijeta.jpg\",\"width\":1434,\"height\":2252},{\"@type\":\"BreadcrumbList\",\"@id\":\"https:\\\/\\\/upravitrenutak.com\\\/?product=molitva-najveca-snaga-svijeta-franck-c-laubach#breadcrumb\",\"itemListElement\":[{\"@type\":\"ListItem\",\"position\":1,\"name\":\"Po\u010detna stranica\",\"item\":\"https:\\\/\\\/upravitrenutak.com\\\/\"},{\"@type\":\"ListItem\",\"position\":2,\"name\":\"Cjelokupna ponuda\",\"item\":\"https:\\\/\\\/upravitrenutak.com\\\/?page_id=2362\"},{\"@type\":\"ListItem\",\"position\":3,\"name\":\"Molitva najve\u0107a snaga svijeta &#8211; Franck C. Laubach\"}]},{\"@type\":\"WebSite\",\"@id\":\"https:\\\/\\\/upravitrenutak.com\\\/#website\",\"url\":\"https:\\\/\\\/upravitrenutak.com\\\/\",\"name\":\"U Pravi Trenutak\",\"description\":\"Online Knji\u017eara\",\"potentialAction\":[{\"@type\":\"SearchAction\",\"target\":{\"@type\":\"EntryPoint\",\"urlTemplate\":\"https:\\\/\\\/upravitrenutak.com\\\/?s={search_term_string}\"},\"query-input\":{\"@type\":\"PropertyValueSpecification\",\"valueRequired\":true,\"valueName\":\"search_term_string\"}}],\"inLanguage\":\"hr\"}]}<\/script>\n<!-- \/ Yoast SEO plugin. -->","yoast_head_json":{"title":"Molitva najve\u0107a snaga svijeta - Franck C. Laubach - U Pravi Trenutak","robots":{"index":"index","follow":"follow","max-snippet":"max-snippet:-1","max-image-preview":"max-image-preview:large","max-video-preview":"max-video-preview:-1"},"canonical":"https:\/\/upravitrenutak.com\/?product=molitva-najveca-snaga-svijeta-franck-c-laubach","og_locale":"hr_HR","og_type":"article","og_title":"Molitva najve\u0107a snaga svijeta - Franck C. Laubach - U Pravi Trenutak","og_description":"Malo je knjiga o molitvi kao \u0161to je ova, koje su tako pogodile srce i zanimanje javnosti. Od njezine prve naklade sveop\u0107a potra\u017enja bila je tako velika da su postala neophodna mnoga nova izdanja. Mo\u017eda je to stoga \u0161to knjiga daje odgovore na pitanja za\u0161to, kako, kada i gdje moliti, ili zato \u0161to je to knjiga laika na ne teolo\u0161kom jeziku, ili pak zato \u0161to je to knjiga koju, kada je jednom uzmemo u ruke, ne mo\u017eemo odlo\u017eiti sve dok ne i\u0161\u010ditamo i posljednju rije\u010d.","og_url":"https:\/\/upravitrenutak.com\/?product=molitva-najveca-snaga-svijeta-franck-c-laubach","og_site_name":"U Pravi Trenutak","article_publisher":"https:\/\/www.facebook.com\/Knji%c5%benica-U-Pravi-Trenutak-378755409393101","article_modified_time":"2024-03-14T16:36:56+00:00","og_image":[{"width":1434,"height":2252,"url":"https:\/\/upravitrenutak.com\/wp-content\/uploads\/2020\/07\/Molitva-najve\u0107a-snaga-svijeta.jpg","type":"image\/jpeg"}],"twitter_card":"summary_large_image","schema":{"@context":"https:\/\/schema.org","@graph":[{"@type":"WebPage","@id":"https:\/\/upravitrenutak.com\/?product=molitva-najveca-snaga-svijeta-franck-c-laubach","url":"https:\/\/upravitrenutak.com\/?product=molitva-najveca-snaga-svijeta-franck-c-laubach","name":"Molitva najve\u0107a snaga svijeta - Franck C. Laubach - U Pravi Trenutak","isPartOf":{"@id":"https:\/\/upravitrenutak.com\/#website"},"primaryImageOfPage":{"@id":"https:\/\/upravitrenutak.com\/?product=molitva-najveca-snaga-svijeta-franck-c-laubach#primaryimage"},"image":{"@id":"https:\/\/upravitrenutak.com\/?product=molitva-najveca-snaga-svijeta-franck-c-laubach#primaryimage"},"thumbnailUrl":"https:\/\/upravitrenutak.com\/wp-content\/uploads\/2020\/07\/Molitva-najve\u0107a-snaga-svijeta.jpg","datePublished":"2020-07-30T10:56:43+00:00","dateModified":"2024-03-14T16:36:56+00:00","breadcrumb":{"@id":"https:\/\/upravitrenutak.com\/?product=molitva-najveca-snaga-svijeta-franck-c-laubach#breadcrumb"},"inLanguage":"hr","potentialAction":[{"@type":"ReadAction","target":["https:\/\/upravitrenutak.com\/?product=molitva-najveca-snaga-svijeta-franck-c-laubach"]}]},{"@type":"ImageObject","inLanguage":"hr","@id":"https:\/\/upravitrenutak.com\/?product=molitva-najveca-snaga-svijeta-franck-c-laubach#primaryimage","url":"https:\/\/upravitrenutak.com\/wp-content\/uploads\/2020\/07\/Molitva-najve\u0107a-snaga-svijeta.jpg","contentUrl":"https:\/\/upravitrenutak.com\/wp-content\/uploads\/2020\/07\/Molitva-najve\u0107a-snaga-svijeta.jpg","width":1434,"height":2252},{"@type":"BreadcrumbList","@id":"https:\/\/upravitrenutak.com\/?product=molitva-najveca-snaga-svijeta-franck-c-laubach#breadcrumb","itemListElement":[{"@type":"ListItem","position":1,"name":"Po\u010detna stranica","item":"https:\/\/upravitrenutak.com\/"},{"@type":"ListItem","position":2,"name":"Cjelokupna ponuda","item":"https:\/\/upravitrenutak.com\/?page_id=2362"},{"@type":"ListItem","position":3,"name":"Molitva najve\u0107a snaga svijeta &#8211; Franck C. Laubach"}]},{"@type":"WebSite","@id":"https:\/\/upravitrenutak.com\/#website","url":"https:\/\/upravitrenutak.com\/","name":"U Pravi Trenutak","description":"Online Knji\u017eara","potentialAction":[{"@type":"SearchAction","target":{"@type":"EntryPoint","urlTemplate":"https:\/\/upravitrenutak.com\/?s={search_term_string}"},"query-input":{"@type":"PropertyValueSpecification","valueRequired":true,"valueName":"search_term_string"}}],"inLanguage":"hr"}]}},"_links":{"self":[{"href":"https:\/\/upravitrenutak.com\/index.php?rest_route=\/wp\/v2\/product\/2924","targetHints":{"allow":["GET"]}}],"collection":[{"href":"https:\/\/upravitrenutak.com\/index.php?rest_route=\/wp\/v2\/product"}],"about":[{"href":"https:\/\/upravitrenutak.com\/index.php?rest_route=\/wp\/v2\/types\/product"}],"replies":[{"embeddable":true,"href":"https:\/\/upravitrenutak.com\/index.php?rest_route=%2Fwp%2Fv2%2Fcomments&post=2924"}],"wp:featuredmedia":[{"embeddable":true,"href":"https:\/\/upravitrenutak.com\/index.php?rest_route=\/wp\/v2\/media\/2925"}],"wp:attachment":[{"href":"https:\/\/upravitrenutak.com\/index.php?rest_route=%2Fwp%2Fv2%2Fmedia&parent=2924"}],"wp:term":[{"taxonomy":"product_brand","embeddable":true,"href":"https:\/\/upravitrenutak.com\/index.php?rest_route=%2Fwp%2Fv2%2Fproduct_brand&post=2924"},{"taxonomy":"product_cat","embeddable":true,"href":"https:\/\/upravitrenutak.com\/index.php?rest_route=%2Fwp%2Fv2%2Fproduct_cat&post=2924"},{"taxonomy":"product_tag","embeddable":true,"href":"https:\/\/upravitrenutak.com\/index.php?rest_route=%2Fwp%2Fv2%2Fproduct_tag&post=2924"}],"curies":[{"name":"wp","href":"https:\/\/api.w.org\/{rel}","templated":true}]}}