{"id":2944,"date":"2020-07-30T11:30:47","date_gmt":"2020-07-30T11:30:47","guid":{"rendered":"https:\/\/upravitrenutak.com\/?post_type=product&#038;p=2944"},"modified":"2023-05-10T10:39:47","modified_gmt":"2023-05-10T10:39:47","slug":"gdje-djeluje-duh-basilea-schlink","status":"publish","type":"product","link":"https:\/\/upravitrenutak.com\/?product=gdje-djeluje-duh-basilea-schlink","title":{"rendered":"Gdje djeluje Duh &#8211; Basilea Schlink"},"content":{"rendered":"<p>Meki uvez.<\/p>\n<p>Dimenzije: 190 x 120.<\/p>\n<p>137 stranica.<\/p>\n","protected":false},"excerpt":{"rendered":"<p>Opasnost za na\u0161 svijet nije nikada bila tako velika kao danas. Zato se moramo posve druga\u010dije boriti za takvo izlijevanje Svetoga Duha. Duhovni je \u017eivot me\u0111utim uvelike zakr\u017eljao, zato \u0161to se u vjeri ostaje pri odnosu s Isusom i u najboljem slu\u010daju s Bogom kao Ocem. Mo\u0107 Svetoga Duha uzima se nedovoljno ozbiljno, osobni je odnos s njim presu\u0161io a bez njega je zapostavljen i nepotpun na\u0161 osobni duhovni \u017eivot i duhovni \u017eivot zajednice.<br \/>\nIz knjige.<\/p>\n","protected":false},"featured_media":2945,"comment_status":"open","ping_status":"closed","template":"","meta":[],"product_brand":[],"product_cat":[86],"product_tag":[115,104],"class_list":{"0":"post-2944","1":"product","2":"type-product","3":"status-publish","4":"has-post-thumbnail","6":"product_cat-upt","7":"product_tag-duh-sveti","8":"product_tag-razmatranja","10":"first","11":"instock","12":"shipping-taxable","13":"purchasable","14":"product-type-simple"},"yoast_head":"<!-- This site is optimized with the Yoast SEO plugin v27.4 - https:\/\/yoast.com\/product\/yoast-seo-wordpress\/ -->\n<title>Gdje djeluje Duh - Basilea Schlink - U Pravi Trenutak<\/title>\n<meta name=\"robots\" content=\"index, follow, max-snippet:-1, max-image-preview:large, max-video-preview:-1\" \/>\n<link rel=\"canonical\" href=\"https:\/\/upravitrenutak.com\/?product=gdje-djeluje-duh-basilea-schlink\" \/>\n<meta property=\"og:locale\" content=\"hr_HR\" \/>\n<meta property=\"og:type\" content=\"article\" \/>\n<meta property=\"og:title\" content=\"Gdje djeluje Duh - Basilea Schlink - U Pravi Trenutak\" \/>\n<meta property=\"og:description\" content=\"Opasnost za na\u0161 svijet nije nikada bila tako velika kao danas. Zato se moramo posve druga\u010dije boriti za takvo izlijevanje Svetoga Duha. Duhovni je \u017eivot me\u0111utim uvelike zakr\u017eljao, zato \u0161to se u vjeri ostaje pri odnosu s Isusom i u najboljem slu\u010daju s Bogom kao Ocem. Mo\u0107 Svetoga Duha uzima se nedovoljno ozbiljno, osobni je odnos s njim presu\u0161io a bez njega je zapostavljen i nepotpun na\u0161 osobni duhovni \u017eivot i duhovni \u017eivot zajednice. Iz knjige.\" \/>\n<meta property=\"og:url\" content=\"https:\/\/upravitrenutak.com\/?product=gdje-djeluje-duh-basilea-schlink\" \/>\n<meta property=\"og:site_name\" content=\"U Pravi Trenutak\" \/>\n<meta property=\"article:publisher\" content=\"https:\/\/www.facebook.com\/Knji%c5%benica-U-Pravi-Trenutak-378755409393101\" \/>\n<meta property=\"article:modified_time\" content=\"2023-05-10T10:39:47+00:00\" \/>\n<meta property=\"og:image\" content=\"https:\/\/upravitrenutak.com\/wp-content\/uploads\/2020\/07\/Gdje-djeluje-duh.jpg\" \/>\n\t<meta property=\"og:image:width\" content=\"1380\" \/>\n\t<meta property=\"og:image:height\" content=\"2216\" \/>\n\t<meta property=\"og:image:type\" content=\"image\/jpeg\" \/>\n<meta name=\"twitter:card\" content=\"summary_large_image\" \/>\n<script type=\"application\/ld+json\" class=\"yoast-schema-graph\">{\"@context\":\"https:\\\/\\\/schema.org\",\"@graph\":[{\"@type\":\"WebPage\",\"@id\":\"https:\\\/\\\/upravitrenutak.com\\\/?product=gdje-djeluje-duh-basilea-schlink\",\"url\":\"https:\\\/\\\/upravitrenutak.com\\\/?product=gdje-djeluje-duh-basilea-schlink\",\"name\":\"Gdje djeluje Duh - Basilea Schlink - U Pravi Trenutak\",\"isPartOf\":{\"@id\":\"https:\\\/\\\/upravitrenutak.com\\\/#website\"},\"primaryImageOfPage\":{\"@id\":\"https:\\\/\\\/upravitrenutak.com\\\/?product=gdje-djeluje-duh-basilea-schlink#primaryimage\"},\"image\":{\"@id\":\"https:\\\/\\\/upravitrenutak.com\\\/?product=gdje-djeluje-duh-basilea-schlink#primaryimage\"},\"thumbnailUrl\":\"https:\\\/\\\/upravitrenutak.com\\\/wp-content\\\/uploads\\\/2020\\\/07\\\/Gdje-djeluje-duh.jpg\",\"datePublished\":\"2020-07-30T11:30:47+00:00\",\"dateModified\":\"2023-05-10T10:39:47+00:00\",\"breadcrumb\":{\"@id\":\"https:\\\/\\\/upravitrenutak.com\\\/?product=gdje-djeluje-duh-basilea-schlink#breadcrumb\"},\"inLanguage\":\"hr\",\"potentialAction\":[{\"@type\":\"ReadAction\",\"target\":[\"https:\\\/\\\/upravitrenutak.com\\\/?product=gdje-djeluje-duh-basilea-schlink\"]}]},{\"@type\":\"ImageObject\",\"inLanguage\":\"hr\",\"@id\":\"https:\\\/\\\/upravitrenutak.com\\\/?product=gdje-djeluje-duh-basilea-schlink#primaryimage\",\"url\":\"https:\\\/\\\/upravitrenutak.com\\\/wp-content\\\/uploads\\\/2020\\\/07\\\/Gdje-djeluje-duh.jpg\",\"contentUrl\":\"https:\\\/\\\/upravitrenutak.com\\\/wp-content\\\/uploads\\\/2020\\\/07\\\/Gdje-djeluje-duh.jpg\",\"width\":1380,\"height\":2216},{\"@type\":\"BreadcrumbList\",\"@id\":\"https:\\\/\\\/upravitrenutak.com\\\/?product=gdje-djeluje-duh-basilea-schlink#breadcrumb\",\"itemListElement\":[{\"@type\":\"ListItem\",\"position\":1,\"name\":\"Po\u010detna stranica\",\"item\":\"https:\\\/\\\/upravitrenutak.com\\\/\"},{\"@type\":\"ListItem\",\"position\":2,\"name\":\"Cjelokupna ponuda\",\"item\":\"https:\\\/\\\/upravitrenutak.com\\\/?page_id=2362\"},{\"@type\":\"ListItem\",\"position\":3,\"name\":\"Gdje djeluje Duh &#8211; Basilea Schlink\"}]},{\"@type\":\"WebSite\",\"@id\":\"https:\\\/\\\/upravitrenutak.com\\\/#website\",\"url\":\"https:\\\/\\\/upravitrenutak.com\\\/\",\"name\":\"U Pravi Trenutak\",\"description\":\"Online Knji\u017eara\",\"potentialAction\":[{\"@type\":\"SearchAction\",\"target\":{\"@type\":\"EntryPoint\",\"urlTemplate\":\"https:\\\/\\\/upravitrenutak.com\\\/?s={search_term_string}\"},\"query-input\":{\"@type\":\"PropertyValueSpecification\",\"valueRequired\":true,\"valueName\":\"search_term_string\"}}],\"inLanguage\":\"hr\"}]}<\/script>\n<!-- \/ Yoast SEO plugin. -->","yoast_head_json":{"title":"Gdje djeluje Duh - Basilea Schlink - U Pravi Trenutak","robots":{"index":"index","follow":"follow","max-snippet":"max-snippet:-1","max-image-preview":"max-image-preview:large","max-video-preview":"max-video-preview:-1"},"canonical":"https:\/\/upravitrenutak.com\/?product=gdje-djeluje-duh-basilea-schlink","og_locale":"hr_HR","og_type":"article","og_title":"Gdje djeluje Duh - Basilea Schlink - U Pravi Trenutak","og_description":"Opasnost za na\u0161 svijet nije nikada bila tako velika kao danas. Zato se moramo posve druga\u010dije boriti za takvo izlijevanje Svetoga Duha. Duhovni je \u017eivot me\u0111utim uvelike zakr\u017eljao, zato \u0161to se u vjeri ostaje pri odnosu s Isusom i u najboljem slu\u010daju s Bogom kao Ocem. Mo\u0107 Svetoga Duha uzima se nedovoljno ozbiljno, osobni je odnos s njim presu\u0161io a bez njega je zapostavljen i nepotpun na\u0161 osobni duhovni \u017eivot i duhovni \u017eivot zajednice. Iz knjige.","og_url":"https:\/\/upravitrenutak.com\/?product=gdje-djeluje-duh-basilea-schlink","og_site_name":"U Pravi Trenutak","article_publisher":"https:\/\/www.facebook.com\/Knji%c5%benica-U-Pravi-Trenutak-378755409393101","article_modified_time":"2023-05-10T10:39:47+00:00","og_image":[{"width":1380,"height":2216,"url":"https:\/\/upravitrenutak.com\/wp-content\/uploads\/2020\/07\/Gdje-djeluje-duh.jpg","type":"image\/jpeg"}],"twitter_card":"summary_large_image","schema":{"@context":"https:\/\/schema.org","@graph":[{"@type":"WebPage","@id":"https:\/\/upravitrenutak.com\/?product=gdje-djeluje-duh-basilea-schlink","url":"https:\/\/upravitrenutak.com\/?product=gdje-djeluje-duh-basilea-schlink","name":"Gdje djeluje Duh - Basilea Schlink - U Pravi Trenutak","isPartOf":{"@id":"https:\/\/upravitrenutak.com\/#website"},"primaryImageOfPage":{"@id":"https:\/\/upravitrenutak.com\/?product=gdje-djeluje-duh-basilea-schlink#primaryimage"},"image":{"@id":"https:\/\/upravitrenutak.com\/?product=gdje-djeluje-duh-basilea-schlink#primaryimage"},"thumbnailUrl":"https:\/\/upravitrenutak.com\/wp-content\/uploads\/2020\/07\/Gdje-djeluje-duh.jpg","datePublished":"2020-07-30T11:30:47+00:00","dateModified":"2023-05-10T10:39:47+00:00","breadcrumb":{"@id":"https:\/\/upravitrenutak.com\/?product=gdje-djeluje-duh-basilea-schlink#breadcrumb"},"inLanguage":"hr","potentialAction":[{"@type":"ReadAction","target":["https:\/\/upravitrenutak.com\/?product=gdje-djeluje-duh-basilea-schlink"]}]},{"@type":"ImageObject","inLanguage":"hr","@id":"https:\/\/upravitrenutak.com\/?product=gdje-djeluje-duh-basilea-schlink#primaryimage","url":"https:\/\/upravitrenutak.com\/wp-content\/uploads\/2020\/07\/Gdje-djeluje-duh.jpg","contentUrl":"https:\/\/upravitrenutak.com\/wp-content\/uploads\/2020\/07\/Gdje-djeluje-duh.jpg","width":1380,"height":2216},{"@type":"BreadcrumbList","@id":"https:\/\/upravitrenutak.com\/?product=gdje-djeluje-duh-basilea-schlink#breadcrumb","itemListElement":[{"@type":"ListItem","position":1,"name":"Po\u010detna stranica","item":"https:\/\/upravitrenutak.com\/"},{"@type":"ListItem","position":2,"name":"Cjelokupna ponuda","item":"https:\/\/upravitrenutak.com\/?page_id=2362"},{"@type":"ListItem","position":3,"name":"Gdje djeluje Duh &#8211; Basilea Schlink"}]},{"@type":"WebSite","@id":"https:\/\/upravitrenutak.com\/#website","url":"https:\/\/upravitrenutak.com\/","name":"U Pravi Trenutak","description":"Online Knji\u017eara","potentialAction":[{"@type":"SearchAction","target":{"@type":"EntryPoint","urlTemplate":"https:\/\/upravitrenutak.com\/?s={search_term_string}"},"query-input":{"@type":"PropertyValueSpecification","valueRequired":true,"valueName":"search_term_string"}}],"inLanguage":"hr"}]}},"_links":{"self":[{"href":"https:\/\/upravitrenutak.com\/index.php?rest_route=\/wp\/v2\/product\/2944","targetHints":{"allow":["GET"]}}],"collection":[{"href":"https:\/\/upravitrenutak.com\/index.php?rest_route=\/wp\/v2\/product"}],"about":[{"href":"https:\/\/upravitrenutak.com\/index.php?rest_route=\/wp\/v2\/types\/product"}],"replies":[{"embeddable":true,"href":"https:\/\/upravitrenutak.com\/index.php?rest_route=%2Fwp%2Fv2%2Fcomments&post=2944"}],"wp:featuredmedia":[{"embeddable":true,"href":"https:\/\/upravitrenutak.com\/index.php?rest_route=\/wp\/v2\/media\/2945"}],"wp:attachment":[{"href":"https:\/\/upravitrenutak.com\/index.php?rest_route=%2Fwp%2Fv2%2Fmedia&parent=2944"}],"wp:term":[{"taxonomy":"product_brand","embeddable":true,"href":"https:\/\/upravitrenutak.com\/index.php?rest_route=%2Fwp%2Fv2%2Fproduct_brand&post=2944"},{"taxonomy":"product_cat","embeddable":true,"href":"https:\/\/upravitrenutak.com\/index.php?rest_route=%2Fwp%2Fv2%2Fproduct_cat&post=2944"},{"taxonomy":"product_tag","embeddable":true,"href":"https:\/\/upravitrenutak.com\/index.php?rest_route=%2Fwp%2Fv2%2Fproduct_tag&post=2944"}],"curies":[{"name":"wp","href":"https:\/\/api.w.org\/{rel}","templated":true}]}}