{"id":2954,"date":"2020-07-30T11:43:09","date_gmt":"2020-07-30T11:43:09","guid":{"rendered":"https:\/\/upravitrenutak.com\/?post_type=product&#038;p=2954"},"modified":"2025-10-11T15:50:25","modified_gmt":"2025-10-11T15:50:25","slug":"bracna-abeceda-christa-meves","status":"publish","type":"product","link":"https:\/\/upravitrenutak.com\/?product=bracna-abeceda-christa-meves","title":{"rendered":"Bra\u010dna abeceda &#8211; Christa Meves"},"content":{"rendered":"<p>Meki uvez.<\/p>\n<p>Dimenzije: 190 x 120.<\/p>\n<p>104 stranice.<\/p>\n","protected":false},"excerpt":{"rendered":"<p>Knjiga je posve\u0107ena svima onima koji se ne \u017eele u\u010dahuriti u obi\u010dnom i prosje\u010dnom, ve\u0107 se skupa \u017eele potruditi da bi se postigao napredak prema jednom boljem i humanijim svijetu. Svaki oblik braka nosi u sebi nagradu i dostojanstvo ako ljudi odlu\u010de da mu se u potpunosti predaju.<\/p>\n","protected":false},"featured_media":2955,"comment_status":"open","ping_status":"closed","template":"","meta":[],"product_brand":[],"product_cat":[138,86],"product_tag":[105,106,93],"class_list":{"0":"post-2954","1":"product","2":"type-product","3":"status-publish","4":"has-post-thumbnail","6":"product_cat-akcijske","7":"product_cat-upt","8":"product_tag-brak","9":"product_tag-obitelj","10":"product_tag-psihologija","12":"first","13":"instock","14":"sale","15":"shipping-taxable","16":"purchasable","17":"product-type-simple"},"yoast_head":"<!-- This site is optimized with the Yoast SEO plugin v27.4 - https:\/\/yoast.com\/product\/yoast-seo-wordpress\/ -->\n<title>Bra\u010dna abeceda - Christa Meves - U Pravi Trenutak<\/title>\n<meta name=\"robots\" content=\"index, follow, max-snippet:-1, max-image-preview:large, max-video-preview:-1\" \/>\n<link rel=\"canonical\" href=\"https:\/\/upravitrenutak.com\/?product=bracna-abeceda-christa-meves\" \/>\n<meta property=\"og:locale\" content=\"hr_HR\" \/>\n<meta property=\"og:type\" content=\"article\" \/>\n<meta property=\"og:title\" content=\"Bra\u010dna abeceda - Christa Meves - U Pravi Trenutak\" \/>\n<meta property=\"og:description\" content=\"Knjiga je posve\u0107ena svima onima koji se ne \u017eele u\u010dahuriti u obi\u010dnom i prosje\u010dnom, ve\u0107 se skupa \u017eele potruditi da bi se postigao napredak prema jednom boljem i humanijim svijetu. Svaki oblik braka nosi u sebi nagradu i dostojanstvo ako ljudi odlu\u010de da mu se u potpunosti predaju.\" \/>\n<meta property=\"og:url\" content=\"https:\/\/upravitrenutak.com\/?product=bracna-abeceda-christa-meves\" \/>\n<meta property=\"og:site_name\" content=\"U Pravi Trenutak\" \/>\n<meta property=\"article:publisher\" content=\"https:\/\/www.facebook.com\/Knji%c5%benica-U-Pravi-Trenutak-378755409393101\" \/>\n<meta property=\"article:modified_time\" content=\"2025-10-11T15:50:25+00:00\" \/>\n<meta property=\"og:image\" content=\"https:\/\/upravitrenutak.com\/wp-content\/uploads\/2020\/07\/Bra\u010dna-abeceda.jpg\" \/>\n\t<meta property=\"og:image:width\" content=\"1380\" \/>\n\t<meta property=\"og:image:height\" content=\"2180\" \/>\n\t<meta property=\"og:image:type\" content=\"image\/jpeg\" \/>\n<meta name=\"twitter:card\" content=\"summary_large_image\" \/>\n<meta name=\"twitter:label1\" content=\"Procijenjeno vrijeme \u010ditanja\" \/>\n\t<meta name=\"twitter:data1\" content=\"1 minuta\" \/>\n<script type=\"application\/ld+json\" class=\"yoast-schema-graph\">{\"@context\":\"https:\\\/\\\/schema.org\",\"@graph\":[{\"@type\":\"WebPage\",\"@id\":\"https:\\\/\\\/upravitrenutak.com\\\/?product=bracna-abeceda-christa-meves\",\"url\":\"https:\\\/\\\/upravitrenutak.com\\\/?product=bracna-abeceda-christa-meves\",\"name\":\"Bra\u010dna abeceda - Christa Meves - U Pravi Trenutak\",\"isPartOf\":{\"@id\":\"https:\\\/\\\/upravitrenutak.com\\\/#website\"},\"primaryImageOfPage\":{\"@id\":\"https:\\\/\\\/upravitrenutak.com\\\/?product=bracna-abeceda-christa-meves#primaryimage\"},\"image\":{\"@id\":\"https:\\\/\\\/upravitrenutak.com\\\/?product=bracna-abeceda-christa-meves#primaryimage\"},\"thumbnailUrl\":\"https:\\\/\\\/upravitrenutak.com\\\/wp-content\\\/uploads\\\/2020\\\/07\\\/Bra\u010dna-abeceda.jpg\",\"datePublished\":\"2020-07-30T11:43:09+00:00\",\"dateModified\":\"2025-10-11T15:50:25+00:00\",\"breadcrumb\":{\"@id\":\"https:\\\/\\\/upravitrenutak.com\\\/?product=bracna-abeceda-christa-meves#breadcrumb\"},\"inLanguage\":\"hr\",\"potentialAction\":[{\"@type\":\"ReadAction\",\"target\":[\"https:\\\/\\\/upravitrenutak.com\\\/?product=bracna-abeceda-christa-meves\"]}]},{\"@type\":\"ImageObject\",\"inLanguage\":\"hr\",\"@id\":\"https:\\\/\\\/upravitrenutak.com\\\/?product=bracna-abeceda-christa-meves#primaryimage\",\"url\":\"https:\\\/\\\/upravitrenutak.com\\\/wp-content\\\/uploads\\\/2020\\\/07\\\/Bra\u010dna-abeceda.jpg\",\"contentUrl\":\"https:\\\/\\\/upravitrenutak.com\\\/wp-content\\\/uploads\\\/2020\\\/07\\\/Bra\u010dna-abeceda.jpg\",\"width\":1380,\"height\":2180},{\"@type\":\"BreadcrumbList\",\"@id\":\"https:\\\/\\\/upravitrenutak.com\\\/?product=bracna-abeceda-christa-meves#breadcrumb\",\"itemListElement\":[{\"@type\":\"ListItem\",\"position\":1,\"name\":\"Po\u010detna stranica\",\"item\":\"https:\\\/\\\/upravitrenutak.com\\\/\"},{\"@type\":\"ListItem\",\"position\":2,\"name\":\"Cjelokupna ponuda\",\"item\":\"https:\\\/\\\/upravitrenutak.com\\\/?page_id=2362\"},{\"@type\":\"ListItem\",\"position\":3,\"name\":\"Bra\u010dna abeceda &#8211; Christa Meves\"}]},{\"@type\":\"WebSite\",\"@id\":\"https:\\\/\\\/upravitrenutak.com\\\/#website\",\"url\":\"https:\\\/\\\/upravitrenutak.com\\\/\",\"name\":\"U Pravi Trenutak\",\"description\":\"Online Knji\u017eara\",\"potentialAction\":[{\"@type\":\"SearchAction\",\"target\":{\"@type\":\"EntryPoint\",\"urlTemplate\":\"https:\\\/\\\/upravitrenutak.com\\\/?s={search_term_string}\"},\"query-input\":{\"@type\":\"PropertyValueSpecification\",\"valueRequired\":true,\"valueName\":\"search_term_string\"}}],\"inLanguage\":\"hr\"}]}<\/script>\n<!-- \/ Yoast SEO plugin. -->","yoast_head_json":{"title":"Bra\u010dna abeceda - Christa Meves - U Pravi Trenutak","robots":{"index":"index","follow":"follow","max-snippet":"max-snippet:-1","max-image-preview":"max-image-preview:large","max-video-preview":"max-video-preview:-1"},"canonical":"https:\/\/upravitrenutak.com\/?product=bracna-abeceda-christa-meves","og_locale":"hr_HR","og_type":"article","og_title":"Bra\u010dna abeceda - Christa Meves - U Pravi Trenutak","og_description":"Knjiga je posve\u0107ena svima onima koji se ne \u017eele u\u010dahuriti u obi\u010dnom i prosje\u010dnom, ve\u0107 se skupa \u017eele potruditi da bi se postigao napredak prema jednom boljem i humanijim svijetu. Svaki oblik braka nosi u sebi nagradu i dostojanstvo ako ljudi odlu\u010de da mu se u potpunosti predaju.","og_url":"https:\/\/upravitrenutak.com\/?product=bracna-abeceda-christa-meves","og_site_name":"U Pravi Trenutak","article_publisher":"https:\/\/www.facebook.com\/Knji%c5%benica-U-Pravi-Trenutak-378755409393101","article_modified_time":"2025-10-11T15:50:25+00:00","og_image":[{"width":1380,"height":2180,"url":"https:\/\/upravitrenutak.com\/wp-content\/uploads\/2020\/07\/Bra\u010dna-abeceda.jpg","type":"image\/jpeg"}],"twitter_card":"summary_large_image","twitter_misc":{"Procijenjeno vrijeme \u010ditanja":"1 minuta"},"schema":{"@context":"https:\/\/schema.org","@graph":[{"@type":"WebPage","@id":"https:\/\/upravitrenutak.com\/?product=bracna-abeceda-christa-meves","url":"https:\/\/upravitrenutak.com\/?product=bracna-abeceda-christa-meves","name":"Bra\u010dna abeceda - Christa Meves - U Pravi Trenutak","isPartOf":{"@id":"https:\/\/upravitrenutak.com\/#website"},"primaryImageOfPage":{"@id":"https:\/\/upravitrenutak.com\/?product=bracna-abeceda-christa-meves#primaryimage"},"image":{"@id":"https:\/\/upravitrenutak.com\/?product=bracna-abeceda-christa-meves#primaryimage"},"thumbnailUrl":"https:\/\/upravitrenutak.com\/wp-content\/uploads\/2020\/07\/Bra\u010dna-abeceda.jpg","datePublished":"2020-07-30T11:43:09+00:00","dateModified":"2025-10-11T15:50:25+00:00","breadcrumb":{"@id":"https:\/\/upravitrenutak.com\/?product=bracna-abeceda-christa-meves#breadcrumb"},"inLanguage":"hr","potentialAction":[{"@type":"ReadAction","target":["https:\/\/upravitrenutak.com\/?product=bracna-abeceda-christa-meves"]}]},{"@type":"ImageObject","inLanguage":"hr","@id":"https:\/\/upravitrenutak.com\/?product=bracna-abeceda-christa-meves#primaryimage","url":"https:\/\/upravitrenutak.com\/wp-content\/uploads\/2020\/07\/Bra\u010dna-abeceda.jpg","contentUrl":"https:\/\/upravitrenutak.com\/wp-content\/uploads\/2020\/07\/Bra\u010dna-abeceda.jpg","width":1380,"height":2180},{"@type":"BreadcrumbList","@id":"https:\/\/upravitrenutak.com\/?product=bracna-abeceda-christa-meves#breadcrumb","itemListElement":[{"@type":"ListItem","position":1,"name":"Po\u010detna stranica","item":"https:\/\/upravitrenutak.com\/"},{"@type":"ListItem","position":2,"name":"Cjelokupna ponuda","item":"https:\/\/upravitrenutak.com\/?page_id=2362"},{"@type":"ListItem","position":3,"name":"Bra\u010dna abeceda &#8211; Christa Meves"}]},{"@type":"WebSite","@id":"https:\/\/upravitrenutak.com\/#website","url":"https:\/\/upravitrenutak.com\/","name":"U Pravi Trenutak","description":"Online Knji\u017eara","potentialAction":[{"@type":"SearchAction","target":{"@type":"EntryPoint","urlTemplate":"https:\/\/upravitrenutak.com\/?s={search_term_string}"},"query-input":{"@type":"PropertyValueSpecification","valueRequired":true,"valueName":"search_term_string"}}],"inLanguage":"hr"}]}},"_links":{"self":[{"href":"https:\/\/upravitrenutak.com\/index.php?rest_route=\/wp\/v2\/product\/2954","targetHints":{"allow":["GET"]}}],"collection":[{"href":"https:\/\/upravitrenutak.com\/index.php?rest_route=\/wp\/v2\/product"}],"about":[{"href":"https:\/\/upravitrenutak.com\/index.php?rest_route=\/wp\/v2\/types\/product"}],"replies":[{"embeddable":true,"href":"https:\/\/upravitrenutak.com\/index.php?rest_route=%2Fwp%2Fv2%2Fcomments&post=2954"}],"wp:featuredmedia":[{"embeddable":true,"href":"https:\/\/upravitrenutak.com\/index.php?rest_route=\/wp\/v2\/media\/2955"}],"wp:attachment":[{"href":"https:\/\/upravitrenutak.com\/index.php?rest_route=%2Fwp%2Fv2%2Fmedia&parent=2954"}],"wp:term":[{"taxonomy":"product_brand","embeddable":true,"href":"https:\/\/upravitrenutak.com\/index.php?rest_route=%2Fwp%2Fv2%2Fproduct_brand&post=2954"},{"taxonomy":"product_cat","embeddable":true,"href":"https:\/\/upravitrenutak.com\/index.php?rest_route=%2Fwp%2Fv2%2Fproduct_cat&post=2954"},{"taxonomy":"product_tag","embeddable":true,"href":"https:\/\/upravitrenutak.com\/index.php?rest_route=%2Fwp%2Fv2%2Fproduct_tag&post=2954"}],"curies":[{"name":"wp","href":"https:\/\/api.w.org\/{rel}","templated":true}]}}