{"id":3022,"date":"2020-08-03T07:05:28","date_gmt":"2020-08-03T07:05:28","guid":{"rendered":"https:\/\/upravitrenutak.com\/?post_type=product&#038;p=3022"},"modified":"2026-03-06T09:35:04","modified_gmt":"2026-03-06T09:35:04","slug":"savez-bez-imena-phil-bosmans","status":"publish","type":"product","link":"https:\/\/upravitrenutak.com\/?product=savez-bez-imena-phil-bosmans","title":{"rendered":"Savez bez imena &#8211; Phil Bosmans"},"content":{"rendered":"<p>Meki uvez.<\/p>\n<p>Dimenzije: 200 x 110.<\/p>\n<p>35 stranica.<\/p>\n","protected":false},"excerpt":{"rendered":"<p>&#8220;Savez bez imena&#8221;: tako se zove pokret za vi\u0161e \u010dovje\u010dnosti u modernome svijetu, za vi\u0161e srca u zajedni\u010dkome \u017eivotu ljudi. Pokret je osnova Phil Bosmans, zaljubljenik u &#8220;maloga \u010dovjeka&#8221; i dobar poznavatelj ljudi. Poruka njegovih knjiga neodvojiva je od toga pokreta. Pokret je otvoren i nije vezan ni uz religijsku ni uz strana\u010dku opredijeljenost. Uvijek je rije\u010d o izmijenjenu stavu prema \u017eivotu, o novom stilu \u017eivota, o &#8220;kulturi srca&#8221; &#8211; Savez bez imena je pokret za \u017eivot sa srcem i kulturu ljubavi u na\u0161emu svijetu.<\/p>\n","protected":false},"featured_media":3023,"comment_status":"open","ping_status":"closed","template":"","meta":[],"product_brand":[],"product_cat":[138,85],"product_tag":[100,104],"class_list":{"0":"post-3022","1":"product","2":"type-product","3":"status-publish","4":"has-post-thumbnail","6":"product_cat-akcijske","7":"product_cat-krscanska-sadasnjost-d-o-o","8":"product_tag-misli","9":"product_tag-razmatranja","11":"first","12":"outofstock","13":"sale","14":"shipping-taxable","15":"purchasable","16":"product-type-simple"},"yoast_head":"<!-- This site is optimized with the Yoast SEO plugin v27.4 - https:\/\/yoast.com\/product\/yoast-seo-wordpress\/ -->\n<title>Savez bez imena - Phil Bosmans - U Pravi Trenutak<\/title>\n<meta name=\"robots\" content=\"index, follow, max-snippet:-1, max-image-preview:large, max-video-preview:-1\" \/>\n<link rel=\"canonical\" href=\"https:\/\/upravitrenutak.com\/?product=savez-bez-imena-phil-bosmans\" \/>\n<meta property=\"og:locale\" content=\"hr_HR\" \/>\n<meta property=\"og:type\" content=\"article\" \/>\n<meta property=\"og:title\" content=\"Savez bez imena - Phil Bosmans - U Pravi Trenutak\" \/>\n<meta property=\"og:description\" content=\"&quot;Savez bez imena&quot;: tako se zove pokret za vi\u0161e \u010dovje\u010dnosti u modernome svijetu, za vi\u0161e srca u zajedni\u010dkome \u017eivotu ljudi. Pokret je osnova Phil Bosmans, zaljubljenik u &quot;maloga \u010dovjeka&quot; i dobar poznavatelj ljudi. Poruka njegovih knjiga neodvojiva je od toga pokreta. Pokret je otvoren i nije vezan ni uz religijsku ni uz strana\u010dku opredijeljenost. Uvijek je rije\u010d o izmijenjenu stavu prema \u017eivotu, o novom stilu \u017eivota, o &quot;kulturi srca&quot; - Savez bez imena je pokret za \u017eivot sa srcem i kulturu ljubavi u na\u0161emu svijetu.\" \/>\n<meta property=\"og:url\" content=\"https:\/\/upravitrenutak.com\/?product=savez-bez-imena-phil-bosmans\" \/>\n<meta property=\"og:site_name\" content=\"U Pravi Trenutak\" \/>\n<meta property=\"article:publisher\" content=\"https:\/\/www.facebook.com\/Knji%c5%benica-U-Pravi-Trenutak-378755409393101\" \/>\n<meta property=\"article:modified_time\" content=\"2026-03-06T09:35:04+00:00\" \/>\n<meta property=\"og:image\" content=\"https:\/\/upravitrenutak.com\/wp-content\/uploads\/2020\/08\/944.jpg\" \/>\n\t<meta property=\"og:image:width\" content=\"162\" \/>\n\t<meta property=\"og:image:height\" content=\"300\" \/>\n\t<meta property=\"og:image:type\" content=\"image\/jpeg\" \/>\n<meta name=\"twitter:card\" content=\"summary_large_image\" \/>\n<script type=\"application\/ld+json\" class=\"yoast-schema-graph\">{\"@context\":\"https:\\\/\\\/schema.org\",\"@graph\":[{\"@type\":\"WebPage\",\"@id\":\"https:\\\/\\\/upravitrenutak.com\\\/?product=savez-bez-imena-phil-bosmans\",\"url\":\"https:\\\/\\\/upravitrenutak.com\\\/?product=savez-bez-imena-phil-bosmans\",\"name\":\"Savez bez imena - Phil Bosmans - U Pravi Trenutak\",\"isPartOf\":{\"@id\":\"https:\\\/\\\/upravitrenutak.com\\\/#website\"},\"primaryImageOfPage\":{\"@id\":\"https:\\\/\\\/upravitrenutak.com\\\/?product=savez-bez-imena-phil-bosmans#primaryimage\"},\"image\":{\"@id\":\"https:\\\/\\\/upravitrenutak.com\\\/?product=savez-bez-imena-phil-bosmans#primaryimage\"},\"thumbnailUrl\":\"https:\\\/\\\/upravitrenutak.com\\\/wp-content\\\/uploads\\\/2020\\\/08\\\/944.jpg\",\"datePublished\":\"2020-08-03T07:05:28+00:00\",\"dateModified\":\"2026-03-06T09:35:04+00:00\",\"breadcrumb\":{\"@id\":\"https:\\\/\\\/upravitrenutak.com\\\/?product=savez-bez-imena-phil-bosmans#breadcrumb\"},\"inLanguage\":\"hr\",\"potentialAction\":[{\"@type\":\"ReadAction\",\"target\":[\"https:\\\/\\\/upravitrenutak.com\\\/?product=savez-bez-imena-phil-bosmans\"]}]},{\"@type\":\"ImageObject\",\"inLanguage\":\"hr\",\"@id\":\"https:\\\/\\\/upravitrenutak.com\\\/?product=savez-bez-imena-phil-bosmans#primaryimage\",\"url\":\"https:\\\/\\\/upravitrenutak.com\\\/wp-content\\\/uploads\\\/2020\\\/08\\\/944.jpg\",\"contentUrl\":\"https:\\\/\\\/upravitrenutak.com\\\/wp-content\\\/uploads\\\/2020\\\/08\\\/944.jpg\",\"width\":162,\"height\":300},{\"@type\":\"BreadcrumbList\",\"@id\":\"https:\\\/\\\/upravitrenutak.com\\\/?product=savez-bez-imena-phil-bosmans#breadcrumb\",\"itemListElement\":[{\"@type\":\"ListItem\",\"position\":1,\"name\":\"Po\u010detna stranica\",\"item\":\"https:\\\/\\\/upravitrenutak.com\\\/\"},{\"@type\":\"ListItem\",\"position\":2,\"name\":\"Cjelokupna ponuda\",\"item\":\"https:\\\/\\\/upravitrenutak.com\\\/?page_id=2362\"},{\"@type\":\"ListItem\",\"position\":3,\"name\":\"Savez bez imena &#8211; Phil Bosmans\"}]},{\"@type\":\"WebSite\",\"@id\":\"https:\\\/\\\/upravitrenutak.com\\\/#website\",\"url\":\"https:\\\/\\\/upravitrenutak.com\\\/\",\"name\":\"U Pravi Trenutak\",\"description\":\"Online Knji\u017eara\",\"potentialAction\":[{\"@type\":\"SearchAction\",\"target\":{\"@type\":\"EntryPoint\",\"urlTemplate\":\"https:\\\/\\\/upravitrenutak.com\\\/?s={search_term_string}\"},\"query-input\":{\"@type\":\"PropertyValueSpecification\",\"valueRequired\":true,\"valueName\":\"search_term_string\"}}],\"inLanguage\":\"hr\"}]}<\/script>\n<!-- \/ Yoast SEO plugin. -->","yoast_head_json":{"title":"Savez bez imena - Phil Bosmans - U Pravi Trenutak","robots":{"index":"index","follow":"follow","max-snippet":"max-snippet:-1","max-image-preview":"max-image-preview:large","max-video-preview":"max-video-preview:-1"},"canonical":"https:\/\/upravitrenutak.com\/?product=savez-bez-imena-phil-bosmans","og_locale":"hr_HR","og_type":"article","og_title":"Savez bez imena - Phil Bosmans - U Pravi Trenutak","og_description":"\"Savez bez imena\": tako se zove pokret za vi\u0161e \u010dovje\u010dnosti u modernome svijetu, za vi\u0161e srca u zajedni\u010dkome \u017eivotu ljudi. Pokret je osnova Phil Bosmans, zaljubljenik u \"maloga \u010dovjeka\" i dobar poznavatelj ljudi. Poruka njegovih knjiga neodvojiva je od toga pokreta. Pokret je otvoren i nije vezan ni uz religijsku ni uz strana\u010dku opredijeljenost. Uvijek je rije\u010d o izmijenjenu stavu prema \u017eivotu, o novom stilu \u017eivota, o \"kulturi srca\" - Savez bez imena je pokret za \u017eivot sa srcem i kulturu ljubavi u na\u0161emu svijetu.","og_url":"https:\/\/upravitrenutak.com\/?product=savez-bez-imena-phil-bosmans","og_site_name":"U Pravi Trenutak","article_publisher":"https:\/\/www.facebook.com\/Knji%c5%benica-U-Pravi-Trenutak-378755409393101","article_modified_time":"2026-03-06T09:35:04+00:00","og_image":[{"width":162,"height":300,"url":"https:\/\/upravitrenutak.com\/wp-content\/uploads\/2020\/08\/944.jpg","type":"image\/jpeg"}],"twitter_card":"summary_large_image","schema":{"@context":"https:\/\/schema.org","@graph":[{"@type":"WebPage","@id":"https:\/\/upravitrenutak.com\/?product=savez-bez-imena-phil-bosmans","url":"https:\/\/upravitrenutak.com\/?product=savez-bez-imena-phil-bosmans","name":"Savez bez imena - Phil Bosmans - U Pravi Trenutak","isPartOf":{"@id":"https:\/\/upravitrenutak.com\/#website"},"primaryImageOfPage":{"@id":"https:\/\/upravitrenutak.com\/?product=savez-bez-imena-phil-bosmans#primaryimage"},"image":{"@id":"https:\/\/upravitrenutak.com\/?product=savez-bez-imena-phil-bosmans#primaryimage"},"thumbnailUrl":"https:\/\/upravitrenutak.com\/wp-content\/uploads\/2020\/08\/944.jpg","datePublished":"2020-08-03T07:05:28+00:00","dateModified":"2026-03-06T09:35:04+00:00","breadcrumb":{"@id":"https:\/\/upravitrenutak.com\/?product=savez-bez-imena-phil-bosmans#breadcrumb"},"inLanguage":"hr","potentialAction":[{"@type":"ReadAction","target":["https:\/\/upravitrenutak.com\/?product=savez-bez-imena-phil-bosmans"]}]},{"@type":"ImageObject","inLanguage":"hr","@id":"https:\/\/upravitrenutak.com\/?product=savez-bez-imena-phil-bosmans#primaryimage","url":"https:\/\/upravitrenutak.com\/wp-content\/uploads\/2020\/08\/944.jpg","contentUrl":"https:\/\/upravitrenutak.com\/wp-content\/uploads\/2020\/08\/944.jpg","width":162,"height":300},{"@type":"BreadcrumbList","@id":"https:\/\/upravitrenutak.com\/?product=savez-bez-imena-phil-bosmans#breadcrumb","itemListElement":[{"@type":"ListItem","position":1,"name":"Po\u010detna stranica","item":"https:\/\/upravitrenutak.com\/"},{"@type":"ListItem","position":2,"name":"Cjelokupna ponuda","item":"https:\/\/upravitrenutak.com\/?page_id=2362"},{"@type":"ListItem","position":3,"name":"Savez bez imena &#8211; Phil Bosmans"}]},{"@type":"WebSite","@id":"https:\/\/upravitrenutak.com\/#website","url":"https:\/\/upravitrenutak.com\/","name":"U Pravi Trenutak","description":"Online Knji\u017eara","potentialAction":[{"@type":"SearchAction","target":{"@type":"EntryPoint","urlTemplate":"https:\/\/upravitrenutak.com\/?s={search_term_string}"},"query-input":{"@type":"PropertyValueSpecification","valueRequired":true,"valueName":"search_term_string"}}],"inLanguage":"hr"}]}},"_links":{"self":[{"href":"https:\/\/upravitrenutak.com\/index.php?rest_route=\/wp\/v2\/product\/3022","targetHints":{"allow":["GET"]}}],"collection":[{"href":"https:\/\/upravitrenutak.com\/index.php?rest_route=\/wp\/v2\/product"}],"about":[{"href":"https:\/\/upravitrenutak.com\/index.php?rest_route=\/wp\/v2\/types\/product"}],"replies":[{"embeddable":true,"href":"https:\/\/upravitrenutak.com\/index.php?rest_route=%2Fwp%2Fv2%2Fcomments&post=3022"}],"wp:featuredmedia":[{"embeddable":true,"href":"https:\/\/upravitrenutak.com\/index.php?rest_route=\/wp\/v2\/media\/3023"}],"wp:attachment":[{"href":"https:\/\/upravitrenutak.com\/index.php?rest_route=%2Fwp%2Fv2%2Fmedia&parent=3022"}],"wp:term":[{"taxonomy":"product_brand","embeddable":true,"href":"https:\/\/upravitrenutak.com\/index.php?rest_route=%2Fwp%2Fv2%2Fproduct_brand&post=3022"},{"taxonomy":"product_cat","embeddable":true,"href":"https:\/\/upravitrenutak.com\/index.php?rest_route=%2Fwp%2Fv2%2Fproduct_cat&post=3022"},{"taxonomy":"product_tag","embeddable":true,"href":"https:\/\/upravitrenutak.com\/index.php?rest_route=%2Fwp%2Fv2%2Fproduct_tag&post=3022"}],"curies":[{"name":"wp","href":"https:\/\/api.w.org\/{rel}","templated":true}]}}