{"id":3098,"date":"2020-08-08T08:08:22","date_gmt":"2020-08-08T08:08:22","guid":{"rendered":"https:\/\/upravitrenutak.com\/?post_type=product&#038;p=3098"},"modified":"2024-09-01T13:47:02","modified_gmt":"2024-09-01T13:47:02","slug":"crkva-fundamentalno-teoloska-ekleziologija-tomislav-ivancic","status":"publish","type":"product","link":"https:\/\/upravitrenutak.com\/?product=crkva-fundamentalno-teoloska-ekleziologija-tomislav-ivancic","title":{"rendered":"Crkva Fundamentalno &#8211; teolo\u0161ka ekleziologija &#8211; Tomislav Ivan\u010di\u0107"},"content":{"rendered":"<p>Tvrdi uvez.<\/p>\n<p>Dimenzije: 210 x 135.<\/p>\n<p>348 stranica.<\/p>\n","protected":false},"excerpt":{"rendered":"<p>Ovom opse\u017enom studijom i Tomislav Ivan\u010di\u0107 daje znatan obol suvremenim ekleziolo\u0161kim istra\u017eivanjima. Samo \u017eiva Crkva mo\u017ee biti uvjerljiva Crkva, a pokrenuti je mogu svojim doprinosom anga\u017eirani vjernici. Knjiga je izuzetno vrijedna teolo\u0161ka studija pisana te\u010dno i pitko pa je kao takva jednako korisna i namijenjena teolozima, filozofima i drugim znanstvenicima, kao i naj\u0161iroj \u010ditala\u010dkoj publici.<\/p>\n","protected":false},"featured_media":3099,"comment_status":"open","ping_status":"closed","template":"","meta":[],"product_brand":[],"product_cat":[138,84],"product_tag":[116],"class_list":{"0":"post-3098","1":"product","2":"type-product","3":"status-publish","4":"has-post-thumbnail","6":"product_cat-akcijske","7":"product_cat-teovizija-d-o-o","8":"product_tag-teologija","10":"first","11":"outofstock","12":"sale","13":"shipping-taxable","14":"purchasable","15":"product-type-simple"},"yoast_head":"<!-- This site is optimized with the Yoast SEO plugin v27.4 - https:\/\/yoast.com\/product\/yoast-seo-wordpress\/ -->\n<title>Crkva Fundamentalno - teolo\u0161ka ekleziologija - Tomislav Ivan\u010di\u0107 - U Pravi Trenutak<\/title>\n<meta name=\"robots\" content=\"index, follow, max-snippet:-1, max-image-preview:large, max-video-preview:-1\" \/>\n<link rel=\"canonical\" href=\"https:\/\/upravitrenutak.com\/?product=crkva-fundamentalno-teoloska-ekleziologija-tomislav-ivancic\" \/>\n<meta property=\"og:locale\" content=\"hr_HR\" \/>\n<meta property=\"og:type\" content=\"article\" \/>\n<meta property=\"og:title\" content=\"Crkva Fundamentalno - teolo\u0161ka ekleziologija - Tomislav Ivan\u010di\u0107 - U Pravi Trenutak\" \/>\n<meta property=\"og:description\" content=\"Ovom opse\u017enom studijom i Tomislav Ivan\u010di\u0107 daje znatan obol suvremenim ekleziolo\u0161kim istra\u017eivanjima. Samo \u017eiva Crkva mo\u017ee biti uvjerljiva Crkva, a pokrenuti je mogu svojim doprinosom anga\u017eirani vjernici. Knjiga je izuzetno vrijedna teolo\u0161ka studija pisana te\u010dno i pitko pa je kao takva jednako korisna i namijenjena teolozima, filozofima i drugim znanstvenicima, kao i naj\u0161iroj \u010ditala\u010dkoj publici.\" \/>\n<meta property=\"og:url\" content=\"https:\/\/upravitrenutak.com\/?product=crkva-fundamentalno-teoloska-ekleziologija-tomislav-ivancic\" \/>\n<meta property=\"og:site_name\" content=\"U Pravi Trenutak\" \/>\n<meta property=\"article:publisher\" content=\"https:\/\/www.facebook.com\/Knji%c5%benica-U-Pravi-Trenutak-378755409393101\" \/>\n<meta property=\"article:modified_time\" content=\"2024-09-01T13:47:02+00:00\" \/>\n<meta property=\"og:image\" content=\"https:\/\/upravitrenutak.com\/wp-content\/uploads\/2020\/08\/ti-crkvafundament.jpg\" \/>\n\t<meta property=\"og:image:width\" content=\"1154\" \/>\n\t<meta property=\"og:image:height\" content=\"1537\" \/>\n\t<meta property=\"og:image:type\" content=\"image\/jpeg\" \/>\n<meta name=\"twitter:card\" content=\"summary_large_image\" \/>\n<script type=\"application\/ld+json\" class=\"yoast-schema-graph\">{\"@context\":\"https:\\\/\\\/schema.org\",\"@graph\":[{\"@type\":\"WebPage\",\"@id\":\"https:\\\/\\\/upravitrenutak.com\\\/?product=crkva-fundamentalno-teoloska-ekleziologija-tomislav-ivancic\",\"url\":\"https:\\\/\\\/upravitrenutak.com\\\/?product=crkva-fundamentalno-teoloska-ekleziologija-tomislav-ivancic\",\"name\":\"Crkva Fundamentalno - teolo\u0161ka ekleziologija - Tomislav Ivan\u010di\u0107 - U Pravi Trenutak\",\"isPartOf\":{\"@id\":\"https:\\\/\\\/upravitrenutak.com\\\/#website\"},\"primaryImageOfPage\":{\"@id\":\"https:\\\/\\\/upravitrenutak.com\\\/?product=crkva-fundamentalno-teoloska-ekleziologija-tomislav-ivancic#primaryimage\"},\"image\":{\"@id\":\"https:\\\/\\\/upravitrenutak.com\\\/?product=crkva-fundamentalno-teoloska-ekleziologija-tomislav-ivancic#primaryimage\"},\"thumbnailUrl\":\"https:\\\/\\\/upravitrenutak.com\\\/wp-content\\\/uploads\\\/2020\\\/08\\\/ti-crkvafundament.jpg\",\"datePublished\":\"2020-08-08T08:08:22+00:00\",\"dateModified\":\"2024-09-01T13:47:02+00:00\",\"breadcrumb\":{\"@id\":\"https:\\\/\\\/upravitrenutak.com\\\/?product=crkva-fundamentalno-teoloska-ekleziologija-tomislav-ivancic#breadcrumb\"},\"inLanguage\":\"hr\",\"potentialAction\":[{\"@type\":\"ReadAction\",\"target\":[\"https:\\\/\\\/upravitrenutak.com\\\/?product=crkva-fundamentalno-teoloska-ekleziologija-tomislav-ivancic\"]}]},{\"@type\":\"ImageObject\",\"inLanguage\":\"hr\",\"@id\":\"https:\\\/\\\/upravitrenutak.com\\\/?product=crkva-fundamentalno-teoloska-ekleziologija-tomislav-ivancic#primaryimage\",\"url\":\"https:\\\/\\\/upravitrenutak.com\\\/wp-content\\\/uploads\\\/2020\\\/08\\\/ti-crkvafundament.jpg\",\"contentUrl\":\"https:\\\/\\\/upravitrenutak.com\\\/wp-content\\\/uploads\\\/2020\\\/08\\\/ti-crkvafundament.jpg\",\"width\":1154,\"height\":1537},{\"@type\":\"BreadcrumbList\",\"@id\":\"https:\\\/\\\/upravitrenutak.com\\\/?product=crkva-fundamentalno-teoloska-ekleziologija-tomislav-ivancic#breadcrumb\",\"itemListElement\":[{\"@type\":\"ListItem\",\"position\":1,\"name\":\"Po\u010detna stranica\",\"item\":\"https:\\\/\\\/upravitrenutak.com\\\/\"},{\"@type\":\"ListItem\",\"position\":2,\"name\":\"Cjelokupna ponuda\",\"item\":\"https:\\\/\\\/upravitrenutak.com\\\/?page_id=2362\"},{\"@type\":\"ListItem\",\"position\":3,\"name\":\"Crkva Fundamentalno &#8211; teolo\u0161ka ekleziologija &#8211; Tomislav Ivan\u010di\u0107\"}]},{\"@type\":\"WebSite\",\"@id\":\"https:\\\/\\\/upravitrenutak.com\\\/#website\",\"url\":\"https:\\\/\\\/upravitrenutak.com\\\/\",\"name\":\"U Pravi Trenutak\",\"description\":\"Online Knji\u017eara\",\"potentialAction\":[{\"@type\":\"SearchAction\",\"target\":{\"@type\":\"EntryPoint\",\"urlTemplate\":\"https:\\\/\\\/upravitrenutak.com\\\/?s={search_term_string}\"},\"query-input\":{\"@type\":\"PropertyValueSpecification\",\"valueRequired\":true,\"valueName\":\"search_term_string\"}}],\"inLanguage\":\"hr\"}]}<\/script>\n<!-- \/ Yoast SEO plugin. -->","yoast_head_json":{"title":"Crkva Fundamentalno - teolo\u0161ka ekleziologija - Tomislav Ivan\u010di\u0107 - U Pravi Trenutak","robots":{"index":"index","follow":"follow","max-snippet":"max-snippet:-1","max-image-preview":"max-image-preview:large","max-video-preview":"max-video-preview:-1"},"canonical":"https:\/\/upravitrenutak.com\/?product=crkva-fundamentalno-teoloska-ekleziologija-tomislav-ivancic","og_locale":"hr_HR","og_type":"article","og_title":"Crkva Fundamentalno - teolo\u0161ka ekleziologija - Tomislav Ivan\u010di\u0107 - U Pravi Trenutak","og_description":"Ovom opse\u017enom studijom i Tomislav Ivan\u010di\u0107 daje znatan obol suvremenim ekleziolo\u0161kim istra\u017eivanjima. Samo \u017eiva Crkva mo\u017ee biti uvjerljiva Crkva, a pokrenuti je mogu svojim doprinosom anga\u017eirani vjernici. Knjiga je izuzetno vrijedna teolo\u0161ka studija pisana te\u010dno i pitko pa je kao takva jednako korisna i namijenjena teolozima, filozofima i drugim znanstvenicima, kao i naj\u0161iroj \u010ditala\u010dkoj publici.","og_url":"https:\/\/upravitrenutak.com\/?product=crkva-fundamentalno-teoloska-ekleziologija-tomislav-ivancic","og_site_name":"U Pravi Trenutak","article_publisher":"https:\/\/www.facebook.com\/Knji%c5%benica-U-Pravi-Trenutak-378755409393101","article_modified_time":"2024-09-01T13:47:02+00:00","og_image":[{"width":1154,"height":1537,"url":"https:\/\/upravitrenutak.com\/wp-content\/uploads\/2020\/08\/ti-crkvafundament.jpg","type":"image\/jpeg"}],"twitter_card":"summary_large_image","schema":{"@context":"https:\/\/schema.org","@graph":[{"@type":"WebPage","@id":"https:\/\/upravitrenutak.com\/?product=crkva-fundamentalno-teoloska-ekleziologija-tomislav-ivancic","url":"https:\/\/upravitrenutak.com\/?product=crkva-fundamentalno-teoloska-ekleziologija-tomislav-ivancic","name":"Crkva Fundamentalno - teolo\u0161ka ekleziologija - Tomislav Ivan\u010di\u0107 - U Pravi Trenutak","isPartOf":{"@id":"https:\/\/upravitrenutak.com\/#website"},"primaryImageOfPage":{"@id":"https:\/\/upravitrenutak.com\/?product=crkva-fundamentalno-teoloska-ekleziologija-tomislav-ivancic#primaryimage"},"image":{"@id":"https:\/\/upravitrenutak.com\/?product=crkva-fundamentalno-teoloska-ekleziologija-tomislav-ivancic#primaryimage"},"thumbnailUrl":"https:\/\/upravitrenutak.com\/wp-content\/uploads\/2020\/08\/ti-crkvafundament.jpg","datePublished":"2020-08-08T08:08:22+00:00","dateModified":"2024-09-01T13:47:02+00:00","breadcrumb":{"@id":"https:\/\/upravitrenutak.com\/?product=crkva-fundamentalno-teoloska-ekleziologija-tomislav-ivancic#breadcrumb"},"inLanguage":"hr","potentialAction":[{"@type":"ReadAction","target":["https:\/\/upravitrenutak.com\/?product=crkva-fundamentalno-teoloska-ekleziologija-tomislav-ivancic"]}]},{"@type":"ImageObject","inLanguage":"hr","@id":"https:\/\/upravitrenutak.com\/?product=crkva-fundamentalno-teoloska-ekleziologija-tomislav-ivancic#primaryimage","url":"https:\/\/upravitrenutak.com\/wp-content\/uploads\/2020\/08\/ti-crkvafundament.jpg","contentUrl":"https:\/\/upravitrenutak.com\/wp-content\/uploads\/2020\/08\/ti-crkvafundament.jpg","width":1154,"height":1537},{"@type":"BreadcrumbList","@id":"https:\/\/upravitrenutak.com\/?product=crkva-fundamentalno-teoloska-ekleziologija-tomislav-ivancic#breadcrumb","itemListElement":[{"@type":"ListItem","position":1,"name":"Po\u010detna stranica","item":"https:\/\/upravitrenutak.com\/"},{"@type":"ListItem","position":2,"name":"Cjelokupna ponuda","item":"https:\/\/upravitrenutak.com\/?page_id=2362"},{"@type":"ListItem","position":3,"name":"Crkva Fundamentalno &#8211; teolo\u0161ka ekleziologija &#8211; Tomislav Ivan\u010di\u0107"}]},{"@type":"WebSite","@id":"https:\/\/upravitrenutak.com\/#website","url":"https:\/\/upravitrenutak.com\/","name":"U Pravi Trenutak","description":"Online Knji\u017eara","potentialAction":[{"@type":"SearchAction","target":{"@type":"EntryPoint","urlTemplate":"https:\/\/upravitrenutak.com\/?s={search_term_string}"},"query-input":{"@type":"PropertyValueSpecification","valueRequired":true,"valueName":"search_term_string"}}],"inLanguage":"hr"}]}},"_links":{"self":[{"href":"https:\/\/upravitrenutak.com\/index.php?rest_route=\/wp\/v2\/product\/3098","targetHints":{"allow":["GET"]}}],"collection":[{"href":"https:\/\/upravitrenutak.com\/index.php?rest_route=\/wp\/v2\/product"}],"about":[{"href":"https:\/\/upravitrenutak.com\/index.php?rest_route=\/wp\/v2\/types\/product"}],"replies":[{"embeddable":true,"href":"https:\/\/upravitrenutak.com\/index.php?rest_route=%2Fwp%2Fv2%2Fcomments&post=3098"}],"wp:featuredmedia":[{"embeddable":true,"href":"https:\/\/upravitrenutak.com\/index.php?rest_route=\/wp\/v2\/media\/3099"}],"wp:attachment":[{"href":"https:\/\/upravitrenutak.com\/index.php?rest_route=%2Fwp%2Fv2%2Fmedia&parent=3098"}],"wp:term":[{"taxonomy":"product_brand","embeddable":true,"href":"https:\/\/upravitrenutak.com\/index.php?rest_route=%2Fwp%2Fv2%2Fproduct_brand&post=3098"},{"taxonomy":"product_cat","embeddable":true,"href":"https:\/\/upravitrenutak.com\/index.php?rest_route=%2Fwp%2Fv2%2Fproduct_cat&post=3098"},{"taxonomy":"product_tag","embeddable":true,"href":"https:\/\/upravitrenutak.com\/index.php?rest_route=%2Fwp%2Fv2%2Fproduct_tag&post=3098"}],"curies":[{"name":"wp","href":"https:\/\/api.w.org\/{rel}","templated":true}]}}