{"id":3118,"date":"2020-08-08T09:34:30","date_gmt":"2020-08-08T09:34:30","guid":{"rendered":"https:\/\/upravitrenutak.com\/?post_type=product&#038;p=3118"},"modified":"2024-03-17T12:56:08","modified_gmt":"2024-03-17T12:56:08","slug":"prenosenje-vjere-u-obitelji-odilo-lechner","status":"publish","type":"product","link":"https:\/\/upravitrenutak.com\/?product=prenosenje-vjere-u-obitelji-odilo-lechner","title":{"rendered":"Preno\u0161enje vjere u obitelji &#8211; Odilo Lechner"},"content":{"rendered":"<p>Tvrdi uvez.<\/p>\n<p>Dimenzije: 210 x 145.<\/p>\n<p>91 stranica.<\/p>\n","protected":false},"excerpt":{"rendered":"<p>Lektira za bake i djedove. Iako se mnogi \u010desto pitaju ima li uop\u0107e smisla odgajati djecu u vjeri ako \u0107e ona poslije ionako potpasti pod sna\u017ean utjecaj okoline i odlu\u010divati sama za sebe, mnogi ljudi, ipak, imaju potrebu na djecu i unuke prenijeti svoju vjeru. Uloga baka i djedova u tim zada\u0107ama, bolje re\u0107i poslanjima, je nezamjenjiva. Pokazalo se da mnogo ljudi pati \u0161to su se njihova odrasla djeca, a time i unuci, udaljili od Crkve. Mnoge mu\u010di pitanje: \u201eGdje smo pogrije\u0161ili da na\u0161a djeca i unuci vi\u0161e ne vjeruju i ne \u017eive na\u0161e kr\u0161\u0107anske vrijednosti?\u201c Stoga je ova knjiga s odgovorima na spomenute nedoumice dragocjena i jedinstvena na podru\u010dju.<\/p>\n","protected":false},"featured_media":3119,"comment_status":"open","ping_status":"closed","template":"","meta":[],"product_brand":[],"product_cat":[138,84],"product_tag":[106,102],"class_list":{"0":"post-3118","1":"product","2":"type-product","3":"status-publish","4":"has-post-thumbnail","6":"product_cat-akcijske","7":"product_cat-teovizija-d-o-o","8":"product_tag-obitelj","9":"product_tag-odgoj","11":"first","12":"outofstock","13":"sale","14":"shipping-taxable","15":"purchasable","16":"product-type-simple"},"yoast_head":"<!-- This site is optimized with the Yoast SEO plugin v27.4 - https:\/\/yoast.com\/product\/yoast-seo-wordpress\/ -->\n<title>Preno\u0161enje vjere u obitelji - Odilo Lechner - U Pravi Trenutak<\/title>\n<meta name=\"robots\" content=\"index, follow, max-snippet:-1, max-image-preview:large, max-video-preview:-1\" \/>\n<link rel=\"canonical\" href=\"https:\/\/upravitrenutak.com\/?product=prenosenje-vjere-u-obitelji-odilo-lechner\" \/>\n<meta property=\"og:locale\" content=\"hr_HR\" \/>\n<meta property=\"og:type\" content=\"article\" \/>\n<meta property=\"og:title\" content=\"Preno\u0161enje vjere u obitelji - Odilo Lechner - U Pravi Trenutak\" \/>\n<meta property=\"og:description\" content=\"Lektira za bake i djedove. Iako se mnogi \u010desto pitaju ima li uop\u0107e smisla odgajati djecu u vjeri ako \u0107e ona poslije ionako potpasti pod sna\u017ean utjecaj okoline i odlu\u010divati sama za sebe, mnogi ljudi, ipak, imaju potrebu na djecu i unuke prenijeti svoju vjeru. Uloga baka i djedova u tim zada\u0107ama, bolje re\u0107i poslanjima, je nezamjenjiva. Pokazalo se da mnogo ljudi pati \u0161to su se njihova odrasla djeca, a time i unuci, udaljili od Crkve. Mnoge mu\u010di pitanje: \u201eGdje smo pogrije\u0161ili da na\u0161a djeca i unuci vi\u0161e ne vjeruju i ne \u017eive na\u0161e kr\u0161\u0107anske vrijednosti?\u201c Stoga je ova knjiga s odgovorima na spomenute nedoumice dragocjena i jedinstvena na podru\u010dju.\" \/>\n<meta property=\"og:url\" content=\"https:\/\/upravitrenutak.com\/?product=prenosenje-vjere-u-obitelji-odilo-lechner\" \/>\n<meta property=\"og:site_name\" content=\"U Pravi Trenutak\" \/>\n<meta property=\"article:publisher\" content=\"https:\/\/www.facebook.com\/Knji%c5%benica-U-Pravi-Trenutak-378755409393101\" \/>\n<meta property=\"article:modified_time\" content=\"2024-03-17T12:56:08+00:00\" \/>\n<meta property=\"og:image\" content=\"https:\/\/upravitrenutak.com\/wp-content\/uploads\/2020\/08\/ol-prenosenj.jpg\" \/>\n\t<meta property=\"og:image:width\" content=\"1154\" \/>\n\t<meta property=\"og:image:height\" content=\"1537\" \/>\n\t<meta property=\"og:image:type\" content=\"image\/jpeg\" \/>\n<meta name=\"twitter:card\" content=\"summary_large_image\" \/>\n<script type=\"application\/ld+json\" class=\"yoast-schema-graph\">{\"@context\":\"https:\\\/\\\/schema.org\",\"@graph\":[{\"@type\":\"WebPage\",\"@id\":\"https:\\\/\\\/upravitrenutak.com\\\/?product=prenosenje-vjere-u-obitelji-odilo-lechner\",\"url\":\"https:\\\/\\\/upravitrenutak.com\\\/?product=prenosenje-vjere-u-obitelji-odilo-lechner\",\"name\":\"Preno\u0161enje vjere u obitelji - Odilo Lechner - U Pravi Trenutak\",\"isPartOf\":{\"@id\":\"https:\\\/\\\/upravitrenutak.com\\\/#website\"},\"primaryImageOfPage\":{\"@id\":\"https:\\\/\\\/upravitrenutak.com\\\/?product=prenosenje-vjere-u-obitelji-odilo-lechner#primaryimage\"},\"image\":{\"@id\":\"https:\\\/\\\/upravitrenutak.com\\\/?product=prenosenje-vjere-u-obitelji-odilo-lechner#primaryimage\"},\"thumbnailUrl\":\"https:\\\/\\\/upravitrenutak.com\\\/wp-content\\\/uploads\\\/2020\\\/08\\\/ol-prenosenj.jpg\",\"datePublished\":\"2020-08-08T09:34:30+00:00\",\"dateModified\":\"2024-03-17T12:56:08+00:00\",\"breadcrumb\":{\"@id\":\"https:\\\/\\\/upravitrenutak.com\\\/?product=prenosenje-vjere-u-obitelji-odilo-lechner#breadcrumb\"},\"inLanguage\":\"hr\",\"potentialAction\":[{\"@type\":\"ReadAction\",\"target\":[\"https:\\\/\\\/upravitrenutak.com\\\/?product=prenosenje-vjere-u-obitelji-odilo-lechner\"]}]},{\"@type\":\"ImageObject\",\"inLanguage\":\"hr\",\"@id\":\"https:\\\/\\\/upravitrenutak.com\\\/?product=prenosenje-vjere-u-obitelji-odilo-lechner#primaryimage\",\"url\":\"https:\\\/\\\/upravitrenutak.com\\\/wp-content\\\/uploads\\\/2020\\\/08\\\/ol-prenosenj.jpg\",\"contentUrl\":\"https:\\\/\\\/upravitrenutak.com\\\/wp-content\\\/uploads\\\/2020\\\/08\\\/ol-prenosenj.jpg\",\"width\":1154,\"height\":1537},{\"@type\":\"BreadcrumbList\",\"@id\":\"https:\\\/\\\/upravitrenutak.com\\\/?product=prenosenje-vjere-u-obitelji-odilo-lechner#breadcrumb\",\"itemListElement\":[{\"@type\":\"ListItem\",\"position\":1,\"name\":\"Po\u010detna stranica\",\"item\":\"https:\\\/\\\/upravitrenutak.com\\\/\"},{\"@type\":\"ListItem\",\"position\":2,\"name\":\"Cjelokupna ponuda\",\"item\":\"https:\\\/\\\/upravitrenutak.com\\\/?page_id=2362\"},{\"@type\":\"ListItem\",\"position\":3,\"name\":\"Preno\u0161enje vjere u obitelji &#8211; Odilo Lechner\"}]},{\"@type\":\"WebSite\",\"@id\":\"https:\\\/\\\/upravitrenutak.com\\\/#website\",\"url\":\"https:\\\/\\\/upravitrenutak.com\\\/\",\"name\":\"U Pravi Trenutak\",\"description\":\"Online Knji\u017eara\",\"potentialAction\":[{\"@type\":\"SearchAction\",\"target\":{\"@type\":\"EntryPoint\",\"urlTemplate\":\"https:\\\/\\\/upravitrenutak.com\\\/?s={search_term_string}\"},\"query-input\":{\"@type\":\"PropertyValueSpecification\",\"valueRequired\":true,\"valueName\":\"search_term_string\"}}],\"inLanguage\":\"hr\"}]}<\/script>\n<!-- \/ Yoast SEO plugin. -->","yoast_head_json":{"title":"Preno\u0161enje vjere u obitelji - Odilo Lechner - U Pravi Trenutak","robots":{"index":"index","follow":"follow","max-snippet":"max-snippet:-1","max-image-preview":"max-image-preview:large","max-video-preview":"max-video-preview:-1"},"canonical":"https:\/\/upravitrenutak.com\/?product=prenosenje-vjere-u-obitelji-odilo-lechner","og_locale":"hr_HR","og_type":"article","og_title":"Preno\u0161enje vjere u obitelji - Odilo Lechner - U Pravi Trenutak","og_description":"Lektira za bake i djedove. Iako se mnogi \u010desto pitaju ima li uop\u0107e smisla odgajati djecu u vjeri ako \u0107e ona poslije ionako potpasti pod sna\u017ean utjecaj okoline i odlu\u010divati sama za sebe, mnogi ljudi, ipak, imaju potrebu na djecu i unuke prenijeti svoju vjeru. Uloga baka i djedova u tim zada\u0107ama, bolje re\u0107i poslanjima, je nezamjenjiva. Pokazalo se da mnogo ljudi pati \u0161to su se njihova odrasla djeca, a time i unuci, udaljili od Crkve. Mnoge mu\u010di pitanje: \u201eGdje smo pogrije\u0161ili da na\u0161a djeca i unuci vi\u0161e ne vjeruju i ne \u017eive na\u0161e kr\u0161\u0107anske vrijednosti?\u201c Stoga je ova knjiga s odgovorima na spomenute nedoumice dragocjena i jedinstvena na podru\u010dju.","og_url":"https:\/\/upravitrenutak.com\/?product=prenosenje-vjere-u-obitelji-odilo-lechner","og_site_name":"U Pravi Trenutak","article_publisher":"https:\/\/www.facebook.com\/Knji%c5%benica-U-Pravi-Trenutak-378755409393101","article_modified_time":"2024-03-17T12:56:08+00:00","og_image":[{"width":1154,"height":1537,"url":"https:\/\/upravitrenutak.com\/wp-content\/uploads\/2020\/08\/ol-prenosenj.jpg","type":"image\/jpeg"}],"twitter_card":"summary_large_image","schema":{"@context":"https:\/\/schema.org","@graph":[{"@type":"WebPage","@id":"https:\/\/upravitrenutak.com\/?product=prenosenje-vjere-u-obitelji-odilo-lechner","url":"https:\/\/upravitrenutak.com\/?product=prenosenje-vjere-u-obitelji-odilo-lechner","name":"Preno\u0161enje vjere u obitelji - Odilo Lechner - U Pravi Trenutak","isPartOf":{"@id":"https:\/\/upravitrenutak.com\/#website"},"primaryImageOfPage":{"@id":"https:\/\/upravitrenutak.com\/?product=prenosenje-vjere-u-obitelji-odilo-lechner#primaryimage"},"image":{"@id":"https:\/\/upravitrenutak.com\/?product=prenosenje-vjere-u-obitelji-odilo-lechner#primaryimage"},"thumbnailUrl":"https:\/\/upravitrenutak.com\/wp-content\/uploads\/2020\/08\/ol-prenosenj.jpg","datePublished":"2020-08-08T09:34:30+00:00","dateModified":"2024-03-17T12:56:08+00:00","breadcrumb":{"@id":"https:\/\/upravitrenutak.com\/?product=prenosenje-vjere-u-obitelji-odilo-lechner#breadcrumb"},"inLanguage":"hr","potentialAction":[{"@type":"ReadAction","target":["https:\/\/upravitrenutak.com\/?product=prenosenje-vjere-u-obitelji-odilo-lechner"]}]},{"@type":"ImageObject","inLanguage":"hr","@id":"https:\/\/upravitrenutak.com\/?product=prenosenje-vjere-u-obitelji-odilo-lechner#primaryimage","url":"https:\/\/upravitrenutak.com\/wp-content\/uploads\/2020\/08\/ol-prenosenj.jpg","contentUrl":"https:\/\/upravitrenutak.com\/wp-content\/uploads\/2020\/08\/ol-prenosenj.jpg","width":1154,"height":1537},{"@type":"BreadcrumbList","@id":"https:\/\/upravitrenutak.com\/?product=prenosenje-vjere-u-obitelji-odilo-lechner#breadcrumb","itemListElement":[{"@type":"ListItem","position":1,"name":"Po\u010detna stranica","item":"https:\/\/upravitrenutak.com\/"},{"@type":"ListItem","position":2,"name":"Cjelokupna ponuda","item":"https:\/\/upravitrenutak.com\/?page_id=2362"},{"@type":"ListItem","position":3,"name":"Preno\u0161enje vjere u obitelji &#8211; Odilo Lechner"}]},{"@type":"WebSite","@id":"https:\/\/upravitrenutak.com\/#website","url":"https:\/\/upravitrenutak.com\/","name":"U Pravi Trenutak","description":"Online Knji\u017eara","potentialAction":[{"@type":"SearchAction","target":{"@type":"EntryPoint","urlTemplate":"https:\/\/upravitrenutak.com\/?s={search_term_string}"},"query-input":{"@type":"PropertyValueSpecification","valueRequired":true,"valueName":"search_term_string"}}],"inLanguage":"hr"}]}},"_links":{"self":[{"href":"https:\/\/upravitrenutak.com\/index.php?rest_route=\/wp\/v2\/product\/3118","targetHints":{"allow":["GET"]}}],"collection":[{"href":"https:\/\/upravitrenutak.com\/index.php?rest_route=\/wp\/v2\/product"}],"about":[{"href":"https:\/\/upravitrenutak.com\/index.php?rest_route=\/wp\/v2\/types\/product"}],"replies":[{"embeddable":true,"href":"https:\/\/upravitrenutak.com\/index.php?rest_route=%2Fwp%2Fv2%2Fcomments&post=3118"}],"wp:featuredmedia":[{"embeddable":true,"href":"https:\/\/upravitrenutak.com\/index.php?rest_route=\/wp\/v2\/media\/3119"}],"wp:attachment":[{"href":"https:\/\/upravitrenutak.com\/index.php?rest_route=%2Fwp%2Fv2%2Fmedia&parent=3118"}],"wp:term":[{"taxonomy":"product_brand","embeddable":true,"href":"https:\/\/upravitrenutak.com\/index.php?rest_route=%2Fwp%2Fv2%2Fproduct_brand&post=3118"},{"taxonomy":"product_cat","embeddable":true,"href":"https:\/\/upravitrenutak.com\/index.php?rest_route=%2Fwp%2Fv2%2Fproduct_cat&post=3118"},{"taxonomy":"product_tag","embeddable":true,"href":"https:\/\/upravitrenutak.com\/index.php?rest_route=%2Fwp%2Fv2%2Fproduct_tag&post=3118"}],"curies":[{"name":"wp","href":"https:\/\/api.w.org\/{rel}","templated":true}]}}