{"id":3202,"date":"2020-08-13T09:59:10","date_gmt":"2020-08-13T09:59:10","guid":{"rendered":"https:\/\/upravitrenutak.com\/?post_type=product&#038;p=3202"},"modified":"2024-01-06T15:57:19","modified_gmt":"2024-01-06T15:57:19","slug":"obitelj-i-moralni-razvitak-mladezi-ante-vukasovic","status":"publish","type":"product","link":"https:\/\/upravitrenutak.com\/?product=obitelj-i-moralni-razvitak-mladezi-ante-vukasovic","title":{"rendered":"Obitelj i moralni razvitak mlade\u017ei &#8211; Ante Vukasovi\u0107"},"content":{"rendered":"<p>Meki uvez.<\/p>\n<p>Dimenzije: 190 x 115.<\/p>\n<p>134 stranice.<\/p>\n","protected":false},"excerpt":{"rendered":"<p>Knjiga ima namjenu pru\u017eanja pedago\u0161ke pomo\u0107i obitelji i \u0161koli u odgojnoj djelatnosti sa svrhom da proces socijalnog i moralnog sazrijevanja mladih bude \u0161to uspje\u0161niji.<\/p>\n","protected":false},"featured_media":3203,"comment_status":"open","ping_status":"closed","template":"","meta":[],"product_brand":[],"product_cat":[15,86],"product_tag":[102,93,131],"class_list":{"0":"post-3202","1":"product","2":"type-product","3":"status-publish","4":"has-post-thumbnail","6":"product_cat-ostalo","7":"product_cat-upt","8":"product_tag-odgoj","9":"product_tag-psihologija","10":"product_tag-za-roditelje","12":"first","13":"outofstock","14":"shipping-taxable","15":"purchasable","16":"product-type-simple"},"yoast_head":"<!-- This site is optimized with the Yoast SEO plugin v27.4 - https:\/\/yoast.com\/product\/yoast-seo-wordpress\/ -->\n<title>Obitelj i moralni razvitak mlade\u017ei - Ante Vukasovi\u0107 - U Pravi Trenutak<\/title>\n<meta name=\"robots\" content=\"index, follow, max-snippet:-1, max-image-preview:large, max-video-preview:-1\" \/>\n<link rel=\"canonical\" href=\"https:\/\/upravitrenutak.com\/?product=obitelj-i-moralni-razvitak-mladezi-ante-vukasovic\" \/>\n<meta property=\"og:locale\" content=\"hr_HR\" \/>\n<meta property=\"og:type\" content=\"article\" \/>\n<meta property=\"og:title\" content=\"Obitelj i moralni razvitak mlade\u017ei - Ante Vukasovi\u0107 - U Pravi Trenutak\" \/>\n<meta property=\"og:description\" content=\"Knjiga ima namjenu pru\u017eanja pedago\u0161ke pomo\u0107i obitelji i \u0161koli u odgojnoj djelatnosti sa svrhom da proces socijalnog i moralnog sazrijevanja mladih bude \u0161to uspje\u0161niji.\" \/>\n<meta property=\"og:url\" content=\"https:\/\/upravitrenutak.com\/?product=obitelj-i-moralni-razvitak-mladezi-ante-vukasovic\" \/>\n<meta property=\"og:site_name\" content=\"U Pravi Trenutak\" \/>\n<meta property=\"article:publisher\" content=\"https:\/\/www.facebook.com\/Knji%c5%benica-U-Pravi-Trenutak-378755409393101\" \/>\n<meta property=\"article:modified_time\" content=\"2024-01-06T15:57:19+00:00\" \/>\n<meta property=\"og:image\" content=\"https:\/\/upravitrenutak.com\/wp-content\/uploads\/2020\/08\/Obitelj-i-moralni-razvitak-mladezi.jpg\" \/>\n\t<meta property=\"og:image:width\" content=\"1368\" \/>\n\t<meta property=\"og:image:height\" content=\"2186\" \/>\n\t<meta property=\"og:image:type\" content=\"image\/jpeg\" \/>\n<meta name=\"twitter:card\" content=\"summary_large_image\" \/>\n<script type=\"application\/ld+json\" class=\"yoast-schema-graph\">{\"@context\":\"https:\\\/\\\/schema.org\",\"@graph\":[{\"@type\":\"WebPage\",\"@id\":\"https:\\\/\\\/upravitrenutak.com\\\/?product=obitelj-i-moralni-razvitak-mladezi-ante-vukasovic\",\"url\":\"https:\\\/\\\/upravitrenutak.com\\\/?product=obitelj-i-moralni-razvitak-mladezi-ante-vukasovic\",\"name\":\"Obitelj i moralni razvitak mlade\u017ei - Ante Vukasovi\u0107 - U Pravi Trenutak\",\"isPartOf\":{\"@id\":\"https:\\\/\\\/upravitrenutak.com\\\/#website\"},\"primaryImageOfPage\":{\"@id\":\"https:\\\/\\\/upravitrenutak.com\\\/?product=obitelj-i-moralni-razvitak-mladezi-ante-vukasovic#primaryimage\"},\"image\":{\"@id\":\"https:\\\/\\\/upravitrenutak.com\\\/?product=obitelj-i-moralni-razvitak-mladezi-ante-vukasovic#primaryimage\"},\"thumbnailUrl\":\"https:\\\/\\\/upravitrenutak.com\\\/wp-content\\\/uploads\\\/2020\\\/08\\\/Obitelj-i-moralni-razvitak-mladezi.jpg\",\"datePublished\":\"2020-08-13T09:59:10+00:00\",\"dateModified\":\"2024-01-06T15:57:19+00:00\",\"breadcrumb\":{\"@id\":\"https:\\\/\\\/upravitrenutak.com\\\/?product=obitelj-i-moralni-razvitak-mladezi-ante-vukasovic#breadcrumb\"},\"inLanguage\":\"hr\",\"potentialAction\":[{\"@type\":\"ReadAction\",\"target\":[\"https:\\\/\\\/upravitrenutak.com\\\/?product=obitelj-i-moralni-razvitak-mladezi-ante-vukasovic\"]}]},{\"@type\":\"ImageObject\",\"inLanguage\":\"hr\",\"@id\":\"https:\\\/\\\/upravitrenutak.com\\\/?product=obitelj-i-moralni-razvitak-mladezi-ante-vukasovic#primaryimage\",\"url\":\"https:\\\/\\\/upravitrenutak.com\\\/wp-content\\\/uploads\\\/2020\\\/08\\\/Obitelj-i-moralni-razvitak-mladezi.jpg\",\"contentUrl\":\"https:\\\/\\\/upravitrenutak.com\\\/wp-content\\\/uploads\\\/2020\\\/08\\\/Obitelj-i-moralni-razvitak-mladezi.jpg\",\"width\":1368,\"height\":2186},{\"@type\":\"BreadcrumbList\",\"@id\":\"https:\\\/\\\/upravitrenutak.com\\\/?product=obitelj-i-moralni-razvitak-mladezi-ante-vukasovic#breadcrumb\",\"itemListElement\":[{\"@type\":\"ListItem\",\"position\":1,\"name\":\"Po\u010detna stranica\",\"item\":\"https:\\\/\\\/upravitrenutak.com\\\/\"},{\"@type\":\"ListItem\",\"position\":2,\"name\":\"Cjelokupna ponuda\",\"item\":\"https:\\\/\\\/upravitrenutak.com\\\/?page_id=2362\"},{\"@type\":\"ListItem\",\"position\":3,\"name\":\"Obitelj i moralni razvitak mlade\u017ei &#8211; Ante Vukasovi\u0107\"}]},{\"@type\":\"WebSite\",\"@id\":\"https:\\\/\\\/upravitrenutak.com\\\/#website\",\"url\":\"https:\\\/\\\/upravitrenutak.com\\\/\",\"name\":\"U Pravi Trenutak\",\"description\":\"Online Knji\u017eara\",\"potentialAction\":[{\"@type\":\"SearchAction\",\"target\":{\"@type\":\"EntryPoint\",\"urlTemplate\":\"https:\\\/\\\/upravitrenutak.com\\\/?s={search_term_string}\"},\"query-input\":{\"@type\":\"PropertyValueSpecification\",\"valueRequired\":true,\"valueName\":\"search_term_string\"}}],\"inLanguage\":\"hr\"}]}<\/script>\n<!-- \/ Yoast SEO plugin. -->","yoast_head_json":{"title":"Obitelj i moralni razvitak mlade\u017ei - Ante Vukasovi\u0107 - U Pravi Trenutak","robots":{"index":"index","follow":"follow","max-snippet":"max-snippet:-1","max-image-preview":"max-image-preview:large","max-video-preview":"max-video-preview:-1"},"canonical":"https:\/\/upravitrenutak.com\/?product=obitelj-i-moralni-razvitak-mladezi-ante-vukasovic","og_locale":"hr_HR","og_type":"article","og_title":"Obitelj i moralni razvitak mlade\u017ei - Ante Vukasovi\u0107 - U Pravi Trenutak","og_description":"Knjiga ima namjenu pru\u017eanja pedago\u0161ke pomo\u0107i obitelji i \u0161koli u odgojnoj djelatnosti sa svrhom da proces socijalnog i moralnog sazrijevanja mladih bude \u0161to uspje\u0161niji.","og_url":"https:\/\/upravitrenutak.com\/?product=obitelj-i-moralni-razvitak-mladezi-ante-vukasovic","og_site_name":"U Pravi Trenutak","article_publisher":"https:\/\/www.facebook.com\/Knji%c5%benica-U-Pravi-Trenutak-378755409393101","article_modified_time":"2024-01-06T15:57:19+00:00","og_image":[{"width":1368,"height":2186,"url":"https:\/\/upravitrenutak.com\/wp-content\/uploads\/2020\/08\/Obitelj-i-moralni-razvitak-mladezi.jpg","type":"image\/jpeg"}],"twitter_card":"summary_large_image","schema":{"@context":"https:\/\/schema.org","@graph":[{"@type":"WebPage","@id":"https:\/\/upravitrenutak.com\/?product=obitelj-i-moralni-razvitak-mladezi-ante-vukasovic","url":"https:\/\/upravitrenutak.com\/?product=obitelj-i-moralni-razvitak-mladezi-ante-vukasovic","name":"Obitelj i moralni razvitak mlade\u017ei - Ante Vukasovi\u0107 - U Pravi Trenutak","isPartOf":{"@id":"https:\/\/upravitrenutak.com\/#website"},"primaryImageOfPage":{"@id":"https:\/\/upravitrenutak.com\/?product=obitelj-i-moralni-razvitak-mladezi-ante-vukasovic#primaryimage"},"image":{"@id":"https:\/\/upravitrenutak.com\/?product=obitelj-i-moralni-razvitak-mladezi-ante-vukasovic#primaryimage"},"thumbnailUrl":"https:\/\/upravitrenutak.com\/wp-content\/uploads\/2020\/08\/Obitelj-i-moralni-razvitak-mladezi.jpg","datePublished":"2020-08-13T09:59:10+00:00","dateModified":"2024-01-06T15:57:19+00:00","breadcrumb":{"@id":"https:\/\/upravitrenutak.com\/?product=obitelj-i-moralni-razvitak-mladezi-ante-vukasovic#breadcrumb"},"inLanguage":"hr","potentialAction":[{"@type":"ReadAction","target":["https:\/\/upravitrenutak.com\/?product=obitelj-i-moralni-razvitak-mladezi-ante-vukasovic"]}]},{"@type":"ImageObject","inLanguage":"hr","@id":"https:\/\/upravitrenutak.com\/?product=obitelj-i-moralni-razvitak-mladezi-ante-vukasovic#primaryimage","url":"https:\/\/upravitrenutak.com\/wp-content\/uploads\/2020\/08\/Obitelj-i-moralni-razvitak-mladezi.jpg","contentUrl":"https:\/\/upravitrenutak.com\/wp-content\/uploads\/2020\/08\/Obitelj-i-moralni-razvitak-mladezi.jpg","width":1368,"height":2186},{"@type":"BreadcrumbList","@id":"https:\/\/upravitrenutak.com\/?product=obitelj-i-moralni-razvitak-mladezi-ante-vukasovic#breadcrumb","itemListElement":[{"@type":"ListItem","position":1,"name":"Po\u010detna stranica","item":"https:\/\/upravitrenutak.com\/"},{"@type":"ListItem","position":2,"name":"Cjelokupna ponuda","item":"https:\/\/upravitrenutak.com\/?page_id=2362"},{"@type":"ListItem","position":3,"name":"Obitelj i moralni razvitak mlade\u017ei &#8211; Ante Vukasovi\u0107"}]},{"@type":"WebSite","@id":"https:\/\/upravitrenutak.com\/#website","url":"https:\/\/upravitrenutak.com\/","name":"U Pravi Trenutak","description":"Online Knji\u017eara","potentialAction":[{"@type":"SearchAction","target":{"@type":"EntryPoint","urlTemplate":"https:\/\/upravitrenutak.com\/?s={search_term_string}"},"query-input":{"@type":"PropertyValueSpecification","valueRequired":true,"valueName":"search_term_string"}}],"inLanguage":"hr"}]}},"_links":{"self":[{"href":"https:\/\/upravitrenutak.com\/index.php?rest_route=\/wp\/v2\/product\/3202","targetHints":{"allow":["GET"]}}],"collection":[{"href":"https:\/\/upravitrenutak.com\/index.php?rest_route=\/wp\/v2\/product"}],"about":[{"href":"https:\/\/upravitrenutak.com\/index.php?rest_route=\/wp\/v2\/types\/product"}],"replies":[{"embeddable":true,"href":"https:\/\/upravitrenutak.com\/index.php?rest_route=%2Fwp%2Fv2%2Fcomments&post=3202"}],"wp:featuredmedia":[{"embeddable":true,"href":"https:\/\/upravitrenutak.com\/index.php?rest_route=\/wp\/v2\/media\/3203"}],"wp:attachment":[{"href":"https:\/\/upravitrenutak.com\/index.php?rest_route=%2Fwp%2Fv2%2Fmedia&parent=3202"}],"wp:term":[{"taxonomy":"product_brand","embeddable":true,"href":"https:\/\/upravitrenutak.com\/index.php?rest_route=%2Fwp%2Fv2%2Fproduct_brand&post=3202"},{"taxonomy":"product_cat","embeddable":true,"href":"https:\/\/upravitrenutak.com\/index.php?rest_route=%2Fwp%2Fv2%2Fproduct_cat&post=3202"},{"taxonomy":"product_tag","embeddable":true,"href":"https:\/\/upravitrenutak.com\/index.php?rest_route=%2Fwp%2Fv2%2Fproduct_tag&post=3202"}],"curies":[{"name":"wp","href":"https:\/\/api.w.org\/{rel}","templated":true}]}}