{"id":3220,"date":"2020-08-18T10:34:58","date_gmt":"2020-08-18T10:34:58","guid":{"rendered":"https:\/\/upravitrenutak.com\/?post_type=product&#038;p=3220"},"modified":"2022-07-13T09:42:41","modified_gmt":"2022-07-13T09:42:41","slug":"nasa-djeca-odrastaju-christa-meves","status":"publish","type":"product","link":"https:\/\/upravitrenutak.com\/?product=nasa-djeca-odrastaju-christa-meves","title":{"rendered":"Na\u0161a djeca odrastaju &#8211; Christa Meves"},"content":{"rendered":"<p>Meki uvez.<\/p>\n<p>Dimenzije: 120 x 190.<\/p>\n<p>Stranice 120.<\/p>\n","protected":false},"excerpt":{"rendered":"<p>Kako mogu danas roditelji pomo\u0107i svojoj djeci? Prvi cilj ovog savjetnika za roditelje da se u njima stvori razumijevanje za pubertet kada se djeca po\u010dinju prirodno odvajati odnosno osloba\u0111ati od roditelja. Ne\u0107e izgubiti vrijeme ni sve\u0107enici ni vjerou\u010ditelji pro\u010ditaju li samo zadnje poglavlje ove knji\u017eice. To \u0107e ih pota\u0107i da posegnu i za ostalim knjigama Christe Meves.<\/p>\n","protected":false},"featured_media":3238,"comment_status":"open","ping_status":"closed","template":"","meta":[],"product_brand":[],"product_cat":[15,86],"product_tag":[102,93,131],"class_list":{"0":"post-3220","1":"product","2":"type-product","3":"status-publish","4":"has-post-thumbnail","6":"product_cat-ostalo","7":"product_cat-upt","8":"product_tag-odgoj","9":"product_tag-psihologija","10":"product_tag-za-roditelje","12":"first","13":"outofstock","14":"shipping-taxable","15":"purchasable","16":"product-type-simple"},"yoast_head":"<!-- This site is optimized with the Yoast SEO plugin v27.4 - https:\/\/yoast.com\/product\/yoast-seo-wordpress\/ -->\n<title>Na\u0161a djeca odrastaju - Christa Meves - U Pravi Trenutak<\/title>\n<meta name=\"robots\" content=\"index, follow, max-snippet:-1, max-image-preview:large, max-video-preview:-1\" \/>\n<link rel=\"canonical\" href=\"https:\/\/upravitrenutak.com\/?product=nasa-djeca-odrastaju-christa-meves\" \/>\n<meta property=\"og:locale\" content=\"hr_HR\" \/>\n<meta property=\"og:type\" content=\"article\" \/>\n<meta property=\"og:title\" content=\"Na\u0161a djeca odrastaju - Christa Meves - U Pravi Trenutak\" \/>\n<meta property=\"og:description\" content=\"Kako mogu danas roditelji pomo\u0107i svojoj djeci? Prvi cilj ovog savjetnika za roditelje da se u njima stvori razumijevanje za pubertet kada se djeca po\u010dinju prirodno odvajati odnosno osloba\u0111ati od roditelja. Ne\u0107e izgubiti vrijeme ni sve\u0107enici ni vjerou\u010ditelji pro\u010ditaju li samo zadnje poglavlje ove knji\u017eice. To \u0107e ih pota\u0107i da posegnu i za ostalim knjigama Christe Meves.\" \/>\n<meta property=\"og:url\" content=\"https:\/\/upravitrenutak.com\/?product=nasa-djeca-odrastaju-christa-meves\" \/>\n<meta property=\"og:site_name\" content=\"U Pravi Trenutak\" \/>\n<meta property=\"article:publisher\" content=\"https:\/\/www.facebook.com\/Knji%c5%benica-U-Pravi-Trenutak-378755409393101\" \/>\n<meta property=\"article:modified_time\" content=\"2022-07-13T09:42:41+00:00\" \/>\n<meta property=\"og:image\" content=\"https:\/\/upravitrenutak.com\/wp-content\/uploads\/2020\/08\/Nasa-djeca-odrastaju.jpg\" \/>\n\t<meta property=\"og:image:width\" content=\"1380\" \/>\n\t<meta property=\"og:image:height\" content=\"2164\" \/>\n\t<meta property=\"og:image:type\" content=\"image\/jpeg\" \/>\n<meta name=\"twitter:card\" content=\"summary_large_image\" \/>\n<script type=\"application\/ld+json\" class=\"yoast-schema-graph\">{\"@context\":\"https:\\\/\\\/schema.org\",\"@graph\":[{\"@type\":\"WebPage\",\"@id\":\"https:\\\/\\\/upravitrenutak.com\\\/?product=nasa-djeca-odrastaju-christa-meves\",\"url\":\"https:\\\/\\\/upravitrenutak.com\\\/?product=nasa-djeca-odrastaju-christa-meves\",\"name\":\"Na\u0161a djeca odrastaju - Christa Meves - U Pravi Trenutak\",\"isPartOf\":{\"@id\":\"https:\\\/\\\/upravitrenutak.com\\\/#website\"},\"primaryImageOfPage\":{\"@id\":\"https:\\\/\\\/upravitrenutak.com\\\/?product=nasa-djeca-odrastaju-christa-meves#primaryimage\"},\"image\":{\"@id\":\"https:\\\/\\\/upravitrenutak.com\\\/?product=nasa-djeca-odrastaju-christa-meves#primaryimage\"},\"thumbnailUrl\":\"https:\\\/\\\/upravitrenutak.com\\\/wp-content\\\/uploads\\\/2020\\\/08\\\/Nasa-djeca-odrastaju.jpg\",\"datePublished\":\"2020-08-18T10:34:58+00:00\",\"dateModified\":\"2022-07-13T09:42:41+00:00\",\"breadcrumb\":{\"@id\":\"https:\\\/\\\/upravitrenutak.com\\\/?product=nasa-djeca-odrastaju-christa-meves#breadcrumb\"},\"inLanguage\":\"hr\",\"potentialAction\":[{\"@type\":\"ReadAction\",\"target\":[\"https:\\\/\\\/upravitrenutak.com\\\/?product=nasa-djeca-odrastaju-christa-meves\"]}]},{\"@type\":\"ImageObject\",\"inLanguage\":\"hr\",\"@id\":\"https:\\\/\\\/upravitrenutak.com\\\/?product=nasa-djeca-odrastaju-christa-meves#primaryimage\",\"url\":\"https:\\\/\\\/upravitrenutak.com\\\/wp-content\\\/uploads\\\/2020\\\/08\\\/Nasa-djeca-odrastaju.jpg\",\"contentUrl\":\"https:\\\/\\\/upravitrenutak.com\\\/wp-content\\\/uploads\\\/2020\\\/08\\\/Nasa-djeca-odrastaju.jpg\",\"width\":1380,\"height\":2164},{\"@type\":\"BreadcrumbList\",\"@id\":\"https:\\\/\\\/upravitrenutak.com\\\/?product=nasa-djeca-odrastaju-christa-meves#breadcrumb\",\"itemListElement\":[{\"@type\":\"ListItem\",\"position\":1,\"name\":\"Po\u010detna stranica\",\"item\":\"https:\\\/\\\/upravitrenutak.com\\\/\"},{\"@type\":\"ListItem\",\"position\":2,\"name\":\"Cjelokupna ponuda\",\"item\":\"https:\\\/\\\/upravitrenutak.com\\\/?page_id=2362\"},{\"@type\":\"ListItem\",\"position\":3,\"name\":\"Na\u0161a djeca odrastaju &#8211; Christa Meves\"}]},{\"@type\":\"WebSite\",\"@id\":\"https:\\\/\\\/upravitrenutak.com\\\/#website\",\"url\":\"https:\\\/\\\/upravitrenutak.com\\\/\",\"name\":\"U Pravi Trenutak\",\"description\":\"Online Knji\u017eara\",\"potentialAction\":[{\"@type\":\"SearchAction\",\"target\":{\"@type\":\"EntryPoint\",\"urlTemplate\":\"https:\\\/\\\/upravitrenutak.com\\\/?s={search_term_string}\"},\"query-input\":{\"@type\":\"PropertyValueSpecification\",\"valueRequired\":true,\"valueName\":\"search_term_string\"}}],\"inLanguage\":\"hr\"}]}<\/script>\n<!-- \/ Yoast SEO plugin. -->","yoast_head_json":{"title":"Na\u0161a djeca odrastaju - Christa Meves - U Pravi Trenutak","robots":{"index":"index","follow":"follow","max-snippet":"max-snippet:-1","max-image-preview":"max-image-preview:large","max-video-preview":"max-video-preview:-1"},"canonical":"https:\/\/upravitrenutak.com\/?product=nasa-djeca-odrastaju-christa-meves","og_locale":"hr_HR","og_type":"article","og_title":"Na\u0161a djeca odrastaju - Christa Meves - U Pravi Trenutak","og_description":"Kako mogu danas roditelji pomo\u0107i svojoj djeci? Prvi cilj ovog savjetnika za roditelje da se u njima stvori razumijevanje za pubertet kada se djeca po\u010dinju prirodno odvajati odnosno osloba\u0111ati od roditelja. Ne\u0107e izgubiti vrijeme ni sve\u0107enici ni vjerou\u010ditelji pro\u010ditaju li samo zadnje poglavlje ove knji\u017eice. To \u0107e ih pota\u0107i da posegnu i za ostalim knjigama Christe Meves.","og_url":"https:\/\/upravitrenutak.com\/?product=nasa-djeca-odrastaju-christa-meves","og_site_name":"U Pravi Trenutak","article_publisher":"https:\/\/www.facebook.com\/Knji%c5%benica-U-Pravi-Trenutak-378755409393101","article_modified_time":"2022-07-13T09:42:41+00:00","og_image":[{"width":1380,"height":2164,"url":"https:\/\/upravitrenutak.com\/wp-content\/uploads\/2020\/08\/Nasa-djeca-odrastaju.jpg","type":"image\/jpeg"}],"twitter_card":"summary_large_image","schema":{"@context":"https:\/\/schema.org","@graph":[{"@type":"WebPage","@id":"https:\/\/upravitrenutak.com\/?product=nasa-djeca-odrastaju-christa-meves","url":"https:\/\/upravitrenutak.com\/?product=nasa-djeca-odrastaju-christa-meves","name":"Na\u0161a djeca odrastaju - Christa Meves - U Pravi Trenutak","isPartOf":{"@id":"https:\/\/upravitrenutak.com\/#website"},"primaryImageOfPage":{"@id":"https:\/\/upravitrenutak.com\/?product=nasa-djeca-odrastaju-christa-meves#primaryimage"},"image":{"@id":"https:\/\/upravitrenutak.com\/?product=nasa-djeca-odrastaju-christa-meves#primaryimage"},"thumbnailUrl":"https:\/\/upravitrenutak.com\/wp-content\/uploads\/2020\/08\/Nasa-djeca-odrastaju.jpg","datePublished":"2020-08-18T10:34:58+00:00","dateModified":"2022-07-13T09:42:41+00:00","breadcrumb":{"@id":"https:\/\/upravitrenutak.com\/?product=nasa-djeca-odrastaju-christa-meves#breadcrumb"},"inLanguage":"hr","potentialAction":[{"@type":"ReadAction","target":["https:\/\/upravitrenutak.com\/?product=nasa-djeca-odrastaju-christa-meves"]}]},{"@type":"ImageObject","inLanguage":"hr","@id":"https:\/\/upravitrenutak.com\/?product=nasa-djeca-odrastaju-christa-meves#primaryimage","url":"https:\/\/upravitrenutak.com\/wp-content\/uploads\/2020\/08\/Nasa-djeca-odrastaju.jpg","contentUrl":"https:\/\/upravitrenutak.com\/wp-content\/uploads\/2020\/08\/Nasa-djeca-odrastaju.jpg","width":1380,"height":2164},{"@type":"BreadcrumbList","@id":"https:\/\/upravitrenutak.com\/?product=nasa-djeca-odrastaju-christa-meves#breadcrumb","itemListElement":[{"@type":"ListItem","position":1,"name":"Po\u010detna stranica","item":"https:\/\/upravitrenutak.com\/"},{"@type":"ListItem","position":2,"name":"Cjelokupna ponuda","item":"https:\/\/upravitrenutak.com\/?page_id=2362"},{"@type":"ListItem","position":3,"name":"Na\u0161a djeca odrastaju &#8211; Christa Meves"}]},{"@type":"WebSite","@id":"https:\/\/upravitrenutak.com\/#website","url":"https:\/\/upravitrenutak.com\/","name":"U Pravi Trenutak","description":"Online Knji\u017eara","potentialAction":[{"@type":"SearchAction","target":{"@type":"EntryPoint","urlTemplate":"https:\/\/upravitrenutak.com\/?s={search_term_string}"},"query-input":{"@type":"PropertyValueSpecification","valueRequired":true,"valueName":"search_term_string"}}],"inLanguage":"hr"}]}},"_links":{"self":[{"href":"https:\/\/upravitrenutak.com\/index.php?rest_route=\/wp\/v2\/product\/3220","targetHints":{"allow":["GET"]}}],"collection":[{"href":"https:\/\/upravitrenutak.com\/index.php?rest_route=\/wp\/v2\/product"}],"about":[{"href":"https:\/\/upravitrenutak.com\/index.php?rest_route=\/wp\/v2\/types\/product"}],"replies":[{"embeddable":true,"href":"https:\/\/upravitrenutak.com\/index.php?rest_route=%2Fwp%2Fv2%2Fcomments&post=3220"}],"wp:featuredmedia":[{"embeddable":true,"href":"https:\/\/upravitrenutak.com\/index.php?rest_route=\/wp\/v2\/media\/3238"}],"wp:attachment":[{"href":"https:\/\/upravitrenutak.com\/index.php?rest_route=%2Fwp%2Fv2%2Fmedia&parent=3220"}],"wp:term":[{"taxonomy":"product_brand","embeddable":true,"href":"https:\/\/upravitrenutak.com\/index.php?rest_route=%2Fwp%2Fv2%2Fproduct_brand&post=3220"},{"taxonomy":"product_cat","embeddable":true,"href":"https:\/\/upravitrenutak.com\/index.php?rest_route=%2Fwp%2Fv2%2Fproduct_cat&post=3220"},{"taxonomy":"product_tag","embeddable":true,"href":"https:\/\/upravitrenutak.com\/index.php?rest_route=%2Fwp%2Fv2%2Fproduct_tag&post=3220"}],"curies":[{"name":"wp","href":"https:\/\/api.w.org\/{rel}","templated":true}]}}