{"id":3544,"date":"2020-09-12T08:50:02","date_gmt":"2020-09-12T08:50:02","guid":{"rendered":"https:\/\/upravitrenutak.com\/?post_type=product&#038;p=3544"},"modified":"2025-12-07T15:12:16","modified_gmt":"2025-12-07T15:12:16","slug":"upoznajmo-i-slavimo-oca-jean-galot","status":"publish","type":"product","link":"https:\/\/upravitrenutak.com\/?product=upoznajmo-i-slavimo-oca-jean-galot","title":{"rendered":"Upoznajmo i slavimo Oca &#8211; Jean Galot"},"content":{"rendered":"<p>Meki uvez.<\/p>\n<p>Dimenzije: 200 x 145.<\/p>\n<p>202 stranice.<\/p>\n<p>Izdanje: \u0110akovo, 1999.<\/p>\n","protected":false},"excerpt":{"rendered":"<p>Ova nam knjiga poma\u017ee otkriti Oca. Uvodi nas u O\u010devu tajnu i poti\u010de nas da shvatimo O\u010devo djelo u cijelome ljudskom \u017eivotu, a osobito brigu njegove providnosti. Knjiga isti\u010de \u0161to zna\u010di molitva koja se upu\u0107uje Ocu i razmatra pitanje o uspostavi O\u010deva liturgijskog kalendara.<\/p>\n","protected":false},"featured_media":3545,"comment_status":"open","ping_status":"closed","template":"","meta":[],"product_brand":[],"product_cat":[15,86],"product_tag":[116],"class_list":{"0":"post-3544","1":"product","2":"type-product","3":"status-publish","4":"has-post-thumbnail","6":"product_cat-ostalo","7":"product_cat-upt","8":"product_tag-teologija","10":"first","11":"outofstock","12":"shipping-taxable","13":"purchasable","14":"product-type-simple"},"yoast_head":"<!-- This site is optimized with the Yoast SEO plugin v27.4 - https:\/\/yoast.com\/product\/yoast-seo-wordpress\/ -->\n<title>Upoznajmo i slavimo Oca - Jean Galot - U Pravi Trenutak<\/title>\n<meta name=\"robots\" content=\"index, follow, max-snippet:-1, max-image-preview:large, max-video-preview:-1\" \/>\n<link rel=\"canonical\" href=\"https:\/\/upravitrenutak.com\/?product=upoznajmo-i-slavimo-oca-jean-galot\" \/>\n<meta property=\"og:locale\" content=\"hr_HR\" \/>\n<meta property=\"og:type\" content=\"article\" \/>\n<meta property=\"og:title\" content=\"Upoznajmo i slavimo Oca - Jean Galot - U Pravi Trenutak\" \/>\n<meta property=\"og:description\" content=\"Ova nam knjiga poma\u017ee otkriti Oca. Uvodi nas u O\u010devu tajnu i poti\u010de nas da shvatimo O\u010devo djelo u cijelome ljudskom \u017eivotu, a osobito brigu njegove providnosti. Knjiga isti\u010de \u0161to zna\u010di molitva koja se upu\u0107uje Ocu i razmatra pitanje o uspostavi O\u010deva liturgijskog kalendara.\" \/>\n<meta property=\"og:url\" content=\"https:\/\/upravitrenutak.com\/?product=upoznajmo-i-slavimo-oca-jean-galot\" \/>\n<meta property=\"og:site_name\" content=\"U Pravi Trenutak\" \/>\n<meta property=\"article:publisher\" content=\"https:\/\/www.facebook.com\/Knji%c5%benica-U-Pravi-Trenutak-378755409393101\" \/>\n<meta property=\"article:modified_time\" content=\"2025-12-07T15:12:16+00:00\" \/>\n<meta property=\"og:image\" content=\"https:\/\/upravitrenutak.com\/wp-content\/uploads\/2020\/09\/upoznajmo-i-slavimo-oca.jpg\" \/>\n\t<meta property=\"og:image:width\" content=\"1680\" \/>\n\t<meta property=\"og:image:height\" content=\"2404\" \/>\n\t<meta property=\"og:image:type\" content=\"image\/jpeg\" \/>\n<meta name=\"twitter:card\" content=\"summary_large_image\" \/>\n<script type=\"application\/ld+json\" class=\"yoast-schema-graph\">{\"@context\":\"https:\\\/\\\/schema.org\",\"@graph\":[{\"@type\":\"WebPage\",\"@id\":\"https:\\\/\\\/upravitrenutak.com\\\/?product=upoznajmo-i-slavimo-oca-jean-galot\",\"url\":\"https:\\\/\\\/upravitrenutak.com\\\/?product=upoznajmo-i-slavimo-oca-jean-galot\",\"name\":\"Upoznajmo i slavimo Oca - Jean Galot - U Pravi Trenutak\",\"isPartOf\":{\"@id\":\"https:\\\/\\\/upravitrenutak.com\\\/#website\"},\"primaryImageOfPage\":{\"@id\":\"https:\\\/\\\/upravitrenutak.com\\\/?product=upoznajmo-i-slavimo-oca-jean-galot#primaryimage\"},\"image\":{\"@id\":\"https:\\\/\\\/upravitrenutak.com\\\/?product=upoznajmo-i-slavimo-oca-jean-galot#primaryimage\"},\"thumbnailUrl\":\"https:\\\/\\\/upravitrenutak.com\\\/wp-content\\\/uploads\\\/2020\\\/09\\\/upoznajmo-i-slavimo-oca.jpg\",\"datePublished\":\"2020-09-12T08:50:02+00:00\",\"dateModified\":\"2025-12-07T15:12:16+00:00\",\"breadcrumb\":{\"@id\":\"https:\\\/\\\/upravitrenutak.com\\\/?product=upoznajmo-i-slavimo-oca-jean-galot#breadcrumb\"},\"inLanguage\":\"hr\",\"potentialAction\":[{\"@type\":\"ReadAction\",\"target\":[\"https:\\\/\\\/upravitrenutak.com\\\/?product=upoznajmo-i-slavimo-oca-jean-galot\"]}]},{\"@type\":\"ImageObject\",\"inLanguage\":\"hr\",\"@id\":\"https:\\\/\\\/upravitrenutak.com\\\/?product=upoznajmo-i-slavimo-oca-jean-galot#primaryimage\",\"url\":\"https:\\\/\\\/upravitrenutak.com\\\/wp-content\\\/uploads\\\/2020\\\/09\\\/upoznajmo-i-slavimo-oca.jpg\",\"contentUrl\":\"https:\\\/\\\/upravitrenutak.com\\\/wp-content\\\/uploads\\\/2020\\\/09\\\/upoznajmo-i-slavimo-oca.jpg\",\"width\":1680,\"height\":2404},{\"@type\":\"BreadcrumbList\",\"@id\":\"https:\\\/\\\/upravitrenutak.com\\\/?product=upoznajmo-i-slavimo-oca-jean-galot#breadcrumb\",\"itemListElement\":[{\"@type\":\"ListItem\",\"position\":1,\"name\":\"Po\u010detna stranica\",\"item\":\"https:\\\/\\\/upravitrenutak.com\\\/\"},{\"@type\":\"ListItem\",\"position\":2,\"name\":\"Cjelokupna ponuda\",\"item\":\"https:\\\/\\\/upravitrenutak.com\\\/?page_id=2362\"},{\"@type\":\"ListItem\",\"position\":3,\"name\":\"Upoznajmo i slavimo Oca &#8211; Jean Galot\"}]},{\"@type\":\"WebSite\",\"@id\":\"https:\\\/\\\/upravitrenutak.com\\\/#website\",\"url\":\"https:\\\/\\\/upravitrenutak.com\\\/\",\"name\":\"U Pravi Trenutak\",\"description\":\"Online Knji\u017eara\",\"potentialAction\":[{\"@type\":\"SearchAction\",\"target\":{\"@type\":\"EntryPoint\",\"urlTemplate\":\"https:\\\/\\\/upravitrenutak.com\\\/?s={search_term_string}\"},\"query-input\":{\"@type\":\"PropertyValueSpecification\",\"valueRequired\":true,\"valueName\":\"search_term_string\"}}],\"inLanguage\":\"hr\"}]}<\/script>\n<!-- \/ Yoast SEO plugin. -->","yoast_head_json":{"title":"Upoznajmo i slavimo Oca - Jean Galot - U Pravi Trenutak","robots":{"index":"index","follow":"follow","max-snippet":"max-snippet:-1","max-image-preview":"max-image-preview:large","max-video-preview":"max-video-preview:-1"},"canonical":"https:\/\/upravitrenutak.com\/?product=upoznajmo-i-slavimo-oca-jean-galot","og_locale":"hr_HR","og_type":"article","og_title":"Upoznajmo i slavimo Oca - Jean Galot - U Pravi Trenutak","og_description":"Ova nam knjiga poma\u017ee otkriti Oca. Uvodi nas u O\u010devu tajnu i poti\u010de nas da shvatimo O\u010devo djelo u cijelome ljudskom \u017eivotu, a osobito brigu njegove providnosti. Knjiga isti\u010de \u0161to zna\u010di molitva koja se upu\u0107uje Ocu i razmatra pitanje o uspostavi O\u010deva liturgijskog kalendara.","og_url":"https:\/\/upravitrenutak.com\/?product=upoznajmo-i-slavimo-oca-jean-galot","og_site_name":"U Pravi Trenutak","article_publisher":"https:\/\/www.facebook.com\/Knji%c5%benica-U-Pravi-Trenutak-378755409393101","article_modified_time":"2025-12-07T15:12:16+00:00","og_image":[{"width":1680,"height":2404,"url":"https:\/\/upravitrenutak.com\/wp-content\/uploads\/2020\/09\/upoznajmo-i-slavimo-oca.jpg","type":"image\/jpeg"}],"twitter_card":"summary_large_image","schema":{"@context":"https:\/\/schema.org","@graph":[{"@type":"WebPage","@id":"https:\/\/upravitrenutak.com\/?product=upoznajmo-i-slavimo-oca-jean-galot","url":"https:\/\/upravitrenutak.com\/?product=upoznajmo-i-slavimo-oca-jean-galot","name":"Upoznajmo i slavimo Oca - Jean Galot - U Pravi Trenutak","isPartOf":{"@id":"https:\/\/upravitrenutak.com\/#website"},"primaryImageOfPage":{"@id":"https:\/\/upravitrenutak.com\/?product=upoznajmo-i-slavimo-oca-jean-galot#primaryimage"},"image":{"@id":"https:\/\/upravitrenutak.com\/?product=upoznajmo-i-slavimo-oca-jean-galot#primaryimage"},"thumbnailUrl":"https:\/\/upravitrenutak.com\/wp-content\/uploads\/2020\/09\/upoznajmo-i-slavimo-oca.jpg","datePublished":"2020-09-12T08:50:02+00:00","dateModified":"2025-12-07T15:12:16+00:00","breadcrumb":{"@id":"https:\/\/upravitrenutak.com\/?product=upoznajmo-i-slavimo-oca-jean-galot#breadcrumb"},"inLanguage":"hr","potentialAction":[{"@type":"ReadAction","target":["https:\/\/upravitrenutak.com\/?product=upoznajmo-i-slavimo-oca-jean-galot"]}]},{"@type":"ImageObject","inLanguage":"hr","@id":"https:\/\/upravitrenutak.com\/?product=upoznajmo-i-slavimo-oca-jean-galot#primaryimage","url":"https:\/\/upravitrenutak.com\/wp-content\/uploads\/2020\/09\/upoznajmo-i-slavimo-oca.jpg","contentUrl":"https:\/\/upravitrenutak.com\/wp-content\/uploads\/2020\/09\/upoznajmo-i-slavimo-oca.jpg","width":1680,"height":2404},{"@type":"BreadcrumbList","@id":"https:\/\/upravitrenutak.com\/?product=upoznajmo-i-slavimo-oca-jean-galot#breadcrumb","itemListElement":[{"@type":"ListItem","position":1,"name":"Po\u010detna stranica","item":"https:\/\/upravitrenutak.com\/"},{"@type":"ListItem","position":2,"name":"Cjelokupna ponuda","item":"https:\/\/upravitrenutak.com\/?page_id=2362"},{"@type":"ListItem","position":3,"name":"Upoznajmo i slavimo Oca &#8211; Jean Galot"}]},{"@type":"WebSite","@id":"https:\/\/upravitrenutak.com\/#website","url":"https:\/\/upravitrenutak.com\/","name":"U Pravi Trenutak","description":"Online Knji\u017eara","potentialAction":[{"@type":"SearchAction","target":{"@type":"EntryPoint","urlTemplate":"https:\/\/upravitrenutak.com\/?s={search_term_string}"},"query-input":{"@type":"PropertyValueSpecification","valueRequired":true,"valueName":"search_term_string"}}],"inLanguage":"hr"}]}},"_links":{"self":[{"href":"https:\/\/upravitrenutak.com\/index.php?rest_route=\/wp\/v2\/product\/3544","targetHints":{"allow":["GET"]}}],"collection":[{"href":"https:\/\/upravitrenutak.com\/index.php?rest_route=\/wp\/v2\/product"}],"about":[{"href":"https:\/\/upravitrenutak.com\/index.php?rest_route=\/wp\/v2\/types\/product"}],"replies":[{"embeddable":true,"href":"https:\/\/upravitrenutak.com\/index.php?rest_route=%2Fwp%2Fv2%2Fcomments&post=3544"}],"wp:featuredmedia":[{"embeddable":true,"href":"https:\/\/upravitrenutak.com\/index.php?rest_route=\/wp\/v2\/media\/3545"}],"wp:attachment":[{"href":"https:\/\/upravitrenutak.com\/index.php?rest_route=%2Fwp%2Fv2%2Fmedia&parent=3544"}],"wp:term":[{"taxonomy":"product_brand","embeddable":true,"href":"https:\/\/upravitrenutak.com\/index.php?rest_route=%2Fwp%2Fv2%2Fproduct_brand&post=3544"},{"taxonomy":"product_cat","embeddable":true,"href":"https:\/\/upravitrenutak.com\/index.php?rest_route=%2Fwp%2Fv2%2Fproduct_cat&post=3544"},{"taxonomy":"product_tag","embeddable":true,"href":"https:\/\/upravitrenutak.com\/index.php?rest_route=%2Fwp%2Fv2%2Fproduct_tag&post=3544"}],"curies":[{"name":"wp","href":"https:\/\/api.w.org\/{rel}","templated":true}]}}