{"id":3568,"date":"2020-09-14T09:26:31","date_gmt":"2020-09-14T09:26:31","guid":{"rendered":"https:\/\/upravitrenutak.com\/?post_type=product&#038;p=3568"},"modified":"2021-05-08T15:49:28","modified_gmt":"2021-05-08T15:49:28","slug":"u-crijevu-vreba-smrt-wolfgang-spiller","status":"publish","type":"product","link":"https:\/\/upravitrenutak.com\/?product=u-crijevu-vreba-smrt-wolfgang-spiller","title":{"rendered":"U crijevu vreba smrt &#8211; Wolfgang Spiller"},"content":{"rendered":"<p>Meki uvez.<\/p>\n<p>Dimenzije 190 x 120 .<\/p>\n<p>Stranice 192.<\/p>\n<p>Izdanje: \u0110akovo, 2008.<\/p>\n","protected":false},"excerpt":{"rendered":"<p>Medicina zastupa godinama shva\u0107anje da su mikrobi neprijatelji \u010dovjeka i da se protiv njih mora boriti svim silama. Da bakterije mogu me\u0111utim biti \u010dovjekovi prijatelji, zapravo saznajemo kroz su\u017eivot mikroorganizama crijeva s \u010dovjekom. O toj simbiozi, koja je za \u010dovjeka egzistencijalna zna\u010denja, ovise mnoge \u017eivotno va\u017ene\u00a0 funkcije, kao npr. probava hrane, stvaranje vitamina, primanje i iskori\u0161tavanje hranjivih\u00a0 tvari, funkcija na\u0161eg imunolo\u0161kog sustava, detoksikacija itd.<\/p>\n","protected":false},"featured_media":3628,"comment_status":"open","ping_status":"closed","template":"","meta":[],"product_brand":[],"product_cat":[15,86],"product_tag":[101],"class_list":{"0":"post-3568","1":"product","2":"type-product","3":"status-publish","4":"has-post-thumbnail","6":"product_cat-ostalo","7":"product_cat-upt","8":"product_tag-zdrava-prehrana","10":"first","11":"outofstock","12":"shipping-taxable","13":"purchasable","14":"product-type-simple"},"yoast_head":"<!-- This site is optimized with the Yoast SEO plugin v27.4 - https:\/\/yoast.com\/product\/yoast-seo-wordpress\/ -->\n<title>U crijevu vreba smrt - Wolfgang Spiller - U Pravi Trenutak<\/title>\n<meta name=\"robots\" content=\"index, follow, max-snippet:-1, max-image-preview:large, max-video-preview:-1\" \/>\n<link rel=\"canonical\" href=\"https:\/\/upravitrenutak.com\/?product=u-crijevu-vreba-smrt-wolfgang-spiller\" \/>\n<meta property=\"og:locale\" content=\"hr_HR\" \/>\n<meta property=\"og:type\" content=\"article\" \/>\n<meta property=\"og:title\" content=\"U crijevu vreba smrt - Wolfgang Spiller - U Pravi Trenutak\" \/>\n<meta property=\"og:description\" content=\"Medicina zastupa godinama shva\u0107anje da su mikrobi neprijatelji \u010dovjeka i da se protiv njih mora boriti svim silama. Da bakterije mogu me\u0111utim biti \u010dovjekovi prijatelji, zapravo saznajemo kroz su\u017eivot mikroorganizama crijeva s \u010dovjekom. O toj simbiozi, koja je za \u010dovjeka egzistencijalna zna\u010denja, ovise mnoge \u017eivotno va\u017ene\u00a0 funkcije, kao npr. probava hrane, stvaranje vitamina, primanje i iskori\u0161tavanje hranjivih\u00a0 tvari, funkcija na\u0161eg imunolo\u0161kog sustava, detoksikacija itd.\" \/>\n<meta property=\"og:url\" content=\"https:\/\/upravitrenutak.com\/?product=u-crijevu-vreba-smrt-wolfgang-spiller\" \/>\n<meta property=\"og:site_name\" content=\"U Pravi Trenutak\" \/>\n<meta property=\"article:publisher\" content=\"https:\/\/www.facebook.com\/Knji%c5%benica-U-Pravi-Trenutak-378755409393101\" \/>\n<meta property=\"article:modified_time\" content=\"2021-05-08T15:49:28+00:00\" \/>\n<meta property=\"og:image\" content=\"https:\/\/upravitrenutak.com\/wp-content\/uploads\/2020\/09\/u-crijevu-vreba-smrt-1.jpg\" \/>\n\t<meta property=\"og:image:width\" content=\"1432\" \/>\n\t<meta property=\"og:image:height\" content=\"2156\" \/>\n\t<meta property=\"og:image:type\" content=\"image\/jpeg\" \/>\n<meta name=\"twitter:card\" content=\"summary_large_image\" \/>\n<script type=\"application\/ld+json\" class=\"yoast-schema-graph\">{\"@context\":\"https:\\\/\\\/schema.org\",\"@graph\":[{\"@type\":\"WebPage\",\"@id\":\"https:\\\/\\\/upravitrenutak.com\\\/?product=u-crijevu-vreba-smrt-wolfgang-spiller\",\"url\":\"https:\\\/\\\/upravitrenutak.com\\\/?product=u-crijevu-vreba-smrt-wolfgang-spiller\",\"name\":\"U crijevu vreba smrt - Wolfgang Spiller - U Pravi Trenutak\",\"isPartOf\":{\"@id\":\"https:\\\/\\\/upravitrenutak.com\\\/#website\"},\"primaryImageOfPage\":{\"@id\":\"https:\\\/\\\/upravitrenutak.com\\\/?product=u-crijevu-vreba-smrt-wolfgang-spiller#primaryimage\"},\"image\":{\"@id\":\"https:\\\/\\\/upravitrenutak.com\\\/?product=u-crijevu-vreba-smrt-wolfgang-spiller#primaryimage\"},\"thumbnailUrl\":\"https:\\\/\\\/upravitrenutak.com\\\/wp-content\\\/uploads\\\/2020\\\/09\\\/u-crijevu-vreba-smrt-1.jpg\",\"datePublished\":\"2020-09-14T09:26:31+00:00\",\"dateModified\":\"2021-05-08T15:49:28+00:00\",\"breadcrumb\":{\"@id\":\"https:\\\/\\\/upravitrenutak.com\\\/?product=u-crijevu-vreba-smrt-wolfgang-spiller#breadcrumb\"},\"inLanguage\":\"hr\",\"potentialAction\":[{\"@type\":\"ReadAction\",\"target\":[\"https:\\\/\\\/upravitrenutak.com\\\/?product=u-crijevu-vreba-smrt-wolfgang-spiller\"]}]},{\"@type\":\"ImageObject\",\"inLanguage\":\"hr\",\"@id\":\"https:\\\/\\\/upravitrenutak.com\\\/?product=u-crijevu-vreba-smrt-wolfgang-spiller#primaryimage\",\"url\":\"https:\\\/\\\/upravitrenutak.com\\\/wp-content\\\/uploads\\\/2020\\\/09\\\/u-crijevu-vreba-smrt-1.jpg\",\"contentUrl\":\"https:\\\/\\\/upravitrenutak.com\\\/wp-content\\\/uploads\\\/2020\\\/09\\\/u-crijevu-vreba-smrt-1.jpg\",\"width\":1432,\"height\":2156},{\"@type\":\"BreadcrumbList\",\"@id\":\"https:\\\/\\\/upravitrenutak.com\\\/?product=u-crijevu-vreba-smrt-wolfgang-spiller#breadcrumb\",\"itemListElement\":[{\"@type\":\"ListItem\",\"position\":1,\"name\":\"Po\u010detna stranica\",\"item\":\"https:\\\/\\\/upravitrenutak.com\\\/\"},{\"@type\":\"ListItem\",\"position\":2,\"name\":\"Cjelokupna ponuda\",\"item\":\"https:\\\/\\\/upravitrenutak.com\\\/?page_id=2362\"},{\"@type\":\"ListItem\",\"position\":3,\"name\":\"U crijevu vreba smrt &#8211; Wolfgang Spiller\"}]},{\"@type\":\"WebSite\",\"@id\":\"https:\\\/\\\/upravitrenutak.com\\\/#website\",\"url\":\"https:\\\/\\\/upravitrenutak.com\\\/\",\"name\":\"U Pravi Trenutak\",\"description\":\"Online Knji\u017eara\",\"potentialAction\":[{\"@type\":\"SearchAction\",\"target\":{\"@type\":\"EntryPoint\",\"urlTemplate\":\"https:\\\/\\\/upravitrenutak.com\\\/?s={search_term_string}\"},\"query-input\":{\"@type\":\"PropertyValueSpecification\",\"valueRequired\":true,\"valueName\":\"search_term_string\"}}],\"inLanguage\":\"hr\"}]}<\/script>\n<!-- \/ Yoast SEO plugin. -->","yoast_head_json":{"title":"U crijevu vreba smrt - Wolfgang Spiller - U Pravi Trenutak","robots":{"index":"index","follow":"follow","max-snippet":"max-snippet:-1","max-image-preview":"max-image-preview:large","max-video-preview":"max-video-preview:-1"},"canonical":"https:\/\/upravitrenutak.com\/?product=u-crijevu-vreba-smrt-wolfgang-spiller","og_locale":"hr_HR","og_type":"article","og_title":"U crijevu vreba smrt - Wolfgang Spiller - U Pravi Trenutak","og_description":"Medicina zastupa godinama shva\u0107anje da su mikrobi neprijatelji \u010dovjeka i da se protiv njih mora boriti svim silama. Da bakterije mogu me\u0111utim biti \u010dovjekovi prijatelji, zapravo saznajemo kroz su\u017eivot mikroorganizama crijeva s \u010dovjekom. O toj simbiozi, koja je za \u010dovjeka egzistencijalna zna\u010denja, ovise mnoge \u017eivotno va\u017ene\u00a0 funkcije, kao npr. probava hrane, stvaranje vitamina, primanje i iskori\u0161tavanje hranjivih\u00a0 tvari, funkcija na\u0161eg imunolo\u0161kog sustava, detoksikacija itd.","og_url":"https:\/\/upravitrenutak.com\/?product=u-crijevu-vreba-smrt-wolfgang-spiller","og_site_name":"U Pravi Trenutak","article_publisher":"https:\/\/www.facebook.com\/Knji%c5%benica-U-Pravi-Trenutak-378755409393101","article_modified_time":"2021-05-08T15:49:28+00:00","og_image":[{"width":1432,"height":2156,"url":"https:\/\/upravitrenutak.com\/wp-content\/uploads\/2020\/09\/u-crijevu-vreba-smrt-1.jpg","type":"image\/jpeg"}],"twitter_card":"summary_large_image","schema":{"@context":"https:\/\/schema.org","@graph":[{"@type":"WebPage","@id":"https:\/\/upravitrenutak.com\/?product=u-crijevu-vreba-smrt-wolfgang-spiller","url":"https:\/\/upravitrenutak.com\/?product=u-crijevu-vreba-smrt-wolfgang-spiller","name":"U crijevu vreba smrt - Wolfgang Spiller - U Pravi Trenutak","isPartOf":{"@id":"https:\/\/upravitrenutak.com\/#website"},"primaryImageOfPage":{"@id":"https:\/\/upravitrenutak.com\/?product=u-crijevu-vreba-smrt-wolfgang-spiller#primaryimage"},"image":{"@id":"https:\/\/upravitrenutak.com\/?product=u-crijevu-vreba-smrt-wolfgang-spiller#primaryimage"},"thumbnailUrl":"https:\/\/upravitrenutak.com\/wp-content\/uploads\/2020\/09\/u-crijevu-vreba-smrt-1.jpg","datePublished":"2020-09-14T09:26:31+00:00","dateModified":"2021-05-08T15:49:28+00:00","breadcrumb":{"@id":"https:\/\/upravitrenutak.com\/?product=u-crijevu-vreba-smrt-wolfgang-spiller#breadcrumb"},"inLanguage":"hr","potentialAction":[{"@type":"ReadAction","target":["https:\/\/upravitrenutak.com\/?product=u-crijevu-vreba-smrt-wolfgang-spiller"]}]},{"@type":"ImageObject","inLanguage":"hr","@id":"https:\/\/upravitrenutak.com\/?product=u-crijevu-vreba-smrt-wolfgang-spiller#primaryimage","url":"https:\/\/upravitrenutak.com\/wp-content\/uploads\/2020\/09\/u-crijevu-vreba-smrt-1.jpg","contentUrl":"https:\/\/upravitrenutak.com\/wp-content\/uploads\/2020\/09\/u-crijevu-vreba-smrt-1.jpg","width":1432,"height":2156},{"@type":"BreadcrumbList","@id":"https:\/\/upravitrenutak.com\/?product=u-crijevu-vreba-smrt-wolfgang-spiller#breadcrumb","itemListElement":[{"@type":"ListItem","position":1,"name":"Po\u010detna stranica","item":"https:\/\/upravitrenutak.com\/"},{"@type":"ListItem","position":2,"name":"Cjelokupna ponuda","item":"https:\/\/upravitrenutak.com\/?page_id=2362"},{"@type":"ListItem","position":3,"name":"U crijevu vreba smrt &#8211; Wolfgang Spiller"}]},{"@type":"WebSite","@id":"https:\/\/upravitrenutak.com\/#website","url":"https:\/\/upravitrenutak.com\/","name":"U Pravi Trenutak","description":"Online Knji\u017eara","potentialAction":[{"@type":"SearchAction","target":{"@type":"EntryPoint","urlTemplate":"https:\/\/upravitrenutak.com\/?s={search_term_string}"},"query-input":{"@type":"PropertyValueSpecification","valueRequired":true,"valueName":"search_term_string"}}],"inLanguage":"hr"}]}},"_links":{"self":[{"href":"https:\/\/upravitrenutak.com\/index.php?rest_route=\/wp\/v2\/product\/3568","targetHints":{"allow":["GET"]}}],"collection":[{"href":"https:\/\/upravitrenutak.com\/index.php?rest_route=\/wp\/v2\/product"}],"about":[{"href":"https:\/\/upravitrenutak.com\/index.php?rest_route=\/wp\/v2\/types\/product"}],"replies":[{"embeddable":true,"href":"https:\/\/upravitrenutak.com\/index.php?rest_route=%2Fwp%2Fv2%2Fcomments&post=3568"}],"wp:featuredmedia":[{"embeddable":true,"href":"https:\/\/upravitrenutak.com\/index.php?rest_route=\/wp\/v2\/media\/3628"}],"wp:attachment":[{"href":"https:\/\/upravitrenutak.com\/index.php?rest_route=%2Fwp%2Fv2%2Fmedia&parent=3568"}],"wp:term":[{"taxonomy":"product_brand","embeddable":true,"href":"https:\/\/upravitrenutak.com\/index.php?rest_route=%2Fwp%2Fv2%2Fproduct_brand&post=3568"},{"taxonomy":"product_cat","embeddable":true,"href":"https:\/\/upravitrenutak.com\/index.php?rest_route=%2Fwp%2Fv2%2Fproduct_cat&post=3568"},{"taxonomy":"product_tag","embeddable":true,"href":"https:\/\/upravitrenutak.com\/index.php?rest_route=%2Fwp%2Fv2%2Fproduct_tag&post=3568"}],"curies":[{"name":"wp","href":"https:\/\/api.w.org\/{rel}","templated":true}]}}