{"id":3798,"date":"2021-01-09T08:26:49","date_gmt":"2021-01-09T08:26:49","guid":{"rendered":"https:\/\/upravitrenutak.com\/?post_type=product&#038;p=3798"},"modified":"2025-10-11T14:41:34","modified_gmt":"2025-10-11T14:41:34","slug":"otvorite-srce-jedni-drugima-herbert-madinger","status":"publish","type":"product","link":"https:\/\/upravitrenutak.com\/?product=otvorite-srce-jedni-drugima-herbert-madinger","title":{"rendered":"Otvorite srce jedni drugima &#8211; Herbert Madinger"},"content":{"rendered":"<p>Meki uvez:<\/p>\n<p>Dimenzije : 120 x 190<\/p>\n<p>Stranice : 128.<\/p>\n<p>Godina izdanja : 2001.<\/p>\n","protected":false},"excerpt":{"rendered":"<p>Ova knji\u017eica \u017eeli ukazati na male korake, koji upu\u0107uju na ljubav.Jer sva sre\u0107a na\u0161eg \u017eivota zavisi o tome ,da nam ljubav bude uspje\u0161na! I to dodu\u0161e ona ljubav, koja je vi\u0161e od \u010duvstva i osje\u0107aja trenutka. Srda\u010dna me\u0111usobna ljubav je dio neba ,poklon odozgo , Bo\u017eje \u010dudo, iskusimo tu ljubav,nalazimo nutarnji mir i onu snagu koja sve svladava.<\/p>\n","protected":false},"featured_media":3799,"comment_status":"open","ping_status":"closed","template":"","meta":[],"product_brand":[],"product_cat":[15],"product_tag":[108],"class_list":{"0":"post-3798","1":"product","2":"type-product","3":"status-publish","4":"has-post-thumbnail","6":"product_cat-ostalo","7":"product_tag-meditacija","9":"first","10":"instock","11":"shipping-taxable","12":"purchasable","13":"product-type-simple"},"yoast_head":"<!-- This site is optimized with the Yoast SEO plugin v27.4 - https:\/\/yoast.com\/product\/yoast-seo-wordpress\/ -->\n<title>Otvorite srce jedni drugima - Herbert Madinger - U Pravi Trenutak<\/title>\n<meta name=\"robots\" content=\"index, follow, max-snippet:-1, max-image-preview:large, max-video-preview:-1\" \/>\n<link rel=\"canonical\" href=\"https:\/\/upravitrenutak.com\/?product=otvorite-srce-jedni-drugima-herbert-madinger\" \/>\n<meta property=\"og:locale\" content=\"hr_HR\" \/>\n<meta property=\"og:type\" content=\"article\" \/>\n<meta property=\"og:title\" content=\"Otvorite srce jedni drugima - Herbert Madinger - U Pravi Trenutak\" \/>\n<meta property=\"og:description\" content=\"Ova knji\u017eica \u017eeli ukazati na male korake, koji upu\u0107uju na ljubav.Jer sva sre\u0107a na\u0161eg \u017eivota zavisi o tome ,da nam ljubav bude uspje\u0161na! I to dodu\u0161e ona ljubav, koja je vi\u0161e od \u010duvstva i osje\u0107aja trenutka. Srda\u010dna me\u0111usobna ljubav je dio neba ,poklon odozgo , Bo\u017eje \u010dudo, iskusimo tu ljubav,nalazimo nutarnji mir i onu snagu koja sve svladava.\" \/>\n<meta property=\"og:url\" content=\"https:\/\/upravitrenutak.com\/?product=otvorite-srce-jedni-drugima-herbert-madinger\" \/>\n<meta property=\"og:site_name\" content=\"U Pravi Trenutak\" \/>\n<meta property=\"article:publisher\" content=\"https:\/\/www.facebook.com\/Knji%c5%benica-U-Pravi-Trenutak-378755409393101\" \/>\n<meta property=\"article:modified_time\" content=\"2025-10-11T14:41:34+00:00\" \/>\n<meta property=\"og:image\" content=\"https:\/\/upravitrenutak.com\/wp-content\/uploads\/2021\/01\/Otvorite-srca-jedni-drugima.jpg\" \/>\n\t<meta property=\"og:image:width\" content=\"1398\" \/>\n\t<meta property=\"og:image:height\" content=\"2184\" \/>\n\t<meta property=\"og:image:type\" content=\"image\/jpeg\" \/>\n<meta name=\"twitter:card\" content=\"summary_large_image\" \/>\n<script type=\"application\/ld+json\" class=\"yoast-schema-graph\">{\"@context\":\"https:\\\/\\\/schema.org\",\"@graph\":[{\"@type\":\"WebPage\",\"@id\":\"https:\\\/\\\/upravitrenutak.com\\\/?product=otvorite-srce-jedni-drugima-herbert-madinger\",\"url\":\"https:\\\/\\\/upravitrenutak.com\\\/?product=otvorite-srce-jedni-drugima-herbert-madinger\",\"name\":\"Otvorite srce jedni drugima - Herbert Madinger - U Pravi Trenutak\",\"isPartOf\":{\"@id\":\"https:\\\/\\\/upravitrenutak.com\\\/#website\"},\"primaryImageOfPage\":{\"@id\":\"https:\\\/\\\/upravitrenutak.com\\\/?product=otvorite-srce-jedni-drugima-herbert-madinger#primaryimage\"},\"image\":{\"@id\":\"https:\\\/\\\/upravitrenutak.com\\\/?product=otvorite-srce-jedni-drugima-herbert-madinger#primaryimage\"},\"thumbnailUrl\":\"https:\\\/\\\/upravitrenutak.com\\\/wp-content\\\/uploads\\\/2021\\\/01\\\/Otvorite-srca-jedni-drugima.jpg\",\"datePublished\":\"2021-01-09T08:26:49+00:00\",\"dateModified\":\"2025-10-11T14:41:34+00:00\",\"breadcrumb\":{\"@id\":\"https:\\\/\\\/upravitrenutak.com\\\/?product=otvorite-srce-jedni-drugima-herbert-madinger#breadcrumb\"},\"inLanguage\":\"hr\",\"potentialAction\":[{\"@type\":\"ReadAction\",\"target\":[\"https:\\\/\\\/upravitrenutak.com\\\/?product=otvorite-srce-jedni-drugima-herbert-madinger\"]}]},{\"@type\":\"ImageObject\",\"inLanguage\":\"hr\",\"@id\":\"https:\\\/\\\/upravitrenutak.com\\\/?product=otvorite-srce-jedni-drugima-herbert-madinger#primaryimage\",\"url\":\"https:\\\/\\\/upravitrenutak.com\\\/wp-content\\\/uploads\\\/2021\\\/01\\\/Otvorite-srca-jedni-drugima.jpg\",\"contentUrl\":\"https:\\\/\\\/upravitrenutak.com\\\/wp-content\\\/uploads\\\/2021\\\/01\\\/Otvorite-srca-jedni-drugima.jpg\",\"width\":1398,\"height\":2184},{\"@type\":\"BreadcrumbList\",\"@id\":\"https:\\\/\\\/upravitrenutak.com\\\/?product=otvorite-srce-jedni-drugima-herbert-madinger#breadcrumb\",\"itemListElement\":[{\"@type\":\"ListItem\",\"position\":1,\"name\":\"Po\u010detna stranica\",\"item\":\"https:\\\/\\\/upravitrenutak.com\\\/\"},{\"@type\":\"ListItem\",\"position\":2,\"name\":\"Cjelokupna ponuda\",\"item\":\"https:\\\/\\\/upravitrenutak.com\\\/?page_id=2362\"},{\"@type\":\"ListItem\",\"position\":3,\"name\":\"Otvorite srce jedni drugima &#8211; Herbert Madinger\"}]},{\"@type\":\"WebSite\",\"@id\":\"https:\\\/\\\/upravitrenutak.com\\\/#website\",\"url\":\"https:\\\/\\\/upravitrenutak.com\\\/\",\"name\":\"U Pravi Trenutak\",\"description\":\"Online Knji\u017eara\",\"potentialAction\":[{\"@type\":\"SearchAction\",\"target\":{\"@type\":\"EntryPoint\",\"urlTemplate\":\"https:\\\/\\\/upravitrenutak.com\\\/?s={search_term_string}\"},\"query-input\":{\"@type\":\"PropertyValueSpecification\",\"valueRequired\":true,\"valueName\":\"search_term_string\"}}],\"inLanguage\":\"hr\"}]}<\/script>\n<!-- \/ Yoast SEO plugin. -->","yoast_head_json":{"title":"Otvorite srce jedni drugima - Herbert Madinger - U Pravi Trenutak","robots":{"index":"index","follow":"follow","max-snippet":"max-snippet:-1","max-image-preview":"max-image-preview:large","max-video-preview":"max-video-preview:-1"},"canonical":"https:\/\/upravitrenutak.com\/?product=otvorite-srce-jedni-drugima-herbert-madinger","og_locale":"hr_HR","og_type":"article","og_title":"Otvorite srce jedni drugima - Herbert Madinger - U Pravi Trenutak","og_description":"Ova knji\u017eica \u017eeli ukazati na male korake, koji upu\u0107uju na ljubav.Jer sva sre\u0107a na\u0161eg \u017eivota zavisi o tome ,da nam ljubav bude uspje\u0161na! I to dodu\u0161e ona ljubav, koja je vi\u0161e od \u010duvstva i osje\u0107aja trenutka. Srda\u010dna me\u0111usobna ljubav je dio neba ,poklon odozgo , Bo\u017eje \u010dudo, iskusimo tu ljubav,nalazimo nutarnji mir i onu snagu koja sve svladava.","og_url":"https:\/\/upravitrenutak.com\/?product=otvorite-srce-jedni-drugima-herbert-madinger","og_site_name":"U Pravi Trenutak","article_publisher":"https:\/\/www.facebook.com\/Knji%c5%benica-U-Pravi-Trenutak-378755409393101","article_modified_time":"2025-10-11T14:41:34+00:00","og_image":[{"width":1398,"height":2184,"url":"https:\/\/upravitrenutak.com\/wp-content\/uploads\/2021\/01\/Otvorite-srca-jedni-drugima.jpg","type":"image\/jpeg"}],"twitter_card":"summary_large_image","schema":{"@context":"https:\/\/schema.org","@graph":[{"@type":"WebPage","@id":"https:\/\/upravitrenutak.com\/?product=otvorite-srce-jedni-drugima-herbert-madinger","url":"https:\/\/upravitrenutak.com\/?product=otvorite-srce-jedni-drugima-herbert-madinger","name":"Otvorite srce jedni drugima - Herbert Madinger - U Pravi Trenutak","isPartOf":{"@id":"https:\/\/upravitrenutak.com\/#website"},"primaryImageOfPage":{"@id":"https:\/\/upravitrenutak.com\/?product=otvorite-srce-jedni-drugima-herbert-madinger#primaryimage"},"image":{"@id":"https:\/\/upravitrenutak.com\/?product=otvorite-srce-jedni-drugima-herbert-madinger#primaryimage"},"thumbnailUrl":"https:\/\/upravitrenutak.com\/wp-content\/uploads\/2021\/01\/Otvorite-srca-jedni-drugima.jpg","datePublished":"2021-01-09T08:26:49+00:00","dateModified":"2025-10-11T14:41:34+00:00","breadcrumb":{"@id":"https:\/\/upravitrenutak.com\/?product=otvorite-srce-jedni-drugima-herbert-madinger#breadcrumb"},"inLanguage":"hr","potentialAction":[{"@type":"ReadAction","target":["https:\/\/upravitrenutak.com\/?product=otvorite-srce-jedni-drugima-herbert-madinger"]}]},{"@type":"ImageObject","inLanguage":"hr","@id":"https:\/\/upravitrenutak.com\/?product=otvorite-srce-jedni-drugima-herbert-madinger#primaryimage","url":"https:\/\/upravitrenutak.com\/wp-content\/uploads\/2021\/01\/Otvorite-srca-jedni-drugima.jpg","contentUrl":"https:\/\/upravitrenutak.com\/wp-content\/uploads\/2021\/01\/Otvorite-srca-jedni-drugima.jpg","width":1398,"height":2184},{"@type":"BreadcrumbList","@id":"https:\/\/upravitrenutak.com\/?product=otvorite-srce-jedni-drugima-herbert-madinger#breadcrumb","itemListElement":[{"@type":"ListItem","position":1,"name":"Po\u010detna stranica","item":"https:\/\/upravitrenutak.com\/"},{"@type":"ListItem","position":2,"name":"Cjelokupna ponuda","item":"https:\/\/upravitrenutak.com\/?page_id=2362"},{"@type":"ListItem","position":3,"name":"Otvorite srce jedni drugima &#8211; Herbert Madinger"}]},{"@type":"WebSite","@id":"https:\/\/upravitrenutak.com\/#website","url":"https:\/\/upravitrenutak.com\/","name":"U Pravi Trenutak","description":"Online Knji\u017eara","potentialAction":[{"@type":"SearchAction","target":{"@type":"EntryPoint","urlTemplate":"https:\/\/upravitrenutak.com\/?s={search_term_string}"},"query-input":{"@type":"PropertyValueSpecification","valueRequired":true,"valueName":"search_term_string"}}],"inLanguage":"hr"}]}},"_links":{"self":[{"href":"https:\/\/upravitrenutak.com\/index.php?rest_route=\/wp\/v2\/product\/3798","targetHints":{"allow":["GET"]}}],"collection":[{"href":"https:\/\/upravitrenutak.com\/index.php?rest_route=\/wp\/v2\/product"}],"about":[{"href":"https:\/\/upravitrenutak.com\/index.php?rest_route=\/wp\/v2\/types\/product"}],"replies":[{"embeddable":true,"href":"https:\/\/upravitrenutak.com\/index.php?rest_route=%2Fwp%2Fv2%2Fcomments&post=3798"}],"wp:featuredmedia":[{"embeddable":true,"href":"https:\/\/upravitrenutak.com\/index.php?rest_route=\/wp\/v2\/media\/3799"}],"wp:attachment":[{"href":"https:\/\/upravitrenutak.com\/index.php?rest_route=%2Fwp%2Fv2%2Fmedia&parent=3798"}],"wp:term":[{"taxonomy":"product_brand","embeddable":true,"href":"https:\/\/upravitrenutak.com\/index.php?rest_route=%2Fwp%2Fv2%2Fproduct_brand&post=3798"},{"taxonomy":"product_cat","embeddable":true,"href":"https:\/\/upravitrenutak.com\/index.php?rest_route=%2Fwp%2Fv2%2Fproduct_cat&post=3798"},{"taxonomy":"product_tag","embeddable":true,"href":"https:\/\/upravitrenutak.com\/index.php?rest_route=%2Fwp%2Fv2%2Fproduct_tag&post=3798"}],"curies":[{"name":"wp","href":"https:\/\/api.w.org\/{rel}","templated":true}]}}