{"id":3810,"date":"2021-01-09T09:44:34","date_gmt":"2021-01-09T09:44:34","guid":{"rendered":"https:\/\/upravitrenutak.com\/?post_type=product&#038;p=3810"},"modified":"2023-12-31T18:53:51","modified_gmt":"2023-12-31T18:53:51","slug":"mladicu-djevojkopaznjapaznja-dr-srecko-bosnjak","status":"publish","type":"product","link":"https:\/\/upravitrenutak.com\/?product=mladicu-djevojkopaznjapaznja-dr-srecko-bosnjak","title":{"rendered":"Mladi\u0107u, djevojko, pa\u017enja, pa\u017enja! &#8211; Dr. Sre\u0107ko Bo\u0161njak"},"content":{"rendered":"<p>Meki uvez:<\/p>\n<p>Dimenzije : 120 x 190<\/p>\n<p>Stranice : 59.<\/p>\n<p>Godina izdanja : 1995.<\/p>\n","protected":false},"excerpt":{"rendered":"<p>Mladice vo\u0107ke se usmjeruju zarana . &#8220;Staro drvo, slomi ne ispravi &#8220;Mlade\u017e se ne odgaja u umjerenosti , u odgovornosti, u po\u0161tenju, u duhovnoj \u010disto\u0107i, u vladanju samim sobom, u ljubavi prema bli\u017enjem, u duhovnom, u du\u0161evnom heroizmu, u \u010dovje\u0161tvu, u vjerskoj izgradnji. Moderna pokoljenja te vrijednosti preziru, a isti\u010de se jedino u\u017eivanje. Ova knji\u017eica \u017eeli pomo\u0107i mladima da ne zalutaju, da se oslone na Krista i njegovu radosnu rije\u010d.<\/p>\n","protected":false},"featured_media":3919,"comment_status":"open","ping_status":"closed","template":"","meta":[],"product_brand":[],"product_cat":[15],"product_tag":[125],"class_list":{"0":"post-3810","1":"product","2":"type-product","3":"status-publish","4":"has-post-thumbnail","6":"product_cat-ostalo","7":"product_tag-za-mlade","9":"first","10":"outofstock","11":"shipping-taxable","12":"purchasable","13":"product-type-simple"},"yoast_head":"<!-- This site is optimized with the Yoast SEO plugin v27.4 - https:\/\/yoast.com\/product\/yoast-seo-wordpress\/ -->\n<title>Mladi\u0107u, djevojko, pa\u017enja, pa\u017enja! - Dr. Sre\u0107ko Bo\u0161njak - U Pravi Trenutak<\/title>\n<meta name=\"robots\" content=\"index, follow, max-snippet:-1, max-image-preview:large, max-video-preview:-1\" \/>\n<link rel=\"canonical\" href=\"https:\/\/upravitrenutak.com\/?product=mladicu-djevojkopaznjapaznja-dr-srecko-bosnjak\" \/>\n<meta property=\"og:locale\" content=\"hr_HR\" \/>\n<meta property=\"og:type\" content=\"article\" \/>\n<meta property=\"og:title\" content=\"Mladi\u0107u, djevojko, pa\u017enja, pa\u017enja! - Dr. Sre\u0107ko Bo\u0161njak - U Pravi Trenutak\" \/>\n<meta property=\"og:description\" content=\"Mladice vo\u0107ke se usmjeruju zarana . &quot;Staro drvo, slomi ne ispravi &quot;Mlade\u017e se ne odgaja u umjerenosti , u odgovornosti, u po\u0161tenju, u duhovnoj \u010disto\u0107i, u vladanju samim sobom, u ljubavi prema bli\u017enjem, u duhovnom, u du\u0161evnom heroizmu, u \u010dovje\u0161tvu, u vjerskoj izgradnji. Moderna pokoljenja te vrijednosti preziru, a isti\u010de se jedino u\u017eivanje. Ova knji\u017eica \u017eeli pomo\u0107i mladima da ne zalutaju, da se oslone na Krista i njegovu radosnu rije\u010d.\" \/>\n<meta property=\"og:url\" content=\"https:\/\/upravitrenutak.com\/?product=mladicu-djevojkopaznjapaznja-dr-srecko-bosnjak\" \/>\n<meta property=\"og:site_name\" content=\"U Pravi Trenutak\" \/>\n<meta property=\"article:publisher\" content=\"https:\/\/www.facebook.com\/Knji%c5%benica-U-Pravi-Trenutak-378755409393101\" \/>\n<meta property=\"article:modified_time\" content=\"2023-12-31T18:53:51+00:00\" \/>\n<meta property=\"og:image\" content=\"https:\/\/upravitrenutak.com\/wp-content\/uploads\/2021\/01\/Mladicu-djevojko-paznja-paznja.jpg\" \/>\n\t<meta property=\"og:image:width\" content=\"1392\" \/>\n\t<meta property=\"og:image:height\" content=\"2232\" \/>\n\t<meta property=\"og:image:type\" content=\"image\/jpeg\" \/>\n<meta name=\"twitter:card\" content=\"summary_large_image\" \/>\n<script type=\"application\/ld+json\" class=\"yoast-schema-graph\">{\"@context\":\"https:\\\/\\\/schema.org\",\"@graph\":[{\"@type\":\"WebPage\",\"@id\":\"https:\\\/\\\/upravitrenutak.com\\\/?product=mladicu-djevojkopaznjapaznja-dr-srecko-bosnjak\",\"url\":\"https:\\\/\\\/upravitrenutak.com\\\/?product=mladicu-djevojkopaznjapaznja-dr-srecko-bosnjak\",\"name\":\"Mladi\u0107u, djevojko, pa\u017enja, pa\u017enja! - Dr. Sre\u0107ko Bo\u0161njak - U Pravi Trenutak\",\"isPartOf\":{\"@id\":\"https:\\\/\\\/upravitrenutak.com\\\/#website\"},\"primaryImageOfPage\":{\"@id\":\"https:\\\/\\\/upravitrenutak.com\\\/?product=mladicu-djevojkopaznjapaznja-dr-srecko-bosnjak#primaryimage\"},\"image\":{\"@id\":\"https:\\\/\\\/upravitrenutak.com\\\/?product=mladicu-djevojkopaznjapaznja-dr-srecko-bosnjak#primaryimage\"},\"thumbnailUrl\":\"https:\\\/\\\/upravitrenutak.com\\\/wp-content\\\/uploads\\\/2021\\\/01\\\/Mladicu-djevojko-paznja-paznja.jpg\",\"datePublished\":\"2021-01-09T09:44:34+00:00\",\"dateModified\":\"2023-12-31T18:53:51+00:00\",\"breadcrumb\":{\"@id\":\"https:\\\/\\\/upravitrenutak.com\\\/?product=mladicu-djevojkopaznjapaznja-dr-srecko-bosnjak#breadcrumb\"},\"inLanguage\":\"hr\",\"potentialAction\":[{\"@type\":\"ReadAction\",\"target\":[\"https:\\\/\\\/upravitrenutak.com\\\/?product=mladicu-djevojkopaznjapaznja-dr-srecko-bosnjak\"]}]},{\"@type\":\"ImageObject\",\"inLanguage\":\"hr\",\"@id\":\"https:\\\/\\\/upravitrenutak.com\\\/?product=mladicu-djevojkopaznjapaznja-dr-srecko-bosnjak#primaryimage\",\"url\":\"https:\\\/\\\/upravitrenutak.com\\\/wp-content\\\/uploads\\\/2021\\\/01\\\/Mladicu-djevojko-paznja-paznja.jpg\",\"contentUrl\":\"https:\\\/\\\/upravitrenutak.com\\\/wp-content\\\/uploads\\\/2021\\\/01\\\/Mladicu-djevojko-paznja-paznja.jpg\",\"width\":1392,\"height\":2232},{\"@type\":\"BreadcrumbList\",\"@id\":\"https:\\\/\\\/upravitrenutak.com\\\/?product=mladicu-djevojkopaznjapaznja-dr-srecko-bosnjak#breadcrumb\",\"itemListElement\":[{\"@type\":\"ListItem\",\"position\":1,\"name\":\"Po\u010detna stranica\",\"item\":\"https:\\\/\\\/upravitrenutak.com\\\/\"},{\"@type\":\"ListItem\",\"position\":2,\"name\":\"Cjelokupna ponuda\",\"item\":\"https:\\\/\\\/upravitrenutak.com\\\/?page_id=2362\"},{\"@type\":\"ListItem\",\"position\":3,\"name\":\"Mladi\u0107u, djevojko, pa\u017enja, pa\u017enja! &#8211; Dr. Sre\u0107ko Bo\u0161njak\"}]},{\"@type\":\"WebSite\",\"@id\":\"https:\\\/\\\/upravitrenutak.com\\\/#website\",\"url\":\"https:\\\/\\\/upravitrenutak.com\\\/\",\"name\":\"U Pravi Trenutak\",\"description\":\"Online Knji\u017eara\",\"potentialAction\":[{\"@type\":\"SearchAction\",\"target\":{\"@type\":\"EntryPoint\",\"urlTemplate\":\"https:\\\/\\\/upravitrenutak.com\\\/?s={search_term_string}\"},\"query-input\":{\"@type\":\"PropertyValueSpecification\",\"valueRequired\":true,\"valueName\":\"search_term_string\"}}],\"inLanguage\":\"hr\"}]}<\/script>\n<!-- \/ Yoast SEO plugin. -->","yoast_head_json":{"title":"Mladi\u0107u, djevojko, pa\u017enja, pa\u017enja! - Dr. Sre\u0107ko Bo\u0161njak - U Pravi Trenutak","robots":{"index":"index","follow":"follow","max-snippet":"max-snippet:-1","max-image-preview":"max-image-preview:large","max-video-preview":"max-video-preview:-1"},"canonical":"https:\/\/upravitrenutak.com\/?product=mladicu-djevojkopaznjapaznja-dr-srecko-bosnjak","og_locale":"hr_HR","og_type":"article","og_title":"Mladi\u0107u, djevojko, pa\u017enja, pa\u017enja! - Dr. Sre\u0107ko Bo\u0161njak - U Pravi Trenutak","og_description":"Mladice vo\u0107ke se usmjeruju zarana . \"Staro drvo, slomi ne ispravi \"Mlade\u017e se ne odgaja u umjerenosti , u odgovornosti, u po\u0161tenju, u duhovnoj \u010disto\u0107i, u vladanju samim sobom, u ljubavi prema bli\u017enjem, u duhovnom, u du\u0161evnom heroizmu, u \u010dovje\u0161tvu, u vjerskoj izgradnji. Moderna pokoljenja te vrijednosti preziru, a isti\u010de se jedino u\u017eivanje. Ova knji\u017eica \u017eeli pomo\u0107i mladima da ne zalutaju, da se oslone na Krista i njegovu radosnu rije\u010d.","og_url":"https:\/\/upravitrenutak.com\/?product=mladicu-djevojkopaznjapaznja-dr-srecko-bosnjak","og_site_name":"U Pravi Trenutak","article_publisher":"https:\/\/www.facebook.com\/Knji%c5%benica-U-Pravi-Trenutak-378755409393101","article_modified_time":"2023-12-31T18:53:51+00:00","og_image":[{"width":1392,"height":2232,"url":"https:\/\/upravitrenutak.com\/wp-content\/uploads\/2021\/01\/Mladicu-djevojko-paznja-paznja.jpg","type":"image\/jpeg"}],"twitter_card":"summary_large_image","schema":{"@context":"https:\/\/schema.org","@graph":[{"@type":"WebPage","@id":"https:\/\/upravitrenutak.com\/?product=mladicu-djevojkopaznjapaznja-dr-srecko-bosnjak","url":"https:\/\/upravitrenutak.com\/?product=mladicu-djevojkopaznjapaznja-dr-srecko-bosnjak","name":"Mladi\u0107u, djevojko, pa\u017enja, pa\u017enja! - Dr. Sre\u0107ko Bo\u0161njak - U Pravi Trenutak","isPartOf":{"@id":"https:\/\/upravitrenutak.com\/#website"},"primaryImageOfPage":{"@id":"https:\/\/upravitrenutak.com\/?product=mladicu-djevojkopaznjapaznja-dr-srecko-bosnjak#primaryimage"},"image":{"@id":"https:\/\/upravitrenutak.com\/?product=mladicu-djevojkopaznjapaznja-dr-srecko-bosnjak#primaryimage"},"thumbnailUrl":"https:\/\/upravitrenutak.com\/wp-content\/uploads\/2021\/01\/Mladicu-djevojko-paznja-paznja.jpg","datePublished":"2021-01-09T09:44:34+00:00","dateModified":"2023-12-31T18:53:51+00:00","breadcrumb":{"@id":"https:\/\/upravitrenutak.com\/?product=mladicu-djevojkopaznjapaznja-dr-srecko-bosnjak#breadcrumb"},"inLanguage":"hr","potentialAction":[{"@type":"ReadAction","target":["https:\/\/upravitrenutak.com\/?product=mladicu-djevojkopaznjapaznja-dr-srecko-bosnjak"]}]},{"@type":"ImageObject","inLanguage":"hr","@id":"https:\/\/upravitrenutak.com\/?product=mladicu-djevojkopaznjapaznja-dr-srecko-bosnjak#primaryimage","url":"https:\/\/upravitrenutak.com\/wp-content\/uploads\/2021\/01\/Mladicu-djevojko-paznja-paznja.jpg","contentUrl":"https:\/\/upravitrenutak.com\/wp-content\/uploads\/2021\/01\/Mladicu-djevojko-paznja-paznja.jpg","width":1392,"height":2232},{"@type":"BreadcrumbList","@id":"https:\/\/upravitrenutak.com\/?product=mladicu-djevojkopaznjapaznja-dr-srecko-bosnjak#breadcrumb","itemListElement":[{"@type":"ListItem","position":1,"name":"Po\u010detna stranica","item":"https:\/\/upravitrenutak.com\/"},{"@type":"ListItem","position":2,"name":"Cjelokupna ponuda","item":"https:\/\/upravitrenutak.com\/?page_id=2362"},{"@type":"ListItem","position":3,"name":"Mladi\u0107u, djevojko, pa\u017enja, pa\u017enja! &#8211; Dr. Sre\u0107ko Bo\u0161njak"}]},{"@type":"WebSite","@id":"https:\/\/upravitrenutak.com\/#website","url":"https:\/\/upravitrenutak.com\/","name":"U Pravi Trenutak","description":"Online Knji\u017eara","potentialAction":[{"@type":"SearchAction","target":{"@type":"EntryPoint","urlTemplate":"https:\/\/upravitrenutak.com\/?s={search_term_string}"},"query-input":{"@type":"PropertyValueSpecification","valueRequired":true,"valueName":"search_term_string"}}],"inLanguage":"hr"}]}},"_links":{"self":[{"href":"https:\/\/upravitrenutak.com\/index.php?rest_route=\/wp\/v2\/product\/3810","targetHints":{"allow":["GET"]}}],"collection":[{"href":"https:\/\/upravitrenutak.com\/index.php?rest_route=\/wp\/v2\/product"}],"about":[{"href":"https:\/\/upravitrenutak.com\/index.php?rest_route=\/wp\/v2\/types\/product"}],"replies":[{"embeddable":true,"href":"https:\/\/upravitrenutak.com\/index.php?rest_route=%2Fwp%2Fv2%2Fcomments&post=3810"}],"wp:featuredmedia":[{"embeddable":true,"href":"https:\/\/upravitrenutak.com\/index.php?rest_route=\/wp\/v2\/media\/3919"}],"wp:attachment":[{"href":"https:\/\/upravitrenutak.com\/index.php?rest_route=%2Fwp%2Fv2%2Fmedia&parent=3810"}],"wp:term":[{"taxonomy":"product_brand","embeddable":true,"href":"https:\/\/upravitrenutak.com\/index.php?rest_route=%2Fwp%2Fv2%2Fproduct_brand&post=3810"},{"taxonomy":"product_cat","embeddable":true,"href":"https:\/\/upravitrenutak.com\/index.php?rest_route=%2Fwp%2Fv2%2Fproduct_cat&post=3810"},{"taxonomy":"product_tag","embeddable":true,"href":"https:\/\/upravitrenutak.com\/index.php?rest_route=%2Fwp%2Fv2%2Fproduct_tag&post=3810"}],"curies":[{"name":"wp","href":"https:\/\/api.w.org\/{rel}","templated":true}]}}