{"id":3879,"date":"2021-01-14T10:39:21","date_gmt":"2021-01-14T10:39:21","guid":{"rendered":"https:\/\/upravitrenutak.com\/?post_type=product&#038;p=3879"},"modified":"2021-10-20T15:21:06","modified_gmt":"2021-10-20T15:21:06","slug":"spiritizam-andrea-porcarelli","status":"publish","type":"product","link":"https:\/\/upravitrenutak.com\/?product=spiritizam-andrea-porcarelli","title":{"rendered":"Spiritizam &#8211; Andrea Porcarelli"},"content":{"rendered":"<p>Meki uvez:<\/p>\n<p>Dimenzije : 140 x 200<\/p>\n<p>Stranice : 279<\/p>\n<p>Godina izdanja : 2000.<\/p>\n","protected":false},"excerpt":{"rendered":"<p>Stvari s onog svijeta.Suo\u010denje sa znano\u0161\u0107u i vjerom.\u0160irenje najrazli\u010ditijih oblika praznovjerja,me\u0111u kojima i spiritizma, iako ostaje velikim dijelom prikriveno, omogu\u0107ava izvirivanje vrhova tog ledenjaka dovoljnih da naslutimo njegovu va\u017enost te da nas potaknu da se spontano upitamo: kako je mogu\u0107e da se na\u0161a civilizacija i previ\u0161e &#8220;oslobo\u0111ena za\u010daranosti&#8221;u odnosu na vjeru u kojoj je rasla prepu\u0161ta zavo\u0111enju takvih praznovjerja?\u0160to tra\u017ei \u010dovjek koji se upu\u0161ta u spiritisti\u010dku praksu?<\/p>\n","protected":false},"featured_media":3880,"comment_status":"open","ping_status":"closed","template":"","meta":[],"product_brand":[],"product_cat":[15],"product_tag":[93],"class_list":{"0":"post-3879","1":"product","2":"type-product","3":"status-publish","4":"has-post-thumbnail","6":"product_cat-ostalo","7":"product_tag-psihologija","9":"first","10":"outofstock","11":"shipping-taxable","12":"purchasable","13":"product-type-simple"},"yoast_head":"<!-- This site is optimized with the Yoast SEO plugin v27.4 - https:\/\/yoast.com\/product\/yoast-seo-wordpress\/ -->\n<title>Spiritizam - Andrea Porcarelli - U Pravi Trenutak<\/title>\n<meta name=\"robots\" content=\"index, follow, max-snippet:-1, max-image-preview:large, max-video-preview:-1\" \/>\n<link rel=\"canonical\" href=\"https:\/\/upravitrenutak.com\/?product=spiritizam-andrea-porcarelli\" \/>\n<meta property=\"og:locale\" content=\"hr_HR\" \/>\n<meta property=\"og:type\" content=\"article\" \/>\n<meta property=\"og:title\" content=\"Spiritizam - Andrea Porcarelli - U Pravi Trenutak\" \/>\n<meta property=\"og:description\" content=\"Stvari s onog svijeta.Suo\u010denje sa znano\u0161\u0107u i vjerom.\u0160irenje najrazli\u010ditijih oblika praznovjerja,me\u0111u kojima i spiritizma, iako ostaje velikim dijelom prikriveno, omogu\u0107ava izvirivanje vrhova tog ledenjaka dovoljnih da naslutimo njegovu va\u017enost te da nas potaknu da se spontano upitamo: kako je mogu\u0107e da se na\u0161a civilizacija i previ\u0161e &quot;oslobo\u0111ena za\u010daranosti&quot;u odnosu na vjeru u kojoj je rasla prepu\u0161ta zavo\u0111enju takvih praznovjerja?\u0160to tra\u017ei \u010dovjek koji se upu\u0161ta u spiritisti\u010dku praksu?\" \/>\n<meta property=\"og:url\" content=\"https:\/\/upravitrenutak.com\/?product=spiritizam-andrea-porcarelli\" \/>\n<meta property=\"og:site_name\" content=\"U Pravi Trenutak\" \/>\n<meta property=\"article:publisher\" content=\"https:\/\/www.facebook.com\/Knji%c5%benica-U-Pravi-Trenutak-378755409393101\" \/>\n<meta property=\"article:modified_time\" content=\"2021-10-20T15:21:06+00:00\" \/>\n<meta property=\"og:image\" content=\"https:\/\/upravitrenutak.com\/wp-content\/uploads\/2021\/01\/Spiritizam.jpg\" \/>\n\t<meta property=\"og:image:width\" content=\"1590\" \/>\n\t<meta property=\"og:image:height\" content=\"2328\" \/>\n\t<meta property=\"og:image:type\" content=\"image\/jpeg\" \/>\n<meta name=\"twitter:card\" content=\"summary_large_image\" \/>\n<meta name=\"twitter:label1\" content=\"Procijenjeno vrijeme \u010ditanja\" \/>\n\t<meta name=\"twitter:data1\" content=\"1 minuta\" \/>\n<script type=\"application\/ld+json\" class=\"yoast-schema-graph\">{\"@context\":\"https:\\\/\\\/schema.org\",\"@graph\":[{\"@type\":\"WebPage\",\"@id\":\"https:\\\/\\\/upravitrenutak.com\\\/?product=spiritizam-andrea-porcarelli\",\"url\":\"https:\\\/\\\/upravitrenutak.com\\\/?product=spiritizam-andrea-porcarelli\",\"name\":\"Spiritizam - Andrea Porcarelli - U Pravi Trenutak\",\"isPartOf\":{\"@id\":\"https:\\\/\\\/upravitrenutak.com\\\/#website\"},\"primaryImageOfPage\":{\"@id\":\"https:\\\/\\\/upravitrenutak.com\\\/?product=spiritizam-andrea-porcarelli#primaryimage\"},\"image\":{\"@id\":\"https:\\\/\\\/upravitrenutak.com\\\/?product=spiritizam-andrea-porcarelli#primaryimage\"},\"thumbnailUrl\":\"https:\\\/\\\/upravitrenutak.com\\\/wp-content\\\/uploads\\\/2021\\\/01\\\/Spiritizam.jpg\",\"datePublished\":\"2021-01-14T10:39:21+00:00\",\"dateModified\":\"2021-10-20T15:21:06+00:00\",\"breadcrumb\":{\"@id\":\"https:\\\/\\\/upravitrenutak.com\\\/?product=spiritizam-andrea-porcarelli#breadcrumb\"},\"inLanguage\":\"hr\",\"potentialAction\":[{\"@type\":\"ReadAction\",\"target\":[\"https:\\\/\\\/upravitrenutak.com\\\/?product=spiritizam-andrea-porcarelli\"]}]},{\"@type\":\"ImageObject\",\"inLanguage\":\"hr\",\"@id\":\"https:\\\/\\\/upravitrenutak.com\\\/?product=spiritizam-andrea-porcarelli#primaryimage\",\"url\":\"https:\\\/\\\/upravitrenutak.com\\\/wp-content\\\/uploads\\\/2021\\\/01\\\/Spiritizam.jpg\",\"contentUrl\":\"https:\\\/\\\/upravitrenutak.com\\\/wp-content\\\/uploads\\\/2021\\\/01\\\/Spiritizam.jpg\",\"width\":1590,\"height\":2328},{\"@type\":\"BreadcrumbList\",\"@id\":\"https:\\\/\\\/upravitrenutak.com\\\/?product=spiritizam-andrea-porcarelli#breadcrumb\",\"itemListElement\":[{\"@type\":\"ListItem\",\"position\":1,\"name\":\"Po\u010detna stranica\",\"item\":\"https:\\\/\\\/upravitrenutak.com\\\/\"},{\"@type\":\"ListItem\",\"position\":2,\"name\":\"Cjelokupna ponuda\",\"item\":\"https:\\\/\\\/upravitrenutak.com\\\/?page_id=2362\"},{\"@type\":\"ListItem\",\"position\":3,\"name\":\"Spiritizam &#8211; Andrea Porcarelli\"}]},{\"@type\":\"WebSite\",\"@id\":\"https:\\\/\\\/upravitrenutak.com\\\/#website\",\"url\":\"https:\\\/\\\/upravitrenutak.com\\\/\",\"name\":\"U Pravi Trenutak\",\"description\":\"Online Knji\u017eara\",\"potentialAction\":[{\"@type\":\"SearchAction\",\"target\":{\"@type\":\"EntryPoint\",\"urlTemplate\":\"https:\\\/\\\/upravitrenutak.com\\\/?s={search_term_string}\"},\"query-input\":{\"@type\":\"PropertyValueSpecification\",\"valueRequired\":true,\"valueName\":\"search_term_string\"}}],\"inLanguage\":\"hr\"}]}<\/script>\n<!-- \/ Yoast SEO plugin. -->","yoast_head_json":{"title":"Spiritizam - Andrea Porcarelli - U Pravi Trenutak","robots":{"index":"index","follow":"follow","max-snippet":"max-snippet:-1","max-image-preview":"max-image-preview:large","max-video-preview":"max-video-preview:-1"},"canonical":"https:\/\/upravitrenutak.com\/?product=spiritizam-andrea-porcarelli","og_locale":"hr_HR","og_type":"article","og_title":"Spiritizam - Andrea Porcarelli - U Pravi Trenutak","og_description":"Stvari s onog svijeta.Suo\u010denje sa znano\u0161\u0107u i vjerom.\u0160irenje najrazli\u010ditijih oblika praznovjerja,me\u0111u kojima i spiritizma, iako ostaje velikim dijelom prikriveno, omogu\u0107ava izvirivanje vrhova tog ledenjaka dovoljnih da naslutimo njegovu va\u017enost te da nas potaknu da se spontano upitamo: kako je mogu\u0107e da se na\u0161a civilizacija i previ\u0161e \"oslobo\u0111ena za\u010daranosti\"u odnosu na vjeru u kojoj je rasla prepu\u0161ta zavo\u0111enju takvih praznovjerja?\u0160to tra\u017ei \u010dovjek koji se upu\u0161ta u spiritisti\u010dku praksu?","og_url":"https:\/\/upravitrenutak.com\/?product=spiritizam-andrea-porcarelli","og_site_name":"U Pravi Trenutak","article_publisher":"https:\/\/www.facebook.com\/Knji%c5%benica-U-Pravi-Trenutak-378755409393101","article_modified_time":"2021-10-20T15:21:06+00:00","og_image":[{"width":1590,"height":2328,"url":"https:\/\/upravitrenutak.com\/wp-content\/uploads\/2021\/01\/Spiritizam.jpg","type":"image\/jpeg"}],"twitter_card":"summary_large_image","twitter_misc":{"Procijenjeno vrijeme \u010ditanja":"1 minuta"},"schema":{"@context":"https:\/\/schema.org","@graph":[{"@type":"WebPage","@id":"https:\/\/upravitrenutak.com\/?product=spiritizam-andrea-porcarelli","url":"https:\/\/upravitrenutak.com\/?product=spiritizam-andrea-porcarelli","name":"Spiritizam - Andrea Porcarelli - U Pravi Trenutak","isPartOf":{"@id":"https:\/\/upravitrenutak.com\/#website"},"primaryImageOfPage":{"@id":"https:\/\/upravitrenutak.com\/?product=spiritizam-andrea-porcarelli#primaryimage"},"image":{"@id":"https:\/\/upravitrenutak.com\/?product=spiritizam-andrea-porcarelli#primaryimage"},"thumbnailUrl":"https:\/\/upravitrenutak.com\/wp-content\/uploads\/2021\/01\/Spiritizam.jpg","datePublished":"2021-01-14T10:39:21+00:00","dateModified":"2021-10-20T15:21:06+00:00","breadcrumb":{"@id":"https:\/\/upravitrenutak.com\/?product=spiritizam-andrea-porcarelli#breadcrumb"},"inLanguage":"hr","potentialAction":[{"@type":"ReadAction","target":["https:\/\/upravitrenutak.com\/?product=spiritizam-andrea-porcarelli"]}]},{"@type":"ImageObject","inLanguage":"hr","@id":"https:\/\/upravitrenutak.com\/?product=spiritizam-andrea-porcarelli#primaryimage","url":"https:\/\/upravitrenutak.com\/wp-content\/uploads\/2021\/01\/Spiritizam.jpg","contentUrl":"https:\/\/upravitrenutak.com\/wp-content\/uploads\/2021\/01\/Spiritizam.jpg","width":1590,"height":2328},{"@type":"BreadcrumbList","@id":"https:\/\/upravitrenutak.com\/?product=spiritizam-andrea-porcarelli#breadcrumb","itemListElement":[{"@type":"ListItem","position":1,"name":"Po\u010detna stranica","item":"https:\/\/upravitrenutak.com\/"},{"@type":"ListItem","position":2,"name":"Cjelokupna ponuda","item":"https:\/\/upravitrenutak.com\/?page_id=2362"},{"@type":"ListItem","position":3,"name":"Spiritizam &#8211; Andrea Porcarelli"}]},{"@type":"WebSite","@id":"https:\/\/upravitrenutak.com\/#website","url":"https:\/\/upravitrenutak.com\/","name":"U Pravi Trenutak","description":"Online Knji\u017eara","potentialAction":[{"@type":"SearchAction","target":{"@type":"EntryPoint","urlTemplate":"https:\/\/upravitrenutak.com\/?s={search_term_string}"},"query-input":{"@type":"PropertyValueSpecification","valueRequired":true,"valueName":"search_term_string"}}],"inLanguage":"hr"}]}},"_links":{"self":[{"href":"https:\/\/upravitrenutak.com\/index.php?rest_route=\/wp\/v2\/product\/3879","targetHints":{"allow":["GET"]}}],"collection":[{"href":"https:\/\/upravitrenutak.com\/index.php?rest_route=\/wp\/v2\/product"}],"about":[{"href":"https:\/\/upravitrenutak.com\/index.php?rest_route=\/wp\/v2\/types\/product"}],"replies":[{"embeddable":true,"href":"https:\/\/upravitrenutak.com\/index.php?rest_route=%2Fwp%2Fv2%2Fcomments&post=3879"}],"wp:featuredmedia":[{"embeddable":true,"href":"https:\/\/upravitrenutak.com\/index.php?rest_route=\/wp\/v2\/media\/3880"}],"wp:attachment":[{"href":"https:\/\/upravitrenutak.com\/index.php?rest_route=%2Fwp%2Fv2%2Fmedia&parent=3879"}],"wp:term":[{"taxonomy":"product_brand","embeddable":true,"href":"https:\/\/upravitrenutak.com\/index.php?rest_route=%2Fwp%2Fv2%2Fproduct_brand&post=3879"},{"taxonomy":"product_cat","embeddable":true,"href":"https:\/\/upravitrenutak.com\/index.php?rest_route=%2Fwp%2Fv2%2Fproduct_cat&post=3879"},{"taxonomy":"product_tag","embeddable":true,"href":"https:\/\/upravitrenutak.com\/index.php?rest_route=%2Fwp%2Fv2%2Fproduct_tag&post=3879"}],"curies":[{"name":"wp","href":"https:\/\/api.w.org\/{rel}","templated":true}]}}