{"id":3897,"date":"2021-01-14T12:44:32","date_gmt":"2021-01-14T12:44:32","guid":{"rendered":"https:\/\/upravitrenutak.com\/?post_type=product&#038;p=3897"},"modified":"2025-10-09T13:45:33","modified_gmt":"2025-10-09T13:45:33","slug":"unatoc-svemu-ostati-vedar-juraj-loncarevic","status":"publish","type":"product","link":"https:\/\/upravitrenutak.com\/?product=unatoc-svemu-ostati-vedar-juraj-loncarevic","title":{"rendered":"Unato\u010d svemu ostati vedar &#8211; Juraj Lon\u010darevi\u0107"},"content":{"rendered":"<p>Meki uvez :<\/p>\n<p>Dimenzije : 140 x 200<\/p>\n<p>Stranice : 414<\/p>\n<p>Godina izdanja :1984.<\/p>\n","protected":false},"excerpt":{"rendered":"<p>Ni u kojem vremenu ,ni na kojem prostoru putovanje i rast Crkve nije bez te\u0161ko\u0107a.I bit \u0107e tako sve dok Crkva bude u stanju svoga putovanja.No , unato\u010d svemu tome valja vedro i optimisti\u010dki kro\u010diti naprijed izjavljuju i svjedo\u010de u knjizi mnogi \u017eupnici,redovnici i ostali \u010dlanovi Bo\u017ejeg naroda.<\/p>\n","protected":false},"featured_media":3898,"comment_status":"open","ping_status":"closed","template":"","meta":[],"product_brand":[],"product_cat":[15],"product_tag":[141],"class_list":{"0":"post-3897","1":"product","2":"type-product","3":"status-publish","4":"has-post-thumbnail","6":"product_cat-ostalo","7":"product_tag-svjedocanstvo","9":"first","10":"instock","11":"shipping-taxable","12":"purchasable","13":"product-type-simple"},"yoast_head":"<!-- This site is optimized with the Yoast SEO plugin v27.4 - https:\/\/yoast.com\/product\/yoast-seo-wordpress\/ -->\n<title>Unato\u010d svemu ostati vedar - Juraj Lon\u010darevi\u0107 - U Pravi Trenutak<\/title>\n<meta name=\"robots\" content=\"index, follow, max-snippet:-1, max-image-preview:large, max-video-preview:-1\" \/>\n<link rel=\"canonical\" href=\"https:\/\/upravitrenutak.com\/?product=unatoc-svemu-ostati-vedar-juraj-loncarevic\" \/>\n<meta property=\"og:locale\" content=\"hr_HR\" \/>\n<meta property=\"og:type\" content=\"article\" \/>\n<meta property=\"og:title\" content=\"Unato\u010d svemu ostati vedar - Juraj Lon\u010darevi\u0107 - U Pravi Trenutak\" \/>\n<meta property=\"og:description\" content=\"Ni u kojem vremenu ,ni na kojem prostoru putovanje i rast Crkve nije bez te\u0161ko\u0107a.I bit \u0107e tako sve dok Crkva bude u stanju svoga putovanja.No , unato\u010d svemu tome valja vedro i optimisti\u010dki kro\u010diti naprijed izjavljuju i svjedo\u010de u knjizi mnogi \u017eupnici,redovnici i ostali \u010dlanovi Bo\u017ejeg naroda.\" \/>\n<meta property=\"og:url\" content=\"https:\/\/upravitrenutak.com\/?product=unatoc-svemu-ostati-vedar-juraj-loncarevic\" \/>\n<meta property=\"og:site_name\" content=\"U Pravi Trenutak\" \/>\n<meta property=\"article:publisher\" content=\"https:\/\/www.facebook.com\/Knji%c5%benica-U-Pravi-Trenutak-378755409393101\" \/>\n<meta property=\"article:modified_time\" content=\"2025-10-09T13:45:33+00:00\" \/>\n<meta property=\"og:image\" content=\"https:\/\/upravitrenutak.com\/wp-content\/uploads\/2021\/01\/Unatoc-svemu-ostati-vedar.jpg\" \/>\n\t<meta property=\"og:image:width\" content=\"1576\" \/>\n\t<meta property=\"og:image:height\" content=\"2365\" \/>\n\t<meta property=\"og:image:type\" content=\"image\/jpeg\" \/>\n<meta name=\"twitter:card\" content=\"summary_large_image\" \/>\n<meta name=\"twitter:label1\" content=\"Procijenjeno vrijeme \u010ditanja\" \/>\n\t<meta name=\"twitter:data1\" content=\"1 minuta\" \/>\n<script type=\"application\/ld+json\" class=\"yoast-schema-graph\">{\"@context\":\"https:\\\/\\\/schema.org\",\"@graph\":[{\"@type\":\"WebPage\",\"@id\":\"https:\\\/\\\/upravitrenutak.com\\\/?product=unatoc-svemu-ostati-vedar-juraj-loncarevic\",\"url\":\"https:\\\/\\\/upravitrenutak.com\\\/?product=unatoc-svemu-ostati-vedar-juraj-loncarevic\",\"name\":\"Unato\u010d svemu ostati vedar - Juraj Lon\u010darevi\u0107 - U Pravi Trenutak\",\"isPartOf\":{\"@id\":\"https:\\\/\\\/upravitrenutak.com\\\/#website\"},\"primaryImageOfPage\":{\"@id\":\"https:\\\/\\\/upravitrenutak.com\\\/?product=unatoc-svemu-ostati-vedar-juraj-loncarevic#primaryimage\"},\"image\":{\"@id\":\"https:\\\/\\\/upravitrenutak.com\\\/?product=unatoc-svemu-ostati-vedar-juraj-loncarevic#primaryimage\"},\"thumbnailUrl\":\"https:\\\/\\\/upravitrenutak.com\\\/wp-content\\\/uploads\\\/2021\\\/01\\\/Unatoc-svemu-ostati-vedar.jpg\",\"datePublished\":\"2021-01-14T12:44:32+00:00\",\"dateModified\":\"2025-10-09T13:45:33+00:00\",\"breadcrumb\":{\"@id\":\"https:\\\/\\\/upravitrenutak.com\\\/?product=unatoc-svemu-ostati-vedar-juraj-loncarevic#breadcrumb\"},\"inLanguage\":\"hr\",\"potentialAction\":[{\"@type\":\"ReadAction\",\"target\":[\"https:\\\/\\\/upravitrenutak.com\\\/?product=unatoc-svemu-ostati-vedar-juraj-loncarevic\"]}]},{\"@type\":\"ImageObject\",\"inLanguage\":\"hr\",\"@id\":\"https:\\\/\\\/upravitrenutak.com\\\/?product=unatoc-svemu-ostati-vedar-juraj-loncarevic#primaryimage\",\"url\":\"https:\\\/\\\/upravitrenutak.com\\\/wp-content\\\/uploads\\\/2021\\\/01\\\/Unatoc-svemu-ostati-vedar.jpg\",\"contentUrl\":\"https:\\\/\\\/upravitrenutak.com\\\/wp-content\\\/uploads\\\/2021\\\/01\\\/Unatoc-svemu-ostati-vedar.jpg\",\"width\":1576,\"height\":2365},{\"@type\":\"BreadcrumbList\",\"@id\":\"https:\\\/\\\/upravitrenutak.com\\\/?product=unatoc-svemu-ostati-vedar-juraj-loncarevic#breadcrumb\",\"itemListElement\":[{\"@type\":\"ListItem\",\"position\":1,\"name\":\"Po\u010detna stranica\",\"item\":\"https:\\\/\\\/upravitrenutak.com\\\/\"},{\"@type\":\"ListItem\",\"position\":2,\"name\":\"Cjelokupna ponuda\",\"item\":\"https:\\\/\\\/upravitrenutak.com\\\/?page_id=2362\"},{\"@type\":\"ListItem\",\"position\":3,\"name\":\"Unato\u010d svemu ostati vedar &#8211; Juraj Lon\u010darevi\u0107\"}]},{\"@type\":\"WebSite\",\"@id\":\"https:\\\/\\\/upravitrenutak.com\\\/#website\",\"url\":\"https:\\\/\\\/upravitrenutak.com\\\/\",\"name\":\"U Pravi Trenutak\",\"description\":\"Online Knji\u017eara\",\"potentialAction\":[{\"@type\":\"SearchAction\",\"target\":{\"@type\":\"EntryPoint\",\"urlTemplate\":\"https:\\\/\\\/upravitrenutak.com\\\/?s={search_term_string}\"},\"query-input\":{\"@type\":\"PropertyValueSpecification\",\"valueRequired\":true,\"valueName\":\"search_term_string\"}}],\"inLanguage\":\"hr\"}]}<\/script>\n<!-- \/ Yoast SEO plugin. -->","yoast_head_json":{"title":"Unato\u010d svemu ostati vedar - Juraj Lon\u010darevi\u0107 - U Pravi Trenutak","robots":{"index":"index","follow":"follow","max-snippet":"max-snippet:-1","max-image-preview":"max-image-preview:large","max-video-preview":"max-video-preview:-1"},"canonical":"https:\/\/upravitrenutak.com\/?product=unatoc-svemu-ostati-vedar-juraj-loncarevic","og_locale":"hr_HR","og_type":"article","og_title":"Unato\u010d svemu ostati vedar - Juraj Lon\u010darevi\u0107 - U Pravi Trenutak","og_description":"Ni u kojem vremenu ,ni na kojem prostoru putovanje i rast Crkve nije bez te\u0161ko\u0107a.I bit \u0107e tako sve dok Crkva bude u stanju svoga putovanja.No , unato\u010d svemu tome valja vedro i optimisti\u010dki kro\u010diti naprijed izjavljuju i svjedo\u010de u knjizi mnogi \u017eupnici,redovnici i ostali \u010dlanovi Bo\u017ejeg naroda.","og_url":"https:\/\/upravitrenutak.com\/?product=unatoc-svemu-ostati-vedar-juraj-loncarevic","og_site_name":"U Pravi Trenutak","article_publisher":"https:\/\/www.facebook.com\/Knji%c5%benica-U-Pravi-Trenutak-378755409393101","article_modified_time":"2025-10-09T13:45:33+00:00","og_image":[{"width":1576,"height":2365,"url":"https:\/\/upravitrenutak.com\/wp-content\/uploads\/2021\/01\/Unatoc-svemu-ostati-vedar.jpg","type":"image\/jpeg"}],"twitter_card":"summary_large_image","twitter_misc":{"Procijenjeno vrijeme \u010ditanja":"1 minuta"},"schema":{"@context":"https:\/\/schema.org","@graph":[{"@type":"WebPage","@id":"https:\/\/upravitrenutak.com\/?product=unatoc-svemu-ostati-vedar-juraj-loncarevic","url":"https:\/\/upravitrenutak.com\/?product=unatoc-svemu-ostati-vedar-juraj-loncarevic","name":"Unato\u010d svemu ostati vedar - Juraj Lon\u010darevi\u0107 - U Pravi Trenutak","isPartOf":{"@id":"https:\/\/upravitrenutak.com\/#website"},"primaryImageOfPage":{"@id":"https:\/\/upravitrenutak.com\/?product=unatoc-svemu-ostati-vedar-juraj-loncarevic#primaryimage"},"image":{"@id":"https:\/\/upravitrenutak.com\/?product=unatoc-svemu-ostati-vedar-juraj-loncarevic#primaryimage"},"thumbnailUrl":"https:\/\/upravitrenutak.com\/wp-content\/uploads\/2021\/01\/Unatoc-svemu-ostati-vedar.jpg","datePublished":"2021-01-14T12:44:32+00:00","dateModified":"2025-10-09T13:45:33+00:00","breadcrumb":{"@id":"https:\/\/upravitrenutak.com\/?product=unatoc-svemu-ostati-vedar-juraj-loncarevic#breadcrumb"},"inLanguage":"hr","potentialAction":[{"@type":"ReadAction","target":["https:\/\/upravitrenutak.com\/?product=unatoc-svemu-ostati-vedar-juraj-loncarevic"]}]},{"@type":"ImageObject","inLanguage":"hr","@id":"https:\/\/upravitrenutak.com\/?product=unatoc-svemu-ostati-vedar-juraj-loncarevic#primaryimage","url":"https:\/\/upravitrenutak.com\/wp-content\/uploads\/2021\/01\/Unatoc-svemu-ostati-vedar.jpg","contentUrl":"https:\/\/upravitrenutak.com\/wp-content\/uploads\/2021\/01\/Unatoc-svemu-ostati-vedar.jpg","width":1576,"height":2365},{"@type":"BreadcrumbList","@id":"https:\/\/upravitrenutak.com\/?product=unatoc-svemu-ostati-vedar-juraj-loncarevic#breadcrumb","itemListElement":[{"@type":"ListItem","position":1,"name":"Po\u010detna stranica","item":"https:\/\/upravitrenutak.com\/"},{"@type":"ListItem","position":2,"name":"Cjelokupna ponuda","item":"https:\/\/upravitrenutak.com\/?page_id=2362"},{"@type":"ListItem","position":3,"name":"Unato\u010d svemu ostati vedar &#8211; Juraj Lon\u010darevi\u0107"}]},{"@type":"WebSite","@id":"https:\/\/upravitrenutak.com\/#website","url":"https:\/\/upravitrenutak.com\/","name":"U Pravi Trenutak","description":"Online Knji\u017eara","potentialAction":[{"@type":"SearchAction","target":{"@type":"EntryPoint","urlTemplate":"https:\/\/upravitrenutak.com\/?s={search_term_string}"},"query-input":{"@type":"PropertyValueSpecification","valueRequired":true,"valueName":"search_term_string"}}],"inLanguage":"hr"}]}},"_links":{"self":[{"href":"https:\/\/upravitrenutak.com\/index.php?rest_route=\/wp\/v2\/product\/3897","targetHints":{"allow":["GET"]}}],"collection":[{"href":"https:\/\/upravitrenutak.com\/index.php?rest_route=\/wp\/v2\/product"}],"about":[{"href":"https:\/\/upravitrenutak.com\/index.php?rest_route=\/wp\/v2\/types\/product"}],"replies":[{"embeddable":true,"href":"https:\/\/upravitrenutak.com\/index.php?rest_route=%2Fwp%2Fv2%2Fcomments&post=3897"}],"wp:featuredmedia":[{"embeddable":true,"href":"https:\/\/upravitrenutak.com\/index.php?rest_route=\/wp\/v2\/media\/3898"}],"wp:attachment":[{"href":"https:\/\/upravitrenutak.com\/index.php?rest_route=%2Fwp%2Fv2%2Fmedia&parent=3897"}],"wp:term":[{"taxonomy":"product_brand","embeddable":true,"href":"https:\/\/upravitrenutak.com\/index.php?rest_route=%2Fwp%2Fv2%2Fproduct_brand&post=3897"},{"taxonomy":"product_cat","embeddable":true,"href":"https:\/\/upravitrenutak.com\/index.php?rest_route=%2Fwp%2Fv2%2Fproduct_cat&post=3897"},{"taxonomy":"product_tag","embeddable":true,"href":"https:\/\/upravitrenutak.com\/index.php?rest_route=%2Fwp%2Fv2%2Fproduct_tag&post=3897"}],"curies":[{"name":"wp","href":"https:\/\/api.w.org\/{rel}","templated":true}]}}