{"id":4041,"date":"2021-03-24T09:07:24","date_gmt":"2021-03-24T09:07:24","guid":{"rendered":"https:\/\/upravitrenutak.com\/?post_type=product&#038;p=4041"},"modified":"2025-08-20T15:12:55","modified_gmt":"2025-08-20T15:12:55","slug":"cudotvorac-iz-padove-jan-dobraczynski","status":"publish","type":"product","link":"https:\/\/upravitrenutak.com\/?product=cudotvorac-iz-padove-jan-dobraczynski","title":{"rendered":"\u010cudotvorac iz padove &#8211; Jan Dobraczynski"},"content":{"rendered":"<p>Tvrdi uvez.<\/p>\n<p>Dimenzije: 205 x 135.<\/p>\n<p>280 stranica.<\/p>\n","protected":false},"excerpt":{"rendered":"<p>Roman\u00a0<em>\u010cudotvorac iz Padove<\/em>\u00a0istan\u010danim stilom govori o mu\u0161karcu plemi\u0107koga porijekla, ro\u0111enu u veli\u010danstvenu dvorcu, koji je imao sve \u0161to je potrebno da postigne polo\u017eaj i ugled u dru\u0161tvu, u u\u010denosti i \u2013 budu\u0107i da je izabrao duhovni poziv \u2013 u crkvenoj hijerarhiji. Tomu se doista i posvetio i postao ugledan i u\u010den pripadnik Reda regularnih kanonika sv. Augustina. No onda se jednoga dana taj mu\u0161karac, Fernando Bulh\u00f5es, svega odrekao \u2013 svojega imena, ugode i mira \u2013 i zaputio se u bijeli svijet u jednostavnom habitu, s grubim sandalama na nogama, kao Antun, novi pripadnik male bra\u0107e, sljedbenik siroma\u0161ka iz Asiza, Franje.<\/p>\n","protected":false},"featured_media":4042,"comment_status":"open","ping_status":"closed","template":"","meta":[],"product_brand":[],"product_cat":[138,83],"product_tag":[117,112],"class_list":{"0":"post-4041","1":"product","2":"type-product","3":"status-publish","4":"has-post-thumbnail","6":"product_cat-akcijske","7":"product_cat-verbum-d-o-o","8":"product_tag-roman","9":"product_tag-zivotopis","11":"first","12":"instock","13":"sale","14":"shipping-taxable","15":"purchasable","16":"product-type-simple"},"yoast_head":"<!-- This site is optimized with the Yoast SEO plugin v27.4 - https:\/\/yoast.com\/product\/yoast-seo-wordpress\/ -->\n<title>\u010cudotvorac iz padove - Jan Dobraczynski - U Pravi Trenutak<\/title>\n<meta name=\"robots\" content=\"index, follow, max-snippet:-1, max-image-preview:large, max-video-preview:-1\" \/>\n<link rel=\"canonical\" href=\"https:\/\/upravitrenutak.com\/?product=cudotvorac-iz-padove-jan-dobraczynski\" \/>\n<meta property=\"og:locale\" content=\"hr_HR\" \/>\n<meta property=\"og:type\" content=\"article\" \/>\n<meta property=\"og:title\" content=\"\u010cudotvorac iz padove - Jan Dobraczynski - U Pravi Trenutak\" \/>\n<meta property=\"og:description\" content=\"Roman\u00a0\u010cudotvorac iz Padove\u00a0istan\u010danim stilom govori o mu\u0161karcu plemi\u0107koga porijekla, ro\u0111enu u veli\u010danstvenu dvorcu, koji je imao sve \u0161to je potrebno da postigne polo\u017eaj i ugled u dru\u0161tvu, u u\u010denosti i \u2013 budu\u0107i da je izabrao duhovni poziv \u2013 u crkvenoj hijerarhiji. Tomu se doista i posvetio i postao ugledan i u\u010den pripadnik Reda regularnih kanonika sv. Augustina. No onda se jednoga dana taj mu\u0161karac, Fernando Bulh\u00f5es, svega odrekao \u2013 svojega imena, ugode i mira \u2013 i zaputio se u bijeli svijet u jednostavnom habitu, s grubim sandalama na nogama, kao Antun, novi pripadnik male bra\u0107e, sljedbenik siroma\u0161ka iz Asiza, Franje.\" \/>\n<meta property=\"og:url\" content=\"https:\/\/upravitrenutak.com\/?product=cudotvorac-iz-padove-jan-dobraczynski\" \/>\n<meta property=\"og:site_name\" content=\"U Pravi Trenutak\" \/>\n<meta property=\"article:publisher\" content=\"https:\/\/www.facebook.com\/Knji%c5%benica-U-Pravi-Trenutak-378755409393101\" \/>\n<meta property=\"article:modified_time\" content=\"2025-08-20T15:12:55+00:00\" \/>\n<meta property=\"og:image\" content=\"https:\/\/upravitrenutak.com\/wp-content\/uploads\/2021\/03\/udotvorac-iz-padove.jpg\" \/>\n\t<meta property=\"og:image:width\" content=\"400\" \/>\n\t<meta property=\"og:image:height\" content=\"603\" \/>\n\t<meta property=\"og:image:type\" content=\"image\/jpeg\" \/>\n<meta name=\"twitter:card\" content=\"summary_large_image\" \/>\n<meta name=\"twitter:label1\" content=\"Procijenjeno vrijeme \u010ditanja\" \/>\n\t<meta name=\"twitter:data1\" content=\"1 minuta\" \/>\n<script type=\"application\/ld+json\" class=\"yoast-schema-graph\">{\"@context\":\"https:\\\/\\\/schema.org\",\"@graph\":[{\"@type\":\"WebPage\",\"@id\":\"https:\\\/\\\/upravitrenutak.com\\\/?product=cudotvorac-iz-padove-jan-dobraczynski\",\"url\":\"https:\\\/\\\/upravitrenutak.com\\\/?product=cudotvorac-iz-padove-jan-dobraczynski\",\"name\":\"\u010cudotvorac iz padove - Jan Dobraczynski - U Pravi Trenutak\",\"isPartOf\":{\"@id\":\"https:\\\/\\\/upravitrenutak.com\\\/#website\"},\"primaryImageOfPage\":{\"@id\":\"https:\\\/\\\/upravitrenutak.com\\\/?product=cudotvorac-iz-padove-jan-dobraczynski#primaryimage\"},\"image\":{\"@id\":\"https:\\\/\\\/upravitrenutak.com\\\/?product=cudotvorac-iz-padove-jan-dobraczynski#primaryimage\"},\"thumbnailUrl\":\"https:\\\/\\\/upravitrenutak.com\\\/wp-content\\\/uploads\\\/2021\\\/03\\\/udotvorac-iz-padove.jpg\",\"datePublished\":\"2021-03-24T09:07:24+00:00\",\"dateModified\":\"2025-08-20T15:12:55+00:00\",\"breadcrumb\":{\"@id\":\"https:\\\/\\\/upravitrenutak.com\\\/?product=cudotvorac-iz-padove-jan-dobraczynski#breadcrumb\"},\"inLanguage\":\"hr\",\"potentialAction\":[{\"@type\":\"ReadAction\",\"target\":[\"https:\\\/\\\/upravitrenutak.com\\\/?product=cudotvorac-iz-padove-jan-dobraczynski\"]}]},{\"@type\":\"ImageObject\",\"inLanguage\":\"hr\",\"@id\":\"https:\\\/\\\/upravitrenutak.com\\\/?product=cudotvorac-iz-padove-jan-dobraczynski#primaryimage\",\"url\":\"https:\\\/\\\/upravitrenutak.com\\\/wp-content\\\/uploads\\\/2021\\\/03\\\/udotvorac-iz-padove.jpg\",\"contentUrl\":\"https:\\\/\\\/upravitrenutak.com\\\/wp-content\\\/uploads\\\/2021\\\/03\\\/udotvorac-iz-padove.jpg\",\"width\":400,\"height\":603},{\"@type\":\"BreadcrumbList\",\"@id\":\"https:\\\/\\\/upravitrenutak.com\\\/?product=cudotvorac-iz-padove-jan-dobraczynski#breadcrumb\",\"itemListElement\":[{\"@type\":\"ListItem\",\"position\":1,\"name\":\"Po\u010detna stranica\",\"item\":\"https:\\\/\\\/upravitrenutak.com\\\/\"},{\"@type\":\"ListItem\",\"position\":2,\"name\":\"Cjelokupna ponuda\",\"item\":\"https:\\\/\\\/upravitrenutak.com\\\/?page_id=2362\"},{\"@type\":\"ListItem\",\"position\":3,\"name\":\"\u010cudotvorac iz padove &#8211; Jan Dobraczynski\"}]},{\"@type\":\"WebSite\",\"@id\":\"https:\\\/\\\/upravitrenutak.com\\\/#website\",\"url\":\"https:\\\/\\\/upravitrenutak.com\\\/\",\"name\":\"U Pravi Trenutak\",\"description\":\"Online Knji\u017eara\",\"potentialAction\":[{\"@type\":\"SearchAction\",\"target\":{\"@type\":\"EntryPoint\",\"urlTemplate\":\"https:\\\/\\\/upravitrenutak.com\\\/?s={search_term_string}\"},\"query-input\":{\"@type\":\"PropertyValueSpecification\",\"valueRequired\":true,\"valueName\":\"search_term_string\"}}],\"inLanguage\":\"hr\"}]}<\/script>\n<!-- \/ Yoast SEO plugin. -->","yoast_head_json":{"title":"\u010cudotvorac iz padove - Jan Dobraczynski - U Pravi Trenutak","robots":{"index":"index","follow":"follow","max-snippet":"max-snippet:-1","max-image-preview":"max-image-preview:large","max-video-preview":"max-video-preview:-1"},"canonical":"https:\/\/upravitrenutak.com\/?product=cudotvorac-iz-padove-jan-dobraczynski","og_locale":"hr_HR","og_type":"article","og_title":"\u010cudotvorac iz padove - Jan Dobraczynski - U Pravi Trenutak","og_description":"Roman\u00a0\u010cudotvorac iz Padove\u00a0istan\u010danim stilom govori o mu\u0161karcu plemi\u0107koga porijekla, ro\u0111enu u veli\u010danstvenu dvorcu, koji je imao sve \u0161to je potrebno da postigne polo\u017eaj i ugled u dru\u0161tvu, u u\u010denosti i \u2013 budu\u0107i da je izabrao duhovni poziv \u2013 u crkvenoj hijerarhiji. Tomu se doista i posvetio i postao ugledan i u\u010den pripadnik Reda regularnih kanonika sv. Augustina. No onda se jednoga dana taj mu\u0161karac, Fernando Bulh\u00f5es, svega odrekao \u2013 svojega imena, ugode i mira \u2013 i zaputio se u bijeli svijet u jednostavnom habitu, s grubim sandalama na nogama, kao Antun, novi pripadnik male bra\u0107e, sljedbenik siroma\u0161ka iz Asiza, Franje.","og_url":"https:\/\/upravitrenutak.com\/?product=cudotvorac-iz-padove-jan-dobraczynski","og_site_name":"U Pravi Trenutak","article_publisher":"https:\/\/www.facebook.com\/Knji%c5%benica-U-Pravi-Trenutak-378755409393101","article_modified_time":"2025-08-20T15:12:55+00:00","og_image":[{"width":400,"height":603,"url":"https:\/\/upravitrenutak.com\/wp-content\/uploads\/2021\/03\/udotvorac-iz-padove.jpg","type":"image\/jpeg"}],"twitter_card":"summary_large_image","twitter_misc":{"Procijenjeno vrijeme \u010ditanja":"1 minuta"},"schema":{"@context":"https:\/\/schema.org","@graph":[{"@type":"WebPage","@id":"https:\/\/upravitrenutak.com\/?product=cudotvorac-iz-padove-jan-dobraczynski","url":"https:\/\/upravitrenutak.com\/?product=cudotvorac-iz-padove-jan-dobraczynski","name":"\u010cudotvorac iz padove - Jan Dobraczynski - U Pravi Trenutak","isPartOf":{"@id":"https:\/\/upravitrenutak.com\/#website"},"primaryImageOfPage":{"@id":"https:\/\/upravitrenutak.com\/?product=cudotvorac-iz-padove-jan-dobraczynski#primaryimage"},"image":{"@id":"https:\/\/upravitrenutak.com\/?product=cudotvorac-iz-padove-jan-dobraczynski#primaryimage"},"thumbnailUrl":"https:\/\/upravitrenutak.com\/wp-content\/uploads\/2021\/03\/udotvorac-iz-padove.jpg","datePublished":"2021-03-24T09:07:24+00:00","dateModified":"2025-08-20T15:12:55+00:00","breadcrumb":{"@id":"https:\/\/upravitrenutak.com\/?product=cudotvorac-iz-padove-jan-dobraczynski#breadcrumb"},"inLanguage":"hr","potentialAction":[{"@type":"ReadAction","target":["https:\/\/upravitrenutak.com\/?product=cudotvorac-iz-padove-jan-dobraczynski"]}]},{"@type":"ImageObject","inLanguage":"hr","@id":"https:\/\/upravitrenutak.com\/?product=cudotvorac-iz-padove-jan-dobraczynski#primaryimage","url":"https:\/\/upravitrenutak.com\/wp-content\/uploads\/2021\/03\/udotvorac-iz-padove.jpg","contentUrl":"https:\/\/upravitrenutak.com\/wp-content\/uploads\/2021\/03\/udotvorac-iz-padove.jpg","width":400,"height":603},{"@type":"BreadcrumbList","@id":"https:\/\/upravitrenutak.com\/?product=cudotvorac-iz-padove-jan-dobraczynski#breadcrumb","itemListElement":[{"@type":"ListItem","position":1,"name":"Po\u010detna stranica","item":"https:\/\/upravitrenutak.com\/"},{"@type":"ListItem","position":2,"name":"Cjelokupna ponuda","item":"https:\/\/upravitrenutak.com\/?page_id=2362"},{"@type":"ListItem","position":3,"name":"\u010cudotvorac iz padove &#8211; Jan Dobraczynski"}]},{"@type":"WebSite","@id":"https:\/\/upravitrenutak.com\/#website","url":"https:\/\/upravitrenutak.com\/","name":"U Pravi Trenutak","description":"Online Knji\u017eara","potentialAction":[{"@type":"SearchAction","target":{"@type":"EntryPoint","urlTemplate":"https:\/\/upravitrenutak.com\/?s={search_term_string}"},"query-input":{"@type":"PropertyValueSpecification","valueRequired":true,"valueName":"search_term_string"}}],"inLanguage":"hr"}]}},"_links":{"self":[{"href":"https:\/\/upravitrenutak.com\/index.php?rest_route=\/wp\/v2\/product\/4041","targetHints":{"allow":["GET"]}}],"collection":[{"href":"https:\/\/upravitrenutak.com\/index.php?rest_route=\/wp\/v2\/product"}],"about":[{"href":"https:\/\/upravitrenutak.com\/index.php?rest_route=\/wp\/v2\/types\/product"}],"replies":[{"embeddable":true,"href":"https:\/\/upravitrenutak.com\/index.php?rest_route=%2Fwp%2Fv2%2Fcomments&post=4041"}],"wp:featuredmedia":[{"embeddable":true,"href":"https:\/\/upravitrenutak.com\/index.php?rest_route=\/wp\/v2\/media\/4042"}],"wp:attachment":[{"href":"https:\/\/upravitrenutak.com\/index.php?rest_route=%2Fwp%2Fv2%2Fmedia&parent=4041"}],"wp:term":[{"taxonomy":"product_brand","embeddable":true,"href":"https:\/\/upravitrenutak.com\/index.php?rest_route=%2Fwp%2Fv2%2Fproduct_brand&post=4041"},{"taxonomy":"product_cat","embeddable":true,"href":"https:\/\/upravitrenutak.com\/index.php?rest_route=%2Fwp%2Fv2%2Fproduct_cat&post=4041"},{"taxonomy":"product_tag","embeddable":true,"href":"https:\/\/upravitrenutak.com\/index.php?rest_route=%2Fwp%2Fv2%2Fproduct_tag&post=4041"}],"curies":[{"name":"wp","href":"https:\/\/api.w.org\/{rel}","templated":true}]}}