{"id":4051,"date":"2021-03-24T09:39:17","date_gmt":"2021-03-24T09:39:17","guid":{"rendered":"https:\/\/upravitrenutak.com\/?post_type=product&#038;p=4051"},"modified":"2023-06-01T05:20:04","modified_gmt":"2023-06-01T05:20:04","slug":"moja-krsna-skrinjica-paola-bertolini-grudina-bethan-james","status":"publish","type":"product","link":"https:\/\/upravitrenutak.com\/?product=moja-krsna-skrinjica-paola-bertolini-grudina-bethan-james","title":{"rendered":"Moja krsna \u0161krinjica &#8211; Paola Bertolini Grudina &#8211; Bethan James"},"content":{"rendered":"<p>Meki uvez.<\/p>\n<p>Dimenzije: 200 x 200.<\/p>\n<p>24 stranice.<\/p>\n","protected":false},"excerpt":{"rendered":"<p>Tri knjige u ovoj zbirci: &#8220;Biblijske pri\u010de za najmla\u0111e&#8221;, &#8220;Moje prve molitve&#8221; i &#8220;Radosnica &#8211; Moj prvi spomenar&#8221; nadahnut \u0107e i ohrabriti roditelje na po\u010detku njihova vjerskog putovanja s malom prinovom u obitelji.<\/p>\n","protected":false},"featured_media":4052,"comment_status":"open","ping_status":"closed","template":"","meta":[],"product_brand":[],"product_cat":[138,83],"product_tag":[107,102,103,131],"class_list":{"0":"post-4051","1":"product","2":"type-product","3":"status-publish","4":"has-post-thumbnail","6":"product_cat-akcijske","7":"product_cat-verbum-d-o-o","8":"product_tag-molitve","9":"product_tag-odgoj","10":"product_tag-za-djecu","11":"product_tag-za-roditelje","13":"first","14":"outofstock","15":"sale","16":"shipping-taxable","17":"purchasable","18":"product-type-simple"},"yoast_head":"<!-- This site is optimized with the Yoast SEO plugin v27.4 - https:\/\/yoast.com\/product\/yoast-seo-wordpress\/ -->\n<title>Moja krsna \u0161krinjica - Paola Bertolini Grudina - Bethan James - U Pravi Trenutak<\/title>\n<meta name=\"robots\" content=\"index, follow, max-snippet:-1, max-image-preview:large, max-video-preview:-1\" \/>\n<link rel=\"canonical\" href=\"https:\/\/upravitrenutak.com\/?product=moja-krsna-skrinjica-paola-bertolini-grudina-bethan-james\" \/>\n<meta property=\"og:locale\" content=\"hr_HR\" \/>\n<meta property=\"og:type\" content=\"article\" \/>\n<meta property=\"og:title\" content=\"Moja krsna \u0161krinjica - Paola Bertolini Grudina - Bethan James - U Pravi Trenutak\" \/>\n<meta property=\"og:description\" content=\"Tri knjige u ovoj zbirci: &quot;Biblijske pri\u010de za najmla\u0111e&quot;, &quot;Moje prve molitve&quot; i &quot;Radosnica - Moj prvi spomenar&quot; nadahnut \u0107e i ohrabriti roditelje na po\u010detku njihova vjerskog putovanja s malom prinovom u obitelji.\" \/>\n<meta property=\"og:url\" content=\"https:\/\/upravitrenutak.com\/?product=moja-krsna-skrinjica-paola-bertolini-grudina-bethan-james\" \/>\n<meta property=\"og:site_name\" content=\"U Pravi Trenutak\" \/>\n<meta property=\"article:publisher\" content=\"https:\/\/www.facebook.com\/Knji%c5%benica-U-Pravi-Trenutak-378755409393101\" \/>\n<meta property=\"article:modified_time\" content=\"2023-06-01T05:20:04+00:00\" \/>\n<meta property=\"og:image\" content=\"https:\/\/upravitrenutak.com\/wp-content\/uploads\/2021\/03\/moja_krsna_krinjica.jpg\" \/>\n\t<meta property=\"og:image:width\" content=\"180\" \/>\n\t<meta property=\"og:image:height\" content=\"181\" \/>\n\t<meta property=\"og:image:type\" content=\"image\/jpeg\" \/>\n<meta name=\"twitter:card\" content=\"summary_large_image\" \/>\n<meta name=\"twitter:label1\" content=\"Procijenjeno vrijeme \u010ditanja\" \/>\n\t<meta name=\"twitter:data1\" content=\"1 minuta\" \/>\n<script type=\"application\/ld+json\" class=\"yoast-schema-graph\">{\"@context\":\"https:\\\/\\\/schema.org\",\"@graph\":[{\"@type\":\"WebPage\",\"@id\":\"https:\\\/\\\/upravitrenutak.com\\\/?product=moja-krsna-skrinjica-paola-bertolini-grudina-bethan-james\",\"url\":\"https:\\\/\\\/upravitrenutak.com\\\/?product=moja-krsna-skrinjica-paola-bertolini-grudina-bethan-james\",\"name\":\"Moja krsna \u0161krinjica - Paola Bertolini Grudina - Bethan James - U Pravi Trenutak\",\"isPartOf\":{\"@id\":\"https:\\\/\\\/upravitrenutak.com\\\/#website\"},\"primaryImageOfPage\":{\"@id\":\"https:\\\/\\\/upravitrenutak.com\\\/?product=moja-krsna-skrinjica-paola-bertolini-grudina-bethan-james#primaryimage\"},\"image\":{\"@id\":\"https:\\\/\\\/upravitrenutak.com\\\/?product=moja-krsna-skrinjica-paola-bertolini-grudina-bethan-james#primaryimage\"},\"thumbnailUrl\":\"https:\\\/\\\/upravitrenutak.com\\\/wp-content\\\/uploads\\\/2021\\\/03\\\/moja_krsna_krinjica.jpg\",\"datePublished\":\"2021-03-24T09:39:17+00:00\",\"dateModified\":\"2023-06-01T05:20:04+00:00\",\"breadcrumb\":{\"@id\":\"https:\\\/\\\/upravitrenutak.com\\\/?product=moja-krsna-skrinjica-paola-bertolini-grudina-bethan-james#breadcrumb\"},\"inLanguage\":\"hr\",\"potentialAction\":[{\"@type\":\"ReadAction\",\"target\":[\"https:\\\/\\\/upravitrenutak.com\\\/?product=moja-krsna-skrinjica-paola-bertolini-grudina-bethan-james\"]}]},{\"@type\":\"ImageObject\",\"inLanguage\":\"hr\",\"@id\":\"https:\\\/\\\/upravitrenutak.com\\\/?product=moja-krsna-skrinjica-paola-bertolini-grudina-bethan-james#primaryimage\",\"url\":\"https:\\\/\\\/upravitrenutak.com\\\/wp-content\\\/uploads\\\/2021\\\/03\\\/moja_krsna_krinjica.jpg\",\"contentUrl\":\"https:\\\/\\\/upravitrenutak.com\\\/wp-content\\\/uploads\\\/2021\\\/03\\\/moja_krsna_krinjica.jpg\",\"width\":180,\"height\":181},{\"@type\":\"BreadcrumbList\",\"@id\":\"https:\\\/\\\/upravitrenutak.com\\\/?product=moja-krsna-skrinjica-paola-bertolini-grudina-bethan-james#breadcrumb\",\"itemListElement\":[{\"@type\":\"ListItem\",\"position\":1,\"name\":\"Po\u010detna stranica\",\"item\":\"https:\\\/\\\/upravitrenutak.com\\\/\"},{\"@type\":\"ListItem\",\"position\":2,\"name\":\"Cjelokupna ponuda\",\"item\":\"https:\\\/\\\/upravitrenutak.com\\\/?page_id=2362\"},{\"@type\":\"ListItem\",\"position\":3,\"name\":\"Moja krsna \u0161krinjica &#8211; Paola Bertolini Grudina &#8211; Bethan James\"}]},{\"@type\":\"WebSite\",\"@id\":\"https:\\\/\\\/upravitrenutak.com\\\/#website\",\"url\":\"https:\\\/\\\/upravitrenutak.com\\\/\",\"name\":\"U Pravi Trenutak\",\"description\":\"Online Knji\u017eara\",\"potentialAction\":[{\"@type\":\"SearchAction\",\"target\":{\"@type\":\"EntryPoint\",\"urlTemplate\":\"https:\\\/\\\/upravitrenutak.com\\\/?s={search_term_string}\"},\"query-input\":{\"@type\":\"PropertyValueSpecification\",\"valueRequired\":true,\"valueName\":\"search_term_string\"}}],\"inLanguage\":\"hr\"}]}<\/script>\n<!-- \/ Yoast SEO plugin. -->","yoast_head_json":{"title":"Moja krsna \u0161krinjica - Paola Bertolini Grudina - Bethan James - U Pravi Trenutak","robots":{"index":"index","follow":"follow","max-snippet":"max-snippet:-1","max-image-preview":"max-image-preview:large","max-video-preview":"max-video-preview:-1"},"canonical":"https:\/\/upravitrenutak.com\/?product=moja-krsna-skrinjica-paola-bertolini-grudina-bethan-james","og_locale":"hr_HR","og_type":"article","og_title":"Moja krsna \u0161krinjica - Paola Bertolini Grudina - Bethan James - U Pravi Trenutak","og_description":"Tri knjige u ovoj zbirci: \"Biblijske pri\u010de za najmla\u0111e\", \"Moje prve molitve\" i \"Radosnica - Moj prvi spomenar\" nadahnut \u0107e i ohrabriti roditelje na po\u010detku njihova vjerskog putovanja s malom prinovom u obitelji.","og_url":"https:\/\/upravitrenutak.com\/?product=moja-krsna-skrinjica-paola-bertolini-grudina-bethan-james","og_site_name":"U Pravi Trenutak","article_publisher":"https:\/\/www.facebook.com\/Knji%c5%benica-U-Pravi-Trenutak-378755409393101","article_modified_time":"2023-06-01T05:20:04+00:00","og_image":[{"width":180,"height":181,"url":"https:\/\/upravitrenutak.com\/wp-content\/uploads\/2021\/03\/moja_krsna_krinjica.jpg","type":"image\/jpeg"}],"twitter_card":"summary_large_image","twitter_misc":{"Procijenjeno vrijeme \u010ditanja":"1 minuta"},"schema":{"@context":"https:\/\/schema.org","@graph":[{"@type":"WebPage","@id":"https:\/\/upravitrenutak.com\/?product=moja-krsna-skrinjica-paola-bertolini-grudina-bethan-james","url":"https:\/\/upravitrenutak.com\/?product=moja-krsna-skrinjica-paola-bertolini-grudina-bethan-james","name":"Moja krsna \u0161krinjica - Paola Bertolini Grudina - Bethan James - U Pravi Trenutak","isPartOf":{"@id":"https:\/\/upravitrenutak.com\/#website"},"primaryImageOfPage":{"@id":"https:\/\/upravitrenutak.com\/?product=moja-krsna-skrinjica-paola-bertolini-grudina-bethan-james#primaryimage"},"image":{"@id":"https:\/\/upravitrenutak.com\/?product=moja-krsna-skrinjica-paola-bertolini-grudina-bethan-james#primaryimage"},"thumbnailUrl":"https:\/\/upravitrenutak.com\/wp-content\/uploads\/2021\/03\/moja_krsna_krinjica.jpg","datePublished":"2021-03-24T09:39:17+00:00","dateModified":"2023-06-01T05:20:04+00:00","breadcrumb":{"@id":"https:\/\/upravitrenutak.com\/?product=moja-krsna-skrinjica-paola-bertolini-grudina-bethan-james#breadcrumb"},"inLanguage":"hr","potentialAction":[{"@type":"ReadAction","target":["https:\/\/upravitrenutak.com\/?product=moja-krsna-skrinjica-paola-bertolini-grudina-bethan-james"]}]},{"@type":"ImageObject","inLanguage":"hr","@id":"https:\/\/upravitrenutak.com\/?product=moja-krsna-skrinjica-paola-bertolini-grudina-bethan-james#primaryimage","url":"https:\/\/upravitrenutak.com\/wp-content\/uploads\/2021\/03\/moja_krsna_krinjica.jpg","contentUrl":"https:\/\/upravitrenutak.com\/wp-content\/uploads\/2021\/03\/moja_krsna_krinjica.jpg","width":180,"height":181},{"@type":"BreadcrumbList","@id":"https:\/\/upravitrenutak.com\/?product=moja-krsna-skrinjica-paola-bertolini-grudina-bethan-james#breadcrumb","itemListElement":[{"@type":"ListItem","position":1,"name":"Po\u010detna stranica","item":"https:\/\/upravitrenutak.com\/"},{"@type":"ListItem","position":2,"name":"Cjelokupna ponuda","item":"https:\/\/upravitrenutak.com\/?page_id=2362"},{"@type":"ListItem","position":3,"name":"Moja krsna \u0161krinjica &#8211; Paola Bertolini Grudina &#8211; Bethan James"}]},{"@type":"WebSite","@id":"https:\/\/upravitrenutak.com\/#website","url":"https:\/\/upravitrenutak.com\/","name":"U Pravi Trenutak","description":"Online Knji\u017eara","potentialAction":[{"@type":"SearchAction","target":{"@type":"EntryPoint","urlTemplate":"https:\/\/upravitrenutak.com\/?s={search_term_string}"},"query-input":{"@type":"PropertyValueSpecification","valueRequired":true,"valueName":"search_term_string"}}],"inLanguage":"hr"}]}},"_links":{"self":[{"href":"https:\/\/upravitrenutak.com\/index.php?rest_route=\/wp\/v2\/product\/4051","targetHints":{"allow":["GET"]}}],"collection":[{"href":"https:\/\/upravitrenutak.com\/index.php?rest_route=\/wp\/v2\/product"}],"about":[{"href":"https:\/\/upravitrenutak.com\/index.php?rest_route=\/wp\/v2\/types\/product"}],"replies":[{"embeddable":true,"href":"https:\/\/upravitrenutak.com\/index.php?rest_route=%2Fwp%2Fv2%2Fcomments&post=4051"}],"wp:featuredmedia":[{"embeddable":true,"href":"https:\/\/upravitrenutak.com\/index.php?rest_route=\/wp\/v2\/media\/4052"}],"wp:attachment":[{"href":"https:\/\/upravitrenutak.com\/index.php?rest_route=%2Fwp%2Fv2%2Fmedia&parent=4051"}],"wp:term":[{"taxonomy":"product_brand","embeddable":true,"href":"https:\/\/upravitrenutak.com\/index.php?rest_route=%2Fwp%2Fv2%2Fproduct_brand&post=4051"},{"taxonomy":"product_cat","embeddable":true,"href":"https:\/\/upravitrenutak.com\/index.php?rest_route=%2Fwp%2Fv2%2Fproduct_cat&post=4051"},{"taxonomy":"product_tag","embeddable":true,"href":"https:\/\/upravitrenutak.com\/index.php?rest_route=%2Fwp%2Fv2%2Fproduct_tag&post=4051"}],"curies":[{"name":"wp","href":"https:\/\/api.w.org\/{rel}","templated":true}]}}