{"id":4067,"date":"2021-03-24T10:26:44","date_gmt":"2021-03-24T10:26:44","guid":{"rendered":"https:\/\/upravitrenutak.com\/?post_type=product&#038;p=4067"},"modified":"2025-02-04T21:11:05","modified_gmt":"2025-02-04T21:11:05","slug":"velika-knjiga-biblijskih-aktivnosti","status":"publish","type":"product","link":"https:\/\/upravitrenutak.com\/?product=velika-knjiga-biblijskih-aktivnosti","title":{"rendered":"Velika knjiga biblijskih aktivnosti"},"content":{"rendered":"<p>Meki uvez.<\/p>\n<p>Dimenzije: 210 x 297.<\/p>\n<p>224 stranice.<\/p>\n","protected":false},"excerpt":{"rendered":"<p>Ova knjiga na zabavan na\u010din pribli\u017eava djeci pripovijesti Staroga i Novoga zavjeta tako \u0161to poti\u010de njihovo stvarala\u0161tvo i znati\u017eelju kroz rje\u0161avanje raznih zadataka i zagonetaka. Kao pomo\u0107 u njihovu rje\u0161avanju, na svakoj je stranici nazna\u010deno gdje se to mjesto nalazi u Bibliji. Za bojenje crte\u017ea mogu se koristiti drvene bojice ili flomasteri.<\/p>\n<p>Ponu\u0111ene su razli\u010dite aktivnosti:<\/p>\n<ul>\n<li>Prona\u0111i razlike<\/li>\n<li>Pove\u017ei to\u010dkice<\/li>\n<li>Prona\u0111i put<\/li>\n<li>Uo\u010di pogrje\u0161ku<\/li>\n<li>Osjen\u010di polja<\/li>\n<li>Dovr\u0161i crte\u017e.<\/li>\n<\/ul>\n","protected":false},"featured_media":4068,"comment_status":"open","ping_status":"closed","template":"","meta":[],"product_brand":[],"product_cat":[138,83],"product_tag":[102,103],"class_list":{"0":"post-4067","1":"product","2":"type-product","3":"status-publish","4":"has-post-thumbnail","6":"product_cat-akcijske","7":"product_cat-verbum-d-o-o","8":"product_tag-odgoj","9":"product_tag-za-djecu","11":"first","12":"outofstock","13":"sale","14":"shipping-taxable","15":"purchasable","16":"product-type-simple"},"yoast_head":"<!-- This site is optimized with the Yoast SEO plugin v27.4 - https:\/\/yoast.com\/product\/yoast-seo-wordpress\/ -->\n<title>Velika knjiga biblijskih aktivnosti - U Pravi Trenutak<\/title>\n<meta name=\"robots\" content=\"index, follow, max-snippet:-1, max-image-preview:large, max-video-preview:-1\" \/>\n<link rel=\"canonical\" href=\"https:\/\/upravitrenutak.com\/?product=velika-knjiga-biblijskih-aktivnosti\" \/>\n<meta property=\"og:locale\" content=\"hr_HR\" \/>\n<meta property=\"og:type\" content=\"article\" \/>\n<meta property=\"og:title\" content=\"Velika knjiga biblijskih aktivnosti - U Pravi Trenutak\" \/>\n<meta property=\"og:description\" content=\"Ova knjiga na zabavan na\u010din pribli\u017eava djeci pripovijesti Staroga i Novoga zavjeta tako \u0161to poti\u010de njihovo stvarala\u0161tvo i znati\u017eelju kroz rje\u0161avanje raznih zadataka i zagonetaka. Kao pomo\u0107 u njihovu rje\u0161avanju, na svakoj je stranici nazna\u010deno gdje se to mjesto nalazi u Bibliji. Za bojenje crte\u017ea mogu se koristiti drvene bojice ili flomasteri.  Ponu\u0111ene su razli\u010dite aktivnosti:   Prona\u0111i razlike  Pove\u017ei to\u010dkice  Prona\u0111i put  Uo\u010di pogrje\u0161ku  Osjen\u010di polja  Dovr\u0161i crte\u017e.\" \/>\n<meta property=\"og:url\" content=\"https:\/\/upravitrenutak.com\/?product=velika-knjiga-biblijskih-aktivnosti\" \/>\n<meta property=\"og:site_name\" content=\"U Pravi Trenutak\" \/>\n<meta property=\"article:publisher\" content=\"https:\/\/www.facebook.com\/Knji%c5%benica-U-Pravi-Trenutak-378755409393101\" \/>\n<meta property=\"article:modified_time\" content=\"2025-02-04T21:11:05+00:00\" \/>\n<meta property=\"og:image\" content=\"https:\/\/upravitrenutak.com\/wp-content\/uploads\/2021\/03\/slika_2021-03-24_112612.png\" \/>\n\t<meta property=\"og:image:width\" content=\"400\" \/>\n\t<meta property=\"og:image:height\" content=\"283\" \/>\n\t<meta property=\"og:image:type\" content=\"image\/png\" \/>\n<meta name=\"twitter:card\" content=\"summary_large_image\" \/>\n<meta name=\"twitter:label1\" content=\"Procijenjeno vrijeme \u010ditanja\" \/>\n\t<meta name=\"twitter:data1\" content=\"1 minuta\" \/>\n<script type=\"application\/ld+json\" class=\"yoast-schema-graph\">{\"@context\":\"https:\\\/\\\/schema.org\",\"@graph\":[{\"@type\":\"WebPage\",\"@id\":\"https:\\\/\\\/upravitrenutak.com\\\/?product=velika-knjiga-biblijskih-aktivnosti\",\"url\":\"https:\\\/\\\/upravitrenutak.com\\\/?product=velika-knjiga-biblijskih-aktivnosti\",\"name\":\"Velika knjiga biblijskih aktivnosti - U Pravi Trenutak\",\"isPartOf\":{\"@id\":\"https:\\\/\\\/upravitrenutak.com\\\/#website\"},\"primaryImageOfPage\":{\"@id\":\"https:\\\/\\\/upravitrenutak.com\\\/?product=velika-knjiga-biblijskih-aktivnosti#primaryimage\"},\"image\":{\"@id\":\"https:\\\/\\\/upravitrenutak.com\\\/?product=velika-knjiga-biblijskih-aktivnosti#primaryimage\"},\"thumbnailUrl\":\"https:\\\/\\\/upravitrenutak.com\\\/wp-content\\\/uploads\\\/2021\\\/03\\\/slika_2021-03-24_112612.png\",\"datePublished\":\"2021-03-24T10:26:44+00:00\",\"dateModified\":\"2025-02-04T21:11:05+00:00\",\"breadcrumb\":{\"@id\":\"https:\\\/\\\/upravitrenutak.com\\\/?product=velika-knjiga-biblijskih-aktivnosti#breadcrumb\"},\"inLanguage\":\"hr\",\"potentialAction\":[{\"@type\":\"ReadAction\",\"target\":[\"https:\\\/\\\/upravitrenutak.com\\\/?product=velika-knjiga-biblijskih-aktivnosti\"]}]},{\"@type\":\"ImageObject\",\"inLanguage\":\"hr\",\"@id\":\"https:\\\/\\\/upravitrenutak.com\\\/?product=velika-knjiga-biblijskih-aktivnosti#primaryimage\",\"url\":\"https:\\\/\\\/upravitrenutak.com\\\/wp-content\\\/uploads\\\/2021\\\/03\\\/slika_2021-03-24_112612.png\",\"contentUrl\":\"https:\\\/\\\/upravitrenutak.com\\\/wp-content\\\/uploads\\\/2021\\\/03\\\/slika_2021-03-24_112612.png\",\"width\":400,\"height\":283},{\"@type\":\"BreadcrumbList\",\"@id\":\"https:\\\/\\\/upravitrenutak.com\\\/?product=velika-knjiga-biblijskih-aktivnosti#breadcrumb\",\"itemListElement\":[{\"@type\":\"ListItem\",\"position\":1,\"name\":\"Po\u010detna stranica\",\"item\":\"https:\\\/\\\/upravitrenutak.com\\\/\"},{\"@type\":\"ListItem\",\"position\":2,\"name\":\"Cjelokupna ponuda\",\"item\":\"https:\\\/\\\/upravitrenutak.com\\\/?page_id=2362\"},{\"@type\":\"ListItem\",\"position\":3,\"name\":\"Velika knjiga biblijskih aktivnosti\"}]},{\"@type\":\"WebSite\",\"@id\":\"https:\\\/\\\/upravitrenutak.com\\\/#website\",\"url\":\"https:\\\/\\\/upravitrenutak.com\\\/\",\"name\":\"U Pravi Trenutak\",\"description\":\"Online Knji\u017eara\",\"potentialAction\":[{\"@type\":\"SearchAction\",\"target\":{\"@type\":\"EntryPoint\",\"urlTemplate\":\"https:\\\/\\\/upravitrenutak.com\\\/?s={search_term_string}\"},\"query-input\":{\"@type\":\"PropertyValueSpecification\",\"valueRequired\":true,\"valueName\":\"search_term_string\"}}],\"inLanguage\":\"hr\"}]}<\/script>\n<!-- \/ Yoast SEO plugin. -->","yoast_head_json":{"title":"Velika knjiga biblijskih aktivnosti - U Pravi Trenutak","robots":{"index":"index","follow":"follow","max-snippet":"max-snippet:-1","max-image-preview":"max-image-preview:large","max-video-preview":"max-video-preview:-1"},"canonical":"https:\/\/upravitrenutak.com\/?product=velika-knjiga-biblijskih-aktivnosti","og_locale":"hr_HR","og_type":"article","og_title":"Velika knjiga biblijskih aktivnosti - U Pravi Trenutak","og_description":"Ova knjiga na zabavan na\u010din pribli\u017eava djeci pripovijesti Staroga i Novoga zavjeta tako \u0161to poti\u010de njihovo stvarala\u0161tvo i znati\u017eelju kroz rje\u0161avanje raznih zadataka i zagonetaka. Kao pomo\u0107 u njihovu rje\u0161avanju, na svakoj je stranici nazna\u010deno gdje se to mjesto nalazi u Bibliji. Za bojenje crte\u017ea mogu se koristiti drvene bojice ili flomasteri.  Ponu\u0111ene su razli\u010dite aktivnosti:   Prona\u0111i razlike  Pove\u017ei to\u010dkice  Prona\u0111i put  Uo\u010di pogrje\u0161ku  Osjen\u010di polja  Dovr\u0161i crte\u017e.","og_url":"https:\/\/upravitrenutak.com\/?product=velika-knjiga-biblijskih-aktivnosti","og_site_name":"U Pravi Trenutak","article_publisher":"https:\/\/www.facebook.com\/Knji%c5%benica-U-Pravi-Trenutak-378755409393101","article_modified_time":"2025-02-04T21:11:05+00:00","og_image":[{"width":400,"height":283,"url":"https:\/\/upravitrenutak.com\/wp-content\/uploads\/2021\/03\/slika_2021-03-24_112612.png","type":"image\/png"}],"twitter_card":"summary_large_image","twitter_misc":{"Procijenjeno vrijeme \u010ditanja":"1 minuta"},"schema":{"@context":"https:\/\/schema.org","@graph":[{"@type":"WebPage","@id":"https:\/\/upravitrenutak.com\/?product=velika-knjiga-biblijskih-aktivnosti","url":"https:\/\/upravitrenutak.com\/?product=velika-knjiga-biblijskih-aktivnosti","name":"Velika knjiga biblijskih aktivnosti - U Pravi Trenutak","isPartOf":{"@id":"https:\/\/upravitrenutak.com\/#website"},"primaryImageOfPage":{"@id":"https:\/\/upravitrenutak.com\/?product=velika-knjiga-biblijskih-aktivnosti#primaryimage"},"image":{"@id":"https:\/\/upravitrenutak.com\/?product=velika-knjiga-biblijskih-aktivnosti#primaryimage"},"thumbnailUrl":"https:\/\/upravitrenutak.com\/wp-content\/uploads\/2021\/03\/slika_2021-03-24_112612.png","datePublished":"2021-03-24T10:26:44+00:00","dateModified":"2025-02-04T21:11:05+00:00","breadcrumb":{"@id":"https:\/\/upravitrenutak.com\/?product=velika-knjiga-biblijskih-aktivnosti#breadcrumb"},"inLanguage":"hr","potentialAction":[{"@type":"ReadAction","target":["https:\/\/upravitrenutak.com\/?product=velika-knjiga-biblijskih-aktivnosti"]}]},{"@type":"ImageObject","inLanguage":"hr","@id":"https:\/\/upravitrenutak.com\/?product=velika-knjiga-biblijskih-aktivnosti#primaryimage","url":"https:\/\/upravitrenutak.com\/wp-content\/uploads\/2021\/03\/slika_2021-03-24_112612.png","contentUrl":"https:\/\/upravitrenutak.com\/wp-content\/uploads\/2021\/03\/slika_2021-03-24_112612.png","width":400,"height":283},{"@type":"BreadcrumbList","@id":"https:\/\/upravitrenutak.com\/?product=velika-knjiga-biblijskih-aktivnosti#breadcrumb","itemListElement":[{"@type":"ListItem","position":1,"name":"Po\u010detna stranica","item":"https:\/\/upravitrenutak.com\/"},{"@type":"ListItem","position":2,"name":"Cjelokupna ponuda","item":"https:\/\/upravitrenutak.com\/?page_id=2362"},{"@type":"ListItem","position":3,"name":"Velika knjiga biblijskih aktivnosti"}]},{"@type":"WebSite","@id":"https:\/\/upravitrenutak.com\/#website","url":"https:\/\/upravitrenutak.com\/","name":"U Pravi Trenutak","description":"Online Knji\u017eara","potentialAction":[{"@type":"SearchAction","target":{"@type":"EntryPoint","urlTemplate":"https:\/\/upravitrenutak.com\/?s={search_term_string}"},"query-input":{"@type":"PropertyValueSpecification","valueRequired":true,"valueName":"search_term_string"}}],"inLanguage":"hr"}]}},"_links":{"self":[{"href":"https:\/\/upravitrenutak.com\/index.php?rest_route=\/wp\/v2\/product\/4067","targetHints":{"allow":["GET"]}}],"collection":[{"href":"https:\/\/upravitrenutak.com\/index.php?rest_route=\/wp\/v2\/product"}],"about":[{"href":"https:\/\/upravitrenutak.com\/index.php?rest_route=\/wp\/v2\/types\/product"}],"replies":[{"embeddable":true,"href":"https:\/\/upravitrenutak.com\/index.php?rest_route=%2Fwp%2Fv2%2Fcomments&post=4067"}],"wp:featuredmedia":[{"embeddable":true,"href":"https:\/\/upravitrenutak.com\/index.php?rest_route=\/wp\/v2\/media\/4068"}],"wp:attachment":[{"href":"https:\/\/upravitrenutak.com\/index.php?rest_route=%2Fwp%2Fv2%2Fmedia&parent=4067"}],"wp:term":[{"taxonomy":"product_brand","embeddable":true,"href":"https:\/\/upravitrenutak.com\/index.php?rest_route=%2Fwp%2Fv2%2Fproduct_brand&post=4067"},{"taxonomy":"product_cat","embeddable":true,"href":"https:\/\/upravitrenutak.com\/index.php?rest_route=%2Fwp%2Fv2%2Fproduct_cat&post=4067"},{"taxonomy":"product_tag","embeddable":true,"href":"https:\/\/upravitrenutak.com\/index.php?rest_route=%2Fwp%2Fv2%2Fproduct_tag&post=4067"}],"curies":[{"name":"wp","href":"https:\/\/api.w.org\/{rel}","templated":true}]}}